{"id":5092,"date":"2020-06-03T11:18:04","date_gmt":"2020-06-03T11:18:04","guid":{"rendered":"https:\/\/becooltravel.com\/product\/lagos-on-the-road-in-the-west-algarve-56001sc\/"},"modified":"2026-03-18T12:34:41","modified_gmt":"2026-03-18T12:34:41","slug":"lagos-on-the-road-in-the-west-algarve-56001sc","status":"publish","type":"product","link":"https:\/\/becooltravel.com\/sv\/produkt\/lagos-on-the-road-in-the-west-algarve-56001sc\/","title":{"rendered":"Lagos sj\u00e4lvk\u00f6rning: P\u00e5 v\u00e4gen i v\u00e4stra Algarve"},"content":{"rendered":"<p>G\u00e5 p\u00e5 v\u00e4gen med denna sj\u00e4lvk\u00f6rningstur l\u00e4ngs v\u00e4stra Algarve! En rutt designad av lokalbefolkningen f\u00f6r att visa dig de b\u00e4sta bitarna i regionen.<\/p>\n<p>T\u00e4nk p\u00e5 horisonten fr\u00e5n Vicentinakustens dramatiska klippor; bes\u00f6ka de gr\u00f6na kullarna i Monchique; kolla m\u00e5ste-se platser, som Ponta da Piedade; njut av naturen i Ria de Alvor; njut av f\u00e4rsk fisk och skaldjur och de fina portugisiska vinerna!<\/p>\n<p>Turen \u00e4r baserad i Lagos, en historisk och kosmopolitisk kuststad.<\/p>\n<p>&nbsp;<\/p>\n<div id=\"attachment_1856\" style=\"width: 1034px\" class=\"wp-caption alignnone\"><img data-recalc-dims=\"1\" decoding=\"async\" aria-describedby=\"caption-attachment-1856\" class=\"wp-image-1856 size-large\" title=\"Promenader i Lagos centrum\" src=\"https:\/\/i0.wp.com\/legendatours.net\/wp-content\/uploads\/2020\/03\/Lagos_city_centre-1024x776.jpg?resize=1024%2C776&#038;ssl=1\" alt=\"Promenader i Lagos centrum\" width=\"1024\" height=\"776\" \/><p id=\"caption-attachment-1856\" class=\"wp-caption-text\"><a href=\"..\/..\/?s=Walking+in+Lagos\" target=\"_blank\" rel=\"noopener\">Promenader i Lagos<\/a> centrum. Lagos historiska centrum har utsikt \u00f6ver hamnen och mynningen.<\/p><\/div>\n<p>Gamla stan \u00e4r fylld med sm\u00e5 butiker, restauranger och en m\u00e4ngd arv och kulturella platser. En vacker v\u00e4gg och ett fort gr\u00e4nsar till vattnet, som vetter mot en stor vik och Meia Praia Beachs k\u00e4nsliga sand.<\/p>\n<p>Fr\u00e5n Lagos f\u00e5r du bes\u00f6ka Vicentina-kusten, Sagres och klipporna p\u00e5 Cape S. Vicent, den sydv\u00e4stligaste punkten i Portugal och i Europa. Klipporna \u00e4r svimlande 60 meter h\u00f6ga och faller ner i vredens vredespray.<\/p>\n<p>P\u00e5 v\u00e4g, en h\u00f6jdpunkt f\u00f6r det unika landskapet i Ponta da Piedade, en riktig vykortbild av din minnesv\u00e4rda semester.<\/p>\n<div id=\"attachment_1858\" style=\"width: 1034px\" class=\"wp-caption alignnone\"><img data-recalc-dims=\"1\" decoding=\"async\" aria-describedby=\"caption-attachment-1858\" class=\"wp-image-1858 size-large\" title=\"Fantastisk utsikt fr\u00e5n toppen av klippan Lagos\" src=\"https:\/\/i0.wp.com\/legendatours.net\/wp-content\/uploads\/2020\/03\/Lagos_pontaPiedade-1024x700.jpg?resize=1024%2C700&#038;ssl=1\" alt=\"Fantastisk utsikt fr\u00e5n toppen av klippan Lagos\" width=\"1024\" height=\"700\" \/><p id=\"caption-attachment-1858\" class=\"wp-caption-text\">Fantastisk utsikt fr\u00e5n toppen av klippan Lagos. <a href=\"..\/..\/?s=Ponta+da+Piedade\" target=\"_blank\" rel=\"noopener\">Ponta da Piedade<\/a>, vackra hav och gyllene klippor.<\/p><\/div>\n<p>Str\u00e4nderna i Arrifana och Odeceixe g\u00f6mmer o\u00e4ndliga sanddyner, omgiven av sm\u00e5 vildblommor, d\u00e4r de enda ljuden kommer fr\u00e5n v\u00e5gorna, m\u00e5sen och de salta vindarna som sjunger.<\/p>\n<p>Bes\u00f6k Monchique, inb\u00e4ddat i kullarnas veck. I n\u00e4rheten ligger Algarves h\u00f6gsta topp, F\u00f3ia, varifr\u00e5n du har utsikt upp till Alentejo.<\/p>\n<p>F\u00f6r att slutf\u00f6ra din upplevelse, se till att du inte missar de uts\u00f6kta regionala r\u00e4tterna, fr\u00e5n havet och fr\u00e5n landet, tillsammans med utm\u00e4rkta portugisiska viner.<\/p>\n<p>L\u00e5t oss visa dig v\u00e4stra Algarve, du tar hem en annan sida av denna v\u00e4lkomnande region, med en gener\u00f6s kultur och imponerande natursk\u00f6nhet!<\/p>\n<div class=\"row\" style=\"display: flex;\">\n<div class=\"column\" style=\"flex: 45%;\"><\/div>\n<div class=\"column\" style=\"flex: 10%;\"><\/div>\n<div class=\"column\" style=\"flex: 45%;\">\n<p><iframe title=\"Algarve som aldrig sett f\u00f6rut\" width=\"1080\" height=\"608\" src=\"https:\/\/www.youtube.com\/embed\/9dQqiVTNTj4?feature=oembed\" frameborder=\"0\" allow=\"accelerometer; autoplay; clipboard-write; encrypted-media; gyroscope; picture-in-picture; web-share\" referrerpolicy=\"strict-origin-when-cross-origin\" allowfullscreen><\/iframe><\/p>\n<\/div>\n<\/div>","protected":false},"excerpt":{"rendered":"<p>G\u00e5 p\u00e5 v\u00e4gen med denna sj\u00e4lvk\u00f6rningstur l\u00e4ngs v\u00e4stra Algarve! En rutt designad av lokalbefolkningen f\u00f6r att visa dig de b\u00e4sta bitarna i regionen.<\/p>\n<p>T\u00e4nk p\u00e5 horisonten fr\u00e5n Vicentinakustens dramatiska klippor; bes\u00f6ka de gr\u00f6na kullarna i Monchique; kolla m\u00e5ste-se platser, som Ponta da Piedade; njut av naturen i Ria de Alvor; njut av f\u00e4rsk fisk och skaldjur och de fina portugisiska vinerna!<\/p>\n<p>Turen \u00e4r baserad i Lagos, en historisk och kosmopolitisk kuststad.<\/p>","protected":false},"featured_media":4960,"comment_status":"closed","ping_status":"closed","template":"","meta":{"_acf_changed":false,"inline_featured_image":false},"product_brand":[],"product_cat":[673,336,327],"product_tag":[407,440,539,1053,895,896,897,875,876,798,784,785,714,877,827,800,1054,1064,57,878,802,880,898,431,478,899,882,790,434,249,900,818,901,416,902,903,884,1055,1283,872,1048,322,856,720,304,323,369,609,417,954,1056,1057,886,834,821,887,1058,1059,904,888,793],"class_list":{"0":"post-5092","1":"product","2":"type-product","3":"status-publish","4":"has-post-thumbnail","6":"product_cat-self-drive-holidays-portugal","7":"product_cat-self-guided-sightseeing-holidays-in-portugal","8":"product_cat-self-guided-tours-portugal","9":"product_tag-algarve-city","10":"product_tag-algarve-coast","11":"product_tag-algarve-spectacular-coastline","12":"product_tag-alleine-reisen","13":"product_tag-atlantic-ocean","14":"product_tag-carapateira","15":"product_tag-castle","16":"product_tag-coastal","17":"product_tag-colours","18":"product_tag-countryside","19":"product_tag-culture","20":"product_tag-delicious-food","21":"product_tag-fly-drive","22":"product_tag-hills","23":"product_tag-historic-centre","24":"product_tag-history","25":"product_tag-individuelle-touren","26":"product_tag-individuelle-wandertouren","27":"product_tag-lagos","28":"product_tag-landscape","29":"product_tag-lush-green-hills","30":"product_tag-market","31":"product_tag-martim-longo","32":"product_tag-monchique","33":"product_tag-natural-park","34":"product_tag-odeceixe","35":"product_tag-parapets","36":"product_tag-picturesque-landscapes","37":"product_tag-ponta-da-piedade","38":"product_tag-portimao","39":"product_tag-praia-da-luz","40":"product_tag-protected-area","41":"product_tag-querenca","42":"product_tag-sagres","43":"product_tag-salema","44":"product_tag-sao-bartolomeu-de-messines","45":"product_tag-secluded-beaches","46":"product_tag-sejour-en-liberte","47":"product_tag-sel","48":"product_tag-self-drive-holiday","49":"product_tag-self-guide-tour","50":"product_tag-self-guided","51":"product_tag-self-guided-holiday","52":"product_tag-self-guided-holidays","53":"product_tag-self-guided-walking","54":"product_tag-self-guided-walking-holiday","55":"product_tag-self-guided-walks","56":"product_tag-sightseeing","57":"product_tag-silves","58":"product_tag-slave-market-lagos","59":"product_tag-solo-reisen","60":"product_tag-tours-autoguidees","61":"product_tag-traditions","62":"product_tag-undulating-plains","63":"product_tag-valleys","64":"product_tag-village","65":"product_tag-voyage-en-liberte","66":"product_tag-voyages-en-autonomie","67":"product_tag-western-algarve","68":"product_tag-white-washed-houses","69":"product_tag-wines","71":"first","72":"instock","73":"virtual","74":"product-type-simple"},"acf":[],"yoast_head":"<!-- This site is optimized with the Yoast SEO Premium plugin v26.8 (Yoast SEO v27.4) - https:\/\/yoast.com\/product\/yoast-seo-premium-wordpress\/ -->\n<title>Lagos Self-Drive : On the Road in the West Algarve<\/title>\n<meta name=\"description\" content=\"A self-drive tour along the West Algarve! A route designed by locals, to show you the best bits of the region.\" \/>\n<meta name=\"robots\" content=\"index, follow, max-snippet:-1, max-image-preview:large, max-video-preview:-1\" \/>\n<link rel=\"canonical\" href=\"https:\/\/becooltravel.com\/sv\/produkt\/lagos-on-the-road-in-the-west-algarve-56001sc\/\" \/>\n<meta property=\"og:locale\" content=\"sv_SE\" \/>\n<meta property=\"og:type\" content=\"article\" \/>\n<meta property=\"og:title\" content=\"A self-drive tour along the West Algarve! A route designed by locals, to show you the best bits of the region.\" \/>\n<meta property=\"og:description\" content=\"A fantastic itinerary designed by local resident tour leadersThe amazing Portuguese gastronomy, with highlight for the fish and seafood, and the wines\" \/>\n<meta property=\"og:url\" content=\"https:\/\/becooltravel.com\/sv\/produkt\/lagos-on-the-road-in-the-west-algarve-56001sc\/\" \/>\n<meta property=\"og:site_name\" content=\"BeCool Travel\" \/>\n<meta property=\"article:publisher\" content=\"https:\/\/www.facebook.com\/becooltravelagency\/\" \/>\n<meta property=\"article:modified_time\" content=\"2026-03-18T12:34:41+00:00\" \/>\n<meta property=\"og:image\" content=\"https:\/\/becooltravel.com\/wp-content\/uploads\/sites\/5\/2020\/05\/Lagos_city_centre.jpg\" \/>\n\t<meta property=\"og:image:width\" content=\"1055\" \/>\n\t<meta property=\"og:image:height\" content=\"800\" \/>\n\t<meta property=\"og:image:type\" content=\"image\/jpeg\" \/>\n<meta name=\"twitter:card\" content=\"summary_large_image\" \/>\n<meta name=\"twitter:title\" content=\"A self-drive tour along the West Algarve! A route designed by locals, to show you the best bits of the region.\" \/>\n<meta name=\"twitter:description\" content=\"Contemplate the horizon from the Vicentina Coast\u2019s dramatic cliffs; visit the green hills of Monchique; check must-see places, like Ponta da Piedade; enjoy the nature in Ria de Alvor; relish with the fresh seafood and the fine Portuguese wines!The tour is based in Lagos, a historical and cosmopolitan coastal city.\" \/>\n<meta name=\"twitter:image\" content=\"https:\/\/i0.wp.com\/becooltravel.com\/wp-content\/uploads\/sites\/5\/2020\/05\/Lagos_city_centre.jpg?fit=1055%2C800&ssl=1\" \/>\n<meta name=\"twitter:site\" content=\"@becool_travel\" \/>\n<meta name=\"twitter:label1\" content=\"Ber\u00e4knad l\u00e4stid\" \/>\n\t<meta name=\"twitter:data1\" content=\"3 minuter\" \/>\n<script type=\"application\/ld+json\" class=\"yoast-schema-graph\">{\"@context\":\"https:\\\/\\\/schema.org\",\"@graph\":[{\"@type\":[\"WebPage\",\"ItemPage\"],\"@id\":\"https:\\\/\\\/becooltravel.com\\\/product\\\/lagos-on-the-road-in-the-west-algarve-56001sc\\\/\",\"url\":\"https:\\\/\\\/becooltravel.com\\\/product\\\/lagos-on-the-road-in-the-west-algarve-56001sc\\\/\",\"name\":\"Lagos Self-Drive : On the Road in the West Algarve\",\"isPartOf\":{\"@id\":\"https:\\\/\\\/becooltravel.com\\\/#website\"},\"primaryImageOfPage\":{\"@id\":\"https:\\\/\\\/becooltravel.com\\\/product\\\/lagos-on-the-road-in-the-west-algarve-56001sc\\\/#primaryimage\"},\"image\":{\"@id\":\"https:\\\/\\\/becooltravel.com\\\/product\\\/lagos-on-the-road-in-the-west-algarve-56001sc\\\/#primaryimage\"},\"thumbnailUrl\":\"https:\\\/\\\/i0.wp.com\\\/becooltravel.com\\\/wp-content\\\/uploads\\\/sites\\\/5\\\/2020\\\/05\\\/Odemira_Coast.jpg?fit=1200%2C797&ssl=1\",\"datePublished\":\"2020-06-03T11:18:04+00:00\",\"dateModified\":\"2026-03-18T12:34:41+00:00\",\"description\":\"A self-drive tour along the West Algarve! A route designed by locals, to show you the best bits of the region.\",\"breadcrumb\":{\"@id\":\"https:\\\/\\\/becooltravel.com\\\/product\\\/lagos-on-the-road-in-the-west-algarve-56001sc\\\/#breadcrumb\"},\"inLanguage\":\"sv-SE\",\"potentialAction\":[{\"@type\":\"ReadAction\",\"target\":[\"https:\\\/\\\/becooltravel.com\\\/product\\\/lagos-on-the-road-in-the-west-algarve-56001sc\\\/\"]}]},{\"@type\":\"ImageObject\",\"inLanguage\":\"sv-SE\",\"@id\":\"https:\\\/\\\/becooltravel.com\\\/product\\\/lagos-on-the-road-in-the-west-algarve-56001sc\\\/#primaryimage\",\"url\":\"https:\\\/\\\/i0.wp.com\\\/becooltravel.com\\\/wp-content\\\/uploads\\\/sites\\\/5\\\/2020\\\/05\\\/Odemira_Coast.jpg?fit=1200%2C797&ssl=1\",\"contentUrl\":\"https:\\\/\\\/i0.wp.com\\\/becooltravel.com\\\/wp-content\\\/uploads\\\/sites\\\/5\\\/2020\\\/05\\\/Odemira_Coast.jpg?fit=1200%2C797&ssl=1\",\"width\":1200,\"height\":797,\"caption\":\"Vicentina Coast\"},{\"@type\":\"BreadcrumbList\",\"@id\":\"https:\\\/\\\/becooltravel.com\\\/product\\\/lagos-on-the-road-in-the-west-algarve-56001sc\\\/#breadcrumb\",\"itemListElement\":[{\"@type\":\"ListItem\",\"position\":1,\"name\":\"Home\",\"item\":\"https:\\\/\\\/becooltravel.com\\\/\"},{\"@type\":\"ListItem\",\"position\":2,\"name\":\"Shop\",\"item\":\"https:\\\/\\\/becooltravel.com\\\/?page_id=5\"},{\"@type\":\"ListItem\",\"position\":3,\"name\":\"\u00a0Tours to the city's of Algarve, we start in Faro is the capital and biggest\u00a0city\u00a0of the\u00a0Algarve, with a population of about 118.000 people. For most people Faro it is the gateway to the Algarve\",\"item\":\"https:\\\/\\\/becooltravel.com\\\/product-tag\\\/algarve-city\\\/\"},{\"@type\":\"ListItem\",\"position\":4,\"name\":\"Lagos Self-Drive : On the Road in the West Algarve The Algarve is so much more than sun and sea.A self-drive tour along the West Algarve! A route designed by locals, to show you the best bits of the region.\"}]},{\"@type\":\"WebSite\",\"@id\":\"https:\\\/\\\/becooltravel.com\\\/#website\",\"url\":\"https:\\\/\\\/becooltravel.com\\\/\",\"name\":\"BeCool Travel\",\"description\":\"Sustainable holidays in Portugal for independent travelers\",\"publisher\":{\"@id\":\"https:\\\/\\\/becooltravel.com\\\/#organization\"},\"potentialAction\":[{\"@type\":\"SearchAction\",\"target\":{\"@type\":\"EntryPoint\",\"urlTemplate\":\"https:\\\/\\\/becooltravel.com\\\/?s={search_term_string}\"},\"query-input\":{\"@type\":\"PropertyValueSpecification\",\"valueRequired\":true,\"valueName\":\"search_term_string\"}}],\"inLanguage\":\"sv-SE\"},{\"@type\":\"Organization\",\"@id\":\"https:\\\/\\\/becooltravel.com\\\/#organization\",\"name\":\"BecoolTravel. com- Portugal\",\"url\":\"https:\\\/\\\/becooltravel.com\\\/\",\"logo\":{\"@type\":\"ImageObject\",\"inLanguage\":\"sv-SE\",\"@id\":\"https:\\\/\\\/becooltravel.com\\\/#\\\/schema\\\/logo\\\/image\\\/\",\"url\":\"https:\\\/\\\/becooltravel.com\\\/wp-content\\\/uploads\\\/sites\\\/5\\\/2020\\\/03\\\/Logo_BeCool.jpg\",\"contentUrl\":\"https:\\\/\\\/becooltravel.com\\\/wp-content\\\/uploads\\\/sites\\\/5\\\/2020\\\/03\\\/Logo_BeCool.jpg\",\"width\":534,\"height\":534,\"caption\":\"BecoolTravel. com- Portugal\"},\"image\":{\"@id\":\"https:\\\/\\\/becooltravel.com\\\/#\\\/schema\\\/logo\\\/image\\\/\"},\"sameAs\":[\"https:\\\/\\\/www.facebook.com\\\/becooltravelagency\\\/\",\"https:\\\/\\\/x.com\\\/becool_travel\",\"https:\\\/\\\/www.instagram.com\\\/becooltravel_com\\\/\",\"https:\\\/\\\/www.linkedin.com\\\/company\\\/becool-travel\\\/\",\"https:\\\/\\\/www.youtube.com\\\/channel\\\/UCE7zRU3EVG1PgfXwQo-5uJw\"]}]}<\/script>\n<!-- \/ Yoast SEO Premium plugin. -->","yoast_head_json":{"title":"Lagos sj\u00e4lvk\u00f6rning: P\u00e5 v\u00e4gen i v\u00e4stra Algarve","description":"En sj\u00e4lvk\u00f6rningstur l\u00e4ngs v\u00e4stra Algarve! En rutt designad av lokalbefolkningen f\u00f6r att visa dig de b\u00e4sta bitarna i regionen.","robots":{"index":"index","follow":"follow","max-snippet":"max-snippet:-1","max-image-preview":"max-image-preview:large","max-video-preview":"max-video-preview:-1"},"canonical":"https:\/\/becooltravel.com\/sv\/produkt\/lagos-on-the-road-in-the-west-algarve-56001sc\/","og_locale":"sv_SE","og_type":"article","og_title":"A self-drive tour along the West Algarve! A route designed by locals, to show you the best bits of the region.","og_description":"A fantastic itinerary designed by local resident tour leadersThe amazing Portuguese gastronomy, with highlight for the fish and seafood, and the wines","og_url":"https:\/\/becooltravel.com\/sv\/produkt\/lagos-on-the-road-in-the-west-algarve-56001sc\/","og_site_name":"BeCool Travel","article_publisher":"https:\/\/www.facebook.com\/becooltravelagency\/","article_modified_time":"2026-03-18T12:34:41+00:00","og_image":[{"width":1055,"height":800,"url":"https:\/\/becooltravel.com\/wp-content\/uploads\/sites\/5\/2020\/05\/Lagos_city_centre.jpg","type":"image\/jpeg"}],"twitter_card":"summary_large_image","twitter_title":"A self-drive tour along the West Algarve! A route designed by locals, to show you the best bits of the region.","twitter_description":"Contemplate the horizon from the Vicentina Coast\u2019s dramatic cliffs; visit the green hills of Monchique; check must-see places, like Ponta da Piedade; enjoy the nature in Ria de Alvor; relish with the fresh seafood and the fine Portuguese wines!The tour is based in Lagos, a historical and cosmopolitan coastal city.","twitter_image":"https:\/\/i0.wp.com\/becooltravel.com\/wp-content\/uploads\/sites\/5\/2020\/05\/Lagos_city_centre.jpg?fit=1055%2C800&ssl=1","twitter_site":"@becool_travel","twitter_misc":{"Ber\u00e4knad l\u00e4stid":"3 minuter"},"schema":{"@context":"https:\/\/schema.org","@graph":[{"@type":["WebPage","ItemPage"],"@id":"https:\/\/becooltravel.com\/product\/lagos-on-the-road-in-the-west-algarve-56001sc\/","url":"https:\/\/becooltravel.com\/product\/lagos-on-the-road-in-the-west-algarve-56001sc\/","name":"Lagos sj\u00e4lvk\u00f6rning: P\u00e5 v\u00e4gen i v\u00e4stra Algarve","isPartOf":{"@id":"https:\/\/becooltravel.com\/#website"},"primaryImageOfPage":{"@id":"https:\/\/becooltravel.com\/product\/lagos-on-the-road-in-the-west-algarve-56001sc\/#primaryimage"},"image":{"@id":"https:\/\/becooltravel.com\/product\/lagos-on-the-road-in-the-west-algarve-56001sc\/#primaryimage"},"thumbnailUrl":"https:\/\/i0.wp.com\/becooltravel.com\/wp-content\/uploads\/sites\/5\/2020\/05\/Odemira_Coast.jpg?fit=1200%2C797&ssl=1","datePublished":"2020-06-03T11:18:04+00:00","dateModified":"2026-03-18T12:34:41+00:00","description":"En sj\u00e4lvk\u00f6rningstur l\u00e4ngs v\u00e4stra Algarve! En rutt designad av lokalbefolkningen f\u00f6r att visa dig de b\u00e4sta bitarna i regionen.","breadcrumb":{"@id":"https:\/\/becooltravel.com\/product\/lagos-on-the-road-in-the-west-algarve-56001sc\/#breadcrumb"},"inLanguage":"sv-SE","potentialAction":[{"@type":"ReadAction","target":["https:\/\/becooltravel.com\/product\/lagos-on-the-road-in-the-west-algarve-56001sc\/"]}]},{"@type":"ImageObject","inLanguage":"sv-SE","@id":"https:\/\/becooltravel.com\/product\/lagos-on-the-road-in-the-west-algarve-56001sc\/#primaryimage","url":"https:\/\/i0.wp.com\/becooltravel.com\/wp-content\/uploads\/sites\/5\/2020\/05\/Odemira_Coast.jpg?fit=1200%2C797&ssl=1","contentUrl":"https:\/\/i0.wp.com\/becooltravel.com\/wp-content\/uploads\/sites\/5\/2020\/05\/Odemira_Coast.jpg?fit=1200%2C797&ssl=1","width":1200,"height":797,"caption":"Vicentina Coast"},{"@type":"BreadcrumbList","@id":"https:\/\/becooltravel.com\/product\/lagos-on-the-road-in-the-west-algarve-56001sc\/#breadcrumb","itemListElement":[{"@type":"ListItem","position":1,"name":"Home","item":"https:\/\/becooltravel.com\/"},{"@type":"ListItem","position":2,"name":"Shop","item":"https:\/\/becooltravel.com\/?page_id=5"},{"@type":"ListItem","position":3,"name":"\u00a0Tours to the city's of Algarve, we start in Faro is the capital and biggest\u00a0city\u00a0of the\u00a0Algarve, with a population of about 118.000 people. For most people Faro it is the gateway to the Algarve","item":"https:\/\/becooltravel.com\/product-tag\/algarve-city\/"},{"@type":"ListItem","position":4,"name":"Lagos Self-Drive : On the Road in the West Algarve The Algarve is so much more than sun and sea.A self-drive tour along the West Algarve! A route designed by locals, to show you the best bits of the region."}]},{"@type":"WebSite","@id":"https:\/\/becooltravel.com\/#website","url":"https:\/\/becooltravel.com\/","name":"BeCool Travel","description":"H\u00e5llbar semester i Portugal f\u00f6r oberoende resen\u00e4rer","publisher":{"@id":"https:\/\/becooltravel.com\/#organization"},"potentialAction":[{"@type":"SearchAction","target":{"@type":"EntryPoint","urlTemplate":"https:\/\/becooltravel.com\/?s={search_term_string}"},"query-input":{"@type":"PropertyValueSpecification","valueRequired":true,"valueName":"search_term_string"}}],"inLanguage":"sv-SE"},{"@type":"Organization","@id":"https:\/\/becooltravel.com\/#organization","name":"BecoolTravel. com- Portugal","url":"https:\/\/becooltravel.com\/","logo":{"@type":"ImageObject","inLanguage":"sv-SE","@id":"https:\/\/becooltravel.com\/#\/schema\/logo\/image\/","url":"https:\/\/becooltravel.com\/wp-content\/uploads\/sites\/5\/2020\/03\/Logo_BeCool.jpg","contentUrl":"https:\/\/becooltravel.com\/wp-content\/uploads\/sites\/5\/2020\/03\/Logo_BeCool.jpg","width":534,"height":534,"caption":"BecoolTravel. com- Portugal"},"image":{"@id":"https:\/\/becooltravel.com\/#\/schema\/logo\/image\/"},"sameAs":["https:\/\/www.facebook.com\/becooltravelagency\/","https:\/\/x.com\/becool_travel","https:\/\/www.instagram.com\/becooltravel_com\/","https:\/\/www.linkedin.com\/company\/becool-travel\/","https:\/\/www.youtube.com\/channel\/UCE7zRU3EVG1PgfXwQo-5uJw"]}]}},"jetpack_sharing_enabled":true,"_links":{"self":[{"href":"https:\/\/becooltravel.com\/sv\/wp-json\/wp\/v2\/product\/5092","targetHints":{"allow":["GET"]}}],"collection":[{"href":"https:\/\/becooltravel.com\/sv\/wp-json\/wp\/v2\/product"}],"about":[{"href":"https:\/\/becooltravel.com\/sv\/wp-json\/wp\/v2\/types\/product"}],"replies":[{"embeddable":true,"href":"https:\/\/becooltravel.com\/sv\/wp-json\/wp\/v2\/comments?post=5092"}],"wp:featuredmedia":[{"embeddable":true,"href":"https:\/\/becooltravel.com\/sv\/wp-json\/wp\/v2\/media\/4960"}],"wp:attachment":[{"href":"https:\/\/becooltravel.com\/sv\/wp-json\/wp\/v2\/media?parent=5092"}],"wp:term":[{"taxonomy":"product_brand","embeddable":true,"href":"https:\/\/becooltravel.com\/sv\/wp-json\/wp\/v2\/product_brand?post=5092"},{"taxonomy":"product_cat","embeddable":true,"href":"https:\/\/becooltravel.com\/sv\/wp-json\/wp\/v2\/product_cat?post=5092"},{"taxonomy":"product_tag","embeddable":true,"href":"https:\/\/becooltravel.com\/sv\/wp-json\/wp\/v2\/product_tag?post=5092"}],"curies":[{"name":"wp","href":"https:\/\/api.w.org\/{rel}","templated":true}]}}