{"id":5144,"date":"2020-06-09T17:06:02","date_gmt":"2020-06-09T17:06:02","guid":{"rendered":"https:\/\/becooltravel.com\/product\/explore-praia-da-rocha-11600pk\/"},"modified":"2026-03-18T13:55:51","modified_gmt":"2026-03-18T13:55:51","slug":"explore-praia-da-rocha-11600pk","status":"publish","type":"product","link":"https:\/\/becooltravel.com\/sv\/produkt\/utforska-praia-da-rocha-11600pk\/","title":{"rendered":"Utforska Praia Da Rocha"},"content":{"rendered":"<p>Praia da Rochas stora sandstrand, omgiven av ockra och br\u00e4nda Sienna-klippor, \u00e4r en av Algarves mest ikoniska sev\u00e4rdheter.<\/p>\n<p>Det \u00e4r en idealisk plats att koppla av p\u00e5 stranden under dagen, njuta av god mat och vin och senare omfamna natten!<\/p>\n<p>Boka din vistelse f\u00f6r att uppleva en avkopplande semestertid p\u00e5 denna h\u00e4rliga stranddestination n\u00e4ra en m\u00e4ngd olika sev\u00e4rdheter.<\/p>\n<div id=\"attachment_2428\" style=\"width: 1034px\" class=\"wp-caption alignnone\"><img data-recalc-dims=\"1\" decoding=\"async\" aria-describedby=\"caption-attachment-2428\" class=\"wp-image-2428 size-large\" src=\"https:\/\/i0.wp.com\/legendatours.net\/wp-content\/uploads\/2020\/06\/Praia_rocha_low_season-1024x654.jpg?resize=1024%2C654&#038;ssl=1\" alt=\"Praia da Rocha\" width=\"1024\" height=\"654\" \/><p id=\"caption-attachment-2428\" class=\"wp-caption-text\">Praia da Rocha<\/p><\/div>\n<p>Praia da Rocha ligger i v\u00e4stra Algarve, n\u00e4ra Portim\u00e3o. Det \u00e4r en klassisk semesterort med en exceptionell strand och en livlig atmosf\u00e4r. Beroende p\u00e5 s\u00e4song lockar staden olika bes\u00f6kare.<\/p>\n<p>Under sommaren \u00e4r Praia da Rocha i huvudsak ett familjesemesterm\u00e5l, d\u00e4r barn \u00e4r v\u00e4lkomna n\u00e4stan \u00f6verallt, och en generell sp\u00e4nnande atmosf\u00e4r, bra \u00e4ven f\u00f6r unga par.<\/p>\n<p>Utanf\u00f6r turists\u00e4songens h\u00f6jd hittar du en lugnare atmosf\u00e4r som tilltalar mer mogna g\u00e4ster som letar efter en avkopplande semester.<\/p>\n<p>Alla slags underh\u00e5llning finns i Praia da Rocha, med n\u00e5got f\u00f6r alla, inklusive b\u00e5tturer, dagsutflykter, vattenparker, temaparker och sport p\u00e5 stranden.<\/p>\n<p>Det finns restauranger och barer f\u00f6r alla smaker, och nattlivet \u00e4r varierat och intressant. Medan huvudgatan \u00e4r fylld med livliga temabarer, terrasser och ett kasino, n\u00e4ra marinan hittar du en mer exklusiv och modern atmosf\u00e4r.<\/p>\n<div id=\"attachment_1916\" style=\"width: 1034px\" class=\"wp-caption alignnone\"><img data-recalc-dims=\"1\" decoding=\"async\" aria-describedby=\"caption-attachment-1916\" class=\"wp-image-1916 size-large\" src=\"https:\/\/i0.wp.com\/legendatours.net\/wp-content\/uploads\/2020\/03\/The-tranquil-beaches-of-Algarve-during-winter-1024x672.jpg?resize=1024%2C672&#038;ssl=1\" alt=\"De lugna str\u00e4nderna i Algarve\" width=\"1024\" height=\"672\" \/><p id=\"caption-attachment-1916\" class=\"wp-caption-text\">De lugna str\u00e4nderna i Algarve under vintern<\/p><\/div>\n<p>Och \u00e4ven om Praia da Rocha huvudsakligen \u00e4r en sommars\u00e4song, byggd med turistfaciliteter och attraktioner, finns det arv och kultur i n\u00e4rheten!<\/p>\n<p>Du kan bes\u00f6ka charmiga historiska st\u00e4der i v\u00e4stra Algarve, som Lagos, staden d\u00e4r uppt\u00e4ckterna startade, eller Silves, den en g\u00e5ng arabiska huvudstaden i Algarve, p\u00e5 landsbygden.<\/p>\n<p>Lite l\u00e4ngre bort, missa inte Monchique Mountains, f\u00f6r ett lugnare, gr\u00f6nare landskap.<br \/>\nOm du vill utforska kusten, \u00e4r ett f\u00f6rslag det vindpinade kapellet i Senhora da Rocha, i ett odde med utsikt \u00f6ver en vacker strand, en 30-minuters bilresa bort.<\/p>\n<p>En annan h\u00f6jdpunkt \u00e4r den vackra Ria de Alvor, vid mynningen av floden Arade. Du kan ha en lugn dag, borta fr\u00e5n kr\u00e5ngel, i denna rika naturparadis!<\/p>\n<p><iframe title=\"Algarve Visto do Ar - Concelho de Portim\u00e3o\" width=\"1080\" height=\"608\" src=\"https:\/\/www.youtube.com\/embed\/3oQNarcw8qo?feature=oembed\" frameborder=\"0\" allow=\"accelerometer; autoplay; clipboard-write; encrypted-media; gyroscope; picture-in-picture; web-share\" referrerpolicy=\"strict-origin-when-cross-origin\" allowfullscreen><\/iframe><\/p>","protected":false},"excerpt":{"rendered":"<p>Praia da Rochas stora sandstrand, omgiven av ockra och br\u00e4nda Sienna-klippor, \u00e4r en av Algarves mest ikoniska sev\u00e4rdheter.<\/p>\n<p>Det \u00e4r en idealisk plats att koppla av p\u00e5 stranden under dagen, njuta av god mat och vin och senare omfamna natten!<\/p>\n<p>Boka din vistelse f\u00f6r att uppleva en avkopplande semestertid p\u00e5 denna h\u00e4rliga stranddestination n\u00e4ra en m\u00e4ngd olika sev\u00e4rdheter.<\/p>","protected":false},"featured_media":5138,"comment_status":"closed","ping_status":"closed","template":"","meta":{"_acf_changed":false,"inline_featured_image":false},"product_brand":[],"product_cat":[330,329],"product_tag":[730,311,440,537,240,204,1282,606,508,815,260,607,57,431,631,249,566,807,622,609,417,610,611,623,613],"class_list":{"0":"post-5144","1":"product","2":"type-product","3":"status-publish","4":"has-post-thumbnail","6":"product_cat-explore-11-days-tour-portugal","7":"product_cat-holiday-packs-tours-portugal","8":"product_tag-activities-algarve","9":"product_tag-algarve","10":"product_tag-algarve-coast","11":"product_tag-algarve-private-tour","12":"product_tag-alvor-estuary","13":"product_tag-cultural-heritage","14":"product_tag-exp","15":"product_tag-gastronomy","16":"product_tag-gastronomy-and-wines","17":"product_tag-historic","18":"product_tag-history-and-heritage","19":"product_tag-holidays","20":"product_tag-lagos","21":"product_tag-monchique","22":"product_tag-night","23":"product_tag-portimao","24":"product_tag-praia-da-rocha","25":"product_tag-ria-de-alvor","26":"product_tag-sandy-beach","27":"product_tag-sightseeing","28":"product_tag-silves","29":"product_tag-spring","30":"product_tag-summer","31":"product_tag-sun-beach","32":"product_tag-sunny-days","34":"first","35":"instock","36":"virtual","37":"product-type-simple"},"acf":[],"yoast_head":"<!-- This site is optimized with the Yoast SEO Premium plugin v26.8 (Yoast SEO v27.4) - https:\/\/yoast.com\/product\/yoast-seo-premium-wordpress\/ -->\n<title>Explore Praia Da Rocha<\/title>\n<meta name=\"description\" content=\"Praia da Rocha\u2019s vast strip of sand, surrounded by ochre and burnt sienna cliffs, is one of the Algarve\u2019s most iconic sights.\" \/>\n<meta name=\"robots\" content=\"index, follow, max-snippet:-1, max-image-preview:large, max-video-preview:-1\" \/>\n<link rel=\"canonical\" href=\"https:\/\/becooltravel.com\/sv\/produkt\/utforska-praia-da-rocha-11600pk\/\" \/>\n<meta property=\"og:locale\" content=\"sv_SE\" \/>\n<meta property=\"og:type\" content=\"article\" \/>\n<meta property=\"og:title\" content=\"Praia da Rocha\u2019s vast strip of sand, surrounded by ochre and burnt sienna cliffs, is one of the Algarve\u2019s most iconic sights.\" \/>\n<meta property=\"og:description\" content=\"During the summer, Praia da Rocha is essentially a family holiday destination, with children being welcome almost everywhere, and a general excitement vibe, great also for young couples.Outside the height of the tourist season, you\u2019ll find a calmer atmosphere, which is appealing to more mature guests, looking for a relaxing holiday.All sorts of entertainment are available in Praia da Rocha, with something for everyone, including boat tours, day excursions, water parks, theme parks, and sports on the beach.\" \/>\n<meta property=\"og:url\" content=\"https:\/\/becooltravel.com\/sv\/produkt\/utforska-praia-da-rocha-11600pk\/\" \/>\n<meta property=\"og:site_name\" content=\"BeCool Travel\" \/>\n<meta property=\"article:publisher\" content=\"https:\/\/www.facebook.com\/becooltravelagency\/\" \/>\n<meta property=\"article:modified_time\" content=\"2026-03-18T13:55:51+00:00\" \/>\n<meta property=\"og:image\" content=\"https:\/\/becooltravel.com\/wp-content\/uploads\/sites\/5\/2020\/06\/Praia_rocha_low_season.jpg\" \/>\n\t<meta property=\"og:image:width\" content=\"1200\" \/>\n\t<meta property=\"og:image:height\" content=\"766\" \/>\n\t<meta property=\"og:image:type\" content=\"image\/jpeg\" \/>\n<meta name=\"twitter:card\" content=\"summary_large_image\" \/>\n<meta name=\"twitter:title\" content=\"Praia da Rocha\u2019s vast strip of sand, surrounded by ochre and burnt sienna cliffs, is one of the Algarve\u2019s most iconic sights.\" \/>\n<meta name=\"twitter:description\" content=\"It\u2019s an ideal place to lounge on the beach during the day, enjoy great food and wine, and later embrace the night!Book your stay to experience a relaxing holiday time at this lovely beach destination, near a variety of places of interest.\" \/>\n<meta name=\"twitter:image\" content=\"https:\/\/i0.wp.com\/becooltravel.com\/wp-content\/uploads\/sites\/5\/2020\/06\/Praia_rocha_low_season.jpg?fit=1200%2C766&ssl=1\" \/>\n<meta name=\"twitter:site\" content=\"@becool_travel\" \/>\n<meta name=\"twitter:label1\" content=\"Ber\u00e4knad l\u00e4stid\" \/>\n\t<meta name=\"twitter:data1\" content=\"3 minuter\" \/>\n<script type=\"application\/ld+json\" class=\"yoast-schema-graph\">{\"@context\":\"https:\\\/\\\/schema.org\",\"@graph\":[{\"@type\":[\"WebPage\",\"ItemPage\"],\"@id\":\"https:\\\/\\\/becooltravel.com\\\/product\\\/explore-praia-da-rocha-11600pk\\\/\",\"url\":\"https:\\\/\\\/becooltravel.com\\\/product\\\/explore-praia-da-rocha-11600pk\\\/\",\"name\":\"Explore Praia Da Rocha\",\"isPartOf\":{\"@id\":\"https:\\\/\\\/becooltravel.com\\\/#website\"},\"primaryImageOfPage\":{\"@id\":\"https:\\\/\\\/becooltravel.com\\\/product\\\/explore-praia-da-rocha-11600pk\\\/#primaryimage\"},\"image\":{\"@id\":\"https:\\\/\\\/becooltravel.com\\\/product\\\/explore-praia-da-rocha-11600pk\\\/#primaryimage\"},\"thumbnailUrl\":\"https:\\\/\\\/i0.wp.com\\\/becooltravel.com\\\/wp-content\\\/uploads\\\/sites\\\/5\\\/2020\\\/06\\\/Praia_rocha_low_season.jpg?fit=1200%2C766&ssl=1\",\"datePublished\":\"2020-06-09T17:06:02+00:00\",\"dateModified\":\"2026-03-18T13:55:51+00:00\",\"description\":\"Praia da Rocha\u2019s vast strip of sand, surrounded by ochre and burnt sienna cliffs, is one of the Algarve\u2019s most iconic sights.\",\"breadcrumb\":{\"@id\":\"https:\\\/\\\/becooltravel.com\\\/product\\\/explore-praia-da-rocha-11600pk\\\/#breadcrumb\"},\"inLanguage\":\"sv-SE\",\"potentialAction\":[{\"@type\":\"ReadAction\",\"target\":[\"https:\\\/\\\/becooltravel.com\\\/product\\\/explore-praia-da-rocha-11600pk\\\/\"]}]},{\"@type\":\"ImageObject\",\"inLanguage\":\"sv-SE\",\"@id\":\"https:\\\/\\\/becooltravel.com\\\/product\\\/explore-praia-da-rocha-11600pk\\\/#primaryimage\",\"url\":\"https:\\\/\\\/i0.wp.com\\\/becooltravel.com\\\/wp-content\\\/uploads\\\/sites\\\/5\\\/2020\\\/06\\\/Praia_rocha_low_season.jpg?fit=1200%2C766&ssl=1\",\"contentUrl\":\"https:\\\/\\\/i0.wp.com\\\/becooltravel.com\\\/wp-content\\\/uploads\\\/sites\\\/5\\\/2020\\\/06\\\/Praia_rocha_low_season.jpg?fit=1200%2C766&ssl=1\",\"width\":1200,\"height\":766,\"caption\":\"Praia da Rocha\"},{\"@type\":\"BreadcrumbList\",\"@id\":\"https:\\\/\\\/becooltravel.com\\\/product\\\/explore-praia-da-rocha-11600pk\\\/#breadcrumb\",\"itemListElement\":[{\"@type\":\"ListItem\",\"position\":1,\"name\":\"Home\",\"item\":\"https:\\\/\\\/becooltravel.com\\\/\"},{\"@type\":\"ListItem\",\"position\":2,\"name\":\"Shop\",\"item\":\"https:\\\/\\\/becooltravel.com\\\/?page_id=5\"},{\"@type\":\"ListItem\",\"position\":3,\"name\":\"list for \\\"eco\u00a0activities\\\" in the\u00a0Algarve\",\"item\":\"https:\\\/\\\/becooltravel.com\\\/product-tag\\\/activities-algarve\\\/\"},{\"@type\":\"ListItem\",\"position\":4,\"name\":\"Praia da Rocha\u2019s vast strip of sand, surrounded by ochre and burnt sienna cliffs, is one of the Algarve\u2019s most iconic sights.\"}]},{\"@type\":\"WebSite\",\"@id\":\"https:\\\/\\\/becooltravel.com\\\/#website\",\"url\":\"https:\\\/\\\/becooltravel.com\\\/\",\"name\":\"BeCool Travel\",\"description\":\"Sustainable holidays in Portugal for independent travelers\",\"publisher\":{\"@id\":\"https:\\\/\\\/becooltravel.com\\\/#organization\"},\"potentialAction\":[{\"@type\":\"SearchAction\",\"target\":{\"@type\":\"EntryPoint\",\"urlTemplate\":\"https:\\\/\\\/becooltravel.com\\\/?s={search_term_string}\"},\"query-input\":{\"@type\":\"PropertyValueSpecification\",\"valueRequired\":true,\"valueName\":\"search_term_string\"}}],\"inLanguage\":\"sv-SE\"},{\"@type\":\"Organization\",\"@id\":\"https:\\\/\\\/becooltravel.com\\\/#organization\",\"name\":\"BecoolTravel. com- Portugal\",\"url\":\"https:\\\/\\\/becooltravel.com\\\/\",\"logo\":{\"@type\":\"ImageObject\",\"inLanguage\":\"sv-SE\",\"@id\":\"https:\\\/\\\/becooltravel.com\\\/#\\\/schema\\\/logo\\\/image\\\/\",\"url\":\"https:\\\/\\\/becooltravel.com\\\/wp-content\\\/uploads\\\/sites\\\/5\\\/2020\\\/03\\\/Logo_BeCool.jpg\",\"contentUrl\":\"https:\\\/\\\/becooltravel.com\\\/wp-content\\\/uploads\\\/sites\\\/5\\\/2020\\\/03\\\/Logo_BeCool.jpg\",\"width\":534,\"height\":534,\"caption\":\"BecoolTravel. com- Portugal\"},\"image\":{\"@id\":\"https:\\\/\\\/becooltravel.com\\\/#\\\/schema\\\/logo\\\/image\\\/\"},\"sameAs\":[\"https:\\\/\\\/www.facebook.com\\\/becooltravelagency\\\/\",\"https:\\\/\\\/x.com\\\/becool_travel\",\"https:\\\/\\\/www.instagram.com\\\/becooltravel_com\\\/\",\"https:\\\/\\\/www.linkedin.com\\\/company\\\/becool-travel\\\/\",\"https:\\\/\\\/www.youtube.com\\\/channel\\\/UCE7zRU3EVG1PgfXwQo-5uJw\"]}]}<\/script>\n<!-- \/ Yoast SEO Premium plugin. -->","yoast_head_json":{"title":"Utforska Praia Da Rocha","description":"Praia da Rochas stora sandremsa, omgiven av ockra och br\u00e4nda siennaklippor, \u00e4r en av Algarves mest ikoniska sev\u00e4rdheter.","robots":{"index":"index","follow":"follow","max-snippet":"max-snippet:-1","max-image-preview":"max-image-preview:large","max-video-preview":"max-video-preview:-1"},"canonical":"https:\/\/becooltravel.com\/sv\/produkt\/utforska-praia-da-rocha-11600pk\/","og_locale":"sv_SE","og_type":"article","og_title":"Praia da Rocha\u2019s vast strip of sand, surrounded by ochre and burnt sienna cliffs, is one of the Algarve\u2019s most iconic sights.","og_description":"During the summer, Praia da Rocha is essentially a family holiday destination, with children being welcome almost everywhere, and a general excitement vibe, great also for young couples.Outside the height of the tourist season, you\u2019ll find a calmer atmosphere, which is appealing to more mature guests, looking for a relaxing holiday.All sorts of entertainment are available in Praia da Rocha, with something for everyone, including boat tours, day excursions, water parks, theme parks, and sports on the beach.","og_url":"https:\/\/becooltravel.com\/sv\/produkt\/utforska-praia-da-rocha-11600pk\/","og_site_name":"BeCool Travel","article_publisher":"https:\/\/www.facebook.com\/becooltravelagency\/","article_modified_time":"2026-03-18T13:55:51+00:00","og_image":[{"width":1200,"height":766,"url":"https:\/\/becooltravel.com\/wp-content\/uploads\/sites\/5\/2020\/06\/Praia_rocha_low_season.jpg","type":"image\/jpeg"}],"twitter_card":"summary_large_image","twitter_title":"Praia da Rocha\u2019s vast strip of sand, surrounded by ochre and burnt sienna cliffs, is one of the Algarve\u2019s most iconic sights.","twitter_description":"It\u2019s an ideal place to lounge on the beach during the day, enjoy great food and wine, and later embrace the night!Book your stay to experience a relaxing holiday time at this lovely beach destination, near a variety of places of interest.","twitter_image":"https:\/\/i0.wp.com\/becooltravel.com\/wp-content\/uploads\/sites\/5\/2020\/06\/Praia_rocha_low_season.jpg?fit=1200%2C766&ssl=1","twitter_site":"@becool_travel","twitter_misc":{"Ber\u00e4knad l\u00e4stid":"3 minuter"},"schema":{"@context":"https:\/\/schema.org","@graph":[{"@type":["WebPage","ItemPage"],"@id":"https:\/\/becooltravel.com\/product\/explore-praia-da-rocha-11600pk\/","url":"https:\/\/becooltravel.com\/product\/explore-praia-da-rocha-11600pk\/","name":"Utforska Praia Da Rocha","isPartOf":{"@id":"https:\/\/becooltravel.com\/#website"},"primaryImageOfPage":{"@id":"https:\/\/becooltravel.com\/product\/explore-praia-da-rocha-11600pk\/#primaryimage"},"image":{"@id":"https:\/\/becooltravel.com\/product\/explore-praia-da-rocha-11600pk\/#primaryimage"},"thumbnailUrl":"https:\/\/i0.wp.com\/becooltravel.com\/wp-content\/uploads\/sites\/5\/2020\/06\/Praia_rocha_low_season.jpg?fit=1200%2C766&ssl=1","datePublished":"2020-06-09T17:06:02+00:00","dateModified":"2026-03-18T13:55:51+00:00","description":"Praia da Rochas stora sandremsa, omgiven av ockra och br\u00e4nda siennaklippor, \u00e4r en av Algarves mest ikoniska sev\u00e4rdheter.","breadcrumb":{"@id":"https:\/\/becooltravel.com\/product\/explore-praia-da-rocha-11600pk\/#breadcrumb"},"inLanguage":"sv-SE","potentialAction":[{"@type":"ReadAction","target":["https:\/\/becooltravel.com\/product\/explore-praia-da-rocha-11600pk\/"]}]},{"@type":"ImageObject","inLanguage":"sv-SE","@id":"https:\/\/becooltravel.com\/product\/explore-praia-da-rocha-11600pk\/#primaryimage","url":"https:\/\/i0.wp.com\/becooltravel.com\/wp-content\/uploads\/sites\/5\/2020\/06\/Praia_rocha_low_season.jpg?fit=1200%2C766&ssl=1","contentUrl":"https:\/\/i0.wp.com\/becooltravel.com\/wp-content\/uploads\/sites\/5\/2020\/06\/Praia_rocha_low_season.jpg?fit=1200%2C766&ssl=1","width":1200,"height":766,"caption":"Praia da Rocha"},{"@type":"BreadcrumbList","@id":"https:\/\/becooltravel.com\/product\/explore-praia-da-rocha-11600pk\/#breadcrumb","itemListElement":[{"@type":"ListItem","position":1,"name":"Home","item":"https:\/\/becooltravel.com\/"},{"@type":"ListItem","position":2,"name":"Shop","item":"https:\/\/becooltravel.com\/?page_id=5"},{"@type":"ListItem","position":3,"name":"list for \"eco\u00a0activities\" in the\u00a0Algarve","item":"https:\/\/becooltravel.com\/product-tag\/activities-algarve\/"},{"@type":"ListItem","position":4,"name":"Praia da Rocha\u2019s vast strip of sand, surrounded by ochre and burnt sienna cliffs, is one of the Algarve\u2019s most iconic sights."}]},{"@type":"WebSite","@id":"https:\/\/becooltravel.com\/#website","url":"https:\/\/becooltravel.com\/","name":"BeCool Travel","description":"H\u00e5llbar semester i Portugal f\u00f6r oberoende resen\u00e4rer","publisher":{"@id":"https:\/\/becooltravel.com\/#organization"},"potentialAction":[{"@type":"SearchAction","target":{"@type":"EntryPoint","urlTemplate":"https:\/\/becooltravel.com\/?s={search_term_string}"},"query-input":{"@type":"PropertyValueSpecification","valueRequired":true,"valueName":"search_term_string"}}],"inLanguage":"sv-SE"},{"@type":"Organization","@id":"https:\/\/becooltravel.com\/#organization","name":"BecoolTravel. com- Portugal","url":"https:\/\/becooltravel.com\/","logo":{"@type":"ImageObject","inLanguage":"sv-SE","@id":"https:\/\/becooltravel.com\/#\/schema\/logo\/image\/","url":"https:\/\/becooltravel.com\/wp-content\/uploads\/sites\/5\/2020\/03\/Logo_BeCool.jpg","contentUrl":"https:\/\/becooltravel.com\/wp-content\/uploads\/sites\/5\/2020\/03\/Logo_BeCool.jpg","width":534,"height":534,"caption":"BecoolTravel. com- Portugal"},"image":{"@id":"https:\/\/becooltravel.com\/#\/schema\/logo\/image\/"},"sameAs":["https:\/\/www.facebook.com\/becooltravelagency\/","https:\/\/x.com\/becool_travel","https:\/\/www.instagram.com\/becooltravel_com\/","https:\/\/www.linkedin.com\/company\/becool-travel\/","https:\/\/www.youtube.com\/channel\/UCE7zRU3EVG1PgfXwQo-5uJw"]}]}},"jetpack_sharing_enabled":true,"_links":{"self":[{"href":"https:\/\/becooltravel.com\/sv\/wp-json\/wp\/v2\/product\/5144","targetHints":{"allow":["GET"]}}],"collection":[{"href":"https:\/\/becooltravel.com\/sv\/wp-json\/wp\/v2\/product"}],"about":[{"href":"https:\/\/becooltravel.com\/sv\/wp-json\/wp\/v2\/types\/product"}],"replies":[{"embeddable":true,"href":"https:\/\/becooltravel.com\/sv\/wp-json\/wp\/v2\/comments?post=5144"}],"wp:featuredmedia":[{"embeddable":true,"href":"https:\/\/becooltravel.com\/sv\/wp-json\/wp\/v2\/media\/5138"}],"wp:attachment":[{"href":"https:\/\/becooltravel.com\/sv\/wp-json\/wp\/v2\/media?parent=5144"}],"wp:term":[{"taxonomy":"product_brand","embeddable":true,"href":"https:\/\/becooltravel.com\/sv\/wp-json\/wp\/v2\/product_brand?post=5144"},{"taxonomy":"product_cat","embeddable":true,"href":"https:\/\/becooltravel.com\/sv\/wp-json\/wp\/v2\/product_cat?post=5144"},{"taxonomy":"product_tag","embeddable":true,"href":"https:\/\/becooltravel.com\/sv\/wp-json\/wp\/v2\/product_tag?post=5144"}],"curies":[{"name":"wp","href":"https:\/\/api.w.org\/{rel}","templated":true}]}}