{"id":5166,"date":"2020-06-12T13:37:28","date_gmt":"2020-06-12T13:37:28","guid":{"rendered":"https:\/\/becooltravel.com\/product\/relax-in-vilamoura-8700pk\/"},"modified":"2026-03-18T13:07:24","modified_gmt":"2026-03-18T13:07:24","slug":"relax-in-vilamoura-8700pk","status":"publish","type":"product","link":"https:\/\/becooltravel.com\/sv\/produkt\/relax-in-vilamoura-8700pk\/","title":{"rendered":"Koppla av i Vilamoura"},"content":{"rendered":"<p>Vilamoura \u00e4r en glamor\u00f6s badort byggd fr\u00e5n grunden med en sak i \u00e5tanke: semester!<\/p>\n<p>Livet i Vilamoura snurrar runt den exklusiva marinan, kantad med eleganta yachter, och naturligtvis str\u00e4nderna, d\u00e4r du kommer att bli bortsk\u00e4md med mer fritids- och avkopplingsm\u00f6jligheter du kan be om!<\/p>\n<p>I n\u00e4rheten finns det kulturella, historiska och naturliga attraktioner att uppleva.<\/p>\n<div id=\"attachment_2462\" style=\"width: 1034px\" class=\"wp-caption alignnone\"><img data-recalc-dims=\"1\" decoding=\"async\" aria-describedby=\"caption-attachment-2462\" class=\"wp-image-2462 size-large\" title=\"Vilamoura nattliv\" src=\"https:\/\/i0.wp.com\/legendatours.net\/wp-content\/uploads\/2020\/06\/vilamoura_marina_night-1024x709.jpg?resize=1024%2C709&#038;ssl=1\" alt=\"Vilamoura nattliv\" width=\"1024\" height=\"709\" \/><p id=\"caption-attachment-2462\" class=\"wp-caption-text\">Vilamoura nattliv, de mest trendiga nattst\u00e4llena.<\/p><\/div>\n<p>Vilamoura Marina \u00e4r fylld med eleganta barer, butiker och restauranger f\u00f6r alla smaker, och \u00e4r k\u00e4rnan i semesterortens optimistiska sociala liv.<\/p>\n<p>N\u00e4r det g\u00e4ller str\u00e4nderna, i b\u00e5da riktningarna du v\u00e4nder, finns det stora str\u00e4ckor av gyllene sand med varmt vatten att v\u00e4lja mellan, och erbjuder massor av aktiviteter, in och ut ur vattnet.<\/p>\n<p>Alla med enkel \u00e5tkomst, vilket betyder ett bra alternativ f\u00f6r personer med begr\u00e4nsad r\u00f6rlighet, str\u00e4nderna har de vanliga barerna med solnedg\u00e5ngsfester, kaf\u00e9er f\u00f6r m\u00e5ltider och f\u00f6rfriskningar och solstolar och parasoller att hyra.<\/p>\n<p>Som f\u00f6rv\u00e4ntat blir str\u00e4nderna inom g\u00e5ngavst\u00e5nd mycket upptagna under sommaren. Men du m\u00e5ste bara g\u00e5 lite mer f\u00f6r att hitta en bekv\u00e4m plats!<\/p>\n<p>Du kommer inte bli besviken att l\u00e4gga din handduk i Quarteira, Vale do Lobo, Falesia eller n\u00e5gon annan livlig strand i n\u00e4rheten, alla bel\u00f6nade med en bl\u00e5 flagga.<\/p>\n<div id=\"attachment_2453\" style=\"width: 1034px\" class=\"wp-caption alignnone\"><img data-recalc-dims=\"1\" decoding=\"async\" aria-describedby=\"caption-attachment-2453\" class=\"wp-image-2453 size-large\" title=\"Loul\u00e9 slott\" src=\"https:\/\/i0.wp.com\/legendatours.net\/wp-content\/uploads\/2020\/06\/loule_castle-1024x683.jpg?resize=1024%2C683&#038;ssl=1\" alt=\"Loul\u00e9 slott\" width=\"1024\" height=\"683\" \/><p id=\"caption-attachment-2453\" class=\"wp-caption-text\">Loul\u00e9 slott. En milit\u00e4rkonstruktion som \u00e4r av arabiskt ursprung.<\/p><\/div>\n<p>I n\u00e4romr\u00e5dena har du de romerska ruinerna av en fiskeby, med v\u00e4ggm\u00e5lningar och ett badkomplex.<\/p>\n<p>I norr finns ett skyddat omr\u00e5de med v\u00e5tmarker, perfekt f\u00f6r naturaktiviteter och f\u00e5gelsk\u00e5dning.<\/p>\n<p>Vilamoura \u00e4r en v\u00e4lutrustad utv\u00e4g med alla typer av sportaktiviteter, fr\u00e5n ber\u00f6mda golfbanor till utomhustennisbanor.<\/p>\n<p>En halvtimmes bilresa tar dig till Faro, huvudstaden i Algarve, d\u00e4r du hittar en liten men vacker gammal stad med storksbo p\u00e5 de taggiga taken. Fr\u00e5n katedraltornet f\u00e5r du en fantastisk utsikt \u00f6ver staden och Ria Formosa.<\/p>\n<p>Ungef\u00e4r samtidigt tar du dig till Loul\u00e9, i bergen, f\u00f6r ett helt annat perspektiv p\u00e5 Algarve. Bes\u00f6k slottet fr\u00e5n 1200-talet och den livliga bondemarknaden.<\/p>\n<p>Oavsett vilken tid p\u00e5 \u00e5ret du valde att bes\u00f6ka Vilamoura, hittar du en trevlig och intressant upplevelse med str\u00e4nder i v\u00e4rldsklass och mycket roligt!<\/p>","protected":false},"excerpt":{"rendered":"<p>Vilamoura \u00e4r en glamor\u00f6s badort byggd fr\u00e5n grunden med en sak i \u00e5tanke: semester!<\/p>\n<p>Livet i Vilamoura snurrar runt den exklusiva marinan, kantad med eleganta yachter, och naturligtvis str\u00e4nderna, d\u00e4r du kommer att bli bortsk\u00e4md med mer fritids- och avkopplingsm\u00f6jligheter du kan be om!<\/p>\n<p>I n\u00e4rheten finns det kulturella, historiska och naturliga attraktioner att uppleva.<\/p>","protected":false},"featured_media":5153,"comment_status":"closed","ping_status":"closed","template":"","meta":{"_acf_changed":false,"inline_featured_image":false},"product_brand":[],"product_cat":[329,331],"product_tag":[311,286,874,1288,204,606,508,815,260,607,57,879,631,905,608,622,609,417,610,611,623,613,894,310,571],"class_list":{"0":"post-5166","1":"product","2":"type-product","3":"status-publish","4":"has-post-thumbnail","6":"product_cat-holiday-packs-tours-portugal","7":"product_cat-relax-8-days-holidays-portugal","8":"product_tag-algarve","9":"product_tag-algarve-glorious-countryside","10":"product_tag-central-algarve","11":"product_tag-cost","12":"product_tag-cultural-heritage","13":"product_tag-gastronomy","14":"product_tag-gastronomy-and-wines","15":"product_tag-historic","16":"product_tag-history-and-heritage","17":"product_tag-holidays","18":"product_tag-lagos","19":"product_tag-loule","20":"product_tag-night","21":"product_tag-praia-da-falesia","22":"product_tag-relax","23":"product_tag-sandy-beach","24":"product_tag-sightseeing","25":"product_tag-silves","26":"product_tag-spring","27":"product_tag-summer","28":"product_tag-sun-beach","29":"product_tag-sunny-days","30":"product_tag-vilamoura","31":"product_tag-wildlife","32":"product_tag-wildlife-algarve","34":"first","35":"instock","36":"virtual","37":"product-type-simple"},"acf":[],"yoast_head":"<!-- This site is optimized with the Yoast SEO Premium plugin v26.8 (Yoast SEO v27.4) - https:\/\/yoast.com\/product\/yoast-seo-premium-wordpress\/ -->\n<title>Relax in Vilamoura<\/title>\n<meta name=\"description\" content=\"Life in Vilamoura spins around the upscale marina, lined with elegant yachts, and, of course, the beaches, where you\u2019ll be spoilt with more leisure and relaxation facilities you could ask for!Nearby there are cultural, historic, and natural attractions to experience.Filled with chic bars, shops, and restaurants for all tastes, the Vilamoura Marina is the core of the resort\u2019s upbeat social life.Regarding the beaches, in either direction you turn, there are huge stretches of golden sand with warm waters to choose from, offering plenty of activities, in and out of the water.\" \/>\n<meta name=\"robots\" content=\"index, follow, max-snippet:-1, max-image-preview:large, max-video-preview:-1\" \/>\n<link rel=\"canonical\" href=\"https:\/\/becooltravel.com\/sv\/produkt\/relax-in-vilamoura-8700pk\/\" \/>\n<meta property=\"og:locale\" content=\"sv_SE\" \/>\n<meta property=\"og:type\" content=\"article\" \/>\n<meta property=\"og:title\" content=\"Life in Vilamoura spins around the upscale marina, lined with elegant yachts,\" \/>\n<meta property=\"og:description\" content=\"All with easy access, meaning a good option for those with limited mobility, the beaches have the usual bars with sunset parties, cafes for meals and refreshments, and sun-lounges and parasols for rent.As expected, during summer the beaches within walking distance get very busy. But you just have to walk a bit more to find a comfortable spot!You won\u2019t be disappointed to lay your towel in Quarteira, Vale do Lobo, Falesia, or another lively beach nearby, all awarded with a blue flag.\" \/>\n<meta property=\"og:url\" content=\"https:\/\/becooltravel.com\/sv\/produkt\/relax-in-vilamoura-8700pk\/\" \/>\n<meta property=\"og:site_name\" content=\"BeCool Travel\" \/>\n<meta property=\"article:publisher\" content=\"https:\/\/www.facebook.com\/becooltravelagency\/\" \/>\n<meta property=\"article:modified_time\" content=\"2026-03-18T13:07:24+00:00\" \/>\n<meta property=\"og:image\" content=\"https:\/\/becooltravel.com\/wp-content\/uploads\/sites\/5\/2020\/06\/vilamoura_beach.jpg\" \/>\n\t<meta property=\"og:image:width\" content=\"1200\" \/>\n\t<meta property=\"og:image:height\" content=\"694\" \/>\n\t<meta property=\"og:image:type\" content=\"image\/jpeg\" \/>\n<meta name=\"twitter:card\" content=\"summary_large_image\" \/>\n<meta name=\"twitter:title\" content=\"Life in Vilamoura spins around the upscale marina, lined with elegant yachts,\" \/>\n<meta name=\"twitter:description\" content=\"In the vicinities, you have the Roman ruins of a fishing village, with murals and a bathing complex.To the north, there\u2019s a protected area of wetlands, ideal for nature activities and birdwatching.Vilamoura is a well-equipped resort with all sorts of sports activities, from famed golf courses to outdoor tennis courts.A half-an-hour drive takes you to Faro, the capital of Algarve, where you\u2019ll find a small but pretty old town, with storks\u2019 nests on the spiked roofs. From the tower of the cathedral, you get a fantastic view of the city and the Ria Formosa.\" \/>\n<meta name=\"twitter:image\" content=\"https:\/\/i0.wp.com\/becooltravel.com\/wp-content\/uploads\/sites\/5\/2020\/06\/vilamoura_beach.jpg?fit=1200%2C694&ssl=1\" \/>\n<meta name=\"twitter:site\" content=\"@becool_travel\" \/>\n<meta name=\"twitter:label1\" content=\"Ber\u00e4knad l\u00e4stid\" \/>\n\t<meta name=\"twitter:data1\" content=\"3 minuter\" \/>\n<script type=\"application\/ld+json\" class=\"yoast-schema-graph\">{\"@context\":\"https:\\\/\\\/schema.org\",\"@graph\":[{\"@type\":[\"WebPage\",\"ItemPage\"],\"@id\":\"https:\\\/\\\/becooltravel.com\\\/product\\\/relax-in-vilamoura-8700pk\\\/\",\"url\":\"https:\\\/\\\/becooltravel.com\\\/product\\\/relax-in-vilamoura-8700pk\\\/\",\"name\":\"Relax in Vilamoura\",\"isPartOf\":{\"@id\":\"https:\\\/\\\/becooltravel.com\\\/#website\"},\"primaryImageOfPage\":{\"@id\":\"https:\\\/\\\/becooltravel.com\\\/product\\\/relax-in-vilamoura-8700pk\\\/#primaryimage\"},\"image\":{\"@id\":\"https:\\\/\\\/becooltravel.com\\\/product\\\/relax-in-vilamoura-8700pk\\\/#primaryimage\"},\"thumbnailUrl\":\"https:\\\/\\\/i0.wp.com\\\/becooltravel.com\\\/wp-content\\\/uploads\\\/sites\\\/5\\\/2020\\\/06\\\/vilamoura_beach.jpg?fit=1200%2C694&ssl=1\",\"datePublished\":\"2020-06-12T13:37:28+00:00\",\"dateModified\":\"2026-03-18T13:07:24+00:00\",\"description\":\"Life in Vilamoura spins around the upscale marina, lined with elegant yachts, and, of course, the beaches, where you\u2019ll be spoilt with more leisure and relaxation facilities you could ask for!Nearby there are cultural, historic, and natural attractions to experience.Filled with chic bars, shops, and restaurants for all tastes, the Vilamoura Marina is the core of the resort\u2019s upbeat social life.Regarding the beaches, in either direction you turn, there are huge stretches of golden sand with warm waters to choose from, offering plenty of activities, in and out of the water.\",\"breadcrumb\":{\"@id\":\"https:\\\/\\\/becooltravel.com\\\/product\\\/relax-in-vilamoura-8700pk\\\/#breadcrumb\"},\"inLanguage\":\"sv-SE\",\"potentialAction\":[{\"@type\":\"ReadAction\",\"target\":[\"https:\\\/\\\/becooltravel.com\\\/product\\\/relax-in-vilamoura-8700pk\\\/\"]}]},{\"@type\":\"ImageObject\",\"inLanguage\":\"sv-SE\",\"@id\":\"https:\\\/\\\/becooltravel.com\\\/product\\\/relax-in-vilamoura-8700pk\\\/#primaryimage\",\"url\":\"https:\\\/\\\/i0.wp.com\\\/becooltravel.com\\\/wp-content\\\/uploads\\\/sites\\\/5\\\/2020\\\/06\\\/vilamoura_beach.jpg?fit=1200%2C694&ssl=1\",\"contentUrl\":\"https:\\\/\\\/i0.wp.com\\\/becooltravel.com\\\/wp-content\\\/uploads\\\/sites\\\/5\\\/2020\\\/06\\\/vilamoura_beach.jpg?fit=1200%2C694&ssl=1\",\"width\":1200,\"height\":694,\"caption\":\"Vilamoura beach\"},{\"@type\":\"BreadcrumbList\",\"@id\":\"https:\\\/\\\/becooltravel.com\\\/product\\\/relax-in-vilamoura-8700pk\\\/#breadcrumb\",\"itemListElement\":[{\"@type\":\"ListItem\",\"position\":1,\"name\":\"Home\",\"item\":\"https:\\\/\\\/becooltravel.com\\\/\"},{\"@type\":\"ListItem\",\"position\":2,\"name\":\"Shop\",\"item\":\"https:\\\/\\\/becooltravel.com\\\/?page_id=5\"},{\"@type\":\"ListItem\",\"position\":3,\"name\":\"Algarve holidays . You can use\u00a0footpaths and walking\u00a0 trails\u00a0to get to know the region, such as the\u00a0Algarve Way\u00a0or the\u00a0Vicentine Route along one of the best preserved coastal stretches.\",\"item\":\"https:\\\/\\\/becooltravel.com\\\/product-tag\\\/algarve\\\/\"},{\"@type\":\"ListItem\",\"position\":4,\"name\":\"Life in Vilamoura spins around the upscale marina, lined with elegant yachts,\"}]},{\"@type\":\"WebSite\",\"@id\":\"https:\\\/\\\/becooltravel.com\\\/#website\",\"url\":\"https:\\\/\\\/becooltravel.com\\\/\",\"name\":\"BeCool Travel\",\"description\":\"Sustainable holidays in Portugal for independent travelers\",\"publisher\":{\"@id\":\"https:\\\/\\\/becooltravel.com\\\/#organization\"},\"potentialAction\":[{\"@type\":\"SearchAction\",\"target\":{\"@type\":\"EntryPoint\",\"urlTemplate\":\"https:\\\/\\\/becooltravel.com\\\/?s={search_term_string}\"},\"query-input\":{\"@type\":\"PropertyValueSpecification\",\"valueRequired\":true,\"valueName\":\"search_term_string\"}}],\"inLanguage\":\"sv-SE\"},{\"@type\":\"Organization\",\"@id\":\"https:\\\/\\\/becooltravel.com\\\/#organization\",\"name\":\"BecoolTravel. com- Portugal\",\"url\":\"https:\\\/\\\/becooltravel.com\\\/\",\"logo\":{\"@type\":\"ImageObject\",\"inLanguage\":\"sv-SE\",\"@id\":\"https:\\\/\\\/becooltravel.com\\\/#\\\/schema\\\/logo\\\/image\\\/\",\"url\":\"https:\\\/\\\/becooltravel.com\\\/wp-content\\\/uploads\\\/sites\\\/5\\\/2020\\\/03\\\/Logo_BeCool.jpg\",\"contentUrl\":\"https:\\\/\\\/becooltravel.com\\\/wp-content\\\/uploads\\\/sites\\\/5\\\/2020\\\/03\\\/Logo_BeCool.jpg\",\"width\":534,\"height\":534,\"caption\":\"BecoolTravel. com- Portugal\"},\"image\":{\"@id\":\"https:\\\/\\\/becooltravel.com\\\/#\\\/schema\\\/logo\\\/image\\\/\"},\"sameAs\":[\"https:\\\/\\\/www.facebook.com\\\/becooltravelagency\\\/\",\"https:\\\/\\\/x.com\\\/becool_travel\",\"https:\\\/\\\/www.instagram.com\\\/becooltravel_com\\\/\",\"https:\\\/\\\/www.linkedin.com\\\/company\\\/becool-travel\\\/\",\"https:\\\/\\\/www.youtube.com\\\/channel\\\/UCE7zRU3EVG1PgfXwQo-5uJw\"]}]}<\/script>\n<!-- \/ Yoast SEO Premium plugin. -->","yoast_head_json":{"title":"Koppla av i Vilamoura","description":"Livet i Vilamoura snurrar runt den exklusiva marinan, kantad med eleganta yachter, och naturligtvis str\u00e4nderna, d\u00e4r du kommer att bli bortsk\u00e4md med mer fritids- och avkopplingsfaciliteter du kan be om! I n\u00e4rheten finns kulturella, historiska och naturliga attraktioner Upplevelse.Fylld med eleganta barer, butiker och restauranger f\u00f6r alla smaker, \u00e4r Vilamoura Marina k\u00e4rnan i semesterortens optimistiska sociala liv. N\u00e4r det g\u00e4ller str\u00e4nderna, i vardera riktningen du v\u00e4nder, finns det stora str\u00e4ckor av gyllene sand med varmt vatten att v\u00e4lja fr\u00e5n, erbjuder massor av aktiviteter, in och ut ur vattnet.","robots":{"index":"index","follow":"follow","max-snippet":"max-snippet:-1","max-image-preview":"max-image-preview:large","max-video-preview":"max-video-preview:-1"},"canonical":"https:\/\/becooltravel.com\/sv\/produkt\/relax-in-vilamoura-8700pk\/","og_locale":"sv_SE","og_type":"article","og_title":"Life in Vilamoura spins around the upscale marina, lined with elegant yachts,","og_description":"All with easy access, meaning a good option for those with limited mobility, the beaches have the usual bars with sunset parties, cafes for meals and refreshments, and sun-lounges and parasols for rent.As expected, during summer the beaches within walking distance get very busy. But you just have to walk a bit more to find a comfortable spot!You won\u2019t be disappointed to lay your towel in Quarteira, Vale do Lobo, Falesia, or another lively beach nearby, all awarded with a blue flag.","og_url":"https:\/\/becooltravel.com\/sv\/produkt\/relax-in-vilamoura-8700pk\/","og_site_name":"BeCool Travel","article_publisher":"https:\/\/www.facebook.com\/becooltravelagency\/","article_modified_time":"2026-03-18T13:07:24+00:00","og_image":[{"width":1200,"height":694,"url":"https:\/\/becooltravel.com\/wp-content\/uploads\/sites\/5\/2020\/06\/vilamoura_beach.jpg","type":"image\/jpeg"}],"twitter_card":"summary_large_image","twitter_title":"Life in Vilamoura spins around the upscale marina, lined with elegant yachts,","twitter_description":"In the vicinities, you have the Roman ruins of a fishing village, with murals and a bathing complex.To the north, there\u2019s a protected area of wetlands, ideal for nature activities and birdwatching.Vilamoura is a well-equipped resort with all sorts of sports activities, from famed golf courses to outdoor tennis courts.A half-an-hour drive takes you to Faro, the capital of Algarve, where you\u2019ll find a small but pretty old town, with storks\u2019 nests on the spiked roofs. From the tower of the cathedral, you get a fantastic view of the city and the Ria Formosa.","twitter_image":"https:\/\/i0.wp.com\/becooltravel.com\/wp-content\/uploads\/sites\/5\/2020\/06\/vilamoura_beach.jpg?fit=1200%2C694&ssl=1","twitter_site":"@becool_travel","twitter_misc":{"Ber\u00e4knad l\u00e4stid":"3 minuter"},"schema":{"@context":"https:\/\/schema.org","@graph":[{"@type":["WebPage","ItemPage"],"@id":"https:\/\/becooltravel.com\/product\/relax-in-vilamoura-8700pk\/","url":"https:\/\/becooltravel.com\/product\/relax-in-vilamoura-8700pk\/","name":"Koppla av i Vilamoura","isPartOf":{"@id":"https:\/\/becooltravel.com\/#website"},"primaryImageOfPage":{"@id":"https:\/\/becooltravel.com\/product\/relax-in-vilamoura-8700pk\/#primaryimage"},"image":{"@id":"https:\/\/becooltravel.com\/product\/relax-in-vilamoura-8700pk\/#primaryimage"},"thumbnailUrl":"https:\/\/i0.wp.com\/becooltravel.com\/wp-content\/uploads\/sites\/5\/2020\/06\/vilamoura_beach.jpg?fit=1200%2C694&ssl=1","datePublished":"2020-06-12T13:37:28+00:00","dateModified":"2026-03-18T13:07:24+00:00","description":"Livet i Vilamoura snurrar runt den exklusiva marinan, kantad med eleganta yachter, och naturligtvis str\u00e4nderna, d\u00e4r du kommer att bli bortsk\u00e4md med mer fritids- och avkopplingsfaciliteter du kan be om! I n\u00e4rheten finns kulturella, historiska och naturliga attraktioner Upplevelse.Fylld med eleganta barer, butiker och restauranger f\u00f6r alla smaker, \u00e4r Vilamoura Marina k\u00e4rnan i semesterortens optimistiska sociala liv. N\u00e4r det g\u00e4ller str\u00e4nderna, i vardera riktningen du v\u00e4nder, finns det stora str\u00e4ckor av gyllene sand med varmt vatten att v\u00e4lja fr\u00e5n, erbjuder massor av aktiviteter, in och ut ur vattnet.","breadcrumb":{"@id":"https:\/\/becooltravel.com\/product\/relax-in-vilamoura-8700pk\/#breadcrumb"},"inLanguage":"sv-SE","potentialAction":[{"@type":"ReadAction","target":["https:\/\/becooltravel.com\/product\/relax-in-vilamoura-8700pk\/"]}]},{"@type":"ImageObject","inLanguage":"sv-SE","@id":"https:\/\/becooltravel.com\/product\/relax-in-vilamoura-8700pk\/#primaryimage","url":"https:\/\/i0.wp.com\/becooltravel.com\/wp-content\/uploads\/sites\/5\/2020\/06\/vilamoura_beach.jpg?fit=1200%2C694&ssl=1","contentUrl":"https:\/\/i0.wp.com\/becooltravel.com\/wp-content\/uploads\/sites\/5\/2020\/06\/vilamoura_beach.jpg?fit=1200%2C694&ssl=1","width":1200,"height":694,"caption":"Vilamoura beach"},{"@type":"BreadcrumbList","@id":"https:\/\/becooltravel.com\/product\/relax-in-vilamoura-8700pk\/#breadcrumb","itemListElement":[{"@type":"ListItem","position":1,"name":"Home","item":"https:\/\/becooltravel.com\/"},{"@type":"ListItem","position":2,"name":"Shop","item":"https:\/\/becooltravel.com\/?page_id=5"},{"@type":"ListItem","position":3,"name":"Algarve holidays . You can use\u00a0footpaths and walking\u00a0 trails\u00a0to get to know the region, such as the\u00a0Algarve Way\u00a0or the\u00a0Vicentine Route along one of the best preserved coastal stretches.","item":"https:\/\/becooltravel.com\/product-tag\/algarve\/"},{"@type":"ListItem","position":4,"name":"Life in Vilamoura spins around the upscale marina, lined with elegant yachts,"}]},{"@type":"WebSite","@id":"https:\/\/becooltravel.com\/#website","url":"https:\/\/becooltravel.com\/","name":"BeCool Travel","description":"H\u00e5llbar semester i Portugal f\u00f6r oberoende resen\u00e4rer","publisher":{"@id":"https:\/\/becooltravel.com\/#organization"},"potentialAction":[{"@type":"SearchAction","target":{"@type":"EntryPoint","urlTemplate":"https:\/\/becooltravel.com\/?s={search_term_string}"},"query-input":{"@type":"PropertyValueSpecification","valueRequired":true,"valueName":"search_term_string"}}],"inLanguage":"sv-SE"},{"@type":"Organization","@id":"https:\/\/becooltravel.com\/#organization","name":"BecoolTravel. com- Portugal","url":"https:\/\/becooltravel.com\/","logo":{"@type":"ImageObject","inLanguage":"sv-SE","@id":"https:\/\/becooltravel.com\/#\/schema\/logo\/image\/","url":"https:\/\/becooltravel.com\/wp-content\/uploads\/sites\/5\/2020\/03\/Logo_BeCool.jpg","contentUrl":"https:\/\/becooltravel.com\/wp-content\/uploads\/sites\/5\/2020\/03\/Logo_BeCool.jpg","width":534,"height":534,"caption":"BecoolTravel. com- Portugal"},"image":{"@id":"https:\/\/becooltravel.com\/#\/schema\/logo\/image\/"},"sameAs":["https:\/\/www.facebook.com\/becooltravelagency\/","https:\/\/x.com\/becool_travel","https:\/\/www.instagram.com\/becooltravel_com\/","https:\/\/www.linkedin.com\/company\/becool-travel\/","https:\/\/www.youtube.com\/channel\/UCE7zRU3EVG1PgfXwQo-5uJw"]}]}},"jetpack_sharing_enabled":true,"_links":{"self":[{"href":"https:\/\/becooltravel.com\/sv\/wp-json\/wp\/v2\/product\/5166","targetHints":{"allow":["GET"]}}],"collection":[{"href":"https:\/\/becooltravel.com\/sv\/wp-json\/wp\/v2\/product"}],"about":[{"href":"https:\/\/becooltravel.com\/sv\/wp-json\/wp\/v2\/types\/product"}],"replies":[{"embeddable":true,"href":"https:\/\/becooltravel.com\/sv\/wp-json\/wp\/v2\/comments?post=5166"}],"wp:featuredmedia":[{"embeddable":true,"href":"https:\/\/becooltravel.com\/sv\/wp-json\/wp\/v2\/media\/5153"}],"wp:attachment":[{"href":"https:\/\/becooltravel.com\/sv\/wp-json\/wp\/v2\/media?parent=5166"}],"wp:term":[{"taxonomy":"product_brand","embeddable":true,"href":"https:\/\/becooltravel.com\/sv\/wp-json\/wp\/v2\/product_brand?post=5166"},{"taxonomy":"product_cat","embeddable":true,"href":"https:\/\/becooltravel.com\/sv\/wp-json\/wp\/v2\/product_cat?post=5166"},{"taxonomy":"product_tag","embeddable":true,"href":"https:\/\/becooltravel.com\/sv\/wp-json\/wp\/v2\/product_tag?post=5166"}],"curies":[{"name":"wp","href":"https:\/\/api.w.org\/{rel}","templated":true}]}}