{"id":5178,"date":"2020-06-15T10:06:10","date_gmt":"2020-06-15T10:06:10","guid":{"rendered":"https:\/\/becooltravel.com\/product\/birding-in-coastal-west-algarve-3400s\/"},"modified":"2026-03-18T12:25:23","modified_gmt":"2026-03-18T12:25:23","slug":"birding-in-coastal-west-algarve-3400s","status":"publish","type":"product","link":"https:\/\/becooltravel.com\/sv\/produkt\/fagelskadning-i-kust-vast-algarve-3400-talet\/","title":{"rendered":"F\u00e5gelsk\u00e5dning i kustv\u00e4stra Algarve"},"content":{"rendered":"<p>\u00c4ven om det \u00e4r k\u00e4nt f\u00f6r att vara en badort med ett underbart klimat \u00e5ret runt, \u00e4r Algarve ocks\u00e5 en fristad och en fristad f\u00f6r f\u00e5gelliv.<\/p>\n<p>West Algarve har v\u00e4ldigt olika livsmilj\u00f6er - fr\u00e5n klippor till kustn\u00e4ra v\u00e5tmarker och fr\u00e5n sm\u00e5 skogsfl\u00e4ckar till skrubbbelagda kullar. N\u00e4stan n\u00e4r som helst p\u00e5 \u00e5ret finns det n\u00e5got intressant att se!<\/p>\n<p>I den h\u00e4r personifierade f\u00e5gelturen med sj\u00e4lvk\u00f6rning presenterar vi en samling resv\u00e4gar f\u00f6r f\u00e5gelsk\u00e5dningspunkter som syftar till att hj\u00e4lpa dig att f\u00e5 de b\u00e4sta f\u00e5gelm\u00f6jligheterna! I Vilamoura kommer du att utforska troligen det mest omfattande omr\u00e5det med vass\u00e4ngar och laguner i Algarve, vid Lagoa dos Salgados.<\/p>\n<div id=\"attachment_1823\" style=\"width: 1034px\" class=\"wp-caption alignnone\"><img data-recalc-dims=\"1\" decoding=\"async\" aria-describedby=\"caption-attachment-1823\" class=\"wp-image-1823 size-large\" src=\"https:\/\/i0.wp.com\/legendatours.net\/wp-content\/uploads\/2020\/03\/Spoonbills-1024x683.jpg?resize=1024%2C683&#038;ssl=1\" alt=\"Spoonbills Castro Marim\" width=\"1024\" height=\"683\" \/><p id=\"caption-attachment-1823\" class=\"wp-caption-text\"><a href=\"..\/..\/?s=Spoonbills\" target=\"_blank\" rel=\"noopener noreferrer\">Spoonbills Castro Marim<\/a>, Bredvid floden Guadiana mellan Castro Marim och Vila Real de Santo Ant\u00f3nio, och t\u00e4cker ett omr\u00e5de p\u00e5 mer \u00e4n 2000 hektar.<\/p><\/div>\n<p>Detta \u00e4r en av de viktigaste platserna i Algarve f\u00f6r migrerande passerines, och ocks\u00e5 ett jaktomr\u00e5de f\u00f6r olika rovf\u00e5glar.<\/p>\n<p>I den lugna Alvor-mynningen hittar du en skyddad naturreservat med en m\u00e4ngd vattenf\u00e5glar, sj\u00f6f\u00e5glar och jordbruksf\u00e5glar. Turen tar dig till den vackra Rocha Delicada, en ockra udde bildad under Miocen-perioden.<\/p>\n<p>I de v\u00e5ta zonerna vid floden Arade, n\u00e4ra den tidigare arabiska huvudstaden i Algarve, Silves, kommer du att uppskatta ett viktigt ekosystem som \u00e4r representativt f\u00f6r Medelhavslandskapet.<\/p>\n<div id=\"attachment_1761\" style=\"width: 1034px\" class=\"wp-caption alignnone\"><img data-recalc-dims=\"1\" decoding=\"async\" aria-describedby=\"caption-attachment-1761\" class=\"wp-image-1761 size-large\" title=\"Great Crested Grebe\" src=\"https:\/\/i0.wp.com\/legendatours.net\/wp-content\/uploads\/2020\/03\/Great-Crested-Grebe-1024x683.jpg?resize=1024%2C683&#038;ssl=1\" alt=\"Great Crested Grebe\" width=\"1024\" height=\"683\" \/><p id=\"caption-attachment-1761\" class=\"wp-caption-text\"><a href=\"..\/..\/?s=Great+Crested+Grebe\" target=\"_blank\" rel=\"noopener noreferrer\">Great Crested Grebe<\/a>, Crested Grebe, Podiceps cristatus, i Ria Formosa. foto Peter Dedicoat.<\/p><\/div>\n<p>Detta omr\u00e5de samlar ett stort antal vadare, s\u00e5som Redshank, Greenshank och Common Sandpiper. Det finns ocks\u00e5 n\u00e5gra f\u00e5gelf\u00e5glar, som Yellow Wagtail och Crested Lark.<\/p>\n<p>Lagoa de S\u00e3o Louren\u00e7o \u00e4r en annan intressant f\u00e5gelplats d\u00e4r vi planerade f\u00f6r dig. Denna vattenkropp \u00e4r rik p\u00e5 vattenvegetation, kantad av vass och krossar, och d\u00e4rmed rik p\u00e5 avifauna.<\/p>\n<div id=\"attachment_2482\" style=\"width: 1034px\" class=\"wp-caption alignnone\"><img data-recalc-dims=\"1\" decoding=\"async\" aria-describedby=\"caption-attachment-2482\" class=\"wp-image-2482 size-large\" src=\"https:\/\/i0.wp.com\/legendatours.net\/wp-content\/uploads\/2020\/06\/Marsh_Harrier-1024x683.jpg?resize=1024%2C683&#038;ssl=1\" alt=\"Marsh Harrier, foto Peter Dedicoat\" width=\"1024\" height=\"683\" \/><p id=\"caption-attachment-2482\" class=\"wp-caption-text\">Marsh Harrier, foto Peter Dedicoat<\/p><\/div>\n<p>P\u00e5 vintern samlas ett stort antal ankor h\u00e4r, inklusive Northern Shoveler, Eurasian Teal, Common Pochard, Eurasian Wigeon och Tufted Duck.<\/p>\n<p>Hela \u00e5ret hittar du R\u00f6dkammad Pochard, Little Bittern, Purple Swamp-hen, Black-headed Weaver och Great Crested Grebe.<\/p>\n<p>Vid s\u00f6dra \u00e4nden av sj\u00f6n ligger kanalerna, saltmyrorna, lagunerna och sandbarri\u00e4r\u00f6arna i Ria Formosa naturpark som, beroende p\u00e5 tidvattnet och s\u00e4songen, kan vara full av vadare, m\u00e5sar, h\u00e4grar och \u00e4gretth\u00e4ger.<\/p>\n<div id=\"attachment_1723\" style=\"width: 1034px\" class=\"wp-caption alignnone\"><img data-recalc-dims=\"1\" decoding=\"async\" aria-describedby=\"caption-attachment-1723\" class=\"wp-image-1723 size-large\" title=\"Glansig Ibis\" src=\"https:\/\/i0.wp.com\/legendatours.net\/wp-content\/uploads\/2020\/03\/Glossy-Ibis-1024x683.jpg?resize=1024%2C683&#038;ssl=1\" alt=\"Glansig Ibis\" width=\"1024\" height=\"683\" \/><p id=\"caption-attachment-1723\" class=\"wp-caption-text\"><a href=\"..\/..\/?s=Glossy+Ibis\" target=\"_blank\" rel=\"noopener noreferrer\">Glansig Ibis<\/a>F\u00f6r ungef\u00e4r 15 \u00e5r sedan s\u00e5gs bara enstaka glansiga ibis i Algarve och sp\u00e4nnande ornitologer varje g\u00e5ng. Sedan dess \u00e4r det mycket skyddade.<\/p><\/div>\n<p>I Ludo, p\u00e5 de livliga saltproducerande g\u00e5rdarna, \u00e4r det m\u00f6jligt att se Greater Flamingo, Eurasian Spoonbill, Booted Eagles och m\u00e5nga h\u00e4ckande vita storkar.<\/p>\n<p>Du \u00e5ker sedan till det avl\u00e4gsna sydv\u00e4stra h\u00f6rnet av Europa, till Sagres, i Sudoeste Alentejano e Costa Vicentina Natural Park.<\/p>\n<div id=\"attachment_1760\" style=\"width: 1034px\" class=\"wp-caption alignnone\"><img data-recalc-dims=\"1\" decoding=\"async\" aria-describedby=\"caption-attachment-1760\" class=\"size-full wp-image-1760\" src=\"https:\/\/i0.wp.com\/legendatours.net\/wp-content\/uploads\/2020\/03\/Eurasian-Teal-e1611676784238.jpg?resize=1024%2C683&#038;ssl=1\" alt=\"Eurasian Teal foto Peter Dedicoat\" width=\"1024\" height=\"683\" \/><p id=\"caption-attachment-1760\" class=\"wp-caption-text\">Eurasian Teal, (Anas crecca) foto Peter Dedicoat<\/p><\/div>\n<p>Detta \u00e4r ett omr\u00e5de som \u00e4r s\u00e4rskilt viktigt f\u00f6r flyttf\u00e5glar, och det \u00e4r alltid tillr\u00e5dligt att h\u00e5lla ett \u00f6ga p\u00e5 rariteter.<\/p>\n<p>Fr\u00e5n din centrala och privilegierade plats i Albufeira kommer du att kunna njuta av en m\u00e4ngd olika f\u00e5gelsk\u00e5dningspunkter, inom olika livsmilj\u00f6er, i denna fantastiska f\u00e5gelsk\u00e5dningsupplevelse!<\/p>\n<p>Denna sj\u00e4lvdrivna f\u00e5gelsk\u00e5dningstur r\u00e4knas med en gratis dag. Du kan p\u00e5 din fritid utforska andra delar av Algarve och l\u00e4ra dig lite mer om kultur, arv och naturhistoria i regionen.<\/p>\n<div class=\"row\">\n<div class=\"column\" style=\"flex: 45%;\">\n<p><iframe title=\"Castro Marim\" width=\"1080\" height=\"608\" src=\"https:\/\/www.youtube.com\/embed\/sbJjXvbNWho?list=PL_6Umd8jb1qvBUfpmdNirAfZNGPDknjjw\" frameborder=\"0\" allow=\"accelerometer; autoplay; clipboard-write; encrypted-media; gyroscope; picture-in-picture; web-share\" referrerpolicy=\"strict-origin-when-cross-origin\" allowfullscreen><\/iframe><\/p>\n<\/div>\n<div class=\"column\" style=\"flex: 10%;\"><\/div>\n<div class=\"column\" style=\"flex: 45%;\">\n<p><iframe title=\"F\u00e5glar i s\u00f6dra Portugal\" width=\"1080\" height=\"608\" src=\"https:\/\/www.youtube.com\/embed\/q4ezd_AIbYM?feature=oembed\" frameborder=\"0\" allow=\"accelerometer; autoplay; clipboard-write; encrypted-media; gyroscope; picture-in-picture; web-share\" referrerpolicy=\"strict-origin-when-cross-origin\" allowfullscreen><\/iframe><\/p>\n<\/div>\n<\/div>","protected":false},"excerpt":{"rendered":"<p>\u00c4ven om det \u00e4r k\u00e4nt f\u00f6r att vara en badort med ett underbart klimat \u00e5ret runt, \u00e4r Algarve ocks\u00e5 en fristad och en fristad f\u00f6r f\u00e5gelliv.<\/p>\n<p>West Algarve har v\u00e4ldigt olika livsmilj\u00f6er - fr\u00e5n klippor till kustn\u00e4ra v\u00e5tmarker och fr\u00e5n sm\u00e5 skogsfl\u00e4ckar till skrubbbelagda kullar. N\u00e4stan n\u00e4r som helst p\u00e5 \u00e5ret finns det n\u00e5got intressant att se!<\/p>\n<p>I den h\u00e4r personifierade sj\u00e4lvdrivna f\u00e5gelturen presenterar vi en samling resv\u00e4gar f\u00f6r f\u00e5gelsk\u00e5dningspunkter som syftar till att hj\u00e4lpa dig att f\u00e5 de b\u00e4sta f\u00e5gelsk\u00e5dningsm\u00f6jligheterna!<\/p>","protected":false},"featured_media":5172,"comment_status":"closed","ping_status":"closed","template":"","meta":{"_acf_changed":false,"inline_featured_image":false},"product_brand":[],"product_cat":[673,339,327],"product_tag":[311,1053,500,453,735,121,710,454,663,1284,242,711,502,503,504,712,713,505,714,607,1054,510,511,715,512,513,485,514,321,1141,515,58,516,517,716,717,465,494,1285,181,718,1055,1048,322,719,720,721,1056,722,723,1057,724,614,1058,1059,571,725,518],"class_list":{"0":"post-5178","1":"product","2":"type-product","3":"status-publish","4":"has-post-thumbnail","6":"product_cat-self-drive-holidays-portugal","7":"product_cat-portugal-self-guided-birdwatching-holidays","8":"product_cat-self-guided-tours-portugal","9":"product_tag-algarve","10":"product_tag-alleine-reisen","11":"product_tag-best-birding-spots","12":"product_tag-best-of-the-algarvian-bird-life","13":"product_tag-bird-watching-holidays","14":"product_tag-bird-watching","15":"product_tag-birding","16":"product_tag-birding-algarve","17":"product_tag-birds","18":"product_tag-birdwatchers-paradise","19":"product_tag-birdwatching","20":"product_tag-black-tailed-godwits","21":"product_tag-black-winged-kite","22":"product_tag-blackheaded-weaver","23":"product_tag-booted-eagles","24":"product_tag-collared-pratincole","25":"product_tag-european-bee-eater","26":"product_tag-ferruginous-duck","27":"product_tag-fly-drive","28":"product_tag-holidays","29":"product_tag-individuelle-touren","30":"product_tag-kentish-plover","31":"product_tag-little-bittern","32":"product_tag-little-stints","33":"product_tag-little-tern","34":"product_tag-marsh-harriers","35":"product_tag-migratory-birds","36":"product_tag-nature-observation","37":"product_tag-nature-walks","38":"product_tag-observe-birds","39":"product_tag-penduline-tits","40":"product_tag-portugal","41":"product_tag-purple-heron","42":"product_tag-purple-swamp-hen","43":"product_tag-ramsar","44":"product_tag-red-crested-pochard","45":"product_tag-red-necked-nightjar","46":"product_tag-ria-formosa","47":"product_tag-ria-formosa-birdwatching","48":"product_tag-ria-formosa-natural-park","49":"product_tag-ringed-plovers","50":"product_tag-sejour-en-liberte","51":"product_tag-self-guide-tour","52":"product_tag-self-guided","53":"product_tag-self-guided-birdwatching","54":"product_tag-self-guided-holidays","55":"product_tag-self-guided-tours","56":"product_tag-solo-reisen","57":"product_tag-southern-grey-shrikes","58":"product_tag-sunny-winters","59":"product_tag-tours-autoguidees","60":"product_tag-tours-in-portugal","61":"product_tag-vacations","62":"product_tag-voyage-en-liberte","63":"product_tag-voyages-en-autonomie","64":"product_tag-wildlife-algarve","65":"product_tag-wintering-birds","66":"product_tag-woodchat","68":"first","69":"instock","70":"virtual","71":"product-type-simple"},"acf":[],"yoast_head":"<!-- This site is optimized with the Yoast SEO Premium plugin v26.8 (Yoast SEO v27.5) - https:\/\/yoast.com\/product\/yoast-seo-premium-wordpress\/ -->\n<title>Birding Holiday in Coastal West Algarve<\/title>\n<meta name=\"description\" content=\"An enjoyable Birdwatching Tour, no matter your level of birding ability and expertise. Focus on the Ria Formosa Park and in the Castro Marim Nature Reserve.\" \/>\n<meta name=\"robots\" content=\"index, follow, max-snippet:-1, max-image-preview:large, max-video-preview:-1\" \/>\n<link rel=\"canonical\" href=\"https:\/\/becooltravel.com\/sv\/produkt\/fagelskadning-i-kust-vast-algarve-3400-talet\/\" \/>\n<meta property=\"og:locale\" content=\"sv_SE\" \/>\n<meta property=\"og:type\" content=\"article\" \/>\n<meta property=\"og:title\" content=\"Personalized self-drive birding tour, a collection of itineraries to birding hotspots, aiming at helping you to get the best birding opportunities!\" \/>\n<meta property=\"og:description\" content=\"Although famous for being a beach resort with a wonderful year-round climate, the Algarve is also a refuge and a haven for birdlife.The West Algarve has very diverse habitats \u2013 from cliffs to coastal wetlands and from small forest patches to scrub-covered hills. At almost any time of the year, there is something of interest to see!\" \/>\n<meta property=\"og:url\" content=\"https:\/\/becooltravel.com\/sv\/produkt\/fagelskadning-i-kust-vast-algarve-3400-talet\/\" \/>\n<meta property=\"og:site_name\" content=\"BeCool Travel\" \/>\n<meta property=\"article:publisher\" content=\"https:\/\/www.facebook.com\/becooltravelagency\/\" \/>\n<meta property=\"article:modified_time\" content=\"2026-03-18T12:25:23+00:00\" \/>\n<meta property=\"og:image\" content=\"https:\/\/becooltravel.com\/wp-content\/uploads\/sites\/5\/2020\/06\/LittleBustard.jpg\" \/>\n\t<meta property=\"og:image:width\" content=\"1200\" \/>\n\t<meta property=\"og:image:height\" content=\"800\" \/>\n\t<meta property=\"og:image:type\" content=\"image\/jpeg\" \/>\n<meta name=\"twitter:card\" content=\"summary_large_image\" \/>\n<meta name=\"twitter:title\" content=\"Spectacular birding and nature observation in hotspots identified by professional local birders\" \/>\n<meta name=\"twitter:description\" content=\"Excursions to Lagoa dos Salgados, Alvor Estuary, Arade River, Lagoa de S. Louren\u00e7o, Ria Formosa Natural Park, Sagres, and Vicentina CoastAbundance of species to observe, depending on the season: migrating passerines, especially warblers and hirundines, various raptors, including Black-winged Kite, Marsh Harrier, and Booted Eagle, gulls, herons, egrets, waders, such as Redshank, Greenshank, and Common Sandpiper, passerines, like Yellow Wagtail and Crested Lark, ducks like Northern Shoveler, and Red-crested Pochard, the endangered Red-Billed Chough and Purple Swamp-hen, the lovely Greater Flamingo, Eurasian Spoonbill, Little Bustard, Great Cormorant, and many nesting White Storks.\" \/>\n<meta name=\"twitter:image\" content=\"https:\/\/i0.wp.com\/becooltravel.com\/wp-content\/uploads\/sites\/5\/2020\/06\/LittleBustard.jpg?fit=1200%2C800&ssl=1\" \/>\n<meta name=\"twitter:site\" content=\"@becool_travel\" \/>\n<meta name=\"twitter:label1\" content=\"Ber\u00e4knad l\u00e4stid\" \/>\n\t<meta name=\"twitter:data1\" content=\"4 minuter\" \/>\n<script type=\"application\/ld+json\" class=\"yoast-schema-graph\">{\"@context\":\"https:\\\/\\\/schema.org\",\"@graph\":[{\"@type\":\"WebPage\",\"@id\":\"https:\\\/\\\/becooltravel.com\\\/product\\\/birding-in-coastal-west-algarve-3400s\\\/\",\"url\":\"https:\\\/\\\/becooltravel.com\\\/product\\\/birding-in-coastal-west-algarve-3400s\\\/\",\"name\":\"Birding Holiday in Coastal West Algarve\",\"isPartOf\":{\"@id\":\"https:\\\/\\\/becooltravel.com\\\/#website\"},\"primaryImageOfPage\":{\"@id\":\"https:\\\/\\\/becooltravel.com\\\/product\\\/birding-in-coastal-west-algarve-3400s\\\/#primaryimage\"},\"image\":{\"@id\":\"https:\\\/\\\/becooltravel.com\\\/product\\\/birding-in-coastal-west-algarve-3400s\\\/#primaryimage\"},\"thumbnailUrl\":\"https:\\\/\\\/i0.wp.com\\\/becooltravel.com\\\/wp-content\\\/uploads\\\/sites\\\/5\\\/2020\\\/06\\\/LittleBustard.jpg?fit=1200%2C800&ssl=1\",\"datePublished\":\"2020-06-15T10:06:10+00:00\",\"dateModified\":\"2026-03-18T12:25:23+00:00\",\"description\":\"An enjoyable Birdwatching Tour, no matter your level of birding ability and expertise. Focus on the Ria Formosa Park and in the Castro Marim Nature Reserve.\",\"breadcrumb\":{\"@id\":\"https:\\\/\\\/becooltravel.com\\\/product\\\/birding-in-coastal-west-algarve-3400s\\\/#breadcrumb\"},\"inLanguage\":\"sv-SE\",\"potentialAction\":[{\"@type\":\"ReadAction\",\"target\":[\"https:\\\/\\\/becooltravel.com\\\/product\\\/birding-in-coastal-west-algarve-3400s\\\/\"]}]},{\"@type\":\"ImageObject\",\"inLanguage\":\"sv-SE\",\"@id\":\"https:\\\/\\\/becooltravel.com\\\/product\\\/birding-in-coastal-west-algarve-3400s\\\/#primaryimage\",\"url\":\"https:\\\/\\\/i0.wp.com\\\/becooltravel.com\\\/wp-content\\\/uploads\\\/sites\\\/5\\\/2020\\\/06\\\/LittleBustard.jpg?fit=1200%2C800&ssl=1\",\"contentUrl\":\"https:\\\/\\\/i0.wp.com\\\/becooltravel.com\\\/wp-content\\\/uploads\\\/sites\\\/5\\\/2020\\\/06\\\/LittleBustard.jpg?fit=1200%2C800&ssl=1\",\"width\":1200,\"height\":800,\"caption\":\"Little Bustard, photo Peter Dedicoat\"},{\"@type\":\"BreadcrumbList\",\"@id\":\"https:\\\/\\\/becooltravel.com\\\/product\\\/birding-in-coastal-west-algarve-3400s\\\/#breadcrumb\",\"itemListElement\":[{\"@type\":\"ListItem\",\"position\":1,\"name\":\"Home\",\"item\":\"https:\\\/\\\/becooltravel.com\\\/\"},{\"@type\":\"ListItem\",\"position\":2,\"name\":\"Shop\",\"item\":\"https:\\\/\\\/becooltravel.com\\\/?page_id=5\"},{\"@type\":\"ListItem\",\"position\":3,\"name\":\"Algarve holidays . You can use\u00a0footpaths and walking\u00a0 trails\u00a0to get to know the region, such as the\u00a0Algarve Way\u00a0or the\u00a0Vicentine Route along one of the best preserved coastal stretches.\",\"item\":\"https:\\\/\\\/becooltravel.com\\\/product-tag\\\/algarve\\\/\"},{\"@type\":\"ListItem\",\"position\":4,\"name\":\"Birdwatching and Wildlife Tour in the Ria Formosa is a Self-Guided Tour with Car designed by keen local birders. Rightly famed for its golden beaches, golf courses, and wonderful year-round climate, the Algarve is also a secret destination for great birding. At almost any time of the year, there is something of interest to see!\"}]},{\"@type\":\"WebSite\",\"@id\":\"https:\\\/\\\/becooltravel.com\\\/#website\",\"url\":\"https:\\\/\\\/becooltravel.com\\\/\",\"name\":\"BeCool Travel\",\"description\":\"Sustainable holidays in Portugal for independent travelers\",\"publisher\":{\"@id\":\"https:\\\/\\\/becooltravel.com\\\/#organization\"},\"potentialAction\":[{\"@type\":\"SearchAction\",\"target\":{\"@type\":\"EntryPoint\",\"urlTemplate\":\"https:\\\/\\\/becooltravel.com\\\/?s={search_term_string}\"},\"query-input\":{\"@type\":\"PropertyValueSpecification\",\"valueRequired\":true,\"valueName\":\"search_term_string\"}}],\"inLanguage\":\"sv-SE\"},{\"@type\":\"Organization\",\"@id\":\"https:\\\/\\\/becooltravel.com\\\/#organization\",\"name\":\"BecoolTravel. com- Portugal\",\"url\":\"https:\\\/\\\/becooltravel.com\\\/\",\"logo\":{\"@type\":\"ImageObject\",\"inLanguage\":\"sv-SE\",\"@id\":\"https:\\\/\\\/becooltravel.com\\\/#\\\/schema\\\/logo\\\/image\\\/\",\"url\":\"https:\\\/\\\/becooltravel.com\\\/wp-content\\\/uploads\\\/sites\\\/5\\\/2020\\\/03\\\/Logo_BeCool.jpg\",\"contentUrl\":\"https:\\\/\\\/becooltravel.com\\\/wp-content\\\/uploads\\\/sites\\\/5\\\/2020\\\/03\\\/Logo_BeCool.jpg\",\"width\":534,\"height\":534,\"caption\":\"BecoolTravel. com- Portugal\"},\"image\":{\"@id\":\"https:\\\/\\\/becooltravel.com\\\/#\\\/schema\\\/logo\\\/image\\\/\"},\"sameAs\":[\"https:\\\/\\\/www.facebook.com\\\/becooltravelagency\\\/\",\"https:\\\/\\\/x.com\\\/becool_travel\",\"https:\\\/\\\/www.instagram.com\\\/becooltravel_com\\\/\",\"https:\\\/\\\/www.linkedin.com\\\/company\\\/becool-travel\\\/\",\"https:\\\/\\\/www.youtube.com\\\/channel\\\/UCE7zRU3EVG1PgfXwQo-5uJw\"]}]}<\/script>\n<!-- \/ Yoast SEO Premium plugin. -->","yoast_head_json":{"title":"F\u00e5gelsk\u00e5dning i kustv\u00e4stra Algarve","description":"En trevlig f\u00e5gelsk\u00e5dningstur, oavsett din niv\u00e5 av f\u00e5gelsk\u00e5dningsf\u00f6rm\u00e5ga och expertis. Fokusera p\u00e5 Ria Formosa Park och i naturreservatet Castro Marim.","robots":{"index":"index","follow":"follow","max-snippet":"max-snippet:-1","max-image-preview":"max-image-preview:large","max-video-preview":"max-video-preview:-1"},"canonical":"https:\/\/becooltravel.com\/sv\/produkt\/fagelskadning-i-kust-vast-algarve-3400-talet\/","og_locale":"sv_SE","og_type":"article","og_title":"Personalized self-drive birding tour, a collection of itineraries to birding hotspots, aiming at helping you to get the best birding opportunities!","og_description":"Although famous for being a beach resort with a wonderful year-round climate, the Algarve is also a refuge and a haven for birdlife.The West Algarve has very diverse habitats \u2013 from cliffs to coastal wetlands and from small forest patches to scrub-covered hills. At almost any time of the year, there is something of interest to see!","og_url":"https:\/\/becooltravel.com\/sv\/produkt\/fagelskadning-i-kust-vast-algarve-3400-talet\/","og_site_name":"BeCool Travel","article_publisher":"https:\/\/www.facebook.com\/becooltravelagency\/","article_modified_time":"2026-03-18T12:25:23+00:00","og_image":[{"width":1200,"height":800,"url":"https:\/\/becooltravel.com\/wp-content\/uploads\/sites\/5\/2020\/06\/LittleBustard.jpg","type":"image\/jpeg"}],"twitter_card":"summary_large_image","twitter_title":"Spectacular birding and nature observation in hotspots identified by professional local birders","twitter_description":"Excursions to Lagoa dos Salgados, Alvor Estuary, Arade River, Lagoa de S. Louren\u00e7o, Ria Formosa Natural Park, Sagres, and Vicentina CoastAbundance of species to observe, depending on the season: migrating passerines, especially warblers and hirundines, various raptors, including Black-winged Kite, Marsh Harrier, and Booted Eagle, gulls, herons, egrets, waders, such as Redshank, Greenshank, and Common Sandpiper, passerines, like Yellow Wagtail and Crested Lark, ducks like Northern Shoveler, and Red-crested Pochard, the endangered Red-Billed Chough and Purple Swamp-hen, the lovely Greater Flamingo, Eurasian Spoonbill, Little Bustard, Great Cormorant, and many nesting White Storks.","twitter_image":"https:\/\/i0.wp.com\/becooltravel.com\/wp-content\/uploads\/sites\/5\/2020\/06\/LittleBustard.jpg?fit=1200%2C800&ssl=1","twitter_site":"@becool_travel","twitter_misc":{"Ber\u00e4knad l\u00e4stid":"4 minuter"},"schema":{"@context":"https:\/\/schema.org","@graph":[{"@type":"WebPage","@id":"https:\/\/becooltravel.com\/product\/birding-in-coastal-west-algarve-3400s\/","url":"https:\/\/becooltravel.com\/product\/birding-in-coastal-west-algarve-3400s\/","name":"F\u00e5gelsk\u00e5dning i kustv\u00e4stra Algarve","isPartOf":{"@id":"https:\/\/becooltravel.com\/#website"},"primaryImageOfPage":{"@id":"https:\/\/becooltravel.com\/product\/birding-in-coastal-west-algarve-3400s\/#primaryimage"},"image":{"@id":"https:\/\/becooltravel.com\/product\/birding-in-coastal-west-algarve-3400s\/#primaryimage"},"thumbnailUrl":"https:\/\/i0.wp.com\/becooltravel.com\/wp-content\/uploads\/sites\/5\/2020\/06\/LittleBustard.jpg?fit=1200%2C800&ssl=1","datePublished":"2020-06-15T10:06:10+00:00","dateModified":"2026-03-18T12:25:23+00:00","description":"En trevlig f\u00e5gelsk\u00e5dningstur, oavsett din niv\u00e5 av f\u00e5gelsk\u00e5dningsf\u00f6rm\u00e5ga och expertis. Fokusera p\u00e5 Ria Formosa Park och i naturreservatet Castro Marim.","breadcrumb":{"@id":"https:\/\/becooltravel.com\/product\/birding-in-coastal-west-algarve-3400s\/#breadcrumb"},"inLanguage":"sv-SE","potentialAction":[{"@type":"ReadAction","target":["https:\/\/becooltravel.com\/product\/birding-in-coastal-west-algarve-3400s\/"]}]},{"@type":"ImageObject","inLanguage":"sv-SE","@id":"https:\/\/becooltravel.com\/product\/birding-in-coastal-west-algarve-3400s\/#primaryimage","url":"https:\/\/i0.wp.com\/becooltravel.com\/wp-content\/uploads\/sites\/5\/2020\/06\/LittleBustard.jpg?fit=1200%2C800&ssl=1","contentUrl":"https:\/\/i0.wp.com\/becooltravel.com\/wp-content\/uploads\/sites\/5\/2020\/06\/LittleBustard.jpg?fit=1200%2C800&ssl=1","width":1200,"height":800,"caption":"Little Bustard, photo Peter Dedicoat"},{"@type":"BreadcrumbList","@id":"https:\/\/becooltravel.com\/product\/birding-in-coastal-west-algarve-3400s\/#breadcrumb","itemListElement":[{"@type":"ListItem","position":1,"name":"Home","item":"https:\/\/becooltravel.com\/"},{"@type":"ListItem","position":2,"name":"Shop","item":"https:\/\/becooltravel.com\/?page_id=5"},{"@type":"ListItem","position":3,"name":"Algarve holidays . You can use\u00a0footpaths and walking\u00a0 trails\u00a0to get to know the region, such as the\u00a0Algarve Way\u00a0or the\u00a0Vicentine Route along one of the best preserved coastal stretches.","item":"https:\/\/becooltravel.com\/product-tag\/algarve\/"},{"@type":"ListItem","position":4,"name":"Birdwatching and Wildlife Tour in the Ria Formosa is a Self-Guided Tour with Car designed by keen local birders. Rightly famed for its golden beaches, golf courses, and wonderful year-round climate, the Algarve is also a secret destination for great birding. At almost any time of the year, there is something of interest to see!"}]},{"@type":"WebSite","@id":"https:\/\/becooltravel.com\/#website","url":"https:\/\/becooltravel.com\/","name":"BeCool Travel","description":"H\u00e5llbar semester i Portugal f\u00f6r oberoende resen\u00e4rer","publisher":{"@id":"https:\/\/becooltravel.com\/#organization"},"potentialAction":[{"@type":"SearchAction","target":{"@type":"EntryPoint","urlTemplate":"https:\/\/becooltravel.com\/?s={search_term_string}"},"query-input":{"@type":"PropertyValueSpecification","valueRequired":true,"valueName":"search_term_string"}}],"inLanguage":"sv-SE"},{"@type":"Organization","@id":"https:\/\/becooltravel.com\/#organization","name":"BecoolTravel. com- Portugal","url":"https:\/\/becooltravel.com\/","logo":{"@type":"ImageObject","inLanguage":"sv-SE","@id":"https:\/\/becooltravel.com\/#\/schema\/logo\/image\/","url":"https:\/\/becooltravel.com\/wp-content\/uploads\/sites\/5\/2020\/03\/Logo_BeCool.jpg","contentUrl":"https:\/\/becooltravel.com\/wp-content\/uploads\/sites\/5\/2020\/03\/Logo_BeCool.jpg","width":534,"height":534,"caption":"BecoolTravel. com- Portugal"},"image":{"@id":"https:\/\/becooltravel.com\/#\/schema\/logo\/image\/"},"sameAs":["https:\/\/www.facebook.com\/becooltravelagency\/","https:\/\/x.com\/becool_travel","https:\/\/www.instagram.com\/becooltravel_com\/","https:\/\/www.linkedin.com\/company\/becool-travel\/","https:\/\/www.youtube.com\/channel\/UCE7zRU3EVG1PgfXwQo-5uJw"]}]}},"jetpack_sharing_enabled":true,"_links":{"self":[{"href":"https:\/\/becooltravel.com\/sv\/wp-json\/wp\/v2\/product\/5178","targetHints":{"allow":["GET"]}}],"collection":[{"href":"https:\/\/becooltravel.com\/sv\/wp-json\/wp\/v2\/product"}],"about":[{"href":"https:\/\/becooltravel.com\/sv\/wp-json\/wp\/v2\/types\/product"}],"replies":[{"embeddable":true,"href":"https:\/\/becooltravel.com\/sv\/wp-json\/wp\/v2\/comments?post=5178"}],"wp:featuredmedia":[{"embeddable":true,"href":"https:\/\/becooltravel.com\/sv\/wp-json\/wp\/v2\/media\/5172"}],"wp:attachment":[{"href":"https:\/\/becooltravel.com\/sv\/wp-json\/wp\/v2\/media?parent=5178"}],"wp:term":[{"taxonomy":"product_brand","embeddable":true,"href":"https:\/\/becooltravel.com\/sv\/wp-json\/wp\/v2\/product_brand?post=5178"},{"taxonomy":"product_cat","embeddable":true,"href":"https:\/\/becooltravel.com\/sv\/wp-json\/wp\/v2\/product_cat?post=5178"},{"taxonomy":"product_tag","embeddable":true,"href":"https:\/\/becooltravel.com\/sv\/wp-json\/wp\/v2\/product_tag?post=5178"}],"curies":[{"name":"wp","href":"https:\/\/api.w.org\/{rel}","templated":true}]}}