{"id":5297,"date":"2020-06-19T08:57:07","date_gmt":"2020-06-19T08:57:07","guid":{"rendered":"https:\/\/becooltravel.com\/?post_type=product&#038;p=5297"},"modified":"2022-12-20T14:09:24","modified_gmt":"2022-12-20T14:09:24","slug":"walk-around-in-central-portugal-7200st","status":"publish","type":"product","link":"https:\/\/becooltravel.com\/sv\/produkt\/ga-runt-i-centrala-portugal-7200st\/","title":{"rendered":"G\u00e5 runt centrala Portugal Independent Rail Holiday"},"content":{"rendered":"<p>Denna sj\u00e4lvguidade vandringstur i <a href=\"..\/..\/product-tag\/central-portugal\/\">Centrala Portugal<\/a> \u00e4r ocks\u00e5 en oberoende <a href=\"https:\/\/becooltravel.com\/product\/north-of-portugal-8100g\/\">t\u00e5glov<\/a>!<\/p>\n<p>Du vandrar genom underbara landskap n\u00e4ra den antika staden Coimbra, uppe p\u00e5 en kulle med utsikt \u00f6ver floden Mondego.<\/p>\n<p>Fr\u00e5n Aveiro, k\u00e4nd f\u00f6r sina ljust m\u00e5lade typiska b\u00e5tar, vandrar du till ot\u00e4mnda atlantiska str\u00e4nder och till den st\u00f6rsta lagunen p\u00e5 den iberiska halv\u00f6n.<\/p>\n<div id=\"attachment_2575\" style=\"width: 1034px\" class=\"wp-caption alignnone\"><img data-recalc-dims=\"1\" decoding=\"async\" aria-describedby=\"caption-attachment-2575\" class=\"wp-image-2575 size-large\" title=\"Traditionella moliceirob\u00e5tar i Aveiro\" src=\"https:\/\/i0.wp.com\/legendatours.net\/wp-content\/uploads\/2020\/06\/aveiro_moliceiros-1024x683.jpeg?resize=1024%2C683&#038;ssl=1\" alt=\"Traditionella moliceirob\u00e5tar i Aveiro\" width=\"1024\" height=\"683\" \/><p id=\"caption-attachment-2575\" class=\"wp-caption-text\">Traditionella moliceirob\u00e5tar i Aveiro. En moliceirob\u00e5t \u00e4r ett traditionellt fartyg som finns vid floden Aveiro, liknar en venetiansk gondol.<\/p><\/div>\n<p>Du kommer att ha inte bara en underbar vandringssemester utan ocks\u00e5 en minnesvarig kulturupplevelse!<\/p>\n<p>Coimbra \u00e4r hem f\u00f6r <a href=\"https:\/\/becooltravel.com\/rambling-holidays\/\">Portugal<\/a>\u00e4ldsta och mest prestigefyllda universitet. Staden reser sig natursk\u00f6nt fr\u00e5n Mondego, genomsyrad av historia, med romantiska kullerstensgr\u00e4nder och en monumental katedral.<\/p>\n<p>I n\u00e4rheten kommer en promenad till Bussaco National Forest att avsl\u00f6ja magnifik utsikt, ett sagoslott och ett gammalt kloster. H\u00e4r ligger Portugals finaste samling av nationella och importerade tr\u00e4d.<\/p>\n<p>Du n\u00e5r den h\u00f6gsta punkten, Cruz Alta, d\u00e4r utsikten n\u00e5r s\u00e5 l\u00e5ngt \u00f6gonen kan se.<\/p>\n<p>Efter floden Mondego n\u00e5r du Montemor \u2013 o-Velho, en medeltida stad som v\u00e4xer bland o\u00e4ndliga risf\u00e4lt med lugna stigar och stigar.<\/p>\n<div id=\"attachment_2576\" style=\"width: 1034px\" class=\"wp-caption alignnone\"><img data-recalc-dims=\"1\" decoding=\"async\" aria-describedby=\"caption-attachment-2576\" class=\"wp-image-2576 size-large\" title=\"Aveiro t\u00e5gstation\" src=\"https:\/\/i0.wp.com\/legendatours.net\/wp-content\/uploads\/2020\/06\/aveiro_train_station-1024x707.jpg?resize=1024%2C707&#038;ssl=1\" alt=\"Aveiro t\u00e5gstation\" width=\"1024\" height=\"707\" \/><p id=\"caption-attachment-2576\" class=\"wp-caption-text\">Aveiro t\u00e5gstation. Aveiro j\u00e4rnv\u00e4gsstation \u00e4r utsmyckad med m\u00e5nga &quot;azulejos&quot; paneler fr\u00e5n Factory F\u00e1brica da Fonte Nova.<\/p><\/div>\n<p>Du tar sedan t\u00e5get till Aveiro och slutar i en vacker kakelbelagd station. Staden \u00e4r ganska charmig med laguner, art deco-byggnader och de attraktiva traditionella b\u00e5tarna som ursprungligen anv\u00e4ndes f\u00f6r transport av t\u00e5ng.<\/p>\n<p>Du f\u00e5r tid att utforska staden eftersom vi anv\u00e4nder den som bas f\u00f6r att n\u00e5 regionens naturreservat och str\u00e4nder.<\/p>\n<p>En strandpromenad mot Esmoriz leder dig till Paramos-lagunen, en brakvattendamm bland sanddynerna.<\/p>\n<p>Din vandringsvecka slutar i sk\u00f6nhet vid den fantastiska Pateira de Fermentelos, den st\u00f6rsta naturliga lagunen p\u00e5 den iberiska halv\u00f6n.<\/p>\n<p>Den gl\u00e4nsande spegeldammen \u00e4r rik p\u00e5 djurliv och \u00e4r en fristad f\u00f6r dem som l\u00e4ngtar efter fred.<\/p>\n<div id=\"attachment_2585\" style=\"width: 1034px\" class=\"wp-caption alignnone\"><img data-recalc-dims=\"1\" decoding=\"async\" aria-describedby=\"caption-attachment-2585\" class=\"wp-image-2585 size-large\" title=\"Paramos lagun bordwalk\" src=\"https:\/\/i0.wp.com\/legendatours.net\/wp-content\/uploads\/2020\/06\/paramos_boardwalk-1024x768.jpg?resize=1024%2C768&#038;ssl=1\" alt=\"Paramos lagun bordwalk\" width=\"1024\" height=\"768\" \/><p id=\"caption-attachment-2585\" class=\"wp-caption-text\">Paramos lagun strandpromenad. En del av milj\u00f6skyddsomr\u00e5det i Paramos Lagoon<\/p><\/div>\n<p>H\u00e4rifr\u00e5n f\u00f6ljer du floden l\u00e4ngs landsbygden mot \u00c1gueda, k\u00e4nd f\u00f6r att ha en av de vackraste gatorna i v\u00e4rlden.<\/p>\n<p>Detta \u00e4r en privilegierad region n\u00e4r det kommer till naturliga attraktioner och underbara <a href=\"..\/..\/product-tag\/historic\/\">historiska st\u00e4der och byar<\/a>, och du kommer att k\u00e4nna dig v\u00e4lkommen av de o\u00e4ndligt fina m\u00e4nniskorna.<\/p>\n<p>Maten \u00e4r fantastisk, fr\u00e5n de jordn\u00e4ra r\u00e4tterna i inlandet till de f\u00e4rska och ganska prisv\u00e4rda skaldjuren i kustomr\u00e5dena. Missa inte de regionala s\u00f6ta specialiteterna, med en h\u00f6jdpunkt f\u00f6r ovos mullvadar, en konventionell s\u00f6tsak.<\/p>\n<p><iframe title=\"I STEMMET F\u00d6R COIMBRA: DEL 1 | Historisk universitetsstad, en av de \u00e4ldsta i Europa | Portugal\" width=\"1080\" height=\"608\" src=\"https:\/\/www.youtube.com\/embed\/RbJja-xcFM0?feature=oembed\" frameborder=\"0\" allow=\"accelerometer; autoplay; clipboard-write; encrypted-media; gyroscope; picture-in-picture\" allowfullscreen><\/iframe><\/p>\n<div class=\"row\" style=\"display: flex;\">\n<div class=\"column\" style=\"flex: 45%;\">\n<p><iframe title=\"LOVE Portugal - \u00c5teruppt\u00e4cka (smyga)\" width=\"1080\" height=\"608\" src=\"https:\/\/www.youtube.com\/embed\/jW13PcSk6DU?feature=oembed\" frameborder=\"0\" allow=\"accelerometer; autoplay; clipboard-write; encrypted-media; gyroscope; picture-in-picture\" allowfullscreen><\/iframe><\/p>\n<\/div>\n<div class=\"column\" style=\"flex: 10%;\"><\/div>\n<div class=\"column\" style=\"flex: 45%;\">\n<p><iframe title=\"Portugisiska sp\u00e5r\" width=\"1080\" height=\"608\" src=\"https:\/\/www.youtube.com\/embed\/pPsnchCKXGc?feature=oembed\" frameborder=\"0\" allow=\"accelerometer; autoplay; clipboard-write; encrypted-media; gyroscope; picture-in-picture\" allowfullscreen><\/iframe><\/p>\n<\/div>\n<\/div>","protected":false},"excerpt":{"rendered":"<p>Denna sj\u00e4lvstyrda vandring i centrala Portugal \u00e4r ocks\u00e5 en oberoende t\u00e5gsemester!<\/p>\n<p>Du vandrar genom underbara landskap n\u00e4ra den antika staden Coimbra, uppe p\u00e5 en kulle med utsikt \u00f6ver floden Mondego.<\/p>\n<p>Fr\u00e5n Aveiro, k\u00e4nd f\u00f6r sina ljust m\u00e5lade typiska b\u00e5tar, vandrar du till ot\u00e4mnda atlantiska str\u00e4nder och till den st\u00f6rsta lagunen p\u00e5 den iberiska halv\u00f6n.<\/p>\n<p>Du kommer att ha inte bara en underbar vandringssemester utan ocks\u00e5 en minnesvarig kulturupplevelse!<\/p>","protected":false},"featured_media":5277,"comment_status":"closed","ping_status":"closed","template":"","meta":{"_acf_changed":false,"inline_featured_image":false},"product_brand":[],"product_cat":[336,327,948],"product_tag":[935,1053,936,847,848,849,850,937,557,785,938,314,827,1060,1054,853,939,940,941,920,478,133,73,753,930,321,942,806,943,818,921,1123,1010,1215,945,279,1055,1048,322,720,934,323,728,609,1056,1057,924,925,926,778,857,946,1058,1059,59,545,88,308,811,793],"class_list":{"0":"post-5297","1":"product","2":"type-product","3":"status-publish","4":"has-post-thumbnail","6":"product_cat-self-guided-sightseeing-holidays-in-portugal","7":"product_cat-self-guided-tours-portugal","8":"product_cat-self-guided-train-holidays-portugal","9":"product_tag-agueda","10":"product_tag-alleine-reisen","11":"product_tag-aveiro","12":"product_tag-bucaco-hills","13":"product_tag-bussaco","14":"product_tag-central-portugal","15":"product_tag-coimbra","16":"product_tag-conventual-sweets","17":"product_tag-crafted-self-guided-tour","18":"product_tag-delicious-food","19":"product_tag-farmland","20":"product_tag-hiking","21":"product_tag-historic-centre","22":"product_tag-individual-hiking","23":"product_tag-individuelle-touren","24":"product_tag-luso","25":"product_tag-moliceiros","26":"product_tag-mondego","27":"product_tag-montemor-o-velho","28":"product_tag-monument","29":"product_tag-natural-park","30":"product_tag-natural-reserves","31":"product_tag-natural-scenery","32":"product_tag-nature-hikes","33":"product_tag-nature-trails","34":"product_tag-nature-walks","35":"product_tag-pateira-de-fermentelos","36":"product_tag-paths","37":"product_tag-plainfields","38":"product_tag-protected-area","39":"product_tag-rail-holidays","40":"product_tag-rail-routes-in-portugal","41":"product_tag-railroad","42":"product_tag-rio-mondego","43":"product_tag-river","44":"product_tag-river-mondego","45":"product_tag-sejour-en-liberte","46":"product_tag-self-guide-tour","47":"product_tag-self-guided","48":"product_tag-self-guided-holidays","49":"product_tag-self-guided-train","50":"product_tag-self-guided-walking-holiday","51":"product_tag-self-guided-walking-tour","52":"product_tag-sightseeing","53":"product_tag-solo-reisen","54":"product_tag-tours-autoguidees","55":"product_tag-train","56":"product_tag-train-holidays","57":"product_tag-train-tour","58":"product_tag-travel-train-tour-in-portugal","59":"product_tag-university","60":"product_tag-venice","61":"product_tag-voyage-en-liberte","62":"product_tag-voyages-en-autonomie","63":"product_tag-walking","64":"product_tag-walking-holiday","65":"product_tag-walking-tour","66":"product_tag-walking-trails","67":"product_tag-walks","68":"product_tag-wines","70":"first","71":"instock","72":"virtual","73":"sold-individually","74":"product-type-booking"},"acf":[],"yoast_head":"<!-- This site is optimized with the Yoast SEO Premium plugin v26.8 (Yoast SEO v27.6) - https:\/\/yoast.com\/product\/yoast-seo-premium-wordpress\/ -->\n<title>Walk Around Central Portugal Independent Rail Holiday<\/title>\n<meta name=\"description\" content=\"Self-guided Rail and walking Holiday in Central Portugal is an independent rail and walking holiday! Ramble through gorgeous landscapes in Portugal.\" \/>\n<meta name=\"robots\" content=\"index, follow, max-snippet:-1, max-image-preview:large, max-video-preview:-1\" \/>\n<link rel=\"canonical\" href=\"https:\/\/becooltravel.com\/sv\/produkt\/ga-runt-i-centrala-portugal-7200st\/\" \/>\n<meta property=\"og:locale\" content=\"sv_SE\" \/>\n<meta property=\"og:type\" content=\"article\" \/>\n<meta property=\"og:title\" content=\"Train and Walk Around In Central Portugal Independent Rail and walking Holiday\" \/>\n<meta property=\"og:description\" content=\"Self-guided walking and train holidays in Central Portugal is an independent rail and walking holiday! Ramble through gorgeous landscapes near Coimbra.\" \/>\n<meta property=\"og:url\" content=\"https:\/\/becooltravel.com\/sv\/produkt\/ga-runt-i-centrala-portugal-7200st\/\" \/>\n<meta property=\"og:site_name\" content=\"BeCool Travel\" \/>\n<meta property=\"article:publisher\" content=\"https:\/\/www.facebook.com\/becooltravelagency\/\" \/>\n<meta property=\"article:modified_time\" content=\"2022-12-20T14:09:24+00:00\" \/>\n<meta property=\"og:image\" content=\"https:\/\/i0.wp.com\/becooltravel.com\/wp-content\/uploads\/sites\/5\/2020\/06\/pateira_fermentelos_lagoon.jpg?fit=1165%2C800&ssl=1\" \/>\n\t<meta property=\"og:image:width\" content=\"1165\" \/>\n\t<meta property=\"og:image:height\" content=\"800\" \/>\n\t<meta property=\"og:image:type\" content=\"image\/jpeg\" \/>\n<meta name=\"twitter:card\" content=\"summary_large_image\" \/>\n<meta name=\"twitter:title\" content=\"Train and Walk Around In Central Portugal Independent Rail and walking Holiday\" \/>\n<meta name=\"twitter:description\" content=\"Self-guided walking and train holidays in Central Portugal is an independent rail and walking holiday! Ramble through gorgeous landscapes near Coimbra.\" \/>\n<meta name=\"twitter:image\" content=\"https:\/\/i0.wp.com\/becooltravel.com\/wp-content\/uploads\/sites\/5\/2020\/06\/pateira_fermentelos_lagoon.jpg?fit=1165%2C800&ssl=1\" \/>\n<meta name=\"twitter:site\" content=\"@becool_travel\" \/>\n<meta name=\"twitter:label1\" content=\"Ber\u00e4knad l\u00e4stid\" \/>\n\t<meta name=\"twitter:data1\" content=\"3 minuter\" \/>\n<script type=\"application\/ld+json\" class=\"yoast-schema-graph\">{\"@context\":\"https:\\\/\\\/schema.org\",\"@graph\":[{\"@type\":[\"WebPage\",\"ItemPage\"],\"@id\":\"https:\\\/\\\/becooltravel.com\\\/product\\\/walk-around-in-central-portugal-7200st\\\/\",\"url\":\"https:\\\/\\\/becooltravel.com\\\/product\\\/walk-around-in-central-portugal-7200st\\\/\",\"name\":\"Walk Around Central Portugal Independent Rail Holiday\",\"isPartOf\":{\"@id\":\"https:\\\/\\\/becooltravel.com\\\/#website\"},\"primaryImageOfPage\":{\"@id\":\"https:\\\/\\\/becooltravel.com\\\/product\\\/walk-around-in-central-portugal-7200st\\\/#primaryimage\"},\"image\":{\"@id\":\"https:\\\/\\\/becooltravel.com\\\/product\\\/walk-around-in-central-portugal-7200st\\\/#primaryimage\"},\"thumbnailUrl\":\"https:\\\/\\\/i0.wp.com\\\/becooltravel.com\\\/wp-content\\\/uploads\\\/sites\\\/5\\\/2020\\\/06\\\/pateira_fermentelos_lagoon.jpg?fit=1165%2C800&ssl=1\",\"datePublished\":\"2020-06-19T08:57:07+00:00\",\"dateModified\":\"2022-12-20T14:09:24+00:00\",\"description\":\"Self-guided Rail and walking Holiday in Central Portugal is an independent rail and walking holiday! Ramble through gorgeous landscapes in Portugal.\",\"breadcrumb\":{\"@id\":\"https:\\\/\\\/becooltravel.com\\\/product\\\/walk-around-in-central-portugal-7200st\\\/#breadcrumb\"},\"inLanguage\":\"sv-SE\",\"potentialAction\":[{\"@type\":\"ReadAction\",\"target\":[\"https:\\\/\\\/becooltravel.com\\\/product\\\/walk-around-in-central-portugal-7200st\\\/\"]}]},{\"@type\":\"ImageObject\",\"inLanguage\":\"sv-SE\",\"@id\":\"https:\\\/\\\/becooltravel.com\\\/product\\\/walk-around-in-central-portugal-7200st\\\/#primaryimage\",\"url\":\"https:\\\/\\\/i0.wp.com\\\/becooltravel.com\\\/wp-content\\\/uploads\\\/sites\\\/5\\\/2020\\\/06\\\/pateira_fermentelos_lagoon.jpg?fit=1165%2C800&ssl=1\",\"contentUrl\":\"https:\\\/\\\/i0.wp.com\\\/becooltravel.com\\\/wp-content\\\/uploads\\\/sites\\\/5\\\/2020\\\/06\\\/pateira_fermentelos_lagoon.jpg?fit=1165%2C800&ssl=1\",\"width\":1165,\"height\":800,\"caption\":\"Pateira de Fermentelos, largest lagoon in Europe\"},{\"@type\":\"BreadcrumbList\",\"@id\":\"https:\\\/\\\/becooltravel.com\\\/product\\\/walk-around-in-central-portugal-7200st\\\/#breadcrumb\",\"itemListElement\":[{\"@type\":\"ListItem\",\"position\":1,\"name\":\"Home\",\"item\":\"https:\\\/\\\/becooltravel.com\\\/\"},{\"@type\":\"ListItem\",\"position\":2,\"name\":\"Shop\",\"item\":\"https:\\\/\\\/becooltravel.com\\\/?page_id=5\"},{\"@type\":\"ListItem\",\"position\":3,\"name\":\"\u00e1gueda\",\"item\":\"https:\\\/\\\/becooltravel.com\\\/product-tag\\\/agueda\\\/\"},{\"@type\":\"ListItem\",\"position\":4,\"name\":\"Train and Walk Around In Central Portugal Independent Rail and walking Holiday\"}]},{\"@type\":\"WebSite\",\"@id\":\"https:\\\/\\\/becooltravel.com\\\/#website\",\"url\":\"https:\\\/\\\/becooltravel.com\\\/\",\"name\":\"BeCool Travel\",\"description\":\"Sustainable holidays in Portugal for independent travelers\",\"publisher\":{\"@id\":\"https:\\\/\\\/becooltravel.com\\\/#organization\"},\"potentialAction\":[{\"@type\":\"SearchAction\",\"target\":{\"@type\":\"EntryPoint\",\"urlTemplate\":\"https:\\\/\\\/becooltravel.com\\\/?s={search_term_string}\"},\"query-input\":{\"@type\":\"PropertyValueSpecification\",\"valueRequired\":true,\"valueName\":\"search_term_string\"}}],\"inLanguage\":\"sv-SE\"},{\"@type\":\"Organization\",\"@id\":\"https:\\\/\\\/becooltravel.com\\\/#organization\",\"name\":\"BecoolTravel. com- Portugal\",\"url\":\"https:\\\/\\\/becooltravel.com\\\/\",\"logo\":{\"@type\":\"ImageObject\",\"inLanguage\":\"sv-SE\",\"@id\":\"https:\\\/\\\/becooltravel.com\\\/#\\\/schema\\\/logo\\\/image\\\/\",\"url\":\"https:\\\/\\\/becooltravel.com\\\/wp-content\\\/uploads\\\/sites\\\/5\\\/2020\\\/03\\\/Logo_BeCool.jpg\",\"contentUrl\":\"https:\\\/\\\/becooltravel.com\\\/wp-content\\\/uploads\\\/sites\\\/5\\\/2020\\\/03\\\/Logo_BeCool.jpg\",\"width\":534,\"height\":534,\"caption\":\"BecoolTravel. com- Portugal\"},\"image\":{\"@id\":\"https:\\\/\\\/becooltravel.com\\\/#\\\/schema\\\/logo\\\/image\\\/\"},\"sameAs\":[\"https:\\\/\\\/www.facebook.com\\\/becooltravelagency\\\/\",\"https:\\\/\\\/x.com\\\/becool_travel\",\"https:\\\/\\\/www.instagram.com\\\/becooltravel_com\\\/\",\"https:\\\/\\\/www.linkedin.com\\\/company\\\/becool-travel\\\/\",\"https:\\\/\\\/www.youtube.com\\\/channel\\\/UCE7zRU3EVG1PgfXwQo-5uJw\"]}]}<\/script>\n<!-- \/ Yoast SEO Premium plugin. -->","yoast_head_json":{"title":"G\u00e5 runt centrala Portugal Independent Rail Holiday","description":"Sj\u00e4lvguidad t\u00e5g- och promenadsemester i centrala Portugal \u00e4r en oberoende t\u00e5g- och promenadsemester! Vandra genom vackra landskap i Portugal.","robots":{"index":"index","follow":"follow","max-snippet":"max-snippet:-1","max-image-preview":"max-image-preview:large","max-video-preview":"max-video-preview:-1"},"canonical":"https:\/\/becooltravel.com\/sv\/produkt\/ga-runt-i-centrala-portugal-7200st\/","og_locale":"sv_SE","og_type":"article","og_title":"Train and Walk Around In Central Portugal Independent Rail and walking Holiday","og_description":"Self-guided walking and train holidays in Central Portugal is an independent rail and walking holiday! Ramble through gorgeous landscapes near Coimbra.","og_url":"https:\/\/becooltravel.com\/sv\/produkt\/ga-runt-i-centrala-portugal-7200st\/","og_site_name":"BeCool Travel","article_publisher":"https:\/\/www.facebook.com\/becooltravelagency\/","article_modified_time":"2022-12-20T14:09:24+00:00","og_image":[{"width":1165,"height":800,"url":"https:\/\/i0.wp.com\/becooltravel.com\/wp-content\/uploads\/sites\/5\/2020\/06\/pateira_fermentelos_lagoon.jpg?fit=1165%2C800&ssl=1","type":"image\/jpeg"}],"twitter_card":"summary_large_image","twitter_title":"Train and Walk Around In Central Portugal Independent Rail and walking Holiday","twitter_description":"Self-guided walking and train holidays in Central Portugal is an independent rail and walking holiday! Ramble through gorgeous landscapes near Coimbra.","twitter_image":"https:\/\/i0.wp.com\/becooltravel.com\/wp-content\/uploads\/sites\/5\/2020\/06\/pateira_fermentelos_lagoon.jpg?fit=1165%2C800&ssl=1","twitter_site":"@becool_travel","twitter_misc":{"Ber\u00e4knad l\u00e4stid":"3 minuter"},"schema":{"@context":"https:\/\/schema.org","@graph":[{"@type":["WebPage","ItemPage"],"@id":"https:\/\/becooltravel.com\/product\/walk-around-in-central-portugal-7200st\/","url":"https:\/\/becooltravel.com\/product\/walk-around-in-central-portugal-7200st\/","name":"G\u00e5 runt centrala Portugal Independent Rail Holiday","isPartOf":{"@id":"https:\/\/becooltravel.com\/#website"},"primaryImageOfPage":{"@id":"https:\/\/becooltravel.com\/product\/walk-around-in-central-portugal-7200st\/#primaryimage"},"image":{"@id":"https:\/\/becooltravel.com\/product\/walk-around-in-central-portugal-7200st\/#primaryimage"},"thumbnailUrl":"https:\/\/i0.wp.com\/becooltravel.com\/wp-content\/uploads\/sites\/5\/2020\/06\/pateira_fermentelos_lagoon.jpg?fit=1165%2C800&ssl=1","datePublished":"2020-06-19T08:57:07+00:00","dateModified":"2022-12-20T14:09:24+00:00","description":"Sj\u00e4lvguidad t\u00e5g- och promenadsemester i centrala Portugal \u00e4r en oberoende t\u00e5g- och promenadsemester! Vandra genom vackra landskap i Portugal.","breadcrumb":{"@id":"https:\/\/becooltravel.com\/product\/walk-around-in-central-portugal-7200st\/#breadcrumb"},"inLanguage":"sv-SE","potentialAction":[{"@type":"ReadAction","target":["https:\/\/becooltravel.com\/product\/walk-around-in-central-portugal-7200st\/"]}]},{"@type":"ImageObject","inLanguage":"sv-SE","@id":"https:\/\/becooltravel.com\/product\/walk-around-in-central-portugal-7200st\/#primaryimage","url":"https:\/\/i0.wp.com\/becooltravel.com\/wp-content\/uploads\/sites\/5\/2020\/06\/pateira_fermentelos_lagoon.jpg?fit=1165%2C800&ssl=1","contentUrl":"https:\/\/i0.wp.com\/becooltravel.com\/wp-content\/uploads\/sites\/5\/2020\/06\/pateira_fermentelos_lagoon.jpg?fit=1165%2C800&ssl=1","width":1165,"height":800,"caption":"Pateira de Fermentelos, largest lagoon in Europe"},{"@type":"BreadcrumbList","@id":"https:\/\/becooltravel.com\/product\/walk-around-in-central-portugal-7200st\/#breadcrumb","itemListElement":[{"@type":"ListItem","position":1,"name":"Home","item":"https:\/\/becooltravel.com\/"},{"@type":"ListItem","position":2,"name":"Shop","item":"https:\/\/becooltravel.com\/?page_id=5"},{"@type":"ListItem","position":3,"name":"\u00e1gueda","item":"https:\/\/becooltravel.com\/product-tag\/agueda\/"},{"@type":"ListItem","position":4,"name":"Train and Walk Around In Central Portugal Independent Rail and walking Holiday"}]},{"@type":"WebSite","@id":"https:\/\/becooltravel.com\/#website","url":"https:\/\/becooltravel.com\/","name":"BeCool Travel","description":"H\u00e5llbar semester i Portugal f\u00f6r oberoende resen\u00e4rer","publisher":{"@id":"https:\/\/becooltravel.com\/#organization"},"potentialAction":[{"@type":"SearchAction","target":{"@type":"EntryPoint","urlTemplate":"https:\/\/becooltravel.com\/?s={search_term_string}"},"query-input":{"@type":"PropertyValueSpecification","valueRequired":true,"valueName":"search_term_string"}}],"inLanguage":"sv-SE"},{"@type":"Organization","@id":"https:\/\/becooltravel.com\/#organization","name":"BecoolTravel. com- Portugal","url":"https:\/\/becooltravel.com\/","logo":{"@type":"ImageObject","inLanguage":"sv-SE","@id":"https:\/\/becooltravel.com\/#\/schema\/logo\/image\/","url":"https:\/\/becooltravel.com\/wp-content\/uploads\/sites\/5\/2020\/03\/Logo_BeCool.jpg","contentUrl":"https:\/\/becooltravel.com\/wp-content\/uploads\/sites\/5\/2020\/03\/Logo_BeCool.jpg","width":534,"height":534,"caption":"BecoolTravel. com- Portugal"},"image":{"@id":"https:\/\/becooltravel.com\/#\/schema\/logo\/image\/"},"sameAs":["https:\/\/www.facebook.com\/becooltravelagency\/","https:\/\/x.com\/becool_travel","https:\/\/www.instagram.com\/becooltravel_com\/","https:\/\/www.linkedin.com\/company\/becool-travel\/","https:\/\/www.youtube.com\/channel\/UCE7zRU3EVG1PgfXwQo-5uJw"]}]}},"jetpack_sharing_enabled":true,"_links":{"self":[{"href":"https:\/\/becooltravel.com\/sv\/wp-json\/wp\/v2\/product\/5297","targetHints":{"allow":["GET"]}}],"collection":[{"href":"https:\/\/becooltravel.com\/sv\/wp-json\/wp\/v2\/product"}],"about":[{"href":"https:\/\/becooltravel.com\/sv\/wp-json\/wp\/v2\/types\/product"}],"replies":[{"embeddable":true,"href":"https:\/\/becooltravel.com\/sv\/wp-json\/wp\/v2\/comments?post=5297"}],"wp:featuredmedia":[{"embeddable":true,"href":"https:\/\/becooltravel.com\/sv\/wp-json\/wp\/v2\/media\/5277"}],"wp:attachment":[{"href":"https:\/\/becooltravel.com\/sv\/wp-json\/wp\/v2\/media?parent=5297"}],"wp:term":[{"taxonomy":"product_brand","embeddable":true,"href":"https:\/\/becooltravel.com\/sv\/wp-json\/wp\/v2\/product_brand?post=5297"},{"taxonomy":"product_cat","embeddable":true,"href":"https:\/\/becooltravel.com\/sv\/wp-json\/wp\/v2\/product_cat?post=5297"},{"taxonomy":"product_tag","embeddable":true,"href":"https:\/\/becooltravel.com\/sv\/wp-json\/wp\/v2\/product_tag?post=5297"}],"curies":[{"name":"wp","href":"https:\/\/api.w.org\/{rel}","templated":true}]}}