{"id":5383,"date":"2020-06-29T14:11:43","date_gmt":"2020-06-29T14:11:43","guid":{"rendered":"https:\/\/becooltravel.com\/?post_type=product&#038;p=5383"},"modified":"2026-03-18T13:05:29","modified_gmt":"2026-03-18T13:05:29","slug":"relax-in-monte-gordo-8500pk","status":"publish","type":"product","link":"https:\/\/becooltravel.com\/sv\/produkt\/relax-in-monte-gordo-8500pk\/","title":{"rendered":"Koppla av i Monte Gordo"},"content":{"rendered":"<p>Monte Gordo \u00e4r en popul\u00e4r semesterort som ligger p\u00e5 en av de finaste str\u00e4nderna i \u00f6stra Algarve.<\/p>\n<p>Den fantastiska milsl\u00e5nga remsan, med varma och milda turkosa vatten, \u00e4r en av de s\u00e4kraste i Algarve, utan starka str\u00f6mmar och sm\u00e5 v\u00e5gor.<\/p>\n<p>Monte Gordo \u00e4r ett utm\u00e4rkt semesterval f\u00f6r familjer med barn, mogna bes\u00f6kare som letar efter avkopplande dagar och f\u00f6r dem som \u00e4lskar fantastiska strandupplevelser!<\/p>\n<div id=\"attachment_2681\" style=\"width: 693px\" class=\"wp-caption alignnone\"><img data-recalc-dims=\"1\" decoding=\"async\" aria-describedby=\"caption-attachment-2681\" class=\"wp-image-2681 size-large\" title=\"Montegordo strandpromenad\" src=\"https:\/\/i0.wp.com\/legendatours.net\/wp-content\/uploads\/2020\/06\/Monte-Gordo-boardwalk-683x1024.jpg?resize=683%2C1024&#038;ssl=1\" alt=\"Montegordo strandpromenad\" width=\"683\" height=\"1024\" \/><p id=\"caption-attachment-2681\" class=\"wp-caption-text\">Monte Gordo strandpromenaden g\u00e5r l\u00e4ngs stranden av\u00a0<em>Monte Gordo<\/em>\u00a0och \u00e4r l\u00e4ngst\u00a0<em>strandpromenaden<\/em>\u00a0i Algarve.<br \/><span id=\"fld_72\" class=\"oUAcPd\"><\/span><\/p><\/div>\n<p>Den stora strandpromenaden som vetter mot havet \u00e4r kantad av restauranger f\u00f6r alla smaker, barer, artister, gatuf\u00f6rs\u00e4ljare och ett kasino. P\u00e5 natten str\u00f6mmar folk till en kv\u00e4llspromenad, och den familj\u00e4ra atmosf\u00e4ren lockar bes\u00f6kare fr\u00e5n olika nationaliteter och \u00e5ldrar.<\/p>\n<p>Nattlivet \u00e4r fr\u00e4mst avslappnat och socialt, utan den tunga drickskulturen i andra popul\u00e4ra orter i Algarve.<\/p>\n<p>Du kan enkelt tillbringa dina dagar med att slappa p\u00e5 Monte Gordos h\u00e4rliga strand, men om du \u00e4r intresserad av mer finns det mycket att se och g\u00f6ra i \u00f6stra Algarve.<\/p>\n<p>I n\u00e4rheten kan du bes\u00f6ka de historiska st\u00e4derna Tavira, Castro Marim och Vila Real de Santo Ant\u00f3nio.<\/p>\n<p>Fr\u00e5n Tavira kan du ocks\u00e5 njuta av en rolig b\u00e5ttur i Ria Formosa Nature Park, ett system av laguner med f\u00f6rv\u00e5nande naturlig sk\u00f6nhet.<\/p>\n<p>Spanien \u00e4r bara en f\u00e4rjetur bort, p\u00e5 den andra stranden av den vackra Guadiana-floden.<br \/>\nEn semester i denna underbara region, med stranden omgiven av tallskog, \u00e4r ocks\u00e5 en m\u00f6jlighet f\u00f6r sport fritidsaktiviteter, med hj\u00e4lp av plan sp\u00e5r f\u00f6r cykling, promenader eller njuta av de m\u00e5nga aktiviteter p\u00e5 ditt hotell.<\/p>\n<div id=\"attachment_2680\" style=\"width: 1034px\" class=\"wp-caption alignnone\"><img data-recalc-dims=\"1\" decoding=\"async\" aria-describedby=\"caption-attachment-2680\" class=\"wp-image-2680 size-large\" title=\"Montegordo fiskeb\u00e5tar\" src=\"https:\/\/i0.wp.com\/legendatours.net\/wp-content\/uploads\/2020\/06\/montegordo_fishing_boats-1024x683.jpg?resize=1024%2C683&#038;ssl=1\" alt=\"Montegordo fiskeb\u00e5tar\" width=\"1024\" height=\"683\" \/><p id=\"caption-attachment-2680\" class=\"wp-caption-text\">Monte Gordo fiskeb\u00e5tar. Det finns en del av Praia de Monte Gordo d\u00e4r du kan se m\u00e5nga fiskeb\u00e5tar och lokala fiskare som arbetar p\u00e5 sina n\u00e4t<\/p><\/div>\n<p>Monte Gordo \u00e4r kanske inte den mest k\u00e4nda orten, men du kommer att k\u00e4mpa f\u00f6r att hitta en b\u00e4ttre strand \u00e4n denna i V\u00e4steuropa, och du f\u00e5r utm\u00e4rkt v\u00e4rde f\u00f6r pengarna!<\/p>","protected":false},"excerpt":{"rendered":"<p>Monte Gordo \u00e4r en popul\u00e4r semesterort som ligger p\u00e5 en av de finaste str\u00e4nderna i \u00f6stra Algarve.<\/p>\n<p>Den fantastiska milsl\u00e5nga remsan, med varma och milda turkosa vatten, \u00e4r en av de s\u00e4kraste i Algarve, utan starka str\u00f6mmar och sm\u00e5 v\u00e5gor.<\/p>\n<p>Monte Gordo \u00e4r ett utm\u00e4rkt semesterval f\u00f6r familjer med barn, mogna bes\u00f6kare som letar efter avkopplande dagar och f\u00f6r dem som \u00e4lskar fantastiska strandupplevelser!<\/p>","protected":false},"featured_media":5031,"comment_status":"closed","ping_status":"closed","template":"","meta":{"_acf_changed":false,"inline_featured_image":false},"product_brand":[],"product_cat":[329,331],"product_tag":[311,288,490,456,204,131,606,508,815,607,1054,261,179,1233,478,180,621,58,181,487,622,1055,322,609,610,611,623,613,723,724,581,398,183],"class_list":{"0":"post-5383","1":"product","2":"type-product","3":"status-publish","4":"has-post-thumbnail","6":"product_cat-holiday-packs-tours-portugal","7":"product_cat-relax-8-days-holidays-portugal","8":"product_tag-algarve","9":"product_tag-ayamonte","10":"product_tag-castle-of-castro-marim","11":"product_tag-castro-marim-natural-reserve","12":"product_tag-cultural-heritage","13":"product_tag-east-algarve","14":"product_tag-gastronomy","15":"product_tag-gastronomy-and-wines","16":"product_tag-historic","17":"product_tag-holidays","18":"product_tag-individuelle-touren","19":"product_tag-local-gastronomy","20":"product_tag-monte-gordo","21":"product_tag-monte-gordos-glorious-beach","22":"product_tag-natural-park","23":"product_tag-nature-reserve-of-castro-marim","24":"product_tag-old-town","25":"product_tag-portugal","26":"product_tag-ria-formosa-natural-park","27":"product_tag-salt-marsh-of-castro-marim-and-vila-real-de-santo-antonio","28":"product_tag-sandy-beach","29":"product_tag-sejour-en-liberte","30":"product_tag-self-guided","31":"product_tag-sightseeing","32":"product_tag-spring","33":"product_tag-summer","34":"product_tag-sun-beach","35":"product_tag-sunny-days","36":"product_tag-sunny-winters","37":"product_tag-tours-in-portugal","38":"product_tag-traditional-villages","39":"product_tag-vila-real-de-santo-antonio","40":"product_tag-vila-real-sto-antonio","42":"first","43":"instock","44":"virtual","45":"product-type-simple"},"acf":[],"yoast_head":"<!-- This site is optimized with the Yoast SEO Premium plugin v26.8 (Yoast SEO v27.5) - https:\/\/yoast.com\/product\/yoast-seo-premium-wordpress\/ -->\n<title>Relax in Monte Gordo<\/title>\n<meta name=\"description\" content=\"Monte Gordo is a popular holiday resort located on one of the finest beaches of the Algarve. an excellent holiday choice for families, mature visitors looking for relaxing days\" \/>\n<meta name=\"robots\" content=\"index, follow, max-snippet:-1, max-image-preview:large, max-video-preview:-1\" \/>\n<link rel=\"canonical\" href=\"https:\/\/becooltravel.com\/sv\/produkt\/relax-in-monte-gordo-8500pk\/\" \/>\n<meta property=\"og:locale\" content=\"sv_SE\" \/>\n<meta property=\"og:type\" content=\"article\" \/>\n<meta property=\"og:title\" content=\"Monte Gordo is a popular holiday resort located on one of the finest beaches of the Eastern Algarve.\" \/>\n<meta property=\"og:description\" content=\"Monte Gordo is an excellent holiday choice for families with kids, mature visitors looking for relaxing days, and for those who love amazing beach experiences!\" \/>\n<meta property=\"og:url\" content=\"https:\/\/becooltravel.com\/sv\/produkt\/relax-in-monte-gordo-8500pk\/\" \/>\n<meta property=\"og:site_name\" content=\"BeCool Travel\" \/>\n<meta property=\"article:publisher\" content=\"https:\/\/www.facebook.com\/becooltravelagency\/\" \/>\n<meta property=\"article:modified_time\" content=\"2026-03-18T13:05:29+00:00\" \/>\n<meta property=\"og:image\" content=\"https:\/\/becooltravel.com\/wp-content\/uploads\/sites\/5\/2020\/06\/montegordo_beach.jpg\" \/>\n\t<meta property=\"og:image:width\" content=\"1067\" \/>\n\t<meta property=\"og:image:height\" content=\"800\" \/>\n\t<meta property=\"og:image:type\" content=\"image\/jpeg\" \/>\n<meta name=\"twitter:card\" content=\"summary_large_image\" \/>\n<meta name=\"twitter:title\" content=\"Monte Gordo is a popular holiday resort located on one of the finest beaches of the Eastern Algarve.\" \/>\n<meta name=\"twitter:description\" content=\"You could easily spend your days lounging on the Monte Gordo\u2019s glorious beach, but if you\u2019re interested in more, there is a lot to see and do in the East Algarve.\" \/>\n<meta name=\"twitter:image\" content=\"https:\/\/i0.wp.com\/becooltravel.com\/wp-content\/uploads\/sites\/5\/2020\/06\/montegordo_beach.jpg?fit=1067%2C800&ssl=1\" \/>\n<meta name=\"twitter:site\" content=\"@becool_travel\" \/>\n<meta name=\"twitter:label1\" content=\"Ber\u00e4knad l\u00e4stid\" \/>\n\t<meta name=\"twitter:data1\" content=\"3 minuter\" \/>\n<script type=\"application\/ld+json\" class=\"yoast-schema-graph\">{\"@context\":\"https:\\\/\\\/schema.org\",\"@graph\":[{\"@type\":[\"WebPage\",\"ItemPage\"],\"@id\":\"https:\\\/\\\/becooltravel.com\\\/product\\\/relax-in-monte-gordo-8500pk\\\/\",\"url\":\"https:\\\/\\\/becooltravel.com\\\/product\\\/relax-in-monte-gordo-8500pk\\\/\",\"name\":\"Relax in Monte Gordo\",\"isPartOf\":{\"@id\":\"https:\\\/\\\/becooltravel.com\\\/#website\"},\"primaryImageOfPage\":{\"@id\":\"https:\\\/\\\/becooltravel.com\\\/product\\\/relax-in-monte-gordo-8500pk\\\/#primaryimage\"},\"image\":{\"@id\":\"https:\\\/\\\/becooltravel.com\\\/product\\\/relax-in-monte-gordo-8500pk\\\/#primaryimage\"},\"thumbnailUrl\":\"https:\\\/\\\/i0.wp.com\\\/becooltravel.com\\\/wp-content\\\/uploads\\\/sites\\\/5\\\/2020\\\/06\\\/montegordo_beach.jpg?fit=1067%2C800&ssl=1\",\"datePublished\":\"2020-06-29T14:11:43+00:00\",\"dateModified\":\"2026-03-18T13:05:29+00:00\",\"description\":\"Monte Gordo is a popular holiday resort located on one of the finest beaches of the Algarve. an excellent holiday choice for families, mature visitors looking for relaxing days\",\"breadcrumb\":{\"@id\":\"https:\\\/\\\/becooltravel.com\\\/product\\\/relax-in-monte-gordo-8500pk\\\/#breadcrumb\"},\"inLanguage\":\"sv-SE\",\"potentialAction\":[{\"@type\":\"ReadAction\",\"target\":[\"https:\\\/\\\/becooltravel.com\\\/product\\\/relax-in-monte-gordo-8500pk\\\/\"]}]},{\"@type\":\"ImageObject\",\"inLanguage\":\"sv-SE\",\"@id\":\"https:\\\/\\\/becooltravel.com\\\/product\\\/relax-in-monte-gordo-8500pk\\\/#primaryimage\",\"url\":\"https:\\\/\\\/i0.wp.com\\\/becooltravel.com\\\/wp-content\\\/uploads\\\/sites\\\/5\\\/2020\\\/06\\\/montegordo_beach.jpg?fit=1067%2C800&ssl=1\",\"contentUrl\":\"https:\\\/\\\/i0.wp.com\\\/becooltravel.com\\\/wp-content\\\/uploads\\\/sites\\\/5\\\/2020\\\/06\\\/montegordo_beach.jpg?fit=1067%2C800&ssl=1\",\"width\":1067,\"height\":800,\"caption\":\"Beach Montegordo\"},{\"@type\":\"BreadcrumbList\",\"@id\":\"https:\\\/\\\/becooltravel.com\\\/product\\\/relax-in-monte-gordo-8500pk\\\/#breadcrumb\",\"itemListElement\":[{\"@type\":\"ListItem\",\"position\":1,\"name\":\"Home\",\"item\":\"https:\\\/\\\/becooltravel.com\\\/\"},{\"@type\":\"ListItem\",\"position\":2,\"name\":\"Shop\",\"item\":\"https:\\\/\\\/becooltravel.com\\\/?page_id=5\"},{\"@type\":\"ListItem\",\"position\":3,\"name\":\"Algarve holidays . You can use\u00a0footpaths and walking\u00a0 trails\u00a0to get to know the region, such as the\u00a0Algarve Way\u00a0or the\u00a0Vicentine Route along one of the best preserved coastal stretches.\",\"item\":\"https:\\\/\\\/becooltravel.com\\\/product-tag\\\/algarve\\\/\"},{\"@type\":\"ListItem\",\"position\":4,\"name\":\"Monte Gordo is a popular resort located on the finest beaches of the Eastern Algarve.\"}]},{\"@type\":\"WebSite\",\"@id\":\"https:\\\/\\\/becooltravel.com\\\/#website\",\"url\":\"https:\\\/\\\/becooltravel.com\\\/\",\"name\":\"BeCool Travel\",\"description\":\"Sustainable holidays in Portugal for independent travelers\",\"publisher\":{\"@id\":\"https:\\\/\\\/becooltravel.com\\\/#organization\"},\"potentialAction\":[{\"@type\":\"SearchAction\",\"target\":{\"@type\":\"EntryPoint\",\"urlTemplate\":\"https:\\\/\\\/becooltravel.com\\\/?s={search_term_string}\"},\"query-input\":{\"@type\":\"PropertyValueSpecification\",\"valueRequired\":true,\"valueName\":\"search_term_string\"}}],\"inLanguage\":\"sv-SE\"},{\"@type\":\"Organization\",\"@id\":\"https:\\\/\\\/becooltravel.com\\\/#organization\",\"name\":\"BecoolTravel. com- Portugal\",\"url\":\"https:\\\/\\\/becooltravel.com\\\/\",\"logo\":{\"@type\":\"ImageObject\",\"inLanguage\":\"sv-SE\",\"@id\":\"https:\\\/\\\/becooltravel.com\\\/#\\\/schema\\\/logo\\\/image\\\/\",\"url\":\"https:\\\/\\\/becooltravel.com\\\/wp-content\\\/uploads\\\/sites\\\/5\\\/2020\\\/03\\\/Logo_BeCool.jpg\",\"contentUrl\":\"https:\\\/\\\/becooltravel.com\\\/wp-content\\\/uploads\\\/sites\\\/5\\\/2020\\\/03\\\/Logo_BeCool.jpg\",\"width\":534,\"height\":534,\"caption\":\"BecoolTravel. com- Portugal\"},\"image\":{\"@id\":\"https:\\\/\\\/becooltravel.com\\\/#\\\/schema\\\/logo\\\/image\\\/\"},\"sameAs\":[\"https:\\\/\\\/www.facebook.com\\\/becooltravelagency\\\/\",\"https:\\\/\\\/x.com\\\/becool_travel\",\"https:\\\/\\\/www.instagram.com\\\/becooltravel_com\\\/\",\"https:\\\/\\\/www.linkedin.com\\\/company\\\/becool-travel\\\/\",\"https:\\\/\\\/www.youtube.com\\\/channel\\\/UCE7zRU3EVG1PgfXwQo-5uJw\"]}]}<\/script>\n<!-- \/ Yoast SEO Premium plugin. -->","yoast_head_json":{"title":"Koppla av i Monte Gordo","description":"Monte Gordo \u00e4r en popul\u00e4r semesterort bel\u00e4gen p\u00e5 en av de finaste str\u00e4nderna i Algarve. ett utm\u00e4rkt semesterval f\u00f6r familjer, mogna bes\u00f6kare som letar efter avkopplande dagar","robots":{"index":"index","follow":"follow","max-snippet":"max-snippet:-1","max-image-preview":"max-image-preview:large","max-video-preview":"max-video-preview:-1"},"canonical":"https:\/\/becooltravel.com\/sv\/produkt\/relax-in-monte-gordo-8500pk\/","og_locale":"sv_SE","og_type":"article","og_title":"Monte Gordo is a popular holiday resort located on one of the finest beaches of the Eastern Algarve.","og_description":"Monte Gordo is an excellent holiday choice for families with kids, mature visitors looking for relaxing days, and for those who love amazing beach experiences!","og_url":"https:\/\/becooltravel.com\/sv\/produkt\/relax-in-monte-gordo-8500pk\/","og_site_name":"BeCool Travel","article_publisher":"https:\/\/www.facebook.com\/becooltravelagency\/","article_modified_time":"2026-03-18T13:05:29+00:00","og_image":[{"width":1067,"height":800,"url":"https:\/\/becooltravel.com\/wp-content\/uploads\/sites\/5\/2020\/06\/montegordo_beach.jpg","type":"image\/jpeg"}],"twitter_card":"summary_large_image","twitter_title":"Monte Gordo is a popular holiday resort located on one of the finest beaches of the Eastern Algarve.","twitter_description":"You could easily spend your days lounging on the Monte Gordo\u2019s glorious beach, but if you\u2019re interested in more, there is a lot to see and do in the East Algarve.","twitter_image":"https:\/\/i0.wp.com\/becooltravel.com\/wp-content\/uploads\/sites\/5\/2020\/06\/montegordo_beach.jpg?fit=1067%2C800&ssl=1","twitter_site":"@becool_travel","twitter_misc":{"Ber\u00e4knad l\u00e4stid":"3 minuter"},"schema":{"@context":"https:\/\/schema.org","@graph":[{"@type":["WebPage","ItemPage"],"@id":"https:\/\/becooltravel.com\/product\/relax-in-monte-gordo-8500pk\/","url":"https:\/\/becooltravel.com\/product\/relax-in-monte-gordo-8500pk\/","name":"Koppla av i Monte Gordo","isPartOf":{"@id":"https:\/\/becooltravel.com\/#website"},"primaryImageOfPage":{"@id":"https:\/\/becooltravel.com\/product\/relax-in-monte-gordo-8500pk\/#primaryimage"},"image":{"@id":"https:\/\/becooltravel.com\/product\/relax-in-monte-gordo-8500pk\/#primaryimage"},"thumbnailUrl":"https:\/\/i0.wp.com\/becooltravel.com\/wp-content\/uploads\/sites\/5\/2020\/06\/montegordo_beach.jpg?fit=1067%2C800&ssl=1","datePublished":"2020-06-29T14:11:43+00:00","dateModified":"2026-03-18T13:05:29+00:00","description":"Monte Gordo \u00e4r en popul\u00e4r semesterort bel\u00e4gen p\u00e5 en av de finaste str\u00e4nderna i Algarve. ett utm\u00e4rkt semesterval f\u00f6r familjer, mogna bes\u00f6kare som letar efter avkopplande dagar","breadcrumb":{"@id":"https:\/\/becooltravel.com\/product\/relax-in-monte-gordo-8500pk\/#breadcrumb"},"inLanguage":"sv-SE","potentialAction":[{"@type":"ReadAction","target":["https:\/\/becooltravel.com\/product\/relax-in-monte-gordo-8500pk\/"]}]},{"@type":"ImageObject","inLanguage":"sv-SE","@id":"https:\/\/becooltravel.com\/product\/relax-in-monte-gordo-8500pk\/#primaryimage","url":"https:\/\/i0.wp.com\/becooltravel.com\/wp-content\/uploads\/sites\/5\/2020\/06\/montegordo_beach.jpg?fit=1067%2C800&ssl=1","contentUrl":"https:\/\/i0.wp.com\/becooltravel.com\/wp-content\/uploads\/sites\/5\/2020\/06\/montegordo_beach.jpg?fit=1067%2C800&ssl=1","width":1067,"height":800,"caption":"Beach Montegordo"},{"@type":"BreadcrumbList","@id":"https:\/\/becooltravel.com\/product\/relax-in-monte-gordo-8500pk\/#breadcrumb","itemListElement":[{"@type":"ListItem","position":1,"name":"Home","item":"https:\/\/becooltravel.com\/"},{"@type":"ListItem","position":2,"name":"Shop","item":"https:\/\/becooltravel.com\/?page_id=5"},{"@type":"ListItem","position":3,"name":"Algarve holidays . You can use\u00a0footpaths and walking\u00a0 trails\u00a0to get to know the region, such as the\u00a0Algarve Way\u00a0or the\u00a0Vicentine Route along one of the best preserved coastal stretches.","item":"https:\/\/becooltravel.com\/product-tag\/algarve\/"},{"@type":"ListItem","position":4,"name":"Monte Gordo is a popular resort located on the finest beaches of the Eastern Algarve."}]},{"@type":"WebSite","@id":"https:\/\/becooltravel.com\/#website","url":"https:\/\/becooltravel.com\/","name":"BeCool Travel","description":"H\u00e5llbar semester i Portugal f\u00f6r oberoende resen\u00e4rer","publisher":{"@id":"https:\/\/becooltravel.com\/#organization"},"potentialAction":[{"@type":"SearchAction","target":{"@type":"EntryPoint","urlTemplate":"https:\/\/becooltravel.com\/?s={search_term_string}"},"query-input":{"@type":"PropertyValueSpecification","valueRequired":true,"valueName":"search_term_string"}}],"inLanguage":"sv-SE"},{"@type":"Organization","@id":"https:\/\/becooltravel.com\/#organization","name":"BecoolTravel. com- Portugal","url":"https:\/\/becooltravel.com\/","logo":{"@type":"ImageObject","inLanguage":"sv-SE","@id":"https:\/\/becooltravel.com\/#\/schema\/logo\/image\/","url":"https:\/\/becooltravel.com\/wp-content\/uploads\/sites\/5\/2020\/03\/Logo_BeCool.jpg","contentUrl":"https:\/\/becooltravel.com\/wp-content\/uploads\/sites\/5\/2020\/03\/Logo_BeCool.jpg","width":534,"height":534,"caption":"BecoolTravel. com- Portugal"},"image":{"@id":"https:\/\/becooltravel.com\/#\/schema\/logo\/image\/"},"sameAs":["https:\/\/www.facebook.com\/becooltravelagency\/","https:\/\/x.com\/becool_travel","https:\/\/www.instagram.com\/becooltravel_com\/","https:\/\/www.linkedin.com\/company\/becool-travel\/","https:\/\/www.youtube.com\/channel\/UCE7zRU3EVG1PgfXwQo-5uJw"]}]}},"jetpack_sharing_enabled":true,"_links":{"self":[{"href":"https:\/\/becooltravel.com\/sv\/wp-json\/wp\/v2\/product\/5383","targetHints":{"allow":["GET"]}}],"collection":[{"href":"https:\/\/becooltravel.com\/sv\/wp-json\/wp\/v2\/product"}],"about":[{"href":"https:\/\/becooltravel.com\/sv\/wp-json\/wp\/v2\/types\/product"}],"replies":[{"embeddable":true,"href":"https:\/\/becooltravel.com\/sv\/wp-json\/wp\/v2\/comments?post=5383"}],"wp:featuredmedia":[{"embeddable":true,"href":"https:\/\/becooltravel.com\/sv\/wp-json\/wp\/v2\/media\/5031"}],"wp:attachment":[{"href":"https:\/\/becooltravel.com\/sv\/wp-json\/wp\/v2\/media?parent=5383"}],"wp:term":[{"taxonomy":"product_brand","embeddable":true,"href":"https:\/\/becooltravel.com\/sv\/wp-json\/wp\/v2\/product_brand?post=5383"},{"taxonomy":"product_cat","embeddable":true,"href":"https:\/\/becooltravel.com\/sv\/wp-json\/wp\/v2\/product_cat?post=5383"},{"taxonomy":"product_tag","embeddable":true,"href":"https:\/\/becooltravel.com\/sv\/wp-json\/wp\/v2\/product_tag?post=5383"}],"curies":[{"name":"wp","href":"https:\/\/api.w.org\/{rel}","templated":true}]}}