{"id":5397,"date":"2020-07-02T15:15:46","date_gmt":"2020-07-02T15:15:46","guid":{"rendered":"https:\/\/becooltravel.com\/product\/peneda-geres-national-park-1200g\/"},"modified":"2022-08-14T14:04:41","modified_gmt":"2022-08-14T14:04:41","slug":"peneda-geres-national-park-1200g","status":"publish","type":"product","link":"https:\/\/becooltravel.com\/sv\/produkt\/peneda-geres-nationalpark-1200g\/","title":{"rendered":"Promenad i Peneda Ger\u00eas nationalpark"},"content":{"rendered":"<p><strong>Grupper accepteras med minst 6 personer.<\/strong><\/p>\n<p>&nbsp;<\/p>\n<p>I norra Portugal \u00e4r den kanske mest magnifika av alla bergskedjor Serra do Ger\u00eas.<\/p>\n<p>Den best\u00e5r av h\u00e4lften av Portugals st\u00f6rsta naturreservat och varierar fr\u00e5n frodiga sj\u00f6ar och floder till dramatiska h\u00f6gbergsgraniter som skiljer Portugal fr\u00e5n Spanien.<\/p>\n<div id=\"attachment_2777\" style=\"width: 1034px\" class=\"wp-caption alignnone\"><img data-recalc-dims=\"1\" decoding=\"async\" aria-describedby=\"caption-attachment-2777\" class=\"wp-image-2777 size-large\" src=\"https:\/\/i0.wp.com\/legendatours.net\/wp-content\/uploads\/2020\/07\/geres_moorland-1024x731.jpg?resize=1024%2C731&#038;ssl=1\" alt=\"G\u00e5 i den Peneda nationalparken Portugal\" width=\"1024\" height=\"731\" \/><p id=\"caption-attachment-2777\" class=\"wp-caption-text\">Gruppvandring i Geres, utforska autentiska Portugal, bort fr\u00e5n folkmassorna och g\u00e5 genom fantastiska landskap.<\/p><\/div>\n<p>Nationalparken Peneda Ger\u00eas \u00e4r en av de st\u00f6rsta naturattraktionerna i Portugal p\u00e5 grund av dess s\u00e4llsynta och imponerande sk\u00f6nhet, dess ekologiska v\u00e4rde och m\u00e5ngfalden av dess fauna och flora.<\/p>\n<p>Slingra sig lugnt l\u00e4ngs de invecklade strandlinjerna av sj\u00f6ar som kantas av gamla f\u00e4lt som kryllar av vilda blommor och kantade av vinstockar och oliver. I de l\u00e4gre kullarna utforskar vi ur\u00e5ldriga byar som tycks finnas kvar i en tid sedan l\u00e4nge sedan och vars m\u00e4nniskor fortfarande lever i n\u00e4ra harmoni med naturen och sin omgivning.<\/p>\n<p>Det finns tr\u00e4dbevuxna dalar snidade av floder som rinner ner i underbara pooler av glittrande rent, kallt vatten. De gamla granitstigarna tar oss \u00f6ver bergen in i h\u00f6ga dolda dalar d\u00e4r man fortfarande kommer att m\u00f6ta hjordar av getter p\u00e5 deras dagliga krets och koherdar som skyddar sin boskap n\u00e4r de sakta r\u00f6r sig fr\u00e5n en betesmark till n\u00e4sta, djupt inne i bergen, tills de \u00e4r redo att komma ner till h\u00f6sten.<\/p>\n<div id=\"attachment_2803\" style=\"width: 1034px\" class=\"wp-caption alignnone\"><img data-recalc-dims=\"1\" decoding=\"async\" aria-describedby=\"caption-attachment-2803\" class=\"wp-image-2803 size-large\" src=\"https:\/\/i0.wp.com\/legendatours.net\/wp-content\/uploads\/2020\/07\/geres-2-1024x671.jpg?resize=1024%2C671&#038;ssl=1\" alt=\"GER\u00caS NATIONAL PARK kristallklart vatten\" width=\"1024\" height=\"671\" \/><p id=\"caption-attachment-2803\" class=\"wp-caption-text\">GER\u00caS NATIONALPARK kristallklart vatten. Utforska de mest popul\u00e4ra\u00a0<em>g\u00e5ende<\/em>\u00a0sp\u00e5r i Parque Nacional da Peneda-<em>Ger\u00eas<\/em><\/p><\/div>\n<p>H\u00e4r str\u00f6mmar vilda Garrano-h\u00e4star, vars f\u00f6rf\u00e4der bebodde dessa kullar redan innan kelterna anl\u00e4nde, fritt.<\/p>\n<p>Vargar och vildsvin str\u00e4cker sig \u00f6ver de mest avl\u00e4gsna delarna av dessa berg medan \u00f6rnar och andra rovf\u00e5glar sv\u00e4var ovanf\u00f6r.<\/p>\n<p>Detta \u00e4r verkligen en av Europas sista vildmarker.<\/p>\n<p>I slutet av v\u00e5r dag, nere i den skyddade dalen, erbjuder v\u00e5rt hotell en oas av komfort med sin bar och terrass och sin lokalt k\u00e4nda restaurang.<\/p>\n<p>Denna semester har designats av v\u00e5ra portugisiska experter som bor n\u00e4ra parken. du kan inte f\u00e5 en h\u00f6gre rekommendation \u00e4n s\u00e5.<\/p>","protected":false},"excerpt":{"rendered":"<p>I norra Portugal \u00e4r den kanske mest magnifika av alla bergskedjor Serra do Ger\u00eas.<\/p>\n<p>Den best\u00e5r av h\u00e4lften av Portugals st\u00f6rsta naturreservat och varierar fr\u00e5n frodiga sj\u00f6ar och floder till dramatiska h\u00f6gbergsgraniter som skiljer Portugal fr\u00e5n Spanien.<\/p>\n<p>Nationalparken Peneda Ger\u00eas \u00e4r en av de st\u00f6rsta naturattraktionerna i Portugal p\u00e5 grund av dess s\u00e4llsynta och imponerande sk\u00f6nhet, dess ekologiska v\u00e4rde och m\u00e5ngfalden av dess fauna och flora.<\/p>","protected":false},"featured_media":5404,"comment_status":"closed","ping_status":"closed","template":"","meta":{"_acf_changed":false,"inline_featured_image":false},"product_brand":[],"product_cat":[340,344,355],"product_tag":[254,203,971,626,442,579,1277,1146,384,478,133,321,754,727,1278,74,70,790,58,724,581,425,59,60,61,972,271,1279,310],"class_list":{"0":"post-5397","1":"product","2":"type-product","3":"status-publish","4":"has-post-thumbnail","6":"product_cat-guided-group-tours","7":"product_cat-guided-sightseeing-holidays-portugal","8":"product_cat-guided-walking-holidays-in-portugal","9":"product_tag-ancient-buildings","10":"product_tag-beautiful-landscapes","11":"product_tag-cascata-do-arado","12":"product_tag-ecological-value","13":"product_tag-fauna-and-flora","14":"product_tag-green-landscape","15":"product_tag-harmony-with-nature","16":"product_tag-hidden-valleys","17":"product_tag-magnificent-landscape","18":"product_tag-natural-park","19":"product_tag-natural-reserves","20":"product_tag-nature-walks","21":"product_tag-north-of-portugal","22":"product_tag-peneda","23":"product_tag-peneda-geres","24":"product_tag-peneda-geres-national-park","25":"product_tag-peneda-geres-walking","26":"product_tag-picturesque-landscapes","27":"product_tag-portugal","28":"product_tag-tours-in-portugal","29":"product_tag-traditional-villages","30":"product_tag-typical-villages","31":"product_tag-walking","32":"product_tag-walking-holidays","33":"product_tag-walking-tours","34":"product_tag-waterfalls","35":"product_tag-wild-flowers","36":"product_tag-wildernesses","37":"product_tag-wildlife","39":"first","40":"instock","41":"virtual","42":"sold-individually","43":"product-type-booking"},"acf":[],"yoast_head":"<!-- This site is optimized with the Yoast SEO Premium plugin v26.8 (Yoast SEO v27.5) - https:\/\/yoast.com\/product\/yoast-seo-premium-wordpress\/ -->\n<title>Walking in Peneda Ger\u00eas National Park<\/title>\n<meta name=\"description\" content=\"Walking The Peneda Ger\u00eas National Park is one of the greatest natural attractions in Portugal due to the rare and impressive beauty of its landscape, its ecological value and the variety of its fauna and flora.Quietly meander along the intricate shore lines of lakes bordered by ancient fields teaming with wild flowers and lined with vines and olives. In the lower hills we explore ancient villages which seem to still exist in an age long since past and whose people still live in close harmony with nature and their surroundings.There are wooded valleys carved by rivers cascading down into wonderful pools of sparkling clean cool water. Then ancient granite trails take us over the mountains into high hidden valleys where one will still encounter herds of goats on their daily circuit and cowherds protecting their cattle as they slowly move from one pasture to the next, deep within the mountains, until they are ready to come down in the autumn.\" \/>\n<meta name=\"robots\" content=\"index, follow, max-snippet:-1, max-image-preview:large, max-video-preview:-1\" \/>\n<link rel=\"canonical\" href=\"https:\/\/becooltravel.com\/sv\/produkt\/peneda-geres-nationalpark-1200g\/\" \/>\n<meta property=\"og:locale\" content=\"sv_SE\" \/>\n<meta property=\"og:type\" content=\"article\" \/>\n<meta property=\"og:title\" content=\"Walking holidays in Peneda Ger\u00eas National Park Portugal\" \/>\n<meta property=\"og:description\" content=\"The Peneda Ger\u00eas National Park is one of the greatest natural attractions in Portugal due to the rare and impressive beauty of its landscape, its ecological value and the variety of its fauna and flora.Quietly meander along the intricate shore lines of lakes bordered by ancient fields teaming with wild flowers and lined with vines and olives. In the lower hills we explore ancient villages which seem to still exist in an age long since past and whose people still live in close harmony with nature and their surroundings.There are wooded valleys carved by rivers cascading down into wonderful pools of sparkling clean cool water. Then ancient granite trails take us over the mountains into high hidden valleys where one will still encounter herds of goats on their daily circuit and cowherds protecting their cattle as they slowly move from one pasture to the next, deep within the mountains, until they are ready to come down in the autumn.\" \/>\n<meta property=\"og:url\" content=\"https:\/\/becooltravel.com\/sv\/produkt\/peneda-geres-nationalpark-1200g\/\" \/>\n<meta property=\"og:site_name\" content=\"BeCool Travel\" \/>\n<meta property=\"article:publisher\" content=\"https:\/\/www.facebook.com\/becooltravelagency\/\" \/>\n<meta property=\"article:modified_time\" content=\"2022-08-14T14:04:41+00:00\" \/>\n<meta property=\"og:image\" content=\"https:\/\/i0.wp.com\/becooltravel.com\/wp-content\/uploads\/sites\/5\/2020\/07\/cascata_arado_geres.jpg?fit=1024%2C768&ssl=1\" \/>\n\t<meta property=\"og:image:width\" content=\"1024\" \/>\n\t<meta property=\"og:image:height\" content=\"768\" \/>\n\t<meta property=\"og:image:type\" content=\"image\/jpeg\" \/>\n<meta name=\"twitter:card\" content=\"summary_large_image\" \/>\n<meta name=\"twitter:title\" content=\"Walking holidays in Peneda Ger\u00eas National Park Portugal\" \/>\n<meta name=\"twitter:description\" content=\"Here, wild Garrano horses, whose ancestors inhabited these hills even before the Celts arrived, still roam free.Wolves and wild boar range the most remote parts of these mountains while eagles and other birds of prey soar above.This is truly one of Europe\u2019s last wildernesses.At the end of our day, down in the sheltered valley, our hotel provides a haven of comfort with its bar and terrace and its locally renowned restaurant.This holiday has been designed by our Portuguese experts who live close to the park; you can\u2019t get a higher recommendation than that.\" \/>\n<meta name=\"twitter:image\" content=\"https:\/\/i0.wp.com\/becooltravel.com\/wp-content\/uploads\/sites\/5\/2020\/07\/cascata_arado_geres.jpg?fit=1024%2C768&ssl=1\" \/>\n<meta name=\"twitter:site\" content=\"@becool_travel\" \/>\n<meta name=\"twitter:label1\" content=\"Ber\u00e4knad l\u00e4stid\" \/>\n\t<meta name=\"twitter:data1\" content=\"2 minuter\" \/>\n<script type=\"application\/ld+json\" class=\"yoast-schema-graph\">{\"@context\":\"https:\\\/\\\/schema.org\",\"@graph\":[{\"@type\":[\"WebPage\",\"ItemPage\"],\"@id\":\"https:\\\/\\\/becooltravel.com\\\/product\\\/peneda-geres-national-park-1200g\\\/\",\"url\":\"https:\\\/\\\/becooltravel.com\\\/product\\\/peneda-geres-national-park-1200g\\\/\",\"name\":\"Walking in Peneda Ger\u00eas National Park\",\"isPartOf\":{\"@id\":\"https:\\\/\\\/becooltravel.com\\\/#website\"},\"primaryImageOfPage\":{\"@id\":\"https:\\\/\\\/becooltravel.com\\\/product\\\/peneda-geres-national-park-1200g\\\/#primaryimage\"},\"image\":{\"@id\":\"https:\\\/\\\/becooltravel.com\\\/product\\\/peneda-geres-national-park-1200g\\\/#primaryimage\"},\"thumbnailUrl\":\"https:\\\/\\\/i0.wp.com\\\/becooltravel.com\\\/wp-content\\\/uploads\\\/sites\\\/5\\\/2020\\\/07\\\/geres.jpg?fit=1128%2C768&ssl=1\",\"datePublished\":\"2020-07-02T15:15:46+00:00\",\"dateModified\":\"2022-08-14T14:04:41+00:00\",\"description\":\"Walking The Peneda Ger\u00eas National Park is one of the greatest natural attractions in Portugal due to the rare and impressive beauty of its landscape, its ecological value and the variety of its fauna and flora.Quietly meander along the intricate shore lines of lakes bordered by ancient fields teaming with wild flowers and lined with vines and olives. In the lower hills we explore ancient villages which seem to still exist in an age long since past and whose people still live in close harmony with nature and their surroundings.There are wooded valleys carved by rivers cascading down into wonderful pools of sparkling clean cool water. Then ancient granite trails take us over the mountains into high hidden valleys where one will still encounter herds of goats on their daily circuit and cowherds protecting their cattle as they slowly move from one pasture to the next, deep within the mountains, until they are ready to come down in the autumn.\",\"breadcrumb\":{\"@id\":\"https:\\\/\\\/becooltravel.com\\\/product\\\/peneda-geres-national-park-1200g\\\/#breadcrumb\"},\"inLanguage\":\"sv-SE\",\"potentialAction\":[{\"@type\":\"ReadAction\",\"target\":[\"https:\\\/\\\/becooltravel.com\\\/product\\\/peneda-geres-national-park-1200g\\\/\"]}]},{\"@type\":\"ImageObject\",\"inLanguage\":\"sv-SE\",\"@id\":\"https:\\\/\\\/becooltravel.com\\\/product\\\/peneda-geres-national-park-1200g\\\/#primaryimage\",\"url\":\"https:\\\/\\\/i0.wp.com\\\/becooltravel.com\\\/wp-content\\\/uploads\\\/sites\\\/5\\\/2020\\\/07\\\/geres.jpg?fit=1128%2C768&ssl=1\",\"contentUrl\":\"https:\\\/\\\/i0.wp.com\\\/becooltravel.com\\\/wp-content\\\/uploads\\\/sites\\\/5\\\/2020\\\/07\\\/geres.jpg?fit=1128%2C768&ssl=1\",\"width\":1128,\"height\":768,\"caption\":\"Geres\"},{\"@type\":\"BreadcrumbList\",\"@id\":\"https:\\\/\\\/becooltravel.com\\\/product\\\/peneda-geres-national-park-1200g\\\/#breadcrumb\",\"itemListElement\":[{\"@type\":\"ListItem\",\"position\":1,\"name\":\"Home\",\"item\":\"https:\\\/\\\/becooltravel.com\\\/\"},{\"@type\":\"ListItem\",\"position\":2,\"name\":\"Shop\",\"item\":\"https:\\\/\\\/becooltravel.com\\\/?page_id=5\"},{\"@type\":\"ListItem\",\"position\":3,\"name\":\"The medieval villages, towns in Portugal and architecture\u00a0but also in the incredible array of famous landmarks in\u00a0Portugal.\",\"item\":\"https:\\\/\\\/becooltravel.com\\\/product-tag\\\/ancient-buildings\\\/\"},{\"@type\":\"ListItem\",\"position\":4,\"name\":\"Walking holidays in Peneda Ger\u00eas National Park Portugal\"}]},{\"@type\":\"WebSite\",\"@id\":\"https:\\\/\\\/becooltravel.com\\\/#website\",\"url\":\"https:\\\/\\\/becooltravel.com\\\/\",\"name\":\"BeCool Travel\",\"description\":\"Sustainable holidays in Portugal for independent travelers\",\"publisher\":{\"@id\":\"https:\\\/\\\/becooltravel.com\\\/#organization\"},\"potentialAction\":[{\"@type\":\"SearchAction\",\"target\":{\"@type\":\"EntryPoint\",\"urlTemplate\":\"https:\\\/\\\/becooltravel.com\\\/?s={search_term_string}\"},\"query-input\":{\"@type\":\"PropertyValueSpecification\",\"valueRequired\":true,\"valueName\":\"search_term_string\"}}],\"inLanguage\":\"sv-SE\"},{\"@type\":\"Organization\",\"@id\":\"https:\\\/\\\/becooltravel.com\\\/#organization\",\"name\":\"BecoolTravel. com- Portugal\",\"url\":\"https:\\\/\\\/becooltravel.com\\\/\",\"logo\":{\"@type\":\"ImageObject\",\"inLanguage\":\"sv-SE\",\"@id\":\"https:\\\/\\\/becooltravel.com\\\/#\\\/schema\\\/logo\\\/image\\\/\",\"url\":\"https:\\\/\\\/becooltravel.com\\\/wp-content\\\/uploads\\\/sites\\\/5\\\/2020\\\/03\\\/Logo_BeCool.jpg\",\"contentUrl\":\"https:\\\/\\\/becooltravel.com\\\/wp-content\\\/uploads\\\/sites\\\/5\\\/2020\\\/03\\\/Logo_BeCool.jpg\",\"width\":534,\"height\":534,\"caption\":\"BecoolTravel. com- Portugal\"},\"image\":{\"@id\":\"https:\\\/\\\/becooltravel.com\\\/#\\\/schema\\\/logo\\\/image\\\/\"},\"sameAs\":[\"https:\\\/\\\/www.facebook.com\\\/becooltravelagency\\\/\",\"https:\\\/\\\/x.com\\\/becool_travel\",\"https:\\\/\\\/www.instagram.com\\\/becooltravel_com\\\/\",\"https:\\\/\\\/www.linkedin.com\\\/company\\\/becool-travel\\\/\",\"https:\\\/\\\/www.youtube.com\\\/channel\\\/UCE7zRU3EVG1PgfXwQo-5uJw\"]}]}<\/script>\n<!-- \/ Yoast SEO Premium plugin. -->","yoast_head_json":{"title":"Promenad i Peneda Ger\u00eas nationalpark","description":"Vandring Peneda Ger\u00eas nationalpark \u00e4r en av de st\u00f6rsta naturattraktionerna i Portugal p\u00e5 grund av den s\u00e4llsynta och imponerande sk\u00f6nheten i sitt landskap, dess ekologiska v\u00e4rde och m\u00e5ngfalden av dess fauna och flora. Tyst slingrar sig l\u00e4ngs de invecklade strandlinjerna av sj\u00f6ar som gr\u00e4nsar till antika f\u00e4lt samarbetar med vilda blommor och fodrade med vinstockar och oliver. I de nedre kullarna utforskar vi forntida byar som verkar fortfarande existera i en tid sedan l\u00e4nge och vars folk fortfarande lever i n\u00e4ra harmoni med naturen och deras omgivningar. Det finns skogskl\u00e4dda dalar huggen av floder som faller ner i underbara pooler med glittrande rent, kallt vatten . Sedan tar forntida granitleder oss \u00f6ver bergen in i h\u00f6ga dolda dalar d\u00e4r man fortfarande kommer att st\u00f6ta p\u00e5 getter p\u00e5 deras dagliga krets och koherdar som skyddar deras boskap n\u00e4r de l\u00e5ngsamt r\u00f6r sig fr\u00e5n en betesmark till en annan, djupt inne i bergen, tills de \u00e4r redo att komma ner p\u00e5 h\u00f6sten.","robots":{"index":"index","follow":"follow","max-snippet":"max-snippet:-1","max-image-preview":"max-image-preview:large","max-video-preview":"max-video-preview:-1"},"canonical":"https:\/\/becooltravel.com\/sv\/produkt\/peneda-geres-nationalpark-1200g\/","og_locale":"sv_SE","og_type":"article","og_title":"Walking holidays in Peneda Ger\u00eas National Park Portugal","og_description":"The Peneda Ger\u00eas National Park is one of the greatest natural attractions in Portugal due to the rare and impressive beauty of its landscape, its ecological value and the variety of its fauna and flora.Quietly meander along the intricate shore lines of lakes bordered by ancient fields teaming with wild flowers and lined with vines and olives. In the lower hills we explore ancient villages which seem to still exist in an age long since past and whose people still live in close harmony with nature and their surroundings.There are wooded valleys carved by rivers cascading down into wonderful pools of sparkling clean cool water. Then ancient granite trails take us over the mountains into high hidden valleys where one will still encounter herds of goats on their daily circuit and cowherds protecting their cattle as they slowly move from one pasture to the next, deep within the mountains, until they are ready to come down in the autumn.","og_url":"https:\/\/becooltravel.com\/sv\/produkt\/peneda-geres-nationalpark-1200g\/","og_site_name":"BeCool Travel","article_publisher":"https:\/\/www.facebook.com\/becooltravelagency\/","article_modified_time":"2022-08-14T14:04:41+00:00","og_image":[{"width":1024,"height":768,"url":"https:\/\/i0.wp.com\/becooltravel.com\/wp-content\/uploads\/sites\/5\/2020\/07\/cascata_arado_geres.jpg?fit=1024%2C768&ssl=1","type":"image\/jpeg"}],"twitter_card":"summary_large_image","twitter_title":"Walking holidays in Peneda Ger\u00eas National Park Portugal","twitter_description":"Here, wild Garrano horses, whose ancestors inhabited these hills even before the Celts arrived, still roam free.Wolves and wild boar range the most remote parts of these mountains while eagles and other birds of prey soar above.This is truly one of Europe\u2019s last wildernesses.At the end of our day, down in the sheltered valley, our hotel provides a haven of comfort with its bar and terrace and its locally renowned restaurant.This holiday has been designed by our Portuguese experts who live close to the park; you can\u2019t get a higher recommendation than that.","twitter_image":"https:\/\/i0.wp.com\/becooltravel.com\/wp-content\/uploads\/sites\/5\/2020\/07\/cascata_arado_geres.jpg?fit=1024%2C768&ssl=1","twitter_site":"@becool_travel","twitter_misc":{"Ber\u00e4knad l\u00e4stid":"2 minuter"},"schema":{"@context":"https:\/\/schema.org","@graph":[{"@type":["WebPage","ItemPage"],"@id":"https:\/\/becooltravel.com\/product\/peneda-geres-national-park-1200g\/","url":"https:\/\/becooltravel.com\/product\/peneda-geres-national-park-1200g\/","name":"Promenad i Peneda Ger\u00eas nationalpark","isPartOf":{"@id":"https:\/\/becooltravel.com\/#website"},"primaryImageOfPage":{"@id":"https:\/\/becooltravel.com\/product\/peneda-geres-national-park-1200g\/#primaryimage"},"image":{"@id":"https:\/\/becooltravel.com\/product\/peneda-geres-national-park-1200g\/#primaryimage"},"thumbnailUrl":"https:\/\/i0.wp.com\/becooltravel.com\/wp-content\/uploads\/sites\/5\/2020\/07\/geres.jpg?fit=1128%2C768&ssl=1","datePublished":"2020-07-02T15:15:46+00:00","dateModified":"2022-08-14T14:04:41+00:00","description":"Vandring Peneda Ger\u00eas nationalpark \u00e4r en av de st\u00f6rsta naturattraktionerna i Portugal p\u00e5 grund av den s\u00e4llsynta och imponerande sk\u00f6nheten i sitt landskap, dess ekologiska v\u00e4rde och m\u00e5ngfalden av dess fauna och flora. Tyst slingrar sig l\u00e4ngs de invecklade strandlinjerna av sj\u00f6ar som gr\u00e4nsar till antika f\u00e4lt samarbetar med vilda blommor och fodrade med vinstockar och oliver. I de nedre kullarna utforskar vi forntida byar som verkar fortfarande existera i en tid sedan l\u00e4nge och vars folk fortfarande lever i n\u00e4ra harmoni med naturen och deras omgivningar. Det finns skogskl\u00e4dda dalar huggen av floder som faller ner i underbara pooler med glittrande rent, kallt vatten . Sedan tar forntida granitleder oss \u00f6ver bergen in i h\u00f6ga dolda dalar d\u00e4r man fortfarande kommer att st\u00f6ta p\u00e5 getter p\u00e5 deras dagliga krets och koherdar som skyddar deras boskap n\u00e4r de l\u00e5ngsamt r\u00f6r sig fr\u00e5n en betesmark till en annan, djupt inne i bergen, tills de \u00e4r redo att komma ner p\u00e5 h\u00f6sten.","breadcrumb":{"@id":"https:\/\/becooltravel.com\/product\/peneda-geres-national-park-1200g\/#breadcrumb"},"inLanguage":"sv-SE","potentialAction":[{"@type":"ReadAction","target":["https:\/\/becooltravel.com\/product\/peneda-geres-national-park-1200g\/"]}]},{"@type":"ImageObject","inLanguage":"sv-SE","@id":"https:\/\/becooltravel.com\/product\/peneda-geres-national-park-1200g\/#primaryimage","url":"https:\/\/i0.wp.com\/becooltravel.com\/wp-content\/uploads\/sites\/5\/2020\/07\/geres.jpg?fit=1128%2C768&ssl=1","contentUrl":"https:\/\/i0.wp.com\/becooltravel.com\/wp-content\/uploads\/sites\/5\/2020\/07\/geres.jpg?fit=1128%2C768&ssl=1","width":1128,"height":768,"caption":"Geres"},{"@type":"BreadcrumbList","@id":"https:\/\/becooltravel.com\/product\/peneda-geres-national-park-1200g\/#breadcrumb","itemListElement":[{"@type":"ListItem","position":1,"name":"Home","item":"https:\/\/becooltravel.com\/"},{"@type":"ListItem","position":2,"name":"Shop","item":"https:\/\/becooltravel.com\/?page_id=5"},{"@type":"ListItem","position":3,"name":"The medieval villages, towns in Portugal and architecture\u00a0but also in the incredible array of famous landmarks in\u00a0Portugal.","item":"https:\/\/becooltravel.com\/product-tag\/ancient-buildings\/"},{"@type":"ListItem","position":4,"name":"Walking holidays in Peneda Ger\u00eas National Park Portugal"}]},{"@type":"WebSite","@id":"https:\/\/becooltravel.com\/#website","url":"https:\/\/becooltravel.com\/","name":"BeCool Travel","description":"H\u00e5llbar semester i Portugal f\u00f6r oberoende resen\u00e4rer","publisher":{"@id":"https:\/\/becooltravel.com\/#organization"},"potentialAction":[{"@type":"SearchAction","target":{"@type":"EntryPoint","urlTemplate":"https:\/\/becooltravel.com\/?s={search_term_string}"},"query-input":{"@type":"PropertyValueSpecification","valueRequired":true,"valueName":"search_term_string"}}],"inLanguage":"sv-SE"},{"@type":"Organization","@id":"https:\/\/becooltravel.com\/#organization","name":"BecoolTravel. com- Portugal","url":"https:\/\/becooltravel.com\/","logo":{"@type":"ImageObject","inLanguage":"sv-SE","@id":"https:\/\/becooltravel.com\/#\/schema\/logo\/image\/","url":"https:\/\/becooltravel.com\/wp-content\/uploads\/sites\/5\/2020\/03\/Logo_BeCool.jpg","contentUrl":"https:\/\/becooltravel.com\/wp-content\/uploads\/sites\/5\/2020\/03\/Logo_BeCool.jpg","width":534,"height":534,"caption":"BecoolTravel. com- Portugal"},"image":{"@id":"https:\/\/becooltravel.com\/#\/schema\/logo\/image\/"},"sameAs":["https:\/\/www.facebook.com\/becooltravelagency\/","https:\/\/x.com\/becool_travel","https:\/\/www.instagram.com\/becooltravel_com\/","https:\/\/www.linkedin.com\/company\/becool-travel\/","https:\/\/www.youtube.com\/channel\/UCE7zRU3EVG1PgfXwQo-5uJw"]}]}},"jetpack_sharing_enabled":true,"_links":{"self":[{"href":"https:\/\/becooltravel.com\/sv\/wp-json\/wp\/v2\/product\/5397","targetHints":{"allow":["GET"]}}],"collection":[{"href":"https:\/\/becooltravel.com\/sv\/wp-json\/wp\/v2\/product"}],"about":[{"href":"https:\/\/becooltravel.com\/sv\/wp-json\/wp\/v2\/types\/product"}],"replies":[{"embeddable":true,"href":"https:\/\/becooltravel.com\/sv\/wp-json\/wp\/v2\/comments?post=5397"}],"wp:featuredmedia":[{"embeddable":true,"href":"https:\/\/becooltravel.com\/sv\/wp-json\/wp\/v2\/media\/5404"}],"wp:attachment":[{"href":"https:\/\/becooltravel.com\/sv\/wp-json\/wp\/v2\/media?parent=5397"}],"wp:term":[{"taxonomy":"product_brand","embeddable":true,"href":"https:\/\/becooltravel.com\/sv\/wp-json\/wp\/v2\/product_brand?post=5397"},{"taxonomy":"product_cat","embeddable":true,"href":"https:\/\/becooltravel.com\/sv\/wp-json\/wp\/v2\/product_cat?post=5397"},{"taxonomy":"product_tag","embeddable":true,"href":"https:\/\/becooltravel.com\/sv\/wp-json\/wp\/v2\/product_tag?post=5397"}],"curies":[{"name":"wp","href":"https:\/\/api.w.org\/{rel}","templated":true}]}}