{"id":5419,"date":"2020-07-03T14:24:29","date_gmt":"2020-07-03T14:24:29","guid":{"rendered":"https:\/\/becooltravel.com\/?post_type=product&#038;p=5419"},"modified":"2022-08-13T13:42:07","modified_gmt":"2022-08-13T13:42:07","slug":"the-last-reboubt-of-the-knights-templar-1400g","status":"publish","type":"product","link":"https:\/\/becooltravel.com\/sv\/produkt\/the-last-reboubt-of-the-riddarna-templar-1400g\/","title":{"rendered":"Promenader i riddarernas sista tvivel"},"content":{"rendered":"<p><strong>Grupper accepteras med minst 6 personer.<\/strong><\/p>\n<p>&nbsp;<\/p>\n<p>Tomar, v\u00e5rt hem f\u00f6r veckan, nominerades till Unescos v\u00e4rldsarvslista, och det \u00e4r med r\u00e4tta. Tomar och de omgivande omr\u00e5dena ligger p\u00e5 kanten av den lugna floden Nab\u00e3o och visar n\u00e5gra av de mest betydande och magnifika monumenten i hela landet. En riktig fest f\u00f6r sinnena ...<\/p>\n<p>Numera vibrerar regionen historia, lyxiga tr\u00e4dg\u00e5rdar, underbara kloster, slott och andra platser som l\u00e4nkar direkt till Templariddarna, Europas mest avg\u00f6rande medeltida samh\u00e4llen.<\/p>\n<div id=\"attachment_2750\" style=\"width: 1034px\" class=\"wp-caption alignnone\"><img data-recalc-dims=\"1\" decoding=\"async\" aria-describedby=\"caption-attachment-2750\" class=\"wp-image-2750 size-large\" title=\"Tomar centrum\" src=\"https:\/\/i0.wp.com\/legendatours.net\/wp-content\/uploads\/2020\/07\/tomar-1024x677.jpg?resize=1024%2C677&#038;ssl=1\" alt=\"Tomar centrum\" width=\"1024\" height=\"677\" \/><p id=\"caption-attachment-2750\" class=\"wp-caption-text\">Tomar spelar en stor roll i ett mycket viktigt skede i portugisisk historia.<\/p><\/div>\n<p>H\u00f6gst upp p\u00e5 kullen som stod ensam ovanf\u00f6r staden sedan 1100 -talet, var det dramatiska Convento de Cristo eller &quot;Kristi kloster&quot; i 900 \u00e5r huvudkontoret f\u00f6r Templariddarna i Portugal - de medeltida krigarmunkarna. H\u00e4rifr\u00e5n spreds deras inflytande \u00f6ver Europa.<\/p>\n<p>Den religi\u00f6sa ordningens historia grundades i Jerusalem 1118 och \u00e4r sammanfl\u00e4tad med Portugals grund och korst\u00e5g mot hedarna. Deras milit\u00e4ra st\u00f6d gav dem fr\u00e4msta platser f\u00f6r slott och mark, fr\u00e4mst placerade runt Tomar -regionen.<\/p>\n<p>Trots deras fruktansv\u00e4rda och stridh\u00e4rdade rykte har tempelriddarna l\u00e4rt sig m\u00e4n, dedikerade till att skydda resen\u00e4rer och pilgrimer fr\u00e5n alla religioner, inte bara kristna. De var stora statsm\u00e4n, politiskt skickliga, ekonomiska handlare, och de var tydligen allierade med det stora sj\u00f6manbr\u00f6draskapet som hade skapat ett v\u00e4rldsomfattande handelsimperium i fenicisk tid.<\/p>\n<div id=\"attachment_2746\" style=\"width: 1034px\" class=\"wp-caption alignnone\"><img data-recalc-dims=\"1\" decoding=\"async\" aria-describedby=\"caption-attachment-2746\" class=\"wp-image-2746 size-large\" title=\"Castelo almourol med b\u00e5t\" src=\"https:\/\/i0.wp.com\/legendatours.net\/wp-content\/uploads\/2020\/07\/castelo_almourol-1024x681.jpg?resize=1024%2C681&#038;ssl=1\" alt=\"Castelo almourol med b\u00e5t\" width=\"1024\" height=\"681\" \/><p id=\"caption-attachment-2746\" class=\"wp-caption-text\">Castelo almourol med b\u00e5t, den g\u00e5tfulla\u00a0<em>Almourol<\/em>\u00a0 Slottet \u00e4r ett av de mest emblematiska monumenten f\u00f6r den kristna \u00e5terer\u00f6vringen.<\/p><\/div>\n<p>Det b\u00f6r noteras att m\u00e5nga portugisiska uppt\u00e4cktsresande och kungligheter var tempelriddare och senare frimurare. M\u00e5nga tror att de portugisiska tempelridderna var medverkande till att Portugal f\u00f6rv\u00e4rvade sin transatlantiska koloni, Brasilien.<\/p>\n<p>Strax efter 1492, med judarnas utvisning fr\u00e5n Spanien, utvidgades staden Tomar ytterligare med tillstr\u00f6mningen av judiska flyktinghantverkare och handlare. Den mycket stora judiska minoriteten dynamiserade staden med nya aff\u00e4rer och f\u00e4rdigheter. Deras erfarenhet var avg\u00f6rande f\u00f6r framg\u00e5ngen med de nya handelsv\u00e4garna med Afrika. Den ursprungliga synagogen (den \u00e4ldsta i Portugal), vars byggnad best\u00e4lldes av Infante Dom Henrique (Henry the Navigator), st\u00e5r fortfarande kvar.<\/p>\n<p>Denna turn\u00e9 var utformad f\u00f6r \u00e4lskare av historia, kultur och tradition. Du kommer att bes\u00f6ka n\u00e5gra av de viktigaste historiska tempelriddarplatserna i v\u00e4rlden.<\/p>\n<p>Men det blir mycket mer \u00e4n att bara bes\u00f6ka slott och kloster. Vi kommer ocks\u00e5 att visa dig den underbara landsbygden och njuta av god mat och vin!<\/p>\n<p>Det finns mycket att se, men det kommer att finnas gott om tid att koppla av ocks\u00e5! V\u00e5r avsikt \u00e4r att du ska f\u00e5 en upplevelse f\u00f6r livet.<\/p>\n<p>Och som de s\u00e4ger: &quot;En g\u00e5ng sett, aldrig gl\u00f6mt ...&quot;<\/p>\n<div class=\"row\" style=\"display: flex;\">\n<div class=\"column\" style=\"flex: 45%;\">\n<p><iframe title=\"Tomar Tour 1 Portugal\" width=\"1080\" height=\"608\" src=\"https:\/\/www.youtube.com\/embed\/Vpbb-1EBy44?feature=oembed\" frameborder=\"0\" allow=\"accelerometer; autoplay; clipboard-write; encrypted-media; gyroscope; picture-in-picture\" allowfullscreen><\/iframe><\/p>\n<\/div>\n<div class=\"column\" style=\"flex: 10%;\"><\/div>\n<div class=\"column\" style=\"flex: 45%;\">\n<p><iframe title=\"Algarve Visto do Ar - Concelho de Olh\u00e3o\" width=\"1080\" height=\"608\" src=\"https:\/\/www.youtube.com\/embed\/MP6BCGjhkwQ?feature=oembed\" frameborder=\"0\" allow=\"accelerometer; autoplay; clipboard-write; encrypted-media; gyroscope; picture-in-picture\" allowfullscreen><\/iframe><\/p>\n<\/div>\n<\/div>","protected":false},"excerpt":{"rendered":"<p>Denna turn\u00e9 var utformad f\u00f6r \u00e4lskare av historia, kultur och tradition. Du kommer att bes\u00f6ka n\u00e5gra av de viktigaste historiska tempelriddarplatserna i v\u00e4rlden. Men det blir mycket mer \u00e4n att bara bes\u00f6ka slott och kloster. Vi kommer ocks\u00e5 att visa dig den underbara landsbygden och njuta av god mat och vin!<\/p>\n<p>Det finns mycket att se, men det kommer att finnas gott om tid att koppla av ocks\u00e5! V\u00e5r avsikt \u00e4r att du ska f\u00e5 en upplevelse f\u00f6r livet. Och som de s\u00e4ger: &quot;En g\u00e5ng sett, aldrig gl\u00f6mt ...&quot;<\/p>","protected":false},"featured_media":5455,"comment_status":"closed","ping_status":"closed","template":"","meta":{"_acf_changed":false,"inline_featured_image":false},"product_brand":[],"product_cat":[343,340,342,344,355],"product_tag":[112,1014,1204,897,243,204,959,55,56,78,314,956,315,749,750,815,1098,952,79,260,607,562,80,262,378,321,82,264,1105,1025,86,724,581,886,239,324,60,61],"class_list":{"0":"post-5419","1":"product","2":"type-product","3":"status-publish","4":"has-post-thumbnail","6":"product_cat-cultural-tours-and-holidays-in-portugal","7":"product_cat-guided-group-tours","8":"product_cat-portugal-guided-historical-holidays","9":"product_cat-guided-sightseeing-holidays-portugal","10":"product_cat-guided-walking-holidays-in-portugal","11":"product_tag-ancient-villages-and-castles","12":"product_tag-batalha","13":"product_tag-beautiful-walk","14":"product_tag-castle","15":"product_tag-charming-historical-towns","16":"product_tag-cultural-heritage","17":"product_tag-guided-tours","18":"product_tag-guided-walking-holidays","19":"product_tag-guided-walking-tours","20":"product_tag-headquarters-of-the-knights-templar","21":"product_tag-hiking","22":"product_tag-hiking-holidays","23":"product_tag-hiking-routes","24":"product_tag-hiking-tour","25":"product_tag-hiking-trails","26":"product_tag-historic","27":"product_tag-historic-monuments","28":"product_tag-historical-holidays","29":"product_tag-historical-templar-locations","30":"product_tag-history-and-heritage","31":"product_tag-holidays","32":"product_tag-inland-walks","33":"product_tag-knights-templar","34":"product_tag-medieval-castles","35":"product_tag-medieval-times","36":"product_tag-nature-walks","37":"product_tag-order-of-the-knights-templar","38":"product_tag-ribatejo","39":"product_tag-templar-castle","40":"product_tag-templars-knights","41":"product_tag-tomar","42":"product_tag-tours-in-portugal","43":"product_tag-traditional-villages","44":"product_tag-traditions","45":"product_tag-walking-sightseeing-tour","46":"product_tag-walking-experiences","47":"product_tag-walking-holidays","48":"product_tag-walking-tours","50":"first","51":"instock","52":"virtual","53":"sold-individually","54":"product-type-booking"},"acf":[],"yoast_head":"<!-- This site is optimized with the Yoast SEO Premium plugin v26.8 (Yoast SEO v27.4) - https:\/\/yoast.com\/product\/yoast-seo-premium-wordpress\/ -->\n<title>Walking in The Last Reboubt of the Knights Templar<\/title>\n<meta name=\"description\" content=\"Knights Templar probably best known from the book and the film \u201cThe Da Vinci Code\u201d. But there is much more to discover about these fabled mediaeval warrior monks. The Templars were founded in Jerusalem in 1118. However, their heyday was connected with the founding of Portugal and the crusades against the moors. This resulted in them being granted prime sites of castles and land primarily sited around the Tomar region. Despite their fearsome, battle-hardened reputation, the Knights Templar\" \/>\n<meta name=\"robots\" content=\"index, follow, max-snippet:-1, max-image-preview:large, max-video-preview:-1\" \/>\n<link rel=\"canonical\" href=\"https:\/\/becooltravel.com\/sv\/produkt\/the-last-reboubt-of-the-riddarna-templar-1400g\/\" \/>\n<meta property=\"og:locale\" content=\"sv_SE\" \/>\n<meta property=\"og:type\" content=\"article\" \/>\n<meta property=\"og:title\" content=\"Knights Templar are probably best known from the book and the film \u201cThe Da Vinci Code\u201d Walking tours Portugal\" \/>\n<meta property=\"og:description\" content=\"The Knights Templar are probably best known from the book and the film \u201cThe Da Vinci Code\u201d. But there is much more to discover about these fabled mediaeval warrior monks.The Templars were founded in Jerusalem in 1118. However, their heyday was connected with the founding of Portugal and the crusades against the moors. This resulted in them being granted prime sites of castles and land primarily sited around the Tomar region.Despite their fearsome, battle-hardened reputation, the Knights Templar were learned men, dedicated to protecting travellers and pilgrims of all religions, not just Christians. They were great statesmen, politically adept, economic traders, and they were apparently allied with the great sailor-fraternity that had created a worldwide trading empire in Phoenician times.\" \/>\n<meta property=\"og:url\" content=\"https:\/\/becooltravel.com\/sv\/produkt\/the-last-reboubt-of-the-riddarna-templar-1400g\/\" \/>\n<meta property=\"og:site_name\" content=\"BeCool Travel\" \/>\n<meta property=\"article:publisher\" content=\"https:\/\/www.facebook.com\/becooltravelagency\/\" \/>\n<meta property=\"article:modified_time\" content=\"2022-08-13T13:42:07+00:00\" \/>\n<meta property=\"og:image\" content=\"https:\/\/i0.wp.com\/becooltravel.com\/wp-content\/uploads\/sites\/5\/2020\/07\/castle_almourol.jpg?fit=1140%2C800&ssl=1\" \/>\n\t<meta property=\"og:image:width\" content=\"1140\" \/>\n\t<meta property=\"og:image:height\" content=\"800\" \/>\n\t<meta property=\"og:image:type\" content=\"image\/jpeg\" \/>\n<meta name=\"twitter:card\" content=\"summary_large_image\" \/>\n<meta name=\"twitter:title\" content=\"Knights Templar are probably best known from the book and the film \u201cThe Da Vinci Code\u201dPortugal walking\" \/>\n<meta name=\"twitter:description\" content=\"It should be noted that many Portuguese explorers and royalty were Knights Templar and later Masons. Many believe that the Portuguese Knights Templar were instrumental in Portugal acquiring its transatlantic colony, Brazil.The Order of the Temple was intimately connected with the free Masons both in Portugal and elsewhere in Europe. Their traditions were also steeped in Jewish mystic tradition.Just after 1492, with the expulsion of the Jews from Spain, the town of Tomar expanded further with the influx of Jewish refugee artisans and traders. The very large Jewish minority dynamized the city with new trades and skills. Their experience was vital in the success of the new trade routes with Africa. The original synagogue (the oldest in Portugal), whose building was ordered by the Infante Dom Henrique (Henry the Navigator), still stands.\" \/>\n<meta name=\"twitter:image\" content=\"https:\/\/i0.wp.com\/becooltravel.com\/wp-content\/uploads\/sites\/5\/2020\/07\/castle_almourol.jpg?fit=1140%2C800&ssl=1\" \/>\n<meta name=\"twitter:site\" content=\"@becool_travel\" \/>\n<meta name=\"twitter:label1\" content=\"Ber\u00e4knad l\u00e4stid\" \/>\n\t<meta name=\"twitter:data1\" content=\"3 minuter\" \/>\n<script type=\"application\/ld+json\" class=\"yoast-schema-graph\">{\"@context\":\"https:\\\/\\\/schema.org\",\"@graph\":[{\"@type\":[\"WebPage\",\"ItemPage\"],\"@id\":\"https:\\\/\\\/becooltravel.com\\\/product\\\/the-last-reboubt-of-the-knights-templar-1400g\\\/\",\"url\":\"https:\\\/\\\/becooltravel.com\\\/product\\\/the-last-reboubt-of-the-knights-templar-1400g\\\/\",\"name\":\"Walking in The Last Reboubt of the Knights Templar\",\"isPartOf\":{\"@id\":\"https:\\\/\\\/becooltravel.com\\\/#website\"},\"primaryImageOfPage\":{\"@id\":\"https:\\\/\\\/becooltravel.com\\\/product\\\/the-last-reboubt-of-the-knights-templar-1400g\\\/#primaryimage\"},\"image\":{\"@id\":\"https:\\\/\\\/becooltravel.com\\\/product\\\/the-last-reboubt-of-the-knights-templar-1400g\\\/#primaryimage\"},\"thumbnailUrl\":\"https:\\\/\\\/i0.wp.com\\\/becooltravel.com\\\/wp-content\\\/uploads\\\/sites\\\/5\\\/2020\\\/07\\\/castle_almourol.jpg?fit=1140%2C800&ssl=1\",\"datePublished\":\"2020-07-03T14:24:29+00:00\",\"dateModified\":\"2022-08-13T13:42:07+00:00\",\"description\":\"Knights Templar probably best known from the book and the film \u201cThe Da Vinci Code\u201d. But there is much more to discover about these fabled mediaeval warrior monks. The Templars were founded in Jerusalem in 1118. However, their heyday was connected with the founding of Portugal and the crusades against the moors. This resulted in them being granted prime sites of castles and land primarily sited around the Tomar region. Despite their fearsome, battle-hardened reputation, the Knights Templar\",\"breadcrumb\":{\"@id\":\"https:\\\/\\\/becooltravel.com\\\/product\\\/the-last-reboubt-of-the-knights-templar-1400g\\\/#breadcrumb\"},\"inLanguage\":\"sv-SE\",\"potentialAction\":[{\"@type\":\"ReadAction\",\"target\":[\"https:\\\/\\\/becooltravel.com\\\/product\\\/the-last-reboubt-of-the-knights-templar-1400g\\\/\"]}]},{\"@type\":\"ImageObject\",\"inLanguage\":\"sv-SE\",\"@id\":\"https:\\\/\\\/becooltravel.com\\\/product\\\/the-last-reboubt-of-the-knights-templar-1400g\\\/#primaryimage\",\"url\":\"https:\\\/\\\/i0.wp.com\\\/becooltravel.com\\\/wp-content\\\/uploads\\\/sites\\\/5\\\/2020\\\/07\\\/castle_almourol.jpg?fit=1140%2C800&ssl=1\",\"contentUrl\":\"https:\\\/\\\/i0.wp.com\\\/becooltravel.com\\\/wp-content\\\/uploads\\\/sites\\\/5\\\/2020\\\/07\\\/castle_almourol.jpg?fit=1140%2C800&ssl=1\",\"width\":1140,\"height\":800,\"caption\":\"Castelo almourol The Last Reboubt Of The Knights Templar\"},{\"@type\":\"BreadcrumbList\",\"@id\":\"https:\\\/\\\/becooltravel.com\\\/product\\\/the-last-reboubt-of-the-knights-templar-1400g\\\/#breadcrumb\",\"itemListElement\":[{\"@type\":\"ListItem\",\"position\":1,\"name\":\"Home\",\"item\":\"https:\\\/\\\/becooltravel.com\\\/\"},{\"@type\":\"ListItem\",\"position\":2,\"name\":\"Shop\",\"item\":\"https:\\\/\\\/becooltravel.com\\\/?page_id=5\"},{\"@type\":\"ListItem\",\"position\":3,\"name\":\"Walk through the narrow streets and spot the blue windows and doors, admire the ruins of\u00a0 castles and the old Towns in Portugal\",\"item\":\"https:\\\/\\\/becooltravel.com\\\/product-tag\\\/ancient-villages-and-castles\\\/\"},{\"@type\":\"ListItem\",\"position\":4,\"name\":\"Knights Templar are probably best known from the book and the film \u201cThe Da Vinci Code\u201d Walking holidays\"}]},{\"@type\":\"WebSite\",\"@id\":\"https:\\\/\\\/becooltravel.com\\\/#website\",\"url\":\"https:\\\/\\\/becooltravel.com\\\/\",\"name\":\"BeCool Travel\",\"description\":\"Sustainable holidays in Portugal for independent travelers\",\"publisher\":{\"@id\":\"https:\\\/\\\/becooltravel.com\\\/#organization\"},\"potentialAction\":[{\"@type\":\"SearchAction\",\"target\":{\"@type\":\"EntryPoint\",\"urlTemplate\":\"https:\\\/\\\/becooltravel.com\\\/?s={search_term_string}\"},\"query-input\":{\"@type\":\"PropertyValueSpecification\",\"valueRequired\":true,\"valueName\":\"search_term_string\"}}],\"inLanguage\":\"sv-SE\"},{\"@type\":\"Organization\",\"@id\":\"https:\\\/\\\/becooltravel.com\\\/#organization\",\"name\":\"BecoolTravel. com- Portugal\",\"url\":\"https:\\\/\\\/becooltravel.com\\\/\",\"logo\":{\"@type\":\"ImageObject\",\"inLanguage\":\"sv-SE\",\"@id\":\"https:\\\/\\\/becooltravel.com\\\/#\\\/schema\\\/logo\\\/image\\\/\",\"url\":\"https:\\\/\\\/becooltravel.com\\\/wp-content\\\/uploads\\\/sites\\\/5\\\/2020\\\/03\\\/Logo_BeCool.jpg\",\"contentUrl\":\"https:\\\/\\\/becooltravel.com\\\/wp-content\\\/uploads\\\/sites\\\/5\\\/2020\\\/03\\\/Logo_BeCool.jpg\",\"width\":534,\"height\":534,\"caption\":\"BecoolTravel. com- Portugal\"},\"image\":{\"@id\":\"https:\\\/\\\/becooltravel.com\\\/#\\\/schema\\\/logo\\\/image\\\/\"},\"sameAs\":[\"https:\\\/\\\/www.facebook.com\\\/becooltravelagency\\\/\",\"https:\\\/\\\/x.com\\\/becool_travel\",\"https:\\\/\\\/www.instagram.com\\\/becooltravel_com\\\/\",\"https:\\\/\\\/www.linkedin.com\\\/company\\\/becool-travel\\\/\",\"https:\\\/\\\/www.youtube.com\\\/channel\\\/UCE7zRU3EVG1PgfXwQo-5uJw\"]}]}<\/script>\n<!-- \/ Yoast SEO Premium plugin. -->","yoast_head_json":{"title":"Promenader i riddarernas sista tvivel","description":"Tempelriddare \u00e4r f\u00f6rmodligen mest k\u00e4nd fr\u00e5n boken och filmen &quot;Da Vinci-koden&quot;. Men det finns mycket mer att uppt\u00e4cka om dessa mytomspunna medeltida krigarmunkar. Tempelherrarna grundades i Jerusalem 1118. Deras storhetstid var dock kopplad till grundandet av Portugal och korst\u00e5gen mot morerna. Detta resulterade i att de tilldelades fr\u00e4msta platser med slott och mark som i f\u00f6rsta hand var bel\u00e4gen runt Tomar-regionen. Trots deras skr\u00e4ckinjagande, stridsh\u00e4rdade rykte, Tempelriddaren","robots":{"index":"index","follow":"follow","max-snippet":"max-snippet:-1","max-image-preview":"max-image-preview:large","max-video-preview":"max-video-preview:-1"},"canonical":"https:\/\/becooltravel.com\/sv\/produkt\/the-last-reboubt-of-the-riddarna-templar-1400g\/","og_locale":"sv_SE","og_type":"article","og_title":"Knights Templar are probably best known from the book and the film \u201cThe Da Vinci Code\u201d Walking tours Portugal","og_description":"The Knights Templar are probably best known from the book and the film \u201cThe Da Vinci Code\u201d. But there is much more to discover about these fabled mediaeval warrior monks.The Templars were founded in Jerusalem in 1118. However, their heyday was connected with the founding of Portugal and the crusades against the moors. This resulted in them being granted prime sites of castles and land primarily sited around the Tomar region.Despite their fearsome, battle-hardened reputation, the Knights Templar were learned men, dedicated to protecting travellers and pilgrims of all religions, not just Christians. They were great statesmen, politically adept, economic traders, and they were apparently allied with the great sailor-fraternity that had created a worldwide trading empire in Phoenician times.","og_url":"https:\/\/becooltravel.com\/sv\/produkt\/the-last-reboubt-of-the-riddarna-templar-1400g\/","og_site_name":"BeCool Travel","article_publisher":"https:\/\/www.facebook.com\/becooltravelagency\/","article_modified_time":"2022-08-13T13:42:07+00:00","og_image":[{"width":1140,"height":800,"url":"https:\/\/i0.wp.com\/becooltravel.com\/wp-content\/uploads\/sites\/5\/2020\/07\/castle_almourol.jpg?fit=1140%2C800&ssl=1","type":"image\/jpeg"}],"twitter_card":"summary_large_image","twitter_title":"Knights Templar are probably best known from the book and the film \u201cThe Da Vinci Code\u201dPortugal walking","twitter_description":"It should be noted that many Portuguese explorers and royalty were Knights Templar and later Masons. Many believe that the Portuguese Knights Templar were instrumental in Portugal acquiring its transatlantic colony, Brazil.The Order of the Temple was intimately connected with the free Masons both in Portugal and elsewhere in Europe. Their traditions were also steeped in Jewish mystic tradition.Just after 1492, with the expulsion of the Jews from Spain, the town of Tomar expanded further with the influx of Jewish refugee artisans and traders. The very large Jewish minority dynamized the city with new trades and skills. Their experience was vital in the success of the new trade routes with Africa. The original synagogue (the oldest in Portugal), whose building was ordered by the Infante Dom Henrique (Henry the Navigator), still stands.","twitter_image":"https:\/\/i0.wp.com\/becooltravel.com\/wp-content\/uploads\/sites\/5\/2020\/07\/castle_almourol.jpg?fit=1140%2C800&ssl=1","twitter_site":"@becool_travel","twitter_misc":{"Ber\u00e4knad l\u00e4stid":"3 minuter"},"schema":{"@context":"https:\/\/schema.org","@graph":[{"@type":["WebPage","ItemPage"],"@id":"https:\/\/becooltravel.com\/product\/the-last-reboubt-of-the-knights-templar-1400g\/","url":"https:\/\/becooltravel.com\/product\/the-last-reboubt-of-the-knights-templar-1400g\/","name":"Promenader i riddarernas sista tvivel","isPartOf":{"@id":"https:\/\/becooltravel.com\/#website"},"primaryImageOfPage":{"@id":"https:\/\/becooltravel.com\/product\/the-last-reboubt-of-the-knights-templar-1400g\/#primaryimage"},"image":{"@id":"https:\/\/becooltravel.com\/product\/the-last-reboubt-of-the-knights-templar-1400g\/#primaryimage"},"thumbnailUrl":"https:\/\/i0.wp.com\/becooltravel.com\/wp-content\/uploads\/sites\/5\/2020\/07\/castle_almourol.jpg?fit=1140%2C800&ssl=1","datePublished":"2020-07-03T14:24:29+00:00","dateModified":"2022-08-13T13:42:07+00:00","description":"Tempelriddare \u00e4r f\u00f6rmodligen mest k\u00e4nd fr\u00e5n boken och filmen &quot;Da Vinci-koden&quot;. Men det finns mycket mer att uppt\u00e4cka om dessa mytomspunna medeltida krigarmunkar. Tempelherrarna grundades i Jerusalem 1118. Deras storhetstid var dock kopplad till grundandet av Portugal och korst\u00e5gen mot morerna. Detta resulterade i att de tilldelades fr\u00e4msta platser med slott och mark som i f\u00f6rsta hand var bel\u00e4gen runt Tomar-regionen. Trots deras skr\u00e4ckinjagande, stridsh\u00e4rdade rykte, Tempelriddaren","breadcrumb":{"@id":"https:\/\/becooltravel.com\/product\/the-last-reboubt-of-the-knights-templar-1400g\/#breadcrumb"},"inLanguage":"sv-SE","potentialAction":[{"@type":"ReadAction","target":["https:\/\/becooltravel.com\/product\/the-last-reboubt-of-the-knights-templar-1400g\/"]}]},{"@type":"ImageObject","inLanguage":"sv-SE","@id":"https:\/\/becooltravel.com\/product\/the-last-reboubt-of-the-knights-templar-1400g\/#primaryimage","url":"https:\/\/i0.wp.com\/becooltravel.com\/wp-content\/uploads\/sites\/5\/2020\/07\/castle_almourol.jpg?fit=1140%2C800&ssl=1","contentUrl":"https:\/\/i0.wp.com\/becooltravel.com\/wp-content\/uploads\/sites\/5\/2020\/07\/castle_almourol.jpg?fit=1140%2C800&ssl=1","width":1140,"height":800,"caption":"Castelo almourol The Last Reboubt Of The Knights Templar"},{"@type":"BreadcrumbList","@id":"https:\/\/becooltravel.com\/product\/the-last-reboubt-of-the-knights-templar-1400g\/#breadcrumb","itemListElement":[{"@type":"ListItem","position":1,"name":"Home","item":"https:\/\/becooltravel.com\/"},{"@type":"ListItem","position":2,"name":"Shop","item":"https:\/\/becooltravel.com\/?page_id=5"},{"@type":"ListItem","position":3,"name":"Walk through the narrow streets and spot the blue windows and doors, admire the ruins of\u00a0 castles and the old Towns in Portugal","item":"https:\/\/becooltravel.com\/product-tag\/ancient-villages-and-castles\/"},{"@type":"ListItem","position":4,"name":"Knights Templar are probably best known from the book and the film \u201cThe Da Vinci Code\u201d Walking holidays"}]},{"@type":"WebSite","@id":"https:\/\/becooltravel.com\/#website","url":"https:\/\/becooltravel.com\/","name":"BeCool Travel","description":"H\u00e5llbar semester i Portugal f\u00f6r oberoende resen\u00e4rer","publisher":{"@id":"https:\/\/becooltravel.com\/#organization"},"potentialAction":[{"@type":"SearchAction","target":{"@type":"EntryPoint","urlTemplate":"https:\/\/becooltravel.com\/?s={search_term_string}"},"query-input":{"@type":"PropertyValueSpecification","valueRequired":true,"valueName":"search_term_string"}}],"inLanguage":"sv-SE"},{"@type":"Organization","@id":"https:\/\/becooltravel.com\/#organization","name":"BecoolTravel. com- Portugal","url":"https:\/\/becooltravel.com\/","logo":{"@type":"ImageObject","inLanguage":"sv-SE","@id":"https:\/\/becooltravel.com\/#\/schema\/logo\/image\/","url":"https:\/\/becooltravel.com\/wp-content\/uploads\/sites\/5\/2020\/03\/Logo_BeCool.jpg","contentUrl":"https:\/\/becooltravel.com\/wp-content\/uploads\/sites\/5\/2020\/03\/Logo_BeCool.jpg","width":534,"height":534,"caption":"BecoolTravel. com- Portugal"},"image":{"@id":"https:\/\/becooltravel.com\/#\/schema\/logo\/image\/"},"sameAs":["https:\/\/www.facebook.com\/becooltravelagency\/","https:\/\/x.com\/becool_travel","https:\/\/www.instagram.com\/becooltravel_com\/","https:\/\/www.linkedin.com\/company\/becool-travel\/","https:\/\/www.youtube.com\/channel\/UCE7zRU3EVG1PgfXwQo-5uJw"]}]}},"jetpack_sharing_enabled":true,"_links":{"self":[{"href":"https:\/\/becooltravel.com\/sv\/wp-json\/wp\/v2\/product\/5419","targetHints":{"allow":["GET"]}}],"collection":[{"href":"https:\/\/becooltravel.com\/sv\/wp-json\/wp\/v2\/product"}],"about":[{"href":"https:\/\/becooltravel.com\/sv\/wp-json\/wp\/v2\/types\/product"}],"replies":[{"embeddable":true,"href":"https:\/\/becooltravel.com\/sv\/wp-json\/wp\/v2\/comments?post=5419"}],"wp:featuredmedia":[{"embeddable":true,"href":"https:\/\/becooltravel.com\/sv\/wp-json\/wp\/v2\/media\/5455"}],"wp:attachment":[{"href":"https:\/\/becooltravel.com\/sv\/wp-json\/wp\/v2\/media?parent=5419"}],"wp:term":[{"taxonomy":"product_brand","embeddable":true,"href":"https:\/\/becooltravel.com\/sv\/wp-json\/wp\/v2\/product_brand?post=5419"},{"taxonomy":"product_cat","embeddable":true,"href":"https:\/\/becooltravel.com\/sv\/wp-json\/wp\/v2\/product_cat?post=5419"},{"taxonomy":"product_tag","embeddable":true,"href":"https:\/\/becooltravel.com\/sv\/wp-json\/wp\/v2\/product_tag?post=5419"}],"curies":[{"name":"wp","href":"https:\/\/api.w.org\/{rel}","templated":true}]}}