{"id":5420,"date":"2020-07-03T15:14:09","date_gmt":"2020-07-03T15:14:09","guid":{"rendered":"https:\/\/becooltravel.com\/?post_type=product&#038;p=5420"},"modified":"2022-08-14T13:02:01","modified_gmt":"2022-08-14T13:02:01","slug":"the-hidden-rivers-of-north-portugal-1600g","status":"publish","type":"product","link":"https:\/\/becooltravel.com\/sv\/produkt\/de-gomda-floder-i-norra-portugal-1600g-2\/","title":{"rendered":"Promenader i de dolda floderna i norra Portugal"},"content":{"rendered":"<p><strong>Grupper accepteras med minst 6 personer.<\/strong><\/p>\n<p>&nbsp;<\/p>\n<p>Denna veckas turn\u00e9 har tre av de vackraste och mest avl\u00e4gsna floderna i norra Portugal - Tamega, Paiva och Vouga.<\/p>\n<p>De flyter genom vilda och dolda landskap och extremt gamla omr\u00e5den, b\u00e5de historiskt och geologiskt. Omr\u00e5dena har sv\u00e5r \u00e5tkomst och detta har bevarat den stora m\u00e5ngfalden i den lokala fauna och flora.<\/p>\n<p>V\u00e5r turn\u00e9 tar oss i n\u00e4rmare kontakt med flodernas dolda hemligheter och de naturliga och historiska-kulturella omgivningarna.<\/p>\n<div id=\"attachment_2754\" style=\"width: 1034px\" class=\"wp-caption alignnone\"><img data-recalc-dims=\"1\" decoding=\"async\" aria-describedby=\"caption-attachment-2754\" class=\"wp-image-2754 size-large\" title=\"Vouga River slingrar sig till Sernada do Vouga omgiven av skogsmark\" src=\"https:\/\/i0.wp.com\/legendatours.net\/wp-content\/uploads\/2020\/07\/vouga_river_macinhata-1024x768.jpg?resize=1024%2C768&#038;ssl=1\" alt=\"Vouga River slingrar sig till Sernada do Vouga omgiven av skogsmark\" width=\"1024\" height=\"768\" \/><p id=\"caption-attachment-2754\" class=\"wp-caption-text\">Vouga River slingrar sig till Sernada do Vouga omgiven av skogsmark<\/p><\/div>\n<p>Vi anv\u00e4nder gamla sp\u00e5r, historiska t\u00e5gv\u00e4gar och nyare innovationer som de anm\u00e4rkningsv\u00e4rda Passadi\u00e7os do Paiva som ger tillg\u00e5ng till tidigare outforskade omr\u00e5den.<\/p>\n<p>V\u00e5ra tv\u00e5 centra, i vardera \u00e4nden av turn\u00e9n, ankar floderna och \u00e4r n\u00e4ra f\u00f6rbundna med dem.<\/p>\n<p>V\u00e5rt f\u00f6rsta centrum, Amarante, \u00e4ven k\u00e4nt som prinsessan i Tamega, \u00e4r en vacker stad med en fantastisk kombination av tradition, historia och natur.<\/p>\n<p>Floden T\u00e2mega g\u00e5r genom den h\u00e4r staden som har en magisk sagok\u00e4nsla, med eleganta torn med byggnader och tr\u00e4d som faller ner i floden.<\/p>\n<p>Fr\u00e5n Amarante \u00e5ker vi till v\u00e5rt andra centrum, Aveiro. Men p\u00e5 v\u00e4gen stannar vi f\u00f6rbi och g\u00e5r den extraordin\u00e4ra Passadi\u00e7os do Paiva.<\/p>\n<div id=\"attachment_2753\" style=\"width: 1034px\" class=\"wp-caption alignnone\"><img data-recalc-dims=\"1\" decoding=\"async\" aria-describedby=\"caption-attachment-2753\" class=\"wp-image-2753 size-large\" title=\"Passadi\u00e7os do Paiva den h\u00e4rliga floden Paiva\" src=\"https:\/\/i0.wp.com\/legendatours.net\/wp-content\/uploads\/2020\/07\/passadicos_do_paiva_walk-1024x683.jpg?resize=1024%2C683&#038;ssl=1\" alt=\"Passadi\u00e7os do Paiva den h\u00e4rliga floden Paiva\" width=\"1024\" height=\"683\" \/><p id=\"caption-attachment-2753\" class=\"wp-caption-text\">Passadi\u00e7os do Paiva den h\u00e4rliga floden Paiva<\/p><\/div>\n<p>Passadi\u00e7os ligger mitt i ett klassificerat omr\u00e5de av de europeiska och globala geoparksn\u00e4tverken, under ledning av UNESCO, ett avl\u00e4gset och vildt omr\u00e5de med oj\u00e4mn sk\u00f6nhet som delas upp av den snabbt str\u00f6mmande, &quot;spr\u00f6da&quot; floden Paiva i det svala, klara vattnet. .<\/p>\n<p>Till sist kommer vi till Aveiros Ria d\u00e4r floden Vouga m\u00f6ter havet i den breda mynningen som har anv\u00e4nts i \u00e5rhundraden f\u00f6r fiske, saltinsamling och sk\u00f6rd av t\u00e5ng med hj\u00e4lp av den f\u00e4rgglada &quot;Barcos moliceiros&quot;.<\/p>\n<div id=\"attachment_2575\" style=\"width: 1034px\" class=\"wp-caption alignnone\"><img data-recalc-dims=\"1\" decoding=\"async\" aria-describedby=\"caption-attachment-2575\" class=\"wp-image-2575 size-large\" title=\"Traditionella moliceirob\u00e5tar i Aveiro\" src=\"https:\/\/i0.wp.com\/legendatours.net\/wp-content\/uploads\/2020\/06\/aveiro_moliceiros-1024x683.jpeg?resize=1024%2C683&#038;ssl=1\" alt=\"Traditionella moliceirob\u00e5tar i Aveiro\" width=\"1024\" height=\"683\" \/><p id=\"caption-attachment-2575\" class=\"wp-caption-text\">Traditionella moliceirob\u00e5tar i Aveiro<\/p><\/div>\n<p>Aveiro har ofta kallats det portugisiska Venedig p\u00e5 grund av sina kanaler och charmiga broar. Sj\u00e4lva staden \u00e4r k\u00e4nd f\u00f6r sin keramik, m\u00e5nga exempel \u00e4r synliga \u00f6verallt. Detta \u00e4r verkligen en sensationell turn\u00e9 som kombinerar det b\u00e4sta av vad natur och m\u00e4nsklighet som arbetar i harmoni tillsammans kan skapa.<\/p>","protected":false},"excerpt":{"rendered":"<p>Denna veckas turn\u00e9 har tre av de vackraste och mest avl\u00e4gsna floderna i norra Portugal - Tamega, Paiva och Vouga.<\/p>\n<p>De flyter genom vilda och dolda landskap och extremt gamla omr\u00e5den, b\u00e5de historiskt och geologiskt. Omr\u00e5dena har sv\u00e5r \u00e5tkomst och detta har bevarat den stora m\u00e5ngfalden i den lokala fauna och flora.<\/p>\n<p>V\u00e5r turn\u00e9 tar oss i n\u00e4rmare kontakt med flodernas dolda hemligheter och de naturliga och historiska-kulturella omgivningarna.<\/p>\n<p>Vi anv\u00e4nder gamla sp\u00e5r, historiska t\u00e5gv\u00e4gar och nyare innovationer som de anm\u00e4rkningsv\u00e4rda Passadi\u00e7os do Paiva som ger tillg\u00e5ng till tidigare outforskade omr\u00e5den.<\/p>","protected":false},"featured_media":5462,"comment_status":"closed","ping_status":"closed","template":"","meta":{"_acf_changed":false,"inline_featured_image":false},"product_brand":[],"product_cat":[343,340,342,344,355],"product_tag":[102,241,587,936,204,221,442,579,104,115,459,546,261,625,384,939,321,189,106,107,301,790,1189,58,1037,108,945,110,724,581,886,87,111,213,60,61],"class_list":{"0":"post-5420","1":"product","2":"type-product","3":"status-publish","4":"has-post-thumbnail","6":"product_cat-cultural-tours-and-holidays-in-portugal","7":"product_cat-guided-group-tours","8":"product_cat-portugal-guided-historical-holidays","9":"product_cat-guided-sightseeing-holidays-portugal","10":"product_cat-guided-walking-holidays-in-portugal","11":"product_tag-amarante","12":"product_tag-amazing-hikes","13":"product_tag-amazing-walking","14":"product_tag-aveiro","15":"product_tag-cultural-heritage","16":"product_tag-fantastic-itinerary-of-walks","17":"product_tag-fauna-and-flora","18":"product_tag-green-landscape","19":"product_tag-hidden-landscapes","20":"product_tag-historic-buildings","21":"product_tag-historic-town","22":"product_tag-local-fauna","23":"product_tag-local-gastronomy","24":"product_tag-local-wines","25":"product_tag-magnificent-landscape","26":"product_tag-moliceiros","27":"product_tag-nature-walks","28":"product_tag-northern-portugal","29":"product_tag-paiva","30":"product_tag-passadicos-do-paiva","31":"product_tag-perfect-walking-holiday","32":"product_tag-picturesque-landscapes","33":"product_tag-pine-woodlands","34":"product_tag-portugal","35":"product_tag-private-group","36":"product_tag-ria-of-aveiro","37":"product_tag-river","38":"product_tag-tamega","39":"product_tag-tours-in-portugal","40":"product_tag-traditional-villages","41":"product_tag-traditions","42":"product_tag-unesco-world-heritage-site","43":"product_tag-vouga","44":"product_tag-walking-and-exploring","45":"product_tag-walking-holidays","46":"product_tag-walking-tours","48":"first","49":"instock","50":"virtual","51":"sold-individually","52":"product-type-booking"},"acf":[],"yoast_head":"<!-- This site is optimized with the Yoast SEO Premium plugin v26.8 (Yoast SEO v27.5) - https:\/\/yoast.com\/product\/yoast-seo-premium-wordpress\/ -->\n<title>Walking in The Hidden Rivers of North Portugal<\/title>\n<meta name=\"description\" content=\"Walking holiday features three of the most beautiful and remote rivers of Northern Portugal \u2013 the Tamega, the Paiva and the Vouga.\" \/>\n<meta name=\"robots\" content=\"index, follow, max-snippet:-1, max-image-preview:large, max-video-preview:-1\" \/>\n<link rel=\"canonical\" href=\"https:\/\/becooltravel.com\/sv\/produkt\/de-gomda-floder-i-norra-portugal-1600g-2\/\" \/>\n<meta property=\"og:locale\" content=\"sv_SE\" \/>\n<meta property=\"og:type\" content=\"article\" \/>\n<meta property=\"og:title\" content=\"Portugal Walking in hidden secrets of the rivers, and the natural and historical-cultural surroundings.\" \/>\n<meta property=\"og:description\" content=\"Our tour brings us into closer contact with the hidden secrets of the rivers, and the natural and historical-cultural surroundings.We use old trails, historic rail routes and newer innovations such as the remarkable Passadi\u00e7os do Paiva which allow access to previously unexplored areas.Our two centres, at either end of the tour, anchor the rivers and are intimately connected with them.Our first centre, Amarante, also known as the princess of the Tamega, is a beautiful town with an amazing combination of tradition, history and nature.The river T\u00e2mega runs through this town which has a magical fairytale feel to it, with elegant turreted buildings and trees drooping into the river.From Amarante we travel to our second centre, Aveiro. But, en route we stop by and walk the extraordinary Passadi\u00e7os do Paiva.\" \/>\n<meta property=\"og:url\" content=\"https:\/\/becooltravel.com\/sv\/produkt\/de-gomda-floder-i-norra-portugal-1600g-2\/\" \/>\n<meta property=\"og:site_name\" content=\"BeCool Travel\" \/>\n<meta property=\"article:publisher\" content=\"https:\/\/www.facebook.com\/becooltravelagency\/\" \/>\n<meta property=\"article:modified_time\" content=\"2022-08-14T13:02:01+00:00\" \/>\n<meta property=\"og:image\" content=\"https:\/\/i0.wp.com\/becooltravel.com\/wp-content\/uploads\/sites\/5\/2020\/07\/passadicos_do_paiva.jpg?fit=1200%2C800&ssl=1\" \/>\n\t<meta property=\"og:image:width\" content=\"1200\" \/>\n\t<meta property=\"og:image:height\" content=\"800\" \/>\n\t<meta property=\"og:image:type\" content=\"image\/jpeg\" \/>\n<meta name=\"twitter:card\" content=\"summary_large_image\" \/>\n<meta name=\"twitter:title\" content=\"Walking holidays in hidden secrets of the rivers, and the natural and historical-cultural surroundings.\" \/>\n<meta name=\"twitter:description\" content=\"The Passadi\u00e7os are in the middle of a classified area by the European and Global Geoparks Networks, under the auspices of UNESCO, a remote and wild area of rugged beauty bisected by the fast flowing, \u201cfrisky\u201d river Paiva of the cool, clear waters.Finally, at the end, we come to the Ria of Aveiro where the river Vouga meets the ocean in the wide estuary that has been worked for centuries for fishing, salt collection and seaweed harvesting using the colourful \u201cbarcos moliceiros\u201d.Aveiro has often been called the Portuguese Venice due to its canals and charming bridges. The town itself is famous for its ceramics, many examples of which are visible everywhere. This is truly a sensational tour combining the best of what nature and humankind working in harmony together can create.\" \/>\n<meta name=\"twitter:image\" content=\"https:\/\/i0.wp.com\/becooltravel.com\/wp-content\/uploads\/sites\/5\/2020\/07\/passadicos_do_paiva.jpg?fit=1200%2C800&ssl=1\" \/>\n<meta name=\"twitter:site\" content=\"@becool_travel\" \/>\n<meta name=\"twitter:label1\" content=\"Ber\u00e4knad l\u00e4stid\" \/>\n\t<meta name=\"twitter:data1\" content=\"3 minuter\" \/>\n<script type=\"application\/ld+json\" class=\"yoast-schema-graph\">{\"@context\":\"https:\\\/\\\/schema.org\",\"@graph\":[{\"@type\":[\"WebPage\",\"ItemPage\"],\"@id\":\"https:\\\/\\\/becooltravel.com\\\/product\\\/the-hidden-rivers-of-north-portugal-1600g\\\/\",\"url\":\"https:\\\/\\\/becooltravel.com\\\/product\\\/the-hidden-rivers-of-north-portugal-1600g\\\/\",\"name\":\"Walking in The Hidden Rivers of North Portugal\",\"isPartOf\":{\"@id\":\"https:\\\/\\\/becooltravel.com\\\/#website\"},\"primaryImageOfPage\":{\"@id\":\"https:\\\/\\\/becooltravel.com\\\/product\\\/the-hidden-rivers-of-north-portugal-1600g\\\/#primaryimage\"},\"image\":{\"@id\":\"https:\\\/\\\/becooltravel.com\\\/product\\\/the-hidden-rivers-of-north-portugal-1600g\\\/#primaryimage\"},\"thumbnailUrl\":\"https:\\\/\\\/i0.wp.com\\\/becooltravel.com\\\/wp-content\\\/uploads\\\/sites\\\/5\\\/2020\\\/07\\\/passadicos_do_paiva.jpg?fit=1200%2C800&ssl=1\",\"datePublished\":\"2020-07-03T15:14:09+00:00\",\"dateModified\":\"2022-08-14T13:02:01+00:00\",\"description\":\"Walking holiday features three of the most beautiful and remote rivers of Northern Portugal \u2013 the Tamega, the Paiva and the Vouga.\",\"breadcrumb\":{\"@id\":\"https:\\\/\\\/becooltravel.com\\\/product\\\/the-hidden-rivers-of-north-portugal-1600g\\\/#breadcrumb\"},\"inLanguage\":\"sv-SE\",\"potentialAction\":[{\"@type\":\"ReadAction\",\"target\":[\"https:\\\/\\\/becooltravel.com\\\/product\\\/the-hidden-rivers-of-north-portugal-1600g\\\/\"]}]},{\"@type\":\"ImageObject\",\"inLanguage\":\"sv-SE\",\"@id\":\"https:\\\/\\\/becooltravel.com\\\/product\\\/the-hidden-rivers-of-north-portugal-1600g\\\/#primaryimage\",\"url\":\"https:\\\/\\\/i0.wp.com\\\/becooltravel.com\\\/wp-content\\\/uploads\\\/sites\\\/5\\\/2020\\\/07\\\/passadicos_do_paiva.jpg?fit=1200%2C800&ssl=1\",\"contentUrl\":\"https:\\\/\\\/i0.wp.com\\\/becooltravel.com\\\/wp-content\\\/uploads\\\/sites\\\/5\\\/2020\\\/07\\\/passadicos_do_paiva.jpg?fit=1200%2C800&ssl=1\",\"width\":1200,\"height\":800,\"caption\":\"Passadi\u00e7os do Paiva\"},{\"@type\":\"BreadcrumbList\",\"@id\":\"https:\\\/\\\/becooltravel.com\\\/product\\\/the-hidden-rivers-of-north-portugal-1600g\\\/#breadcrumb\",\"itemListElement\":[{\"@type\":\"ListItem\",\"position\":1,\"name\":\"Home\",\"item\":\"https:\\\/\\\/becooltravel.com\\\/\"},{\"@type\":\"ListItem\",\"position\":2,\"name\":\"Shop\",\"item\":\"https:\\\/\\\/becooltravel.com\\\/?page_id=5\"},{\"@type\":\"ListItem\",\"position\":3,\"name\":\"Amarante\",\"item\":\"https:\\\/\\\/becooltravel.com\\\/de\\\/produkt-tag-4\\\/amarante\\\/\"},{\"@type\":\"ListItem\",\"position\":4,\"name\":\"Walking in Portugal hidden secrets of the rivers, and the natural and historical-cultural surroundings.\"}]},{\"@type\":\"WebSite\",\"@id\":\"https:\\\/\\\/becooltravel.com\\\/#website\",\"url\":\"https:\\\/\\\/becooltravel.com\\\/\",\"name\":\"BeCool Travel\",\"description\":\"Sustainable holidays in Portugal for independent travelers\",\"publisher\":{\"@id\":\"https:\\\/\\\/becooltravel.com\\\/#organization\"},\"potentialAction\":[{\"@type\":\"SearchAction\",\"target\":{\"@type\":\"EntryPoint\",\"urlTemplate\":\"https:\\\/\\\/becooltravel.com\\\/?s={search_term_string}\"},\"query-input\":{\"@type\":\"PropertyValueSpecification\",\"valueRequired\":true,\"valueName\":\"search_term_string\"}}],\"inLanguage\":\"sv-SE\"},{\"@type\":\"Organization\",\"@id\":\"https:\\\/\\\/becooltravel.com\\\/#organization\",\"name\":\"BecoolTravel. com- Portugal\",\"url\":\"https:\\\/\\\/becooltravel.com\\\/\",\"logo\":{\"@type\":\"ImageObject\",\"inLanguage\":\"sv-SE\",\"@id\":\"https:\\\/\\\/becooltravel.com\\\/#\\\/schema\\\/logo\\\/image\\\/\",\"url\":\"https:\\\/\\\/becooltravel.com\\\/wp-content\\\/uploads\\\/sites\\\/5\\\/2020\\\/03\\\/Logo_BeCool.jpg\",\"contentUrl\":\"https:\\\/\\\/becooltravel.com\\\/wp-content\\\/uploads\\\/sites\\\/5\\\/2020\\\/03\\\/Logo_BeCool.jpg\",\"width\":534,\"height\":534,\"caption\":\"BecoolTravel. com- Portugal\"},\"image\":{\"@id\":\"https:\\\/\\\/becooltravel.com\\\/#\\\/schema\\\/logo\\\/image\\\/\"},\"sameAs\":[\"https:\\\/\\\/www.facebook.com\\\/becooltravelagency\\\/\",\"https:\\\/\\\/x.com\\\/becool_travel\",\"https:\\\/\\\/www.instagram.com\\\/becooltravel_com\\\/\",\"https:\\\/\\\/www.linkedin.com\\\/company\\\/becool-travel\\\/\",\"https:\\\/\\\/www.youtube.com\\\/channel\\\/UCE7zRU3EVG1PgfXwQo-5uJw\"]}]}<\/script>\n<!-- \/ Yoast SEO Premium plugin. -->","yoast_head_json":{"title":"Promenader i de dolda floderna i norra Portugal","description":"Vandringssemestern har tre av de vackraste och mest avl\u00e4gsna floderna i norra Portugal - Tamega, Paiva och Vouga.","robots":{"index":"index","follow":"follow","max-snippet":"max-snippet:-1","max-image-preview":"max-image-preview:large","max-video-preview":"max-video-preview:-1"},"canonical":"https:\/\/becooltravel.com\/sv\/produkt\/de-gomda-floder-i-norra-portugal-1600g-2\/","og_locale":"sv_SE","og_type":"article","og_title":"Portugal Walking in hidden secrets of the rivers, and the natural and historical-cultural surroundings.","og_description":"Our tour brings us into closer contact with the hidden secrets of the rivers, and the natural and historical-cultural surroundings.We use old trails, historic rail routes and newer innovations such as the remarkable Passadi\u00e7os do Paiva which allow access to previously unexplored areas.Our two centres, at either end of the tour, anchor the rivers and are intimately connected with them.Our first centre, Amarante, also known as the princess of the Tamega, is a beautiful town with an amazing combination of tradition, history and nature.The river T\u00e2mega runs through this town which has a magical fairytale feel to it, with elegant turreted buildings and trees drooping into the river.From Amarante we travel to our second centre, Aveiro. But, en route we stop by and walk the extraordinary Passadi\u00e7os do Paiva.","og_url":"https:\/\/becooltravel.com\/sv\/produkt\/de-gomda-floder-i-norra-portugal-1600g-2\/","og_site_name":"BeCool Travel","article_publisher":"https:\/\/www.facebook.com\/becooltravelagency\/","article_modified_time":"2022-08-14T13:02:01+00:00","og_image":[{"width":1200,"height":800,"url":"https:\/\/i0.wp.com\/becooltravel.com\/wp-content\/uploads\/sites\/5\/2020\/07\/passadicos_do_paiva.jpg?fit=1200%2C800&ssl=1","type":"image\/jpeg"}],"twitter_card":"summary_large_image","twitter_title":"Walking holidays in hidden secrets of the rivers, and the natural and historical-cultural surroundings.","twitter_description":"The Passadi\u00e7os are in the middle of a classified area by the European and Global Geoparks Networks, under the auspices of UNESCO, a remote and wild area of rugged beauty bisected by the fast flowing, \u201cfrisky\u201d river Paiva of the cool, clear waters.Finally, at the end, we come to the Ria of Aveiro where the river Vouga meets the ocean in the wide estuary that has been worked for centuries for fishing, salt collection and seaweed harvesting using the colourful \u201cbarcos moliceiros\u201d.Aveiro has often been called the Portuguese Venice due to its canals and charming bridges. The town itself is famous for its ceramics, many examples of which are visible everywhere. This is truly a sensational tour combining the best of what nature and humankind working in harmony together can create.","twitter_image":"https:\/\/i0.wp.com\/becooltravel.com\/wp-content\/uploads\/sites\/5\/2020\/07\/passadicos_do_paiva.jpg?fit=1200%2C800&ssl=1","twitter_site":"@becool_travel","twitter_misc":{"Ber\u00e4knad l\u00e4stid":"3 minuter"},"schema":{"@context":"https:\/\/schema.org","@graph":[{"@type":["WebPage","ItemPage"],"@id":"https:\/\/becooltravel.com\/product\/the-hidden-rivers-of-north-portugal-1600g\/","url":"https:\/\/becooltravel.com\/product\/the-hidden-rivers-of-north-portugal-1600g\/","name":"Promenader i de dolda floderna i norra Portugal","isPartOf":{"@id":"https:\/\/becooltravel.com\/#website"},"primaryImageOfPage":{"@id":"https:\/\/becooltravel.com\/product\/the-hidden-rivers-of-north-portugal-1600g\/#primaryimage"},"image":{"@id":"https:\/\/becooltravel.com\/product\/the-hidden-rivers-of-north-portugal-1600g\/#primaryimage"},"thumbnailUrl":"https:\/\/i0.wp.com\/becooltravel.com\/wp-content\/uploads\/sites\/5\/2020\/07\/passadicos_do_paiva.jpg?fit=1200%2C800&ssl=1","datePublished":"2020-07-03T15:14:09+00:00","dateModified":"2022-08-14T13:02:01+00:00","description":"Vandringssemestern har tre av de vackraste och mest avl\u00e4gsna floderna i norra Portugal - Tamega, Paiva och Vouga.","breadcrumb":{"@id":"https:\/\/becooltravel.com\/product\/the-hidden-rivers-of-north-portugal-1600g\/#breadcrumb"},"inLanguage":"sv-SE","potentialAction":[{"@type":"ReadAction","target":["https:\/\/becooltravel.com\/product\/the-hidden-rivers-of-north-portugal-1600g\/"]}]},{"@type":"ImageObject","inLanguage":"sv-SE","@id":"https:\/\/becooltravel.com\/product\/the-hidden-rivers-of-north-portugal-1600g\/#primaryimage","url":"https:\/\/i0.wp.com\/becooltravel.com\/wp-content\/uploads\/sites\/5\/2020\/07\/passadicos_do_paiva.jpg?fit=1200%2C800&ssl=1","contentUrl":"https:\/\/i0.wp.com\/becooltravel.com\/wp-content\/uploads\/sites\/5\/2020\/07\/passadicos_do_paiva.jpg?fit=1200%2C800&ssl=1","width":1200,"height":800,"caption":"Passadi\u00e7os do Paiva"},{"@type":"BreadcrumbList","@id":"https:\/\/becooltravel.com\/product\/the-hidden-rivers-of-north-portugal-1600g\/#breadcrumb","itemListElement":[{"@type":"ListItem","position":1,"name":"Home","item":"https:\/\/becooltravel.com\/"},{"@type":"ListItem","position":2,"name":"Shop","item":"https:\/\/becooltravel.com\/?page_id=5"},{"@type":"ListItem","position":3,"name":"Amarante","item":"https:\/\/becooltravel.com\/de\/produkt-tag-4\/amarante\/"},{"@type":"ListItem","position":4,"name":"Walking in Portugal hidden secrets of the rivers, and the natural and historical-cultural surroundings."}]},{"@type":"WebSite","@id":"https:\/\/becooltravel.com\/#website","url":"https:\/\/becooltravel.com\/","name":"BeCool Travel","description":"H\u00e5llbar semester i Portugal f\u00f6r oberoende resen\u00e4rer","publisher":{"@id":"https:\/\/becooltravel.com\/#organization"},"potentialAction":[{"@type":"SearchAction","target":{"@type":"EntryPoint","urlTemplate":"https:\/\/becooltravel.com\/?s={search_term_string}"},"query-input":{"@type":"PropertyValueSpecification","valueRequired":true,"valueName":"search_term_string"}}],"inLanguage":"sv-SE"},{"@type":"Organization","@id":"https:\/\/becooltravel.com\/#organization","name":"BecoolTravel. com- Portugal","url":"https:\/\/becooltravel.com\/","logo":{"@type":"ImageObject","inLanguage":"sv-SE","@id":"https:\/\/becooltravel.com\/#\/schema\/logo\/image\/","url":"https:\/\/becooltravel.com\/wp-content\/uploads\/sites\/5\/2020\/03\/Logo_BeCool.jpg","contentUrl":"https:\/\/becooltravel.com\/wp-content\/uploads\/sites\/5\/2020\/03\/Logo_BeCool.jpg","width":534,"height":534,"caption":"BecoolTravel. com- Portugal"},"image":{"@id":"https:\/\/becooltravel.com\/#\/schema\/logo\/image\/"},"sameAs":["https:\/\/www.facebook.com\/becooltravelagency\/","https:\/\/x.com\/becool_travel","https:\/\/www.instagram.com\/becooltravel_com\/","https:\/\/www.linkedin.com\/company\/becool-travel\/","https:\/\/www.youtube.com\/channel\/UCE7zRU3EVG1PgfXwQo-5uJw"]}]}},"jetpack_sharing_enabled":true,"_links":{"self":[{"href":"https:\/\/becooltravel.com\/sv\/wp-json\/wp\/v2\/product\/5420","targetHints":{"allow":["GET"]}}],"collection":[{"href":"https:\/\/becooltravel.com\/sv\/wp-json\/wp\/v2\/product"}],"about":[{"href":"https:\/\/becooltravel.com\/sv\/wp-json\/wp\/v2\/types\/product"}],"replies":[{"embeddable":true,"href":"https:\/\/becooltravel.com\/sv\/wp-json\/wp\/v2\/comments?post=5420"}],"wp:featuredmedia":[{"embeddable":true,"href":"https:\/\/becooltravel.com\/sv\/wp-json\/wp\/v2\/media\/5462"}],"wp:attachment":[{"href":"https:\/\/becooltravel.com\/sv\/wp-json\/wp\/v2\/media?parent=5420"}],"wp:term":[{"taxonomy":"product_brand","embeddable":true,"href":"https:\/\/becooltravel.com\/sv\/wp-json\/wp\/v2\/product_brand?post=5420"},{"taxonomy":"product_cat","embeddable":true,"href":"https:\/\/becooltravel.com\/sv\/wp-json\/wp\/v2\/product_cat?post=5420"},{"taxonomy":"product_tag","embeddable":true,"href":"https:\/\/becooltravel.com\/sv\/wp-json\/wp\/v2\/product_tag?post=5420"}],"curies":[{"name":"wp","href":"https:\/\/api.w.org\/{rel}","templated":true}]}}