{"id":5432,"date":"2020-07-06T16:21:05","date_gmt":"2020-07-06T16:21:05","guid":{"rendered":"https:\/\/becooltravel.com\/?post_type=product&#038;p=5432"},"modified":"2022-08-14T13:17:08","modified_gmt":"2022-08-14T13:17:08","slug":"peneda-national-park-portugals-hidden-wilderness-11300g","status":"publish","type":"product","link":"https:\/\/becooltravel.com\/sv\/produkt\/peneda-nationalpark-portugals-dolda-vildmark-11300g\/","title":{"rendered":"Promenad i Peneda National Park: Portugals dolda vildmark"},"content":{"rendered":"<p><strong>Grupper accepteras med minst 6 personer.<\/strong><\/p>\n<p>&nbsp;<\/p>\n<p>Peneda-Ger\u00eas nationalpark \u00e4r en uppvisning av fantastiska landskap och \u00e4r en uts\u00f6kt milj\u00f6 med enast\u00e5ende sk\u00f6nhet.<\/p>\n<p>I detta h\u00f6ga land \u00e4r luften kristallin och vattnet rent.<\/p>\n<p>Denna nationalpark inneh\u00e5ller n\u00e5gra av de vackraste och mest varierade landskap som finns i hela landet och h\u00e4r hittar du ett \u00f6verfl\u00f6d av s\u00e4llsynta vilda blommor, rovf\u00e5glar, flockar av vilda h\u00e4star och annat vilda djur.<\/p>\n<div id=\"attachment_2778\" style=\"width: 1034px\" class=\"wp-caption alignnone\"><img data-recalc-dims=\"1\" decoding=\"async\" aria-describedby=\"caption-attachment-2778\" class=\"wp-image-2778 size-large\" title=\"Peneda Sanctuary - Peneda National Park Portugal\" src=\"https:\/\/i0.wp.com\/legendatours.net\/wp-content\/uploads\/2020\/07\/Sanctuary_Peneda-1024x768.jpg?resize=1024%2C768&#038;ssl=1\" alt=\"Peneda Sanctuary - Peneda National Park Portugal\" width=\"1024\" height=\"768\" \/><p id=\"caption-attachment-2778\" class=\"wp-caption-text\">Peneda Sanctuary \u2013 Peneda National Park Portugal<\/p><\/div>\n<p>V\u00e5r semester med tv\u00e5 centrum i nordv\u00e4stra delen av parken \u00e4r centrerad i Serra da Peneda. Den \u00e4r utformad s\u00e5 att du bes\u00f6ker de mest spektakul\u00e4ra och intressanta delarna av dessa berg.<\/p>\n<p>V\u00e5ra anm\u00e4rkningsv\u00e4rt varierade vandringar kommer att cirkulera Meadinhas dramatiska klippor och granitlandskap och f\u00f6lja ur\u00e5ldriga stigar nedf\u00f6r floden Penedas frodiga dal.<\/p>\n<p>Den n\u00e5got avl\u00e4gsna platsen har skyddat parken. Du kommer inte bara att njuta av regionens sk\u00f6nhet, fr\u00e5n dramatiska b\u00f6ljande hedar till h\u00f6ga granitklippor, utan ocks\u00e5 bes\u00f6ka m\u00e5nga av de gamla byarna som \u00e4r utspridda p\u00e5 landsbygden och njuta av bergsfolkets legendariska g\u00e4stfrihet.<\/p>\n<p>V\u00e5rt f\u00f6rsta centrum ligger i bergsbyn Castro Laboreiro med utsikt \u00f6ver dess antika slott.<\/p>\n<div id=\"attachment_2777\" style=\"width: 1034px\" class=\"wp-caption alignnone\"><img data-recalc-dims=\"1\" decoding=\"async\" aria-describedby=\"caption-attachment-2777\" class=\"wp-image-2777 size-large\" title=\"Gruppvandring i Peneda National Park Portugal\" src=\"https:\/\/i0.wp.com\/legendatours.net\/wp-content\/uploads\/2020\/07\/geres_moorland-1024x731.jpg?resize=1024%2C731&#038;ssl=1\" alt=\"Gruppvandring i Peneda National Park Portugal\" width=\"1024\" height=\"731\" \/><p id=\"caption-attachment-2777\" class=\"wp-caption-text\">Gruppvandring i Peneda National Park Portugal<\/p><\/div>\n<p>Isolerade traditionella byar med h\u00f6ga bergs\u00e4ngar och b\u00f6ljande hedar str\u00e4cker sig till gr\u00e4nsen mot Spanien i \u00f6ster. Men g\u00e5 ut fr\u00e5n hotellet i v\u00e4ster och vi \u00e4r bland h\u00f6ga granitklippor och g\u00f6mda tr\u00e4dbevuxna dalar.<\/p>\n<p>Byn med sina kaf\u00e9er och ett anm\u00e4rkningsv\u00e4rt bekv\u00e4mt och v\u00e4lutrustat hotell ger oss den idealiska platsen att utforska och sedan koppla av i slutet av dagen.<\/p>\n<p>Vi kan g\u00e5 \u00f6ver bergen till v\u00e5r andra plats i den vackra, avl\u00e4gsna men \u00e4nd\u00e5 ber\u00f6mda helgedomen Nossa Senhora da Peneda.<\/p>\n<p>V\u00e5rt hotell i Peneda, en g\u00e5ng pilgrimernas vandrarhem, har p\u00e5 ett fantasifullt s\u00e4tt omvandlats till ett h\u00f6gkvalitativt hotell. Det ligger p\u00e5 ena sidan av helgedomen med en bakgrund av tr\u00e4d, klippor och vattenfall med den stora trappan till helgedomen som g\u00e5r ner i dalen nedanf\u00f6r.<\/p>","protected":false},"excerpt":{"rendered":"<p>Peneda-Ger\u00eas nationalpark \u00e4r en uppvisning av fantastiska landskap och \u00e4r en uts\u00f6kt milj\u00f6 med enast\u00e5ende sk\u00f6nhet.<\/p>\n<p>I detta h\u00f6ga land \u00e4r luften kristallin och vattnet rent.<\/p>\n<p>Denna nationalpark inneh\u00e5ller n\u00e5gra av de vackraste och mest varierade landskap som finns i hela landet och h\u00e4r hittar du ett \u00f6verfl\u00f6d av s\u00e4llsynta vilda blommor, rovf\u00e5glar, flockar av vilda h\u00e4star och annat vilda djur.<\/p>","protected":false},"featured_media":5488,"comment_status":"closed","ping_status":"closed","template":"","meta":{"_acf_changed":false,"inline_featured_image":false},"product_brand":[],"product_cat":[343,340,342,344,355],"product_tag":[587,203,1253,726,221,627,579,55,104,751,1129,384,478,133,73,321,754,189,210,727,1278,74,70,301,83,1097,520,581,886,1236,308],"class_list":{"0":"post-5432","1":"product","2":"type-product","3":"status-publish","4":"has-post-thumbnail","6":"product_cat-cultural-tours-and-holidays-in-portugal","7":"product_cat-guided-group-tours","8":"product_cat-portugal-guided-historical-holidays","9":"product_cat-guided-sightseeing-holidays-portugal","10":"product_cat-guided-walking-holidays-in-portugal","11":"product_tag-amazing-walking","12":"product_tag-beautiful-landscapes","13":"product_tag-best-of-portugal","14":"product_tag-castro-laboreiro","15":"product_tag-fantastic-itinerary-of-walks","16":"product_tag-finest-walking-centres","17":"product_tag-green-landscape","18":"product_tag-guided-walking-holidays","19":"product_tag-hidden-landscapes","20":"product_tag-holiday-activities-walking-guides","21":"product_tag-holidays-in-portugal","22":"product_tag-magnificent-landscape","23":"product_tag-natural-park","24":"product_tag-natural-reserves","25":"product_tag-natural-scenery","26":"product_tag-nature-walks","27":"product_tag-north-of-portugal","28":"product_tag-northern-portugal","29":"product_tag-panoramic-views-in-portugal","30":"product_tag-peneda","31":"product_tag-peneda-geres","32":"product_tag-peneda-geres-national-park","33":"product_tag-peneda-geres-walking","34":"product_tag-perfect-walking-holiday","35":"product_tag-portugal-great-food-and-wine","36":"product_tag-small-group","37":"product_tag-traditional-houses","38":"product_tag-traditional-villages","39":"product_tag-traditions","40":"product_tag-walking-along-quiet-paths","41":"product_tag-walking-trails","43":"first","44":"instock","45":"virtual","46":"sold-individually","47":"product-type-booking"},"acf":[],"yoast_head":"<!-- This site is optimized with the Yoast SEO Premium plugin v26.8 (Yoast SEO v27.5) - https:\/\/yoast.com\/product\/yoast-seo-premium-wordpress\/ -->\n<title>Walking in Peneda National Park: Portugal&#039;s Hidden Wilderness<\/title>\n<meta name=\"description\" content=\"Walking holiday in traditional villages with high mountain meadows and rolling moorland stretch to the frontier with Spain. Yet, walk out of the hotel to the west and we are amongst towering granite crags and hidden wooded valleys.The village with its caf\u00e9s and a remarkably comfortable and well-appointed hotel gives us the ideal place from which to explore and then to relax at the end of our day.We are able to walk across the mountains to our second location in the beautiful, remote, yet famous, sanctuary of Nossa Senhora da Peneda.\" \/>\n<meta name=\"robots\" content=\"index, follow, max-snippet:-1, max-image-preview:large, max-video-preview:-1\" \/>\n<link rel=\"canonical\" href=\"https:\/\/becooltravel.com\/sv\/produkt\/peneda-nationalpark-portugals-dolda-vildmark-11300g\/\" \/>\n<meta property=\"og:locale\" content=\"sv_SE\" \/>\n<meta property=\"og:type\" content=\"article\" \/>\n<meta property=\"og:title\" content=\"Walking holidays in Peneda National Park: Portugal\u2019s Hidden Wilderness\" \/>\n<meta property=\"og:description\" content=\"Isolated traditional villages with high mountain meadows and rolling moorland stretch to the frontier with Spain to the east. Yet, walk out of the hotel to the west and we are amongst towering granite crags and hidden wooded valleys.The village with its caf\u00e9s and a remarkably comfortable and well-appointed hotel gives us the ideal place from which to explore and then to relax at the end of our day.We are able to walk across the mountains to our second location in the beautiful, remote, yet famous, sanctuary of Nossa Senhora da Peneda.\" \/>\n<meta property=\"og:url\" content=\"https:\/\/becooltravel.com\/sv\/produkt\/peneda-nationalpark-portugals-dolda-vildmark-11300g\/\" \/>\n<meta property=\"og:site_name\" content=\"BeCool Travel\" \/>\n<meta property=\"article:publisher\" content=\"https:\/\/www.facebook.com\/becooltravelagency\/\" \/>\n<meta property=\"article:modified_time\" content=\"2022-08-14T13:17:08+00:00\" \/>\n<meta property=\"og:image\" content=\"https:\/\/i0.wp.com\/becooltravel.com\/wp-content\/uploads\/sites\/5\/2020\/07\/geres_moorland.jpg?fit=1121%2C800&ssl=1\" \/>\n\t<meta property=\"og:image:width\" content=\"1121\" \/>\n\t<meta property=\"og:image:height\" content=\"800\" \/>\n\t<meta property=\"og:image:type\" content=\"image\/jpeg\" \/>\n<meta name=\"twitter:card\" content=\"summary_large_image\" \/>\n<meta name=\"twitter:title\" content=\"Walking tours in Peneda National Park: Portugal\u2019s Hidden Wilderness\" \/>\n<meta name=\"twitter:description\" content=\"This national park contains some of the most beautiful and varied scenery found in the whole of the country and here you\u2019ll find an abundance of rare wild flowers, birds of prey, herds of wild horses and other wildlife.Our two-centre holiday in the northwest of the Park is centred in the Serra da Peneda. It is designed so that you visit the most spectacular and interesting parts of these mountains.Our remarkably varied walks will circle the dramatic crags and granite landscape of Meadinha and follow ancient trails down the lush valley of the river Peneda.The somewhat remote location has protected the park. You will not only enjoy the beauty of the region, from dramatic rolling moorland to towering granite crags, but also visit many of the ancient hamlets dotted about the countryside and enjoy the legendary hospitality of the mountain people.\" \/>\n<meta name=\"twitter:image\" content=\"https:\/\/i0.wp.com\/becooltravel.com\/wp-content\/uploads\/sites\/5\/2020\/07\/geres_moorland.jpg?fit=1121%2C800&ssl=1\" \/>\n<meta name=\"twitter:site\" content=\"@becool_travel\" \/>\n<meta name=\"twitter:label1\" content=\"Ber\u00e4knad l\u00e4stid\" \/>\n\t<meta name=\"twitter:data1\" content=\"2 minuter\" \/>\n<script type=\"application\/ld+json\" class=\"yoast-schema-graph\">{\"@context\":\"https:\\\/\\\/schema.org\",\"@graph\":[{\"@type\":[\"WebPage\",\"ItemPage\"],\"@id\":\"https:\\\/\\\/becooltravel.com\\\/product\\\/peneda-national-park-portugals-hidden-wilderness-11300g\\\/\",\"url\":\"https:\\\/\\\/becooltravel.com\\\/product\\\/peneda-national-park-portugals-hidden-wilderness-11300g\\\/\",\"name\":\"Walking in Peneda National Park: Portugal's Hidden Wilderness\",\"isPartOf\":{\"@id\":\"https:\\\/\\\/becooltravel.com\\\/#website\"},\"primaryImageOfPage\":{\"@id\":\"https:\\\/\\\/becooltravel.com\\\/product\\\/peneda-national-park-portugals-hidden-wilderness-11300g\\\/#primaryimage\"},\"image\":{\"@id\":\"https:\\\/\\\/becooltravel.com\\\/product\\\/peneda-national-park-portugals-hidden-wilderness-11300g\\\/#primaryimage\"},\"thumbnailUrl\":\"https:\\\/\\\/i0.wp.com\\\/becooltravel.com\\\/wp-content\\\/uploads\\\/sites\\\/5\\\/2020\\\/07\\\/geres_moorland.jpg?fit=1121%2C800&ssl=1\",\"datePublished\":\"2020-07-06T16:21:05+00:00\",\"dateModified\":\"2022-08-14T13:17:08+00:00\",\"description\":\"Walking holiday in traditional villages with high mountain meadows and rolling moorland stretch to the frontier with Spain. Yet, walk out of the hotel to the west and we are amongst towering granite crags and hidden wooded valleys.The village with its caf\u00e9s and a remarkably comfortable and well-appointed hotel gives us the ideal place from which to explore and then to relax at the end of our day.We are able to walk across the mountains to our second location in the beautiful, remote, yet famous, sanctuary of Nossa Senhora da Peneda.\",\"breadcrumb\":{\"@id\":\"https:\\\/\\\/becooltravel.com\\\/product\\\/peneda-national-park-portugals-hidden-wilderness-11300g\\\/#breadcrumb\"},\"inLanguage\":\"sv-SE\",\"potentialAction\":[{\"@type\":\"ReadAction\",\"target\":[\"https:\\\/\\\/becooltravel.com\\\/product\\\/peneda-national-park-portugals-hidden-wilderness-11300g\\\/\"]}]},{\"@type\":\"ImageObject\",\"inLanguage\":\"sv-SE\",\"@id\":\"https:\\\/\\\/becooltravel.com\\\/product\\\/peneda-national-park-portugals-hidden-wilderness-11300g\\\/#primaryimage\",\"url\":\"https:\\\/\\\/i0.wp.com\\\/becooltravel.com\\\/wp-content\\\/uploads\\\/sites\\\/5\\\/2020\\\/07\\\/geres_moorland.jpg?fit=1121%2C800&ssl=1\",\"contentUrl\":\"https:\\\/\\\/i0.wp.com\\\/becooltravel.com\\\/wp-content\\\/uploads\\\/sites\\\/5\\\/2020\\\/07\\\/geres_moorland.jpg?fit=1121%2C800&ssl=1\",\"width\":1121,\"height\":800,\"caption\":\"Peneda National Park Geres Portugal walking\"},{\"@type\":\"BreadcrumbList\",\"@id\":\"https:\\\/\\\/becooltravel.com\\\/product\\\/peneda-national-park-portugals-hidden-wilderness-11300g\\\/#breadcrumb\",\"itemListElement\":[{\"@type\":\"ListItem\",\"position\":1,\"name\":\"Home\",\"item\":\"https:\\\/\\\/becooltravel.com\\\/\"},{\"@type\":\"ListItem\",\"position\":2,\"name\":\"Shop\",\"item\":\"https:\\\/\\\/becooltravel.com\\\/?page_id=5\"},{\"@type\":\"ListItem\",\"position\":3,\"name\":\"Amazing Walking Holidays in Portugal. Incredible walking routes around Portugal, discover where to go for beautiful coastal, mountain and rural scenery. In Portugal you can find fantastic routes.\u00a0\",\"item\":\"https:\\\/\\\/becooltravel.com\\\/product-tag\\\/amazing-walking\\\/\"},{\"@type\":\"ListItem\",\"position\":4,\"name\":\"Walking in Portugal\u2019s Hidden Wilderness\"}]},{\"@type\":\"WebSite\",\"@id\":\"https:\\\/\\\/becooltravel.com\\\/#website\",\"url\":\"https:\\\/\\\/becooltravel.com\\\/\",\"name\":\"BeCool Travel\",\"description\":\"Sustainable holidays in Portugal for independent travelers\",\"publisher\":{\"@id\":\"https:\\\/\\\/becooltravel.com\\\/#organization\"},\"potentialAction\":[{\"@type\":\"SearchAction\",\"target\":{\"@type\":\"EntryPoint\",\"urlTemplate\":\"https:\\\/\\\/becooltravel.com\\\/?s={search_term_string}\"},\"query-input\":{\"@type\":\"PropertyValueSpecification\",\"valueRequired\":true,\"valueName\":\"search_term_string\"}}],\"inLanguage\":\"sv-SE\"},{\"@type\":\"Organization\",\"@id\":\"https:\\\/\\\/becooltravel.com\\\/#organization\",\"name\":\"BecoolTravel. com- Portugal\",\"url\":\"https:\\\/\\\/becooltravel.com\\\/\",\"logo\":{\"@type\":\"ImageObject\",\"inLanguage\":\"sv-SE\",\"@id\":\"https:\\\/\\\/becooltravel.com\\\/#\\\/schema\\\/logo\\\/image\\\/\",\"url\":\"https:\\\/\\\/becooltravel.com\\\/wp-content\\\/uploads\\\/sites\\\/5\\\/2020\\\/03\\\/Logo_BeCool.jpg\",\"contentUrl\":\"https:\\\/\\\/becooltravel.com\\\/wp-content\\\/uploads\\\/sites\\\/5\\\/2020\\\/03\\\/Logo_BeCool.jpg\",\"width\":534,\"height\":534,\"caption\":\"BecoolTravel. com- Portugal\"},\"image\":{\"@id\":\"https:\\\/\\\/becooltravel.com\\\/#\\\/schema\\\/logo\\\/image\\\/\"},\"sameAs\":[\"https:\\\/\\\/www.facebook.com\\\/becooltravelagency\\\/\",\"https:\\\/\\\/x.com\\\/becool_travel\",\"https:\\\/\\\/www.instagram.com\\\/becooltravel_com\\\/\",\"https:\\\/\\\/www.linkedin.com\\\/company\\\/becool-travel\\\/\",\"https:\\\/\\\/www.youtube.com\\\/channel\\\/UCE7zRU3EVG1PgfXwQo-5uJw\"]}]}<\/script>\n<!-- \/ Yoast SEO Premium plugin. -->","yoast_head_json":{"title":"Promenad i Peneda National Park: Portugals dolda vildmark","description":"Vandringssemester i traditionella byar med h\u00f6ga bergs\u00e4ngar och b\u00f6ljande hedar str\u00e4cker sig till gr\u00e4nsen mot Spanien. \u00c4nd\u00e5, g\u00e5 ut fr\u00e5n hotellet i v\u00e4ster och vi \u00e4r bland h\u00f6ga granitklippor och g\u00f6mda tr\u00e4dbevuxna dalar. Byn med sina kaf\u00e9er och ett anm\u00e4rkningsv\u00e4rt bekv\u00e4mt och v\u00e4lutrustat hotell ger oss den idealiska platsen att utforska och sedan koppla av vid kl. slutet av v\u00e5r dag. Vi kan g\u00e5 \u00f6ver bergen till v\u00e5r andra plats i den vackra, avl\u00e4gsna, men \u00e4nd\u00e5 ber\u00f6mda, helgedomen Nossa Senhora da Peneda.","robots":{"index":"index","follow":"follow","max-snippet":"max-snippet:-1","max-image-preview":"max-image-preview:large","max-video-preview":"max-video-preview:-1"},"canonical":"https:\/\/becooltravel.com\/sv\/produkt\/peneda-nationalpark-portugals-dolda-vildmark-11300g\/","og_locale":"sv_SE","og_type":"article","og_title":"Walking holidays in Peneda National Park: Portugal\u2019s Hidden Wilderness","og_description":"Isolated traditional villages with high mountain meadows and rolling moorland stretch to the frontier with Spain to the east. Yet, walk out of the hotel to the west and we are amongst towering granite crags and hidden wooded valleys.The village with its caf\u00e9s and a remarkably comfortable and well-appointed hotel gives us the ideal place from which to explore and then to relax at the end of our day.We are able to walk across the mountains to our second location in the beautiful, remote, yet famous, sanctuary of Nossa Senhora da Peneda.","og_url":"https:\/\/becooltravel.com\/sv\/produkt\/peneda-nationalpark-portugals-dolda-vildmark-11300g\/","og_site_name":"BeCool Travel","article_publisher":"https:\/\/www.facebook.com\/becooltravelagency\/","article_modified_time":"2022-08-14T13:17:08+00:00","og_image":[{"width":1121,"height":800,"url":"https:\/\/i0.wp.com\/becooltravel.com\/wp-content\/uploads\/sites\/5\/2020\/07\/geres_moorland.jpg?fit=1121%2C800&ssl=1","type":"image\/jpeg"}],"twitter_card":"summary_large_image","twitter_title":"Walking tours in Peneda National Park: Portugal\u2019s Hidden Wilderness","twitter_description":"This national park contains some of the most beautiful and varied scenery found in the whole of the country and here you\u2019ll find an abundance of rare wild flowers, birds of prey, herds of wild horses and other wildlife.Our two-centre holiday in the northwest of the Park is centred in the Serra da Peneda. It is designed so that you visit the most spectacular and interesting parts of these mountains.Our remarkably varied walks will circle the dramatic crags and granite landscape of Meadinha and follow ancient trails down the lush valley of the river Peneda.The somewhat remote location has protected the park. You will not only enjoy the beauty of the region, from dramatic rolling moorland to towering granite crags, but also visit many of the ancient hamlets dotted about the countryside and enjoy the legendary hospitality of the mountain people.","twitter_image":"https:\/\/i0.wp.com\/becooltravel.com\/wp-content\/uploads\/sites\/5\/2020\/07\/geres_moorland.jpg?fit=1121%2C800&ssl=1","twitter_site":"@becool_travel","twitter_misc":{"Ber\u00e4knad l\u00e4stid":"2 minuter"},"schema":{"@context":"https:\/\/schema.org","@graph":[{"@type":["WebPage","ItemPage"],"@id":"https:\/\/becooltravel.com\/product\/peneda-national-park-portugals-hidden-wilderness-11300g\/","url":"https:\/\/becooltravel.com\/product\/peneda-national-park-portugals-hidden-wilderness-11300g\/","name":"Promenad i Peneda National Park: Portugals dolda vildmark","isPartOf":{"@id":"https:\/\/becooltravel.com\/#website"},"primaryImageOfPage":{"@id":"https:\/\/becooltravel.com\/product\/peneda-national-park-portugals-hidden-wilderness-11300g\/#primaryimage"},"image":{"@id":"https:\/\/becooltravel.com\/product\/peneda-national-park-portugals-hidden-wilderness-11300g\/#primaryimage"},"thumbnailUrl":"https:\/\/i0.wp.com\/becooltravel.com\/wp-content\/uploads\/sites\/5\/2020\/07\/geres_moorland.jpg?fit=1121%2C800&ssl=1","datePublished":"2020-07-06T16:21:05+00:00","dateModified":"2022-08-14T13:17:08+00:00","description":"Vandringssemester i traditionella byar med h\u00f6ga bergs\u00e4ngar och b\u00f6ljande hedar str\u00e4cker sig till gr\u00e4nsen mot Spanien. \u00c4nd\u00e5, g\u00e5 ut fr\u00e5n hotellet i v\u00e4ster och vi \u00e4r bland h\u00f6ga granitklippor och g\u00f6mda tr\u00e4dbevuxna dalar. Byn med sina kaf\u00e9er och ett anm\u00e4rkningsv\u00e4rt bekv\u00e4mt och v\u00e4lutrustat hotell ger oss den idealiska platsen att utforska och sedan koppla av vid kl. slutet av v\u00e5r dag. Vi kan g\u00e5 \u00f6ver bergen till v\u00e5r andra plats i den vackra, avl\u00e4gsna, men \u00e4nd\u00e5 ber\u00f6mda, helgedomen Nossa Senhora da Peneda.","breadcrumb":{"@id":"https:\/\/becooltravel.com\/product\/peneda-national-park-portugals-hidden-wilderness-11300g\/#breadcrumb"},"inLanguage":"sv-SE","potentialAction":[{"@type":"ReadAction","target":["https:\/\/becooltravel.com\/product\/peneda-national-park-portugals-hidden-wilderness-11300g\/"]}]},{"@type":"ImageObject","inLanguage":"sv-SE","@id":"https:\/\/becooltravel.com\/product\/peneda-national-park-portugals-hidden-wilderness-11300g\/#primaryimage","url":"https:\/\/i0.wp.com\/becooltravel.com\/wp-content\/uploads\/sites\/5\/2020\/07\/geres_moorland.jpg?fit=1121%2C800&ssl=1","contentUrl":"https:\/\/i0.wp.com\/becooltravel.com\/wp-content\/uploads\/sites\/5\/2020\/07\/geres_moorland.jpg?fit=1121%2C800&ssl=1","width":1121,"height":800,"caption":"Peneda National Park Geres Portugal walking"},{"@type":"BreadcrumbList","@id":"https:\/\/becooltravel.com\/product\/peneda-national-park-portugals-hidden-wilderness-11300g\/#breadcrumb","itemListElement":[{"@type":"ListItem","position":1,"name":"Home","item":"https:\/\/becooltravel.com\/"},{"@type":"ListItem","position":2,"name":"Shop","item":"https:\/\/becooltravel.com\/?page_id=5"},{"@type":"ListItem","position":3,"name":"Amazing Walking Holidays in Portugal. Incredible walking routes around Portugal, discover where to go for beautiful coastal, mountain and rural scenery. In Portugal you can find fantastic routes.\u00a0","item":"https:\/\/becooltravel.com\/product-tag\/amazing-walking\/"},{"@type":"ListItem","position":4,"name":"Walking in Portugal\u2019s Hidden Wilderness"}]},{"@type":"WebSite","@id":"https:\/\/becooltravel.com\/#website","url":"https:\/\/becooltravel.com\/","name":"BeCool Travel","description":"H\u00e5llbar semester i Portugal f\u00f6r oberoende resen\u00e4rer","publisher":{"@id":"https:\/\/becooltravel.com\/#organization"},"potentialAction":[{"@type":"SearchAction","target":{"@type":"EntryPoint","urlTemplate":"https:\/\/becooltravel.com\/?s={search_term_string}"},"query-input":{"@type":"PropertyValueSpecification","valueRequired":true,"valueName":"search_term_string"}}],"inLanguage":"sv-SE"},{"@type":"Organization","@id":"https:\/\/becooltravel.com\/#organization","name":"BecoolTravel. com- Portugal","url":"https:\/\/becooltravel.com\/","logo":{"@type":"ImageObject","inLanguage":"sv-SE","@id":"https:\/\/becooltravel.com\/#\/schema\/logo\/image\/","url":"https:\/\/becooltravel.com\/wp-content\/uploads\/sites\/5\/2020\/03\/Logo_BeCool.jpg","contentUrl":"https:\/\/becooltravel.com\/wp-content\/uploads\/sites\/5\/2020\/03\/Logo_BeCool.jpg","width":534,"height":534,"caption":"BecoolTravel. com- Portugal"},"image":{"@id":"https:\/\/becooltravel.com\/#\/schema\/logo\/image\/"},"sameAs":["https:\/\/www.facebook.com\/becooltravelagency\/","https:\/\/x.com\/becool_travel","https:\/\/www.instagram.com\/becooltravel_com\/","https:\/\/www.linkedin.com\/company\/becool-travel\/","https:\/\/www.youtube.com\/channel\/UCE7zRU3EVG1PgfXwQo-5uJw"]}]}},"jetpack_sharing_enabled":true,"_links":{"self":[{"href":"https:\/\/becooltravel.com\/sv\/wp-json\/wp\/v2\/product\/5432","targetHints":{"allow":["GET"]}}],"collection":[{"href":"https:\/\/becooltravel.com\/sv\/wp-json\/wp\/v2\/product"}],"about":[{"href":"https:\/\/becooltravel.com\/sv\/wp-json\/wp\/v2\/types\/product"}],"replies":[{"embeddable":true,"href":"https:\/\/becooltravel.com\/sv\/wp-json\/wp\/v2\/comments?post=5432"}],"wp:featuredmedia":[{"embeddable":true,"href":"https:\/\/becooltravel.com\/sv\/wp-json\/wp\/v2\/media\/5488"}],"wp:attachment":[{"href":"https:\/\/becooltravel.com\/sv\/wp-json\/wp\/v2\/media?parent=5432"}],"wp:term":[{"taxonomy":"product_brand","embeddable":true,"href":"https:\/\/becooltravel.com\/sv\/wp-json\/wp\/v2\/product_brand?post=5432"},{"taxonomy":"product_cat","embeddable":true,"href":"https:\/\/becooltravel.com\/sv\/wp-json\/wp\/v2\/product_cat?post=5432"},{"taxonomy":"product_tag","embeddable":true,"href":"https:\/\/becooltravel.com\/sv\/wp-json\/wp\/v2\/product_tag?post=5432"}],"curies":[{"name":"wp","href":"https:\/\/api.w.org\/{rel}","templated":true}]}}