{"id":5433,"date":"2020-07-08T09:03:15","date_gmt":"2020-07-08T09:03:15","guid":{"rendered":"https:\/\/becooltravel.com\/?post_type=product&#038;p=5433"},"modified":"2022-08-14T13:19:05","modified_gmt":"2022-08-14T13:19:05","slug":"portuguese-way-to-santiago-11400g","status":"publish","type":"product","link":"https:\/\/becooltravel.com\/sv\/produkt\/portugisiska-satt-till-santiago-11400g\/","title":{"rendered":"G\u00e5 den portugisiska v\u00e4gen till Santiago"},"content":{"rendered":"<p><strong>Grupper accepteras med minst 6 personer.<\/strong><\/p>\n<p>V\u00e5r turn\u00e9 korsar norra Portugal f\u00f6r att hamna i Santiago, p\u00e5 andra sidan gr\u00e4nsen, i Galicien, Spanien.<\/p>\n<p>Fr\u00e5n den gamla staden Porto, en UNESCO-v\u00e4rldsarvstad och hem f\u00f6r portvin, till den medeltida staden Santiago de Compostela, som passerar vackra regioner i norra Portugal och Galicien, \u00e4r den portugisiska v\u00e4gen till Santiago en of\u00f6rgl\u00f6mlig resa.<\/p>\n<div id=\"attachment_2775\" style=\"width: 1034px\" class=\"wp-caption alignnone\"><img data-recalc-dims=\"1\" decoding=\"async\" aria-describedby=\"caption-attachment-2775\" class=\"wp-image-2775 size-large\" src=\"https:\/\/i0.wp.com\/legendatours.net\/wp-content\/uploads\/2020\/07\/Walking_minho-1024x768.jpg?resize=1024%2C768&#038;ssl=1\" alt=\"Gruppvandring i Minho\" width=\"1024\" height=\"768\" \/><p id=\"caption-attachment-2775\" class=\"wp-caption-text\">Promenader i Minho<\/p><\/div>\n<p>Med den pittoreska flodstranden i Porto, den ber\u00f6mda keramiken i Barcelos, de gr\u00f6na kullarna i norra Portugal och Galicien, f\u00f6r att inte gl\u00f6mma de m\u00e5nga barockkyrkorna och medeltida byarna och broarna l\u00e4ngs v\u00e4gen, har den portugisiska v\u00e4gen mycket att erbjuda, f\u00f6r alla kultur- och natur\u00e4lskare.<\/p>\n<p>Vi kan inte l\u00e5ta bli att n\u00e4mna den \u00f6verd\u00e5diga gastronomin fr\u00e5n b\u00e5da regionerna och de fina vinerna, bland de b\u00e4sta i v\u00e4rlden.<\/p>\n<p>Den portugisiska v\u00e4gen \u00e4r ungef\u00e4r 241 km, vi k\u00f6rsb\u00e4rsplockar de b\u00e4sta sektionerna f\u00f6r din njutning.<\/p>\n<p>Den portugisiska v\u00e4gen till Santiago \u00e4r en klassisk v\u00e4g som kombinerar personlig utmaning, intresse f\u00f6r historia, konst och natur. \u00c5r efter \u00e5r t\u00e4cker pilgrimer hundratals mil genom fantastiska landskap, dolda isolerade byar och spektakul\u00e4ra medeltida st\u00e4der.<\/p>\n<div id=\"attachment_2797\" style=\"width: 1034px\" class=\"wp-caption alignnone\"><img data-recalc-dims=\"1\" decoding=\"async\" aria-describedby=\"caption-attachment-2797\" class=\"wp-image-2797 size-large\" title=\"G\u00e5 portugisiska Santiago Way\" src=\"https:\/\/i0.wp.com\/legendatours.net\/wp-content\/uploads\/2020\/07\/santiago_way-1024x768.jpg?resize=1024%2C768&#038;ssl=1\" alt=\"G\u00e5 portugisiska Santiago Way\" width=\"1024\" height=\"768\" \/><p id=\"caption-attachment-2797\" class=\"wp-caption-text\">G\u00e5 portugisiska Santiago Way<\/p><\/div>\n<p>Peregrinationen till Santiago fr\u00e5n Portugal har b\u00f6rjat under den h\u00f6ga medeltiden. I \u00e5rhundraden deltog det portugisiska folket i denna kollektiva upplevelse, enligt exemplet med monarker, adelsmedlemmar och h\u00f6gpr\u00e4sterna.<\/p>\n<p>G\u00e4stfriheten som erbjuds av folket \u00e4r ordspr\u00e5kig och en riktig h\u00f6jdpunkt. Denna praxis startade under medeltiden av munkar och pr\u00e4ster, och traditionen h\u00e5lls vid liv idag l\u00e4ngs v\u00e4gen.<\/p>\n<div class=\"row\" style=\"display: flex;\">\n<div class=\"column\" style=\"flex: 45%;\">\n<p><iframe title=\"Caminhos de Santiago - Caminho Portugu\u00eas da Costa\" width=\"1080\" height=\"608\" src=\"https:\/\/www.youtube.com\/embed\/2xszS0FYP00?feature=oembed\" frameborder=\"0\" allow=\"accelerometer; autoplay; clipboard-write; encrypted-media; gyroscope; picture-in-picture\" allowfullscreen><\/iframe><\/p>\n<\/div>\n<div class=\"column\" style=\"flex: 10%;\"><\/div>\n<div class=\"column\" style=\"flex: 45%;\">\n<p><iframe title=\"Algarve Visto do Ar - Concelho de Olh\u00e3o\" width=\"1080\" height=\"608\" src=\"https:\/\/www.youtube.com\/embed\/MP6BCGjhkwQ?feature=oembed\" frameborder=\"0\" allow=\"accelerometer; autoplay; clipboard-write; encrypted-media; gyroscope; picture-in-picture\" allowfullscreen><\/iframe><\/p>\n<\/div>\n<\/div>","protected":false},"excerpt":{"rendered":"<p>V\u00e5r turn\u00e9 korsar norra Portugal f\u00f6r att hamna i Santiago, p\u00e5 andra sidan gr\u00e4nsen, i Galicien, Spanien.<\/p>\n<p>Fr\u00e5n den gamla staden Porto, en UNESCO-v\u00e4rldsarvstad och hem f\u00f6r portvin, till den medeltida staden Santiago de Compostela, som passerar vackra regioner i norra Portugal och Galicien, \u00e4r den portugisiska v\u00e4gen till Santiago en of\u00f6rgl\u00f6mlig resa.<\/p>","protected":false},"featured_media":5497,"comment_status":"closed","ping_status":"closed","template":"","meta":{"_acf_changed":false,"inline_featured_image":false},"product_brand":[],"product_cat":[343,340,342,344,355],"product_tag":[587,358,585,203,204,606,508,142,579,55,56,624,260,261,384,378,983,360,788,789,321,189,165,755,144,757,683,915,145,548,1114,984,170,918,87,324,363,147,365],"class_list":{"0":"post-5433","1":"product","2":"type-product","3":"status-publish","4":"has-post-thumbnail","6":"product_cat-cultural-tours-and-holidays-in-portugal","7":"product_cat-guided-group-tours","8":"product_cat-portugal-guided-historical-holidays","9":"product_cat-guided-sightseeing-holidays-portugal","10":"product_cat-guided-walking-holidays-in-portugal","11":"product_tag-amazing-walking","12":"product_tag-ancient-churches","13":"product_tag-architectonic-heritage","14":"product_tag-beautiful-landscapes","15":"product_tag-cultural-heritage","16":"product_tag-gastronomy","17":"product_tag-gastronomy-and-wines","18":"product_tag-greatest-baroque-structures-in-europe","19":"product_tag-green-landscape","20":"product_tag-guided-walking-holidays","21":"product_tag-guided-walking-tours","22":"product_tag-heritage","23":"product_tag-history-and-heritage","24":"product_tag-local-gastronomy","25":"product_tag-magnificent-landscape","26":"product_tag-medieval-times","27":"product_tag-medieval-villages","28":"product_tag-minho-region-portugal","29":"product_tag-nature-holidays","30":"product_tag-nature-tour","31":"product_tag-nature-walks","32":"product_tag-northern-portugal","33":"product_tag-northern-portugal-and-galicia","34":"product_tag-oporto","35":"product_tag-porto","36":"product_tag-porto-bridges","37":"product_tag-porto-cathedral","38":"product_tag-porto-world-heritage","39":"product_tag-portos-old-town","40":"product_tag-portugal-perfect-walking-holiday","41":"product_tag-santa-tecla","42":"product_tag-santiago-compostela-walks","43":"product_tag-santiago-de-compostela","44":"product_tag-sightseeing-porto","45":"product_tag-unesco-world-heritage-site","46":"product_tag-walking-experiences","47":"product_tag-walks-porto","48":"product_tag-world-heritage","49":"product_tag-world-heritage-city","51":"first","52":"instock","53":"virtual","54":"sold-individually","55":"product-type-booking"},"acf":[],"yoast_head":"<!-- This site is optimized with the Yoast SEO Premium plugin v26.8 (Yoast SEO v27.5) - https:\/\/yoast.com\/product\/yoast-seo-premium-wordpress\/ -->\n<title>Walking The Portuguese Way to Santiago<\/title>\n<meta name=\"description\" content=\"Walking to Santiago is a classic route that combines personal challenge, interest in history, art and nature. stunning landscapes, hidden isolated villages and spectacular medieval towns.The peregrination to Santiago from Portugal has started in the high medieval period.\" \/>\n<meta name=\"robots\" content=\"index, follow, max-snippet:-1, max-image-preview:large, max-video-preview:-1\" \/>\n<link rel=\"canonical\" href=\"https:\/\/becooltravel.com\/sv\/produkt\/peneda-nationalpark-portugals-dolda-vildmark-11300g\/\" \/>\n<meta property=\"og:locale\" content=\"sv_SE\" \/>\n<meta property=\"og:type\" content=\"article\" \/>\n<meta property=\"og:title\" content=\"Walking the Portuguese Way To Santiago - Caminho de Santiago\" \/>\n<meta property=\"og:description\" content=\"The Portuguese Way to Santiago is a classic route that combines personal challenge, interest in history, art and nature. Year after year pilgrims cover hundreds of miles through stunning landscapes, hidden isolated villages and spectacular medieval towns.The peregrination to Santiago from Portugal has started in the high medieval period. For centuries, the Portuguese people participated in this collective experience, following the example of monarchs, members of the nobility and the high clergy.The hospitality offered by the people is proverbial, and a true highlight. This practice was started in the middle Ages by the monks and clergymen, and the tradition is kept alive today along the Way.\" \/>\n<meta property=\"og:url\" content=\"https:\/\/becooltravel.com\/sv\/produkt\/peneda-nationalpark-portugals-dolda-vildmark-11300g\/\" \/>\n<meta property=\"og:site_name\" content=\"BeCool Travel\" \/>\n<meta property=\"article:publisher\" content=\"https:\/\/www.facebook.com\/becooltravelagency\/\" \/>\n<meta property=\"article:modified_time\" content=\"2022-08-14T13:19:05+00:00\" \/>\n<meta property=\"og:image\" content=\"https:\/\/i0.wp.com\/becooltravel.com\/wp-content\/uploads\/sites\/5\/2020\/07\/ponte_lima_bridge.jpg?fit=1067%2C800&ssl=1\" \/>\n\t<meta property=\"og:image:width\" content=\"1067\" \/>\n\t<meta property=\"og:image:height\" content=\"800\" \/>\n\t<meta property=\"og:image:type\" content=\"image\/jpeg\" \/>\n<meta name=\"twitter:card\" content=\"summary_large_image\" \/>\n<meta name=\"twitter:title\" content=\"Portuguese Way To Santiago - Caminho de Santiago walking holidays\" \/>\n<meta name=\"twitter:description\" content=\"Our tour crosses Northern Portugal to end up in Santiago, on the other side of the border, in Galicia, Spain.From the old town of Porto, a UNESCO World Heritage city, and home of Port wine, to the medieval town of Santiago de Compostela, crossing beautiful regions in Northern Portugal and Galicia, the Portuguese Way of Santiago is an unforgettable journey.With the picturesque riverfront of Porto, the famous ceramics of Barcelos, the green hills of Northern Portugal and Galicia, not to forget the numerous Baroque churches and mediaeval villages and bridges all along the way, the Portuguese Way has plenty to offer, for all the heritage, culture and nature lovers.We can\u2019t fail to mention the sumptuous gastronomy from both regions, and the fine wines, among the best in the world.The Portuguese Way is approximately 241km, we will be cherry picking the best sections for your enjoyment.\" \/>\n<meta name=\"twitter:image\" content=\"https:\/\/i0.wp.com\/becooltravel.com\/wp-content\/uploads\/sites\/5\/2020\/07\/ponte_lima_bridge.jpg?fit=1067%2C800&ssl=1\" \/>\n<meta name=\"twitter:site\" content=\"@becool_travel\" \/>\n<meta name=\"twitter:label1\" content=\"Ber\u00e4knad l\u00e4stid\" \/>\n\t<meta name=\"twitter:data1\" content=\"2 minuter\" \/>\n<script type=\"application\/ld+json\" class=\"yoast-schema-graph\">{\"@context\":\"https:\\\/\\\/schema.org\",\"@graph\":[{\"@type\":[\"WebPage\",\"ItemPage\"],\"@id\":\"https:\\\/\\\/becooltravel.com\\\/product\\\/portuguese-way-to-santiago-11400g\\\/\",\"url\":\"https:\\\/\\\/becooltravel.com\\\/product\\\/peneda-national-park-portugals-hidden-wilderness-11300g\\\/\",\"name\":\"Walking The Portuguese Way to Santiago\",\"isPartOf\":{\"@id\":\"https:\\\/\\\/becooltravel.com\\\/#website\"},\"primaryImageOfPage\":{\"@id\":\"https:\\\/\\\/becooltravel.com\\\/product\\\/peneda-national-park-portugals-hidden-wilderness-11300g\\\/#primaryimage\"},\"image\":{\"@id\":\"https:\\\/\\\/becooltravel.com\\\/product\\\/peneda-national-park-portugals-hidden-wilderness-11300g\\\/#primaryimage\"},\"thumbnailUrl\":\"https:\\\/\\\/i0.wp.com\\\/becooltravel.com\\\/wp-content\\\/uploads\\\/sites\\\/5\\\/2020\\\/07\\\/ponte_lima_bridge.jpg?fit=1067%2C800&ssl=1\",\"datePublished\":\"2020-07-08T09:03:15+00:00\",\"dateModified\":\"2022-08-14T13:19:05+00:00\",\"description\":\"Walking to Santiago is a classic route that combines personal challenge, interest in history, art and nature. stunning landscapes, hidden isolated villages and spectacular medieval towns.The peregrination to Santiago from Portugal has started in the high medieval period.\",\"breadcrumb\":{\"@id\":\"https:\\\/\\\/becooltravel.com\\\/product\\\/peneda-national-park-portugals-hidden-wilderness-11300g\\\/#breadcrumb\"},\"inLanguage\":\"sv-SE\",\"potentialAction\":[{\"@type\":\"ReadAction\",\"target\":[\"https:\\\/\\\/becooltravel.com\\\/product\\\/peneda-national-park-portugals-hidden-wilderness-11300g\\\/\"]}]},{\"@type\":\"ImageObject\",\"inLanguage\":\"sv-SE\",\"@id\":\"https:\\\/\\\/becooltravel.com\\\/product\\\/peneda-national-park-portugals-hidden-wilderness-11300g\\\/#primaryimage\",\"url\":\"https:\\\/\\\/i0.wp.com\\\/becooltravel.com\\\/wp-content\\\/uploads\\\/sites\\\/5\\\/2020\\\/07\\\/ponte_lima_bridge.jpg?fit=1067%2C800&ssl=1\",\"contentUrl\":\"https:\\\/\\\/i0.wp.com\\\/becooltravel.com\\\/wp-content\\\/uploads\\\/sites\\\/5\\\/2020\\\/07\\\/ponte_lima_bridge.jpg?fit=1067%2C800&ssl=1\",\"width\":1067,\"height\":800,\"caption\":\"Ponte Lima - Portuguese Santiago Way\"},{\"@type\":\"BreadcrumbList\",\"@id\":\"https:\\\/\\\/becooltravel.com\\\/product\\\/peneda-national-park-portugals-hidden-wilderness-11300g\\\/#breadcrumb\",\"itemListElement\":[{\"@type\":\"ListItem\",\"position\":1,\"name\":\"Home\",\"item\":\"https:\\\/\\\/becooltravel.com\\\/\"},{\"@type\":\"ListItem\",\"position\":2,\"name\":\"Shop\",\"item\":\"https:\\\/\\\/becooltravel.com\\\/?page_id=5\"},{\"@type\":\"ListItem\",\"position\":3,\"name\":\"Amazing Walking Holidays in Portugal. Incredible walking routes around Portugal, discover where to go for beautiful coastal, mountain and rural scenery. In Portugal you can find fantastic routes.\u00a0\",\"item\":\"https:\\\/\\\/becooltravel.com\\\/product-tag\\\/amazing-walking\\\/\"},{\"@type\":\"ListItem\",\"position\":4,\"name\":\"Walking the Portuguese Way To Santiago - Caminho de Santiago\"}]},{\"@type\":\"WebSite\",\"@id\":\"https:\\\/\\\/becooltravel.com\\\/#website\",\"url\":\"https:\\\/\\\/becooltravel.com\\\/\",\"name\":\"BeCool Travel\",\"description\":\"Sustainable holidays in Portugal for independent travelers\",\"publisher\":{\"@id\":\"https:\\\/\\\/becooltravel.com\\\/#organization\"},\"potentialAction\":[{\"@type\":\"SearchAction\",\"target\":{\"@type\":\"EntryPoint\",\"urlTemplate\":\"https:\\\/\\\/becooltravel.com\\\/?s={search_term_string}\"},\"query-input\":{\"@type\":\"PropertyValueSpecification\",\"valueRequired\":true,\"valueName\":\"search_term_string\"}}],\"inLanguage\":\"sv-SE\"},{\"@type\":\"Organization\",\"@id\":\"https:\\\/\\\/becooltravel.com\\\/#organization\",\"name\":\"BecoolTravel. com- Portugal\",\"url\":\"https:\\\/\\\/becooltravel.com\\\/\",\"logo\":{\"@type\":\"ImageObject\",\"inLanguage\":\"sv-SE\",\"@id\":\"https:\\\/\\\/becooltravel.com\\\/#\\\/schema\\\/logo\\\/image\\\/\",\"url\":\"https:\\\/\\\/becooltravel.com\\\/wp-content\\\/uploads\\\/sites\\\/5\\\/2020\\\/03\\\/Logo_BeCool.jpg\",\"contentUrl\":\"https:\\\/\\\/becooltravel.com\\\/wp-content\\\/uploads\\\/sites\\\/5\\\/2020\\\/03\\\/Logo_BeCool.jpg\",\"width\":534,\"height\":534,\"caption\":\"BecoolTravel. com- Portugal\"},\"image\":{\"@id\":\"https:\\\/\\\/becooltravel.com\\\/#\\\/schema\\\/logo\\\/image\\\/\"},\"sameAs\":[\"https:\\\/\\\/www.facebook.com\\\/becooltravelagency\\\/\",\"https:\\\/\\\/x.com\\\/becool_travel\",\"https:\\\/\\\/www.instagram.com\\\/becooltravel_com\\\/\",\"https:\\\/\\\/www.linkedin.com\\\/company\\\/becool-travel\\\/\",\"https:\\\/\\\/www.youtube.com\\\/channel\\\/UCE7zRU3EVG1PgfXwQo-5uJw\"]}]}<\/script>\n<!-- \/ Yoast SEO Premium plugin. -->","yoast_head_json":{"title":"G\u00e5 den portugisiska v\u00e4gen till Santiago","description":"Att g\u00e5 till Santiago \u00e4r en klassisk v\u00e4g som kombinerar personlig utmaning, intresse f\u00f6r historia, konst och natur. fantastiska landskap, dolda isolerade byar och spektakul\u00e4ra medeltida st\u00e4der. Peregrinationen till Santiago fr\u00e5n Portugal har b\u00f6rjat under den h\u00f6ga medeltiden.","robots":{"index":"index","follow":"follow","max-snippet":"max-snippet:-1","max-image-preview":"max-image-preview:large","max-video-preview":"max-video-preview:-1"},"canonical":"https:\/\/becooltravel.com\/sv\/produkt\/peneda-nationalpark-portugals-dolda-vildmark-11300g\/","og_locale":"sv_SE","og_type":"article","og_title":"Walking the Portuguese Way To Santiago - Caminho de Santiago","og_description":"The Portuguese Way to Santiago is a classic route that combines personal challenge, interest in history, art and nature. Year after year pilgrims cover hundreds of miles through stunning landscapes, hidden isolated villages and spectacular medieval towns.The peregrination to Santiago from Portugal has started in the high medieval period. For centuries, the Portuguese people participated in this collective experience, following the example of monarchs, members of the nobility and the high clergy.The hospitality offered by the people is proverbial, and a true highlight. This practice was started in the middle Ages by the monks and clergymen, and the tradition is kept alive today along the Way.","og_url":"https:\/\/becooltravel.com\/sv\/produkt\/peneda-nationalpark-portugals-dolda-vildmark-11300g\/","og_site_name":"BeCool Travel","article_publisher":"https:\/\/www.facebook.com\/becooltravelagency\/","article_modified_time":"2022-08-14T13:19:05+00:00","og_image":[{"width":1067,"height":800,"url":"https:\/\/i0.wp.com\/becooltravel.com\/wp-content\/uploads\/sites\/5\/2020\/07\/ponte_lima_bridge.jpg?fit=1067%2C800&ssl=1","type":"image\/jpeg"}],"twitter_card":"summary_large_image","twitter_title":"Portuguese Way To Santiago - Caminho de Santiago walking holidays","twitter_description":"Our tour crosses Northern Portugal to end up in Santiago, on the other side of the border, in Galicia, Spain.From the old town of Porto, a UNESCO World Heritage city, and home of Port wine, to the medieval town of Santiago de Compostela, crossing beautiful regions in Northern Portugal and Galicia, the Portuguese Way of Santiago is an unforgettable journey.With the picturesque riverfront of Porto, the famous ceramics of Barcelos, the green hills of Northern Portugal and Galicia, not to forget the numerous Baroque churches and mediaeval villages and bridges all along the way, the Portuguese Way has plenty to offer, for all the heritage, culture and nature lovers.We can\u2019t fail to mention the sumptuous gastronomy from both regions, and the fine wines, among the best in the world.The Portuguese Way is approximately 241km, we will be cherry picking the best sections for your enjoyment.","twitter_image":"https:\/\/i0.wp.com\/becooltravel.com\/wp-content\/uploads\/sites\/5\/2020\/07\/ponte_lima_bridge.jpg?fit=1067%2C800&ssl=1","twitter_site":"@becool_travel","twitter_misc":{"Ber\u00e4knad l\u00e4stid":"2 minuter"},"schema":{"@context":"https:\/\/schema.org","@graph":[{"@type":["WebPage","ItemPage"],"@id":"https:\/\/becooltravel.com\/product\/portuguese-way-to-santiago-11400g\/","url":"https:\/\/becooltravel.com\/product\/peneda-national-park-portugals-hidden-wilderness-11300g\/","name":"G\u00e5 den portugisiska v\u00e4gen till Santiago","isPartOf":{"@id":"https:\/\/becooltravel.com\/#website"},"primaryImageOfPage":{"@id":"https:\/\/becooltravel.com\/product\/peneda-national-park-portugals-hidden-wilderness-11300g\/#primaryimage"},"image":{"@id":"https:\/\/becooltravel.com\/product\/peneda-national-park-portugals-hidden-wilderness-11300g\/#primaryimage"},"thumbnailUrl":"https:\/\/i0.wp.com\/becooltravel.com\/wp-content\/uploads\/sites\/5\/2020\/07\/ponte_lima_bridge.jpg?fit=1067%2C800&ssl=1","datePublished":"2020-07-08T09:03:15+00:00","dateModified":"2022-08-14T13:19:05+00:00","description":"Att g\u00e5 till Santiago \u00e4r en klassisk v\u00e4g som kombinerar personlig utmaning, intresse f\u00f6r historia, konst och natur. fantastiska landskap, dolda isolerade byar och spektakul\u00e4ra medeltida st\u00e4der. Peregrinationen till Santiago fr\u00e5n Portugal har b\u00f6rjat under den h\u00f6ga medeltiden.","breadcrumb":{"@id":"https:\/\/becooltravel.com\/product\/peneda-national-park-portugals-hidden-wilderness-11300g\/#breadcrumb"},"inLanguage":"sv-SE","potentialAction":[{"@type":"ReadAction","target":["https:\/\/becooltravel.com\/product\/peneda-national-park-portugals-hidden-wilderness-11300g\/"]}]},{"@type":"ImageObject","inLanguage":"sv-SE","@id":"https:\/\/becooltravel.com\/product\/peneda-national-park-portugals-hidden-wilderness-11300g\/#primaryimage","url":"https:\/\/i0.wp.com\/becooltravel.com\/wp-content\/uploads\/sites\/5\/2020\/07\/ponte_lima_bridge.jpg?fit=1067%2C800&ssl=1","contentUrl":"https:\/\/i0.wp.com\/becooltravel.com\/wp-content\/uploads\/sites\/5\/2020\/07\/ponte_lima_bridge.jpg?fit=1067%2C800&ssl=1","width":1067,"height":800,"caption":"Ponte Lima - Portuguese Santiago Way"},{"@type":"BreadcrumbList","@id":"https:\/\/becooltravel.com\/product\/peneda-national-park-portugals-hidden-wilderness-11300g\/#breadcrumb","itemListElement":[{"@type":"ListItem","position":1,"name":"Home","item":"https:\/\/becooltravel.com\/"},{"@type":"ListItem","position":2,"name":"Shop","item":"https:\/\/becooltravel.com\/?page_id=5"},{"@type":"ListItem","position":3,"name":"Amazing Walking Holidays in Portugal. Incredible walking routes around Portugal, discover where to go for beautiful coastal, mountain and rural scenery. In Portugal you can find fantastic routes.\u00a0","item":"https:\/\/becooltravel.com\/product-tag\/amazing-walking\/"},{"@type":"ListItem","position":4,"name":"Walking the Portuguese Way To Santiago - Caminho de Santiago"}]},{"@type":"WebSite","@id":"https:\/\/becooltravel.com\/#website","url":"https:\/\/becooltravel.com\/","name":"BeCool Travel","description":"H\u00e5llbar semester i Portugal f\u00f6r oberoende resen\u00e4rer","publisher":{"@id":"https:\/\/becooltravel.com\/#organization"},"potentialAction":[{"@type":"SearchAction","target":{"@type":"EntryPoint","urlTemplate":"https:\/\/becooltravel.com\/?s={search_term_string}"},"query-input":{"@type":"PropertyValueSpecification","valueRequired":true,"valueName":"search_term_string"}}],"inLanguage":"sv-SE"},{"@type":"Organization","@id":"https:\/\/becooltravel.com\/#organization","name":"BecoolTravel. com- Portugal","url":"https:\/\/becooltravel.com\/","logo":{"@type":"ImageObject","inLanguage":"sv-SE","@id":"https:\/\/becooltravel.com\/#\/schema\/logo\/image\/","url":"https:\/\/becooltravel.com\/wp-content\/uploads\/sites\/5\/2020\/03\/Logo_BeCool.jpg","contentUrl":"https:\/\/becooltravel.com\/wp-content\/uploads\/sites\/5\/2020\/03\/Logo_BeCool.jpg","width":534,"height":534,"caption":"BecoolTravel. com- Portugal"},"image":{"@id":"https:\/\/becooltravel.com\/#\/schema\/logo\/image\/"},"sameAs":["https:\/\/www.facebook.com\/becooltravelagency\/","https:\/\/x.com\/becool_travel","https:\/\/www.instagram.com\/becooltravel_com\/","https:\/\/www.linkedin.com\/company\/becool-travel\/","https:\/\/www.youtube.com\/channel\/UCE7zRU3EVG1PgfXwQo-5uJw"]}]}},"jetpack_sharing_enabled":true,"_links":{"self":[{"href":"https:\/\/becooltravel.com\/sv\/wp-json\/wp\/v2\/product\/5433","targetHints":{"allow":["GET"]}}],"collection":[{"href":"https:\/\/becooltravel.com\/sv\/wp-json\/wp\/v2\/product"}],"about":[{"href":"https:\/\/becooltravel.com\/sv\/wp-json\/wp\/v2\/types\/product"}],"replies":[{"embeddable":true,"href":"https:\/\/becooltravel.com\/sv\/wp-json\/wp\/v2\/comments?post=5433"}],"wp:featuredmedia":[{"embeddable":true,"href":"https:\/\/becooltravel.com\/sv\/wp-json\/wp\/v2\/media\/5497"}],"wp:attachment":[{"href":"https:\/\/becooltravel.com\/sv\/wp-json\/wp\/v2\/media?parent=5433"}],"wp:term":[{"taxonomy":"product_brand","embeddable":true,"href":"https:\/\/becooltravel.com\/sv\/wp-json\/wp\/v2\/product_brand?post=5433"},{"taxonomy":"product_cat","embeddable":true,"href":"https:\/\/becooltravel.com\/sv\/wp-json\/wp\/v2\/product_cat?post=5433"},{"taxonomy":"product_tag","embeddable":true,"href":"https:\/\/becooltravel.com\/sv\/wp-json\/wp\/v2\/product_tag?post=5433"}],"curies":[{"name":"wp","href":"https:\/\/api.w.org\/{rel}","templated":true}]}}