{"id":5436,"date":"2020-07-08T11:42:32","date_gmt":"2020-07-08T11:42:32","guid":{"rendered":"https:\/\/becooltravel.com\/?post_type=product&#038;p=5436"},"modified":"2022-08-14T13:23:56","modified_gmt":"2022-08-14T13:23:56","slug":"serra-da-estrela-mountain-of-the-stars-11600g","status":"publish","type":"product","link":"https:\/\/becooltravel.com\/sv\/produkt\/serra-da-estrela-berget-stjarnorna-11600g\/","title":{"rendered":"Serra Da Estrela: Stj\u00e4rnans berg"},"content":{"rendered":"<p><strong>Grupper accepteras med minst 6 personer.<\/strong><\/p>\n<p>&nbsp;<\/p>\n<p>Portugal \u00e4r ett land med h\u00e4pnadsv\u00e4ckande sk\u00f6nhet och fantastiska kontraster. F\u00f6rutom dess ber\u00f6mda kustlinje \u00e4r majoriteten av dess berg och skogar relativt ok\u00e4nda och erbjuder d\u00e4rf\u00f6r enorma bel\u00f6ningar till vandraren p\u00e5 jakt efter n\u00e5got speciellt.<\/p>\n<p>Denna semester \u00e4r i naturparken Serra da Estrela, &quot;stj\u00e4rnornas berg&quot;, den h\u00f6gsta bergskedjan p\u00e5 det portugisiska fastlandet som stiger till 1993m.<\/p>\n<div id=\"attachment_2808\" style=\"width: 1034px\" class=\"wp-caption alignnone\"><img data-recalc-dims=\"1\" decoding=\"async\" aria-describedby=\"caption-attachment-2808\" class=\"wp-image-2808 size-large\" title=\"Serra da Estrela vandringsleder\" src=\"https:\/\/i0.wp.com\/legendatours.net\/wp-content\/uploads\/2020\/07\/routes_mountain_stars-1024x683.jpg?resize=1024%2C683&#038;ssl=1\" alt=\"Serra da Estrela vandringsleder\" width=\"1024\" height=\"683\" \/><p id=\"caption-attachment-2808\" class=\"wp-caption-text\">Serra da Estrela vandringsleder<\/p><\/div>\n<p>Serras landskap av kastanje-, bok- och tallskogar, sj\u00f6ar och glaci\u00e4rdalar njuter alla av ren, krispig bergsluft.<\/p>\n<p>Naturparken \u00e4r ocks\u00e5 k\u00e4llan till floderna Mondego, Z\u00eazere och Alva.<\/p>\n<p>Dramatiska klippor och raviner g\u00f6r denna region fantastiskt vacker och ett n\u00f6je att utforska. Det \u00e4r ett erk\u00e4nt centrum f\u00f6r bergskl\u00e4ttring men v\u00e5r<br \/>\npromenader g\u00f6r att vi kan komma \u00e5t all denna sk\u00f6nhet p\u00e5 mer konventionella stigar.<\/p>\n<p>F\u00e5r och getter spelar en traditionell roll i tillverkningen av den ber\u00f6mda Serra da Estrela-osten. Korv och vin \u00e4r ocks\u00e5 viktiga f\u00f6r den lokala ekonomin, liksom de r\u00f6kta produkterna och den broderade bomullen. Craftsman anv\u00e4nder sina f\u00e4rdigheter i korgarbete med fl\u00e4tad och kastanj. Serra da Estrela har ocks\u00e5 sin egen gamla ras av bergsf\u00e5rhundar.<\/p>\n<div id=\"attachment_2810\" style=\"width: 1034px\" class=\"wp-caption alignnone\"><img data-recalc-dims=\"1\" decoding=\"async\" aria-describedby=\"caption-attachment-2810\" class=\"wp-image-2810 size-large\" title=\"Valley Nave Mestra - promenader i serra da Estrela\" src=\"https:\/\/i0.wp.com\/legendatours.net\/wp-content\/uploads\/2020\/07\/vale_mestra-1024x768.jpg?resize=1024%2C768&#038;ssl=1\" alt=\"Valley Nave Mestra - promenader i serra da Estrela\" width=\"1024\" height=\"768\" \/><p id=\"caption-attachment-2810\" class=\"wp-caption-text\">Valley Nave Mestra \u2013 promenader i serra da Estrela<\/p><\/div>\n<p>Byarna i Serra da Estrela g\u00e5r tillbaka till medeltiden och fram\u00e5t. Bevis p\u00e5 romersk n\u00e4rvaro och arabiskt inflytande kan ses i omr\u00e5det. Detta \u00e4r verkligen ett paradis f\u00f6r vandrare, inte bara f\u00f6r den fantastiska promenaden utan ocks\u00e5 f\u00f6r sk\u00f6nheten som pryder s\u00e5 mycket av denna stimulerande del av Portugal.<\/p>\n<p>V\u00e5r tur \u00e4r centrerad i Manteigas, en pittoresk stad i hj\u00e4rtat av en glaci\u00e4rdal.<\/p>\n<p>Det kommer att vara v\u00e5r bas f\u00f6r fantastiska promenader bland det vackra landskapet som naturen har sk\u00e4nkt Serra da Estrela naturpark. Det finns bra stigar som t\u00e4cker parken vilket ger m\u00f6jlighet att uppt\u00e4cka mer av denna fantastiska region.<\/p>\n<p>Om du gillar bra promenader och storslagen natur \u00e4r denna semester ett perfekt val.<\/p>","protected":false},"excerpt":{"rendered":"<p>Denna semester \u00e4r i naturparken Serra da Estrela, &quot;stj\u00e4rnornas berg&quot;, den h\u00f6gsta bergskedjan p\u00e5 det portugisiska fastlandet som stiger till 1993m.<\/p>\n<p>Serras landskap av kastanje-, bok- och tallskogar, sj\u00f6ar och glaci\u00e4rdalar njuter alla av ren, krispig bergsluft.<\/p>\n<p>Naturparken \u00e4r ocks\u00e5 k\u00e4llan till floderna Mondego, Z\u00eazere och Alva.<\/p>\n<p>Dramatiska klippor och raviner g\u00f6r denna region fantastiskt vacker och ett n\u00f6je att utforska. Det \u00e4r ett erk\u00e4nt centrum f\u00f6r bergskl\u00e4ttring men v\u00e5ra promenader g\u00f6r det m\u00f6jligt f\u00f6r oss att komma \u00e5t all denna sk\u00f6nhet p\u00e5 mer konventionella stigar.<\/p>","protected":false},"featured_media":5517,"comment_status":"closed","ping_status":"closed","template":"","meta":{"_acf_changed":false,"inline_featured_image":false},"product_brand":[],"product_cat":[343,340,342,344,355],"product_tag":[587,203,1239,221,55,562,878,384,377,378,628,478,73,301,790,380,381,1161,59,1236,324,61],"class_list":{"0":"post-5436","1":"product","2":"type-product","3":"status-publish","4":"has-post-thumbnail","6":"product_cat-cultural-tours-and-holidays-in-portugal","7":"product_cat-guided-group-tours","8":"product_cat-portugal-guided-historical-holidays","9":"product_cat-guided-sightseeing-holidays-portugal","10":"product_cat-guided-walking-holidays-in-portugal","11":"product_tag-amazing-walking","12":"product_tag-beautiful-landscapes","13":"product_tag-cherry-picked-walks","14":"product_tag-fantastic-itinerary-of-walks","15":"product_tag-guided-walking-holidays","16":"product_tag-inland-walks","17":"product_tag-landscape","18":"product_tag-magnificent-landscape","19":"product_tag-manteigas","20":"product_tag-medieval-times","21":"product_tag-natural-attractions-in-portugal","22":"product_tag-natural-park","23":"product_tag-natural-scenery","24":"product_tag-perfect-walking-holiday","25":"product_tag-picturesque-landscapes","26":"product_tag-serra-da-estrela-cheese","27":"product_tag-serra-da-estrela-natural-park","28":"product_tag-spectacular-walks","29":"product_tag-walking","30":"product_tag-walking-along-quiet-paths","31":"product_tag-walking-experiences","32":"product_tag-walking-tours","34":"first","35":"instock","36":"virtual","37":"sold-individually","38":"product-type-booking"},"acf":[],"yoast_head":"<!-- This site is optimized with the Yoast SEO Premium plugin v26.8 (Yoast SEO v27.4) - https:\/\/yoast.com\/product\/yoast-seo-premium-wordpress\/ -->\n<title>Serra Da Estrela: Mountain of the Stars<\/title>\n<meta name=\"description\" content=\"Walking landscapes of chestnut, beech and pine forests, lakes and glacial valleys all enjoy clean, crisp, mountain air. The Natural Park is a pleasure to explore. Sheep and goats play a traditional role in the manufacture of the famous Serra da Estrela cheese. Sausages and wine are also important to the local economy as are the smoked produce and embroidered cotton. Craftsman uses their skills in basket work using wicker and chestnut. The Serra da Estrela also has its own ancient breed of mountain sheep dog.\" \/>\n<meta name=\"robots\" content=\"index, follow, max-snippet:-1, max-image-preview:large, max-video-preview:-1\" \/>\n<link rel=\"canonical\" href=\"https:\/\/becooltravel.com\/sv\/produkt\/serra-da-estrela-berget-stjarnorna-11600g\/\" \/>\n<meta property=\"og:locale\" content=\"sv_SE\" \/>\n<meta property=\"og:type\" content=\"article\" \/>\n<meta property=\"og:title\" content=\"Walking holiday is in the Serra da Estrela Natural Park,\" \/>\n<meta property=\"og:description\" content=\"It is an acknowledged centre for rock climbing but ourwalks enable us to access all this beauty on more conventional paths.Sheep and goats play a traditional role in the manufacture of the famous Serra da Estrela cheese. Sausages and wine are also important to the local economy as are the smoked produce and embroidered cotton. Craftsman uses their skills in basket work using wicker and chestnut. The Serra da Estrela also has its own ancient breed of mountain sheep dog.\" \/>\n<meta property=\"og:url\" content=\"https:\/\/becooltravel.com\/sv\/produkt\/serra-da-estrela-berget-stjarnorna-11600g\/\" \/>\n<meta property=\"og:site_name\" content=\"BeCool Travel\" \/>\n<meta property=\"article:publisher\" content=\"https:\/\/www.facebook.com\/becooltravelagency\/\" \/>\n<meta property=\"article:modified_time\" content=\"2022-08-14T13:23:56+00:00\" \/>\n<meta property=\"og:image\" content=\"https:\/\/i0.wp.com\/becooltravel.com\/wp-content\/uploads\/sites\/5\/2020\/07\/espinhaco_cao_serra_estrela.jpg?fit=1135%2C800&ssl=1\" \/>\n\t<meta property=\"og:image:width\" content=\"1135\" \/>\n\t<meta property=\"og:image:height\" content=\"800\" \/>\n\t<meta property=\"og:image:type\" content=\"image\/jpeg\" \/>\n<meta name=\"twitter:card\" content=\"summary_large_image\" \/>\n<meta name=\"twitter:title\" content=\"Walking tour in the Serra da Estrela Natural Park, the \u201cmountains of the stars\u201d\" \/>\n<meta name=\"twitter:description\" content=\"The Serra\u2019s landscapes of chestnut, beech and pine forests, lakes and glacial valleys all enjoy clean, crisp, mountain air.The Natural Park is also the source of the Mondego, Z\u00eazere and Alva rivers.Dramatic crags and ravines make this region stunningly beautiful and a pleasure to explore. It is an acknowledged centre for rock climbing but our walks enable us to access all this beauty on more conventional paths.\" \/>\n<meta name=\"twitter:image\" content=\"https:\/\/i0.wp.com\/becooltravel.com\/wp-content\/uploads\/sites\/5\/2020\/07\/espinhaco_cao_serra_estrela.jpg?fit=1135%2C800&ssl=1\" \/>\n<meta name=\"twitter:site\" content=\"@becool_travel\" \/>\n<meta name=\"twitter:label1\" content=\"Ber\u00e4knad l\u00e4stid\" \/>\n\t<meta name=\"twitter:data1\" content=\"2 minuter\" \/>\n<script type=\"application\/ld+json\" class=\"yoast-schema-graph\">{\"@context\":\"https:\\\/\\\/schema.org\",\"@graph\":[{\"@type\":[\"WebPage\",\"ItemPage\"],\"@id\":\"https:\\\/\\\/becooltravel.com\\\/product\\\/serra-da-estrela-mountain-of-the-stars-11600g\\\/\",\"url\":\"https:\\\/\\\/becooltravel.com\\\/product\\\/serra-da-estrela-mountain-of-the-stars-11600g\\\/\",\"name\":\"Serra Da Estrela: Mountain of the Stars\",\"isPartOf\":{\"@id\":\"https:\\\/\\\/becooltravel.com\\\/#website\"},\"primaryImageOfPage\":{\"@id\":\"https:\\\/\\\/becooltravel.com\\\/product\\\/serra-da-estrela-mountain-of-the-stars-11600g\\\/#primaryimage\"},\"image\":{\"@id\":\"https:\\\/\\\/becooltravel.com\\\/product\\\/serra-da-estrela-mountain-of-the-stars-11600g\\\/#primaryimage\"},\"thumbnailUrl\":\"https:\\\/\\\/i0.wp.com\\\/becooltravel.com\\\/wp-content\\\/uploads\\\/sites\\\/5\\\/2020\\\/07\\\/espinhaco_cao_serra_estrela.jpg?fit=1135%2C800&ssl=1\",\"datePublished\":\"2020-07-08T11:42:32+00:00\",\"dateModified\":\"2022-08-14T13:23:56+00:00\",\"description\":\"Walking landscapes of chestnut, beech and pine forests, lakes and glacial valleys all enjoy clean, crisp, mountain air. The Natural Park is a pleasure to explore. Sheep and goats play a traditional role in the manufacture of the famous Serra da Estrela cheese. Sausages and wine are also important to the local economy as are the smoked produce and embroidered cotton. Craftsman uses their skills in basket work using wicker and chestnut. The Serra da Estrela also has its own ancient breed of mountain sheep dog.\",\"breadcrumb\":{\"@id\":\"https:\\\/\\\/becooltravel.com\\\/product\\\/serra-da-estrela-mountain-of-the-stars-11600g\\\/#breadcrumb\"},\"inLanguage\":\"sv-SE\",\"potentialAction\":[{\"@type\":\"ReadAction\",\"target\":[\"https:\\\/\\\/becooltravel.com\\\/product\\\/serra-da-estrela-mountain-of-the-stars-11600g\\\/\"]}]},{\"@type\":\"ImageObject\",\"inLanguage\":\"sv-SE\",\"@id\":\"https:\\\/\\\/becooltravel.com\\\/product\\\/serra-da-estrela-mountain-of-the-stars-11600g\\\/#primaryimage\",\"url\":\"https:\\\/\\\/i0.wp.com\\\/becooltravel.com\\\/wp-content\\\/uploads\\\/sites\\\/5\\\/2020\\\/07\\\/espinhaco_cao_serra_estrela.jpg?fit=1135%2C800&ssl=1\",\"contentUrl\":\"https:\\\/\\\/i0.wp.com\\\/becooltravel.com\\\/wp-content\\\/uploads\\\/sites\\\/5\\\/2020\\\/07\\\/espinhaco_cao_serra_estrela.jpg?fit=1135%2C800&ssl=1\",\"width\":1135,\"height\":800,\"caption\":\"Espinhaco de Cao - Serra da Estrela\"},{\"@type\":\"BreadcrumbList\",\"@id\":\"https:\\\/\\\/becooltravel.com\\\/product\\\/serra-da-estrela-mountain-of-the-stars-11600g\\\/#breadcrumb\",\"itemListElement\":[{\"@type\":\"ListItem\",\"position\":1,\"name\":\"Home\",\"item\":\"https:\\\/\\\/becooltravel.com\\\/\"},{\"@type\":\"ListItem\",\"position\":2,\"name\":\"Shop\",\"item\":\"https:\\\/\\\/becooltravel.com\\\/?page_id=5\"},{\"@type\":\"ListItem\",\"position\":3,\"name\":\"Amazing Walking Holidays in Portugal. Incredible walking routes around Portugal, discover where to go for beautiful coastal, mountain and rural scenery. In Portugal you can find fantastic routes.\u00a0\",\"item\":\"https:\\\/\\\/becooltravel.com\\\/product-tag\\\/amazing-walking\\\/\"},{\"@type\":\"ListItem\",\"position\":4,\"name\":\"Walking holiday is in the Serra da Estrela Natural Park, the \u201cmountains of the stars\u201d\"}]},{\"@type\":\"WebSite\",\"@id\":\"https:\\\/\\\/becooltravel.com\\\/#website\",\"url\":\"https:\\\/\\\/becooltravel.com\\\/\",\"name\":\"BeCool Travel\",\"description\":\"Sustainable holidays in Portugal for independent travelers\",\"publisher\":{\"@id\":\"https:\\\/\\\/becooltravel.com\\\/#organization\"},\"potentialAction\":[{\"@type\":\"SearchAction\",\"target\":{\"@type\":\"EntryPoint\",\"urlTemplate\":\"https:\\\/\\\/becooltravel.com\\\/?s={search_term_string}\"},\"query-input\":{\"@type\":\"PropertyValueSpecification\",\"valueRequired\":true,\"valueName\":\"search_term_string\"}}],\"inLanguage\":\"sv-SE\"},{\"@type\":\"Organization\",\"@id\":\"https:\\\/\\\/becooltravel.com\\\/#organization\",\"name\":\"BecoolTravel. com- Portugal\",\"url\":\"https:\\\/\\\/becooltravel.com\\\/\",\"logo\":{\"@type\":\"ImageObject\",\"inLanguage\":\"sv-SE\",\"@id\":\"https:\\\/\\\/becooltravel.com\\\/#\\\/schema\\\/logo\\\/image\\\/\",\"url\":\"https:\\\/\\\/becooltravel.com\\\/wp-content\\\/uploads\\\/sites\\\/5\\\/2020\\\/03\\\/Logo_BeCool.jpg\",\"contentUrl\":\"https:\\\/\\\/becooltravel.com\\\/wp-content\\\/uploads\\\/sites\\\/5\\\/2020\\\/03\\\/Logo_BeCool.jpg\",\"width\":534,\"height\":534,\"caption\":\"BecoolTravel. com- Portugal\"},\"image\":{\"@id\":\"https:\\\/\\\/becooltravel.com\\\/#\\\/schema\\\/logo\\\/image\\\/\"},\"sameAs\":[\"https:\\\/\\\/www.facebook.com\\\/becooltravelagency\\\/\",\"https:\\\/\\\/x.com\\\/becool_travel\",\"https:\\\/\\\/www.instagram.com\\\/becooltravel_com\\\/\",\"https:\\\/\\\/www.linkedin.com\\\/company\\\/becool-travel\\\/\",\"https:\\\/\\\/www.youtube.com\\\/channel\\\/UCE7zRU3EVG1PgfXwQo-5uJw\"]}]}<\/script>\n<!-- \/ Yoast SEO Premium plugin. -->","yoast_head_json":{"title":"Serra Da Estrela: Stj\u00e4rnans berg","description":"Vandringslandskap med kastanje-, bok- och tallskogar, sj\u00f6ar och glaci\u00e4rdalar njuter alla av ren, krispig bergsluft. Naturparken \u00e4r ett n\u00f6je att utforska. F\u00e5r och getter spelar en traditionell roll i tillverkningen av den ber\u00f6mda Serra da Estrela-osten. Korv och vin \u00e4r ocks\u00e5 viktiga f\u00f6r den lokala ekonomin, liksom de r\u00f6kta produkterna och den broderade bomullen. Craftsman anv\u00e4nder sina f\u00e4rdigheter i korgarbete med fl\u00e4tad och kastanj. Serra da Estrela har ocks\u00e5 sin egen gamla ras av bergsf\u00e5rhundar.","robots":{"index":"index","follow":"follow","max-snippet":"max-snippet:-1","max-image-preview":"max-image-preview:large","max-video-preview":"max-video-preview:-1"},"canonical":"https:\/\/becooltravel.com\/sv\/produkt\/serra-da-estrela-berget-stjarnorna-11600g\/","og_locale":"sv_SE","og_type":"article","og_title":"Walking holiday is in the Serra da Estrela Natural Park,","og_description":"It is an acknowledged centre for rock climbing but ourwalks enable us to access all this beauty on more conventional paths.Sheep and goats play a traditional role in the manufacture of the famous Serra da Estrela cheese. Sausages and wine are also important to the local economy as are the smoked produce and embroidered cotton. Craftsman uses their skills in basket work using wicker and chestnut. The Serra da Estrela also has its own ancient breed of mountain sheep dog.","og_url":"https:\/\/becooltravel.com\/sv\/produkt\/serra-da-estrela-berget-stjarnorna-11600g\/","og_site_name":"BeCool Travel","article_publisher":"https:\/\/www.facebook.com\/becooltravelagency\/","article_modified_time":"2022-08-14T13:23:56+00:00","og_image":[{"width":1135,"height":800,"url":"https:\/\/i0.wp.com\/becooltravel.com\/wp-content\/uploads\/sites\/5\/2020\/07\/espinhaco_cao_serra_estrela.jpg?fit=1135%2C800&ssl=1","type":"image\/jpeg"}],"twitter_card":"summary_large_image","twitter_title":"Walking tour in the Serra da Estrela Natural Park, the \u201cmountains of the stars\u201d","twitter_description":"The Serra\u2019s landscapes of chestnut, beech and pine forests, lakes and glacial valleys all enjoy clean, crisp, mountain air.The Natural Park is also the source of the Mondego, Z\u00eazere and Alva rivers.Dramatic crags and ravines make this region stunningly beautiful and a pleasure to explore. It is an acknowledged centre for rock climbing but our walks enable us to access all this beauty on more conventional paths.","twitter_image":"https:\/\/i0.wp.com\/becooltravel.com\/wp-content\/uploads\/sites\/5\/2020\/07\/espinhaco_cao_serra_estrela.jpg?fit=1135%2C800&ssl=1","twitter_site":"@becool_travel","twitter_misc":{"Ber\u00e4knad l\u00e4stid":"2 minuter"},"schema":{"@context":"https:\/\/schema.org","@graph":[{"@type":["WebPage","ItemPage"],"@id":"https:\/\/becooltravel.com\/product\/serra-da-estrela-mountain-of-the-stars-11600g\/","url":"https:\/\/becooltravel.com\/product\/serra-da-estrela-mountain-of-the-stars-11600g\/","name":"Serra Da Estrela: Stj\u00e4rnans berg","isPartOf":{"@id":"https:\/\/becooltravel.com\/#website"},"primaryImageOfPage":{"@id":"https:\/\/becooltravel.com\/product\/serra-da-estrela-mountain-of-the-stars-11600g\/#primaryimage"},"image":{"@id":"https:\/\/becooltravel.com\/product\/serra-da-estrela-mountain-of-the-stars-11600g\/#primaryimage"},"thumbnailUrl":"https:\/\/i0.wp.com\/becooltravel.com\/wp-content\/uploads\/sites\/5\/2020\/07\/espinhaco_cao_serra_estrela.jpg?fit=1135%2C800&ssl=1","datePublished":"2020-07-08T11:42:32+00:00","dateModified":"2022-08-14T13:23:56+00:00","description":"Vandringslandskap med kastanje-, bok- och tallskogar, sj\u00f6ar och glaci\u00e4rdalar njuter alla av ren, krispig bergsluft. Naturparken \u00e4r ett n\u00f6je att utforska. F\u00e5r och getter spelar en traditionell roll i tillverkningen av den ber\u00f6mda Serra da Estrela-osten. Korv och vin \u00e4r ocks\u00e5 viktiga f\u00f6r den lokala ekonomin, liksom de r\u00f6kta produkterna och den broderade bomullen. Craftsman anv\u00e4nder sina f\u00e4rdigheter i korgarbete med fl\u00e4tad och kastanj. Serra da Estrela har ocks\u00e5 sin egen gamla ras av bergsf\u00e5rhundar.","breadcrumb":{"@id":"https:\/\/becooltravel.com\/product\/serra-da-estrela-mountain-of-the-stars-11600g\/#breadcrumb"},"inLanguage":"sv-SE","potentialAction":[{"@type":"ReadAction","target":["https:\/\/becooltravel.com\/product\/serra-da-estrela-mountain-of-the-stars-11600g\/"]}]},{"@type":"ImageObject","inLanguage":"sv-SE","@id":"https:\/\/becooltravel.com\/product\/serra-da-estrela-mountain-of-the-stars-11600g\/#primaryimage","url":"https:\/\/i0.wp.com\/becooltravel.com\/wp-content\/uploads\/sites\/5\/2020\/07\/espinhaco_cao_serra_estrela.jpg?fit=1135%2C800&ssl=1","contentUrl":"https:\/\/i0.wp.com\/becooltravel.com\/wp-content\/uploads\/sites\/5\/2020\/07\/espinhaco_cao_serra_estrela.jpg?fit=1135%2C800&ssl=1","width":1135,"height":800,"caption":"Espinhaco de Cao - Serra da Estrela"},{"@type":"BreadcrumbList","@id":"https:\/\/becooltravel.com\/product\/serra-da-estrela-mountain-of-the-stars-11600g\/#breadcrumb","itemListElement":[{"@type":"ListItem","position":1,"name":"Home","item":"https:\/\/becooltravel.com\/"},{"@type":"ListItem","position":2,"name":"Shop","item":"https:\/\/becooltravel.com\/?page_id=5"},{"@type":"ListItem","position":3,"name":"Amazing Walking Holidays in Portugal. Incredible walking routes around Portugal, discover where to go for beautiful coastal, mountain and rural scenery. In Portugal you can find fantastic routes.\u00a0","item":"https:\/\/becooltravel.com\/product-tag\/amazing-walking\/"},{"@type":"ListItem","position":4,"name":"Walking holiday is in the Serra da Estrela Natural Park, the \u201cmountains of the stars\u201d"}]},{"@type":"WebSite","@id":"https:\/\/becooltravel.com\/#website","url":"https:\/\/becooltravel.com\/","name":"BeCool Travel","description":"H\u00e5llbar semester i Portugal f\u00f6r oberoende resen\u00e4rer","publisher":{"@id":"https:\/\/becooltravel.com\/#organization"},"potentialAction":[{"@type":"SearchAction","target":{"@type":"EntryPoint","urlTemplate":"https:\/\/becooltravel.com\/?s={search_term_string}"},"query-input":{"@type":"PropertyValueSpecification","valueRequired":true,"valueName":"search_term_string"}}],"inLanguage":"sv-SE"},{"@type":"Organization","@id":"https:\/\/becooltravel.com\/#organization","name":"BecoolTravel. com- Portugal","url":"https:\/\/becooltravel.com\/","logo":{"@type":"ImageObject","inLanguage":"sv-SE","@id":"https:\/\/becooltravel.com\/#\/schema\/logo\/image\/","url":"https:\/\/becooltravel.com\/wp-content\/uploads\/sites\/5\/2020\/03\/Logo_BeCool.jpg","contentUrl":"https:\/\/becooltravel.com\/wp-content\/uploads\/sites\/5\/2020\/03\/Logo_BeCool.jpg","width":534,"height":534,"caption":"BecoolTravel. com- Portugal"},"image":{"@id":"https:\/\/becooltravel.com\/#\/schema\/logo\/image\/"},"sameAs":["https:\/\/www.facebook.com\/becooltravelagency\/","https:\/\/x.com\/becool_travel","https:\/\/www.instagram.com\/becooltravel_com\/","https:\/\/www.linkedin.com\/company\/becool-travel\/","https:\/\/www.youtube.com\/channel\/UCE7zRU3EVG1PgfXwQo-5uJw"]}]}},"jetpack_sharing_enabled":true,"_links":{"self":[{"href":"https:\/\/becooltravel.com\/sv\/wp-json\/wp\/v2\/product\/5436","targetHints":{"allow":["GET"]}}],"collection":[{"href":"https:\/\/becooltravel.com\/sv\/wp-json\/wp\/v2\/product"}],"about":[{"href":"https:\/\/becooltravel.com\/sv\/wp-json\/wp\/v2\/types\/product"}],"replies":[{"embeddable":true,"href":"https:\/\/becooltravel.com\/sv\/wp-json\/wp\/v2\/comments?post=5436"}],"wp:featuredmedia":[{"embeddable":true,"href":"https:\/\/becooltravel.com\/sv\/wp-json\/wp\/v2\/media\/5517"}],"wp:attachment":[{"href":"https:\/\/becooltravel.com\/sv\/wp-json\/wp\/v2\/media?parent=5436"}],"wp:term":[{"taxonomy":"product_brand","embeddable":true,"href":"https:\/\/becooltravel.com\/sv\/wp-json\/wp\/v2\/product_brand?post=5436"},{"taxonomy":"product_cat","embeddable":true,"href":"https:\/\/becooltravel.com\/sv\/wp-json\/wp\/v2\/product_cat?post=5436"},{"taxonomy":"product_tag","embeddable":true,"href":"https:\/\/becooltravel.com\/sv\/wp-json\/wp\/v2\/product_tag?post=5436"}],"curies":[{"name":"wp","href":"https:\/\/api.w.org\/{rel}","templated":true}]}}