{"id":5442,"date":"2020-07-09T10:34:37","date_gmt":"2020-07-09T10:34:37","guid":{"rendered":"https:\/\/becooltravel.com\/?post_type=product&#038;p=5442"},"modified":"2022-08-14T12:56:00","modified_gmt":"2022-08-14T12:56:00","slug":"the-vicentina-coast-12300g","status":"publish","type":"product","link":"https:\/\/becooltravel.com\/sv\/produkt\/the-vicentina-coast-12300g\/","title":{"rendered":"G\u00e5 p\u00e5 Vicentinakusten"},"content":{"rendered":"<p><strong>Grupper accepteras med minst 6 personer.<\/strong><\/p>\n<p>&nbsp;<\/p>\n<p>Rota Vicentina \u00e4r en l\u00e5ngv\u00e4ga v\u00e4g i SV Portugal, mellan staden Santiago, do Cac\u00e9m och Saint Vincent-udden. Rutten p\u00e5 340 km utg\u00f6r en del av det europeiska vandringsn\u00e4tet och blandar promenader p\u00e5 inlandet och l\u00e4ngs kusten tillsammans med en av de vackraste och b\u00e4st bevarade kustlinjerna i Sydeuropa. Det \u00e4r ett givande s\u00e4tt att se de verkliga Alentejo- och Algarve -regionerna i Portugal och g\u00e5 p\u00e5 of\u00f6rgl\u00f6mliga v\u00e4gar fulla av tradition.<\/p>\n<p>Omr\u00e5det har ett vilt och kraftfullt landskap fr\u00e5n den dramatiska kusten och havslandskapet till den mer intima och skyddade k\u00e4nslan av den skogbevuxna inredningen.<\/p>\n<div id=\"attachment_2860\" style=\"width: 1034px\" class=\"wp-caption alignnone\"><img data-recalc-dims=\"1\" decoding=\"async\" aria-describedby=\"caption-attachment-2860\" class=\"wp-image-2860 size-large\" title=\"Rota Vicentina kraftfullt landskap fr\u00e5n den dramatiska kusten \" src=\"https:\/\/i0.wp.com\/legendatours.net\/wp-content\/uploads\/2020\/07\/vicentina-1024x683.jpeg?resize=1024%2C683&#038;ssl=1\" alt=\"Rota Vicentina g\u00e5r\" width=\"1024\" height=\"683\" \/><p id=\"caption-attachment-2860\" class=\"wp-caption-text\">Rota Vicentina kraftfullt landskap fr\u00e5n den dramatiska kusten<\/p><\/div>\n<p>Vi baserar oss i ett centrum. Det bekv\u00e4ma Hotel Enigma med dess m\u00e5nga faciliteter \u00e4r v\u00e5rt hem f\u00f6r veckan. Detta minimerar omv\u00e4lvningen av att st\u00e4ndigt packa och packa upp vilket ger mer tid att njuta av turen. Centrum ger god och enkel \u00e5tkomst till n\u00e5gra av de finaste delarna av denna rutt.<\/p>\n<p>Denna turn\u00e9 syftar inte till att t\u00e4cka alla steg p\u00e5 v\u00e4gen f\u00f6r Rota Vicentina utan f\u00f6ljer snarare n\u00e5gra av de mest varierade och attraktiva delarna av sp\u00e5ren som ger hela smaken av denna fascinerande region.<\/p>\n<p>Vi utforskar den kontrasterande sk\u00f6nheten i kust- och inlandslandskap, upplever vild och or\u00f6rd natur, hisnande vyer, \u00f6de str\u00e4nder, regionens \u00e4kthet och rika identitet. Det milda v\u00e4dret \u00e5ret runt och underbar mat.<\/p>\n<p>Fest v\u00e5ra \u00f6gon p\u00e5 vackra landskap t\u00e4ckta av vildblommor och njut av de traditionella s\u00e4tten att leva.<\/p>\n<p>Vi vandrar i korkstr\u00e4dskogar, mjuka sluttningar, gr\u00f6na dalar l\u00e4ngs slingrande floder och b\u00e4ckar, i en sann resa genom tid, lokal kultur och naturstigar. Rutten g\u00e5r genom en naturpark, bland de vackraste och b\u00e4st bevarade kustomr\u00e5dena i Sydeuropa, med vilda str\u00e4nder och fascinerande landsbygdskultur.<\/p>\n<p>Vi kommer att bes\u00f6ka lokala byar d\u00e4r arbetslivet forts\u00e4tter som det har gjort i \u00e5rhundraden.<\/p>\n<div id=\"attachment_2200\" style=\"width: 1034px\" class=\"wp-caption alignnone\"><img data-recalc-dims=\"1\" decoding=\"async\" aria-describedby=\"caption-attachment-2200\" class=\"wp-image-2200 size-large\" title=\"Vicentina Route - Historiskt s\u00e4tt\" src=\"https:\/\/i0.wp.com\/legendatours.net\/wp-content\/uploads\/2020\/05\/Hike_countryside-1024x768.jpg?resize=1024%2C768&#038;ssl=1\" alt=\"Vicentina Route - Historiskt s\u00e4tt\" width=\"1024\" height=\"768\" \/><p id=\"caption-attachment-2200\" class=\"wp-caption-text\">Vicentina Route - Historiskt s\u00e4tt<\/p><\/div>\n<p>Kullarnas karakt\u00e4ristiska vegetation inkluderar korkek (Quercus suber) och jordgubbstr\u00e4d (Arbutus unedo).<\/p>\n<p>Eftersom vi har dedikerade transporter kommer det att finnas stor flexibilitet f\u00f6r gruppens aktiviteter. V\u00e5rt fantasifulla &quot;opt-out eller opt-in system&quot; inneb\u00e4r att promenaderna kan vara lika utmanande eller lika avkopplande och enkla som du vill att de ska vara.<\/p>\n<p>Byarna och naturreservaten l\u00e4ngs v\u00e4gen \u00e4r en v\u00e4sentlig del av dess karakt\u00e4r och det kommer att finnas tid att uppskatta dem.<\/p>\n<p>Under veckan kommer vi att uppt\u00e4cka en kustlinje av imponerande klippor toppade med sanddyner t\u00e4ckta med aromatisk medelhavsflora; steniga holmar prickade med vita storkbon, den enda marina kolonin i Europa och sm\u00e5 fiskehamnar d\u00e4r fiskarna dagligen vetter mot Atlanten.<\/p>\n<p>Vi kommer att omfamna ett paradis f\u00f6r fred och natur n\u00e4r vi g\u00e5r l\u00e4ngs skuggade flodstr\u00e4nder som st\u00e5r i kontrast till \u00f6ppna kullar d\u00e4r korken \u00e4r kung. P\u00e5 de brantare sluttningarna finns resterna av den inhemska medelhavsskogen, medan floden Mira \u00e4r fylld med f\u00e5glar.<\/p>\n<p>F\u00f6r att utforska ett verkligt vilt kustlandskap, v\u00e4lj denna mjuka men \u00e4nd\u00e5 spektakul\u00e4ra turn\u00e9 som avsl\u00f6jar den sp\u00f6kfulla sk\u00f6nheten i Portugals sydv\u00e4stra kust.<\/p>\n<div class=\"row\" style=\"display: flex;\">\n<div class=\"column\" style=\"flex: 45%;\">\n<div class=\"row\" style=\"display: flex;\">\n<div class=\"column\" style=\"flex: 45%;\">\n<p><iframe title=\"Tv\u00e5 steg till frihet - Rota Vicentina - engelsk version\" width=\"1080\" height=\"608\" src=\"https:\/\/www.youtube.com\/embed\/378VE1BxOrs?list=PLXuQK_E-D9ms4xzwNQLaux8GjS_169PbF\" frameborder=\"0\" allow=\"accelerometer; autoplay; clipboard-write; encrypted-media; gyroscope; picture-in-picture\" allowfullscreen><\/iframe><\/p>\n<\/div>\n<div class=\"column\" style=\"flex: 10%;\"><\/div>\n<div class=\"column\" style=\"flex: 45%;\"><\/div>\n<\/div>\n<\/div>\n<\/div>","protected":false},"excerpt":{"rendered":"<p>Rota Vicentina \u00e4r en l\u00e5ngv\u00e4ga v\u00e4g i SV Portugal, mellan staden Santiago, do Cac\u00e9m och Saint Vincent-udden. Rutten p\u00e5 340 km utg\u00f6r en del av det europeiska vandringsn\u00e4tet och blandar promenader p\u00e5 inlandet och l\u00e4ngs kusten tillsammans med en av de vackraste och b\u00e4st bevarade kustlinjerna i Sydeuropa. Det \u00e4r ett givande s\u00e4tt att se de verkliga Alentejo- och Algarve -regionerna i Portugal och g\u00e5 p\u00e5 of\u00f6rgl\u00f6mliga v\u00e4gar fulla av tradition.<\/p>\n<p>Omr\u00e5det har ett vilt och kraftfullt landskap fr\u00e5n den dramatiska kusten och havslandskapet till den mer intima och skyddade k\u00e4nslan av den skogbevuxna inredningen.<\/p>","protected":false},"featured_media":5575,"comment_status":"closed","ping_status":"closed","template":"","meta":{"_acf_changed":false,"inline_featured_image":false},"product_brand":[],"product_cat":[343,340,342,344,355],"product_tag":[63,64,90,203,474,950,164,741,187,255,204,149,839,579,929,476,562,878,261,384,478,133,73,788,789,930,433,790,629,479,480,482,949,68],"class_list":{"0":"post-5442","1":"product","2":"type-product","3":"status-publish","4":"has-post-thumbnail","6":"product_cat-cultural-tours-and-holidays-in-portugal","7":"product_cat-guided-group-tours","8":"product_cat-portugal-guided-historical-holidays","9":"product_cat-guided-sightseeing-holidays-portugal","10":"product_cat-guided-walking-holidays-in-portugal","11":"product_tag-alentejo-landscape","12":"product_tag-alentejo-walking","13":"product_tag-algarve-gr13","14":"product_tag-beautiful-landscapes","15":"product_tag-cape-of-st-vincent","16":"product_tag-cape-st-vincent","17":"product_tag-coastal-scenery","18":"product_tag-coastal-walks","19":"product_tag-coastal-way","20":"product_tag-cork-trees","21":"product_tag-cultural-heritage","22":"product_tag-dramatic-beauty-of-the-atlantic-coast","23":"product_tag-dramatic-cliffs","24":"product_tag-green-landscape","25":"product_tag-green-valleys","26":"product_tag-inland-sceneries","27":"product_tag-inland-walks","28":"product_tag-landscape","29":"product_tag-local-gastronomy","30":"product_tag-magnificent-landscape","31":"product_tag-natural-park","32":"product_tag-natural-reserves","33":"product_tag-natural-scenery","34":"product_tag-nature-holidays","35":"product_tag-nature-tour","36":"product_tag-nature-trails","37":"product_tag-parque-natural-de-costa-vicentina","38":"product_tag-picturesque-landscapes","39":"product_tag-portugals-biggest-natural-reserve","40":"product_tag-rota-vicentina","41":"product_tag-santiago-do-cacem","42":"product_tag-vicentina-coast","43":"product_tag-vicentina-route","44":"product_tag-wild-flowers-alentejo","46":"first","47":"instock","48":"virtual","49":"sold-individually","50":"product-type-booking"},"acf":[],"yoast_head":"<!-- This site is optimized with the Yoast SEO Premium plugin v26.8 (Yoast SEO v27.5) - https:\/\/yoast.com\/product\/yoast-seo-premium-wordpress\/ -->\n<title>Walking The Vicentina Coast<\/title>\n<meta name=\"description\" content=\"The Rota Vicentina is a long-distance path in SW Portugal, between the city of Santiago do Cac\u00e9m and the Cape of St. Vincent. The 340 km route forms part of the European footpath network and mixes inland and coastal walking along one of the most beautiful and best-preserved coast lines of southern Europe. It is a rewarding way of seeing the real Alentejo and Algarve regions of Portugal and walk on unforgettable routes full of tradition.The area has a wild and powerful landscape from the dramatic coast and seascapes to the more intimate and protected feel of the wooded interior.\" \/>\n<meta name=\"robots\" content=\"index, follow, max-snippet:-1, max-image-preview:large, max-video-preview:-1\" \/>\n<link rel=\"canonical\" href=\"https:\/\/becooltravel.com\/sv\/produkt\/the-vicentina-coast-12300g\/\" \/>\n<meta property=\"og:locale\" content=\"sv_SE\" \/>\n<meta property=\"og:type\" content=\"article\" \/>\n<meta property=\"og:title\" content=\"Walking Rota Vicentina is a long-distance path in SW Portugal\" \/>\n<meta property=\"og:description\" content=\"The Rota Vicentina is a long-distance path in SW Portugal, between the city of Santiago do Cac\u00e9m and the Cape of St. Vincent. The 340 km route forms part of the European footpath network and mixes inland and coastal walking along one of the most beautiful and best-preserved coast lines of southern Europe. It is a rewarding way of seeing the real Alentejo and Algarve regions of Portugal and walk on unforgettable routes full of tradition.The area has a wild and powerful landscape from the dramatic coast and seascapes to the more intimate and protected feel of the wooded interior.\" \/>\n<meta property=\"og:url\" content=\"https:\/\/becooltravel.com\/sv\/produkt\/the-vicentina-coast-12300g\/\" \/>\n<meta property=\"og:site_name\" content=\"BeCool Travel\" \/>\n<meta property=\"article:publisher\" content=\"https:\/\/www.facebook.com\/becooltravelagency\/\" \/>\n<meta property=\"article:modified_time\" content=\"2022-08-14T12:56:00+00:00\" \/>\n<meta property=\"og:image\" content=\"https:\/\/i0.wp.com\/becooltravel.com\/wp-content\/uploads\/sites\/5\/2020\/07\/fisherman_trail_vicentina.jpg?fit=1039%2C768&ssl=1\" \/>\n\t<meta property=\"og:image:width\" content=\"1039\" \/>\n\t<meta property=\"og:image:height\" content=\"768\" \/>\n\t<meta property=\"og:image:type\" content=\"image\/jpeg\" \/>\n<meta name=\"twitter:card\" content=\"summary_large_image\" \/>\n<meta name=\"twitter:title\" content=\"Walking holiday Rota Vicentina is a long-distance path in SW Portugal\" \/>\n<meta name=\"twitter:description\" content=\"The Rota Vicentina is a long-distance path in SW Portugal, between the city of Santiago do Cac\u00e9m and the Cape of St. Vincent. The 340 km route forms part of the European footpath network and mixes inland and coastal walking along one of the most beautiful and best-preserved coast lines of southern Europe. It is a rewarding way of seeing the real Alentejo and Algarve regions of Portugal and walk on unforgettable routes full of tradition.The area has a wild and powerful landscape from the dramatic coast and seascapes to the more intimate and protected feel of the wooded interior.\" \/>\n<meta name=\"twitter:image\" content=\"https:\/\/i0.wp.com\/becooltravel.com\/wp-content\/uploads\/sites\/5\/2020\/07\/fisherman_trail_vicentina.jpg?fit=1039%2C768&ssl=1\" \/>\n<meta name=\"twitter:site\" content=\"@becool_travel\" \/>\n<meta name=\"twitter:label1\" content=\"Ber\u00e4knad l\u00e4stid\" \/>\n\t<meta name=\"twitter:data1\" content=\"3 minuter\" \/>\n<script type=\"application\/ld+json\" class=\"yoast-schema-graph\">{\"@context\":\"https:\\\/\\\/schema.org\",\"@graph\":[{\"@type\":[\"WebPage\",\"ItemPage\"],\"@id\":\"https:\\\/\\\/becooltravel.com\\\/product\\\/the-vicentina-coast-12300g\\\/\",\"url\":\"https:\\\/\\\/becooltravel.com\\\/product\\\/the-vicentina-coast-12300g\\\/\",\"name\":\"Walking The Vicentina Coast\",\"isPartOf\":{\"@id\":\"https:\\\/\\\/becooltravel.com\\\/#website\"},\"primaryImageOfPage\":{\"@id\":\"https:\\\/\\\/becooltravel.com\\\/product\\\/the-vicentina-coast-12300g\\\/#primaryimage\"},\"image\":{\"@id\":\"https:\\\/\\\/becooltravel.com\\\/product\\\/the-vicentina-coast-12300g\\\/#primaryimage\"},\"thumbnailUrl\":\"https:\\\/\\\/i0.wp.com\\\/becooltravel.com\\\/wp-content\\\/uploads\\\/sites\\\/5\\\/2020\\\/07\\\/fisherman_trail_vicentina.jpg?fit=1039%2C768&ssl=1\",\"datePublished\":\"2020-07-09T10:34:37+00:00\",\"dateModified\":\"2022-08-14T12:56:00+00:00\",\"description\":\"The Rota Vicentina is a long-distance path in SW Portugal, between the city of Santiago do Cac\u00e9m and the Cape of St. Vincent. The 340 km route forms part of the European footpath network and mixes inland and coastal walking along one of the most beautiful and best-preserved coast lines of southern Europe. It is a rewarding way of seeing the real Alentejo and Algarve regions of Portugal and walk on unforgettable routes full of tradition.The area has a wild and powerful landscape from the dramatic coast and seascapes to the more intimate and protected feel of the wooded interior.\",\"breadcrumb\":{\"@id\":\"https:\\\/\\\/becooltravel.com\\\/product\\\/the-vicentina-coast-12300g\\\/#breadcrumb\"},\"inLanguage\":\"sv-SE\",\"potentialAction\":[{\"@type\":\"ReadAction\",\"target\":[\"https:\\\/\\\/becooltravel.com\\\/product\\\/the-vicentina-coast-12300g\\\/\"]}]},{\"@type\":\"ImageObject\",\"inLanguage\":\"sv-SE\",\"@id\":\"https:\\\/\\\/becooltravel.com\\\/product\\\/the-vicentina-coast-12300g\\\/#primaryimage\",\"url\":\"https:\\\/\\\/i0.wp.com\\\/becooltravel.com\\\/wp-content\\\/uploads\\\/sites\\\/5\\\/2020\\\/07\\\/fisherman_trail_vicentina.jpg?fit=1039%2C768&ssl=1\",\"contentUrl\":\"https:\\\/\\\/i0.wp.com\\\/becooltravel.com\\\/wp-content\\\/uploads\\\/sites\\\/5\\\/2020\\\/07\\\/fisherman_trail_vicentina.jpg?fit=1039%2C768&ssl=1\",\"width\":1039,\"height\":768,\"caption\":\"Fisherman's trail Rota Vicentina\"},{\"@type\":\"BreadcrumbList\",\"@id\":\"https:\\\/\\\/becooltravel.com\\\/product\\\/the-vicentina-coast-12300g\\\/#breadcrumb\",\"itemListElement\":[{\"@type\":\"ListItem\",\"position\":1,\"name\":\"Home\",\"item\":\"https:\\\/\\\/becooltravel.com\\\/\"},{\"@type\":\"ListItem\",\"position\":2,\"name\":\"Shop\",\"item\":\"https:\\\/\\\/becooltravel.com\\\/?page_id=5\"},{\"@type\":\"ListItem\",\"position\":3,\"name\":\"Best Alentejo landscape walking holiday\",\"item\":\"https:\\\/\\\/becooltravel.com\\\/product-tag\\\/alentejo-landscape\\\/\"},{\"@type\":\"ListItem\",\"position\":4,\"name\":\"Walking The Vicentina Coast\"}]},{\"@type\":\"WebSite\",\"@id\":\"https:\\\/\\\/becooltravel.com\\\/#website\",\"url\":\"https:\\\/\\\/becooltravel.com\\\/\",\"name\":\"BeCool Travel\",\"description\":\"Sustainable holidays in Portugal for independent travelers\",\"publisher\":{\"@id\":\"https:\\\/\\\/becooltravel.com\\\/#organization\"},\"potentialAction\":[{\"@type\":\"SearchAction\",\"target\":{\"@type\":\"EntryPoint\",\"urlTemplate\":\"https:\\\/\\\/becooltravel.com\\\/?s={search_term_string}\"},\"query-input\":{\"@type\":\"PropertyValueSpecification\",\"valueRequired\":true,\"valueName\":\"search_term_string\"}}],\"inLanguage\":\"sv-SE\"},{\"@type\":\"Organization\",\"@id\":\"https:\\\/\\\/becooltravel.com\\\/#organization\",\"name\":\"BecoolTravel. com- Portugal\",\"url\":\"https:\\\/\\\/becooltravel.com\\\/\",\"logo\":{\"@type\":\"ImageObject\",\"inLanguage\":\"sv-SE\",\"@id\":\"https:\\\/\\\/becooltravel.com\\\/#\\\/schema\\\/logo\\\/image\\\/\",\"url\":\"https:\\\/\\\/becooltravel.com\\\/wp-content\\\/uploads\\\/sites\\\/5\\\/2020\\\/03\\\/Logo_BeCool.jpg\",\"contentUrl\":\"https:\\\/\\\/becooltravel.com\\\/wp-content\\\/uploads\\\/sites\\\/5\\\/2020\\\/03\\\/Logo_BeCool.jpg\",\"width\":534,\"height\":534,\"caption\":\"BecoolTravel. com- Portugal\"},\"image\":{\"@id\":\"https:\\\/\\\/becooltravel.com\\\/#\\\/schema\\\/logo\\\/image\\\/\"},\"sameAs\":[\"https:\\\/\\\/www.facebook.com\\\/becooltravelagency\\\/\",\"https:\\\/\\\/x.com\\\/becool_travel\",\"https:\\\/\\\/www.instagram.com\\\/becooltravel_com\\\/\",\"https:\\\/\\\/www.linkedin.com\\\/company\\\/becool-travel\\\/\",\"https:\\\/\\\/www.youtube.com\\\/channel\\\/UCE7zRU3EVG1PgfXwQo-5uJw\"]}]}<\/script>\n<!-- \/ Yoast SEO Premium plugin. -->","yoast_head_json":{"title":"G\u00e5 p\u00e5 Vicentinakusten","description":"Rota Vicentina \u00e4r en l\u00e5ngv\u00e4ga v\u00e4g i SV Portugal, mellan staden Santiago do Cac\u00e9m och Saint Vincent-udden. Rutten p\u00e5 340 km utg\u00f6r en del av det europeiska vandringsn\u00e4tet och blandar in- och kustvandring l\u00e4ngs en av de vackraste och b\u00e4st bevarade kustlinjerna i Sydeuropa. Det \u00e4r ett givande s\u00e4tt att se de verkliga Alentejo- och Algarve -regionerna i Portugal och g\u00e5 p\u00e5 of\u00f6rgl\u00f6mliga v\u00e4gar fulla av tradition. Omr\u00e5det har ett vildt och kraftfullt landskap fr\u00e5n den dramatiska kusten och havslandskapen till den mer intima och skyddade k\u00e4nslan av den skogbevuxna inredningen.","robots":{"index":"index","follow":"follow","max-snippet":"max-snippet:-1","max-image-preview":"max-image-preview:large","max-video-preview":"max-video-preview:-1"},"canonical":"https:\/\/becooltravel.com\/sv\/produkt\/the-vicentina-coast-12300g\/","og_locale":"sv_SE","og_type":"article","og_title":"Walking Rota Vicentina is a long-distance path in SW Portugal","og_description":"The Rota Vicentina is a long-distance path in SW Portugal, between the city of Santiago do Cac\u00e9m and the Cape of St. Vincent. The 340 km route forms part of the European footpath network and mixes inland and coastal walking along one of the most beautiful and best-preserved coast lines of southern Europe. It is a rewarding way of seeing the real Alentejo and Algarve regions of Portugal and walk on unforgettable routes full of tradition.The area has a wild and powerful landscape from the dramatic coast and seascapes to the more intimate and protected feel of the wooded interior.","og_url":"https:\/\/becooltravel.com\/sv\/produkt\/the-vicentina-coast-12300g\/","og_site_name":"BeCool Travel","article_publisher":"https:\/\/www.facebook.com\/becooltravelagency\/","article_modified_time":"2022-08-14T12:56:00+00:00","og_image":[{"width":1039,"height":768,"url":"https:\/\/i0.wp.com\/becooltravel.com\/wp-content\/uploads\/sites\/5\/2020\/07\/fisherman_trail_vicentina.jpg?fit=1039%2C768&ssl=1","type":"image\/jpeg"}],"twitter_card":"summary_large_image","twitter_title":"Walking holiday Rota Vicentina is a long-distance path in SW Portugal","twitter_description":"The Rota Vicentina is a long-distance path in SW Portugal, between the city of Santiago do Cac\u00e9m and the Cape of St. Vincent. The 340 km route forms part of the European footpath network and mixes inland and coastal walking along one of the most beautiful and best-preserved coast lines of southern Europe. It is a rewarding way of seeing the real Alentejo and Algarve regions of Portugal and walk on unforgettable routes full of tradition.The area has a wild and powerful landscape from the dramatic coast and seascapes to the more intimate and protected feel of the wooded interior.","twitter_image":"https:\/\/i0.wp.com\/becooltravel.com\/wp-content\/uploads\/sites\/5\/2020\/07\/fisherman_trail_vicentina.jpg?fit=1039%2C768&ssl=1","twitter_site":"@becool_travel","twitter_misc":{"Ber\u00e4knad l\u00e4stid":"3 minuter"},"schema":{"@context":"https:\/\/schema.org","@graph":[{"@type":["WebPage","ItemPage"],"@id":"https:\/\/becooltravel.com\/product\/the-vicentina-coast-12300g\/","url":"https:\/\/becooltravel.com\/product\/the-vicentina-coast-12300g\/","name":"G\u00e5 p\u00e5 Vicentinakusten","isPartOf":{"@id":"https:\/\/becooltravel.com\/#website"},"primaryImageOfPage":{"@id":"https:\/\/becooltravel.com\/product\/the-vicentina-coast-12300g\/#primaryimage"},"image":{"@id":"https:\/\/becooltravel.com\/product\/the-vicentina-coast-12300g\/#primaryimage"},"thumbnailUrl":"https:\/\/i0.wp.com\/becooltravel.com\/wp-content\/uploads\/sites\/5\/2020\/07\/fisherman_trail_vicentina.jpg?fit=1039%2C768&ssl=1","datePublished":"2020-07-09T10:34:37+00:00","dateModified":"2022-08-14T12:56:00+00:00","description":"Rota Vicentina \u00e4r en l\u00e5ngv\u00e4ga v\u00e4g i SV Portugal, mellan staden Santiago do Cac\u00e9m och Saint Vincent-udden. Rutten p\u00e5 340 km utg\u00f6r en del av det europeiska vandringsn\u00e4tet och blandar in- och kustvandring l\u00e4ngs en av de vackraste och b\u00e4st bevarade kustlinjerna i Sydeuropa. Det \u00e4r ett givande s\u00e4tt att se de verkliga Alentejo- och Algarve -regionerna i Portugal och g\u00e5 p\u00e5 of\u00f6rgl\u00f6mliga v\u00e4gar fulla av tradition. Omr\u00e5det har ett vildt och kraftfullt landskap fr\u00e5n den dramatiska kusten och havslandskapen till den mer intima och skyddade k\u00e4nslan av den skogbevuxna inredningen.","breadcrumb":{"@id":"https:\/\/becooltravel.com\/product\/the-vicentina-coast-12300g\/#breadcrumb"},"inLanguage":"sv-SE","potentialAction":[{"@type":"ReadAction","target":["https:\/\/becooltravel.com\/product\/the-vicentina-coast-12300g\/"]}]},{"@type":"ImageObject","inLanguage":"sv-SE","@id":"https:\/\/becooltravel.com\/product\/the-vicentina-coast-12300g\/#primaryimage","url":"https:\/\/i0.wp.com\/becooltravel.com\/wp-content\/uploads\/sites\/5\/2020\/07\/fisherman_trail_vicentina.jpg?fit=1039%2C768&ssl=1","contentUrl":"https:\/\/i0.wp.com\/becooltravel.com\/wp-content\/uploads\/sites\/5\/2020\/07\/fisherman_trail_vicentina.jpg?fit=1039%2C768&ssl=1","width":1039,"height":768,"caption":"Fisherman's trail Rota Vicentina"},{"@type":"BreadcrumbList","@id":"https:\/\/becooltravel.com\/product\/the-vicentina-coast-12300g\/#breadcrumb","itemListElement":[{"@type":"ListItem","position":1,"name":"Home","item":"https:\/\/becooltravel.com\/"},{"@type":"ListItem","position":2,"name":"Shop","item":"https:\/\/becooltravel.com\/?page_id=5"},{"@type":"ListItem","position":3,"name":"Best Alentejo landscape walking holiday","item":"https:\/\/becooltravel.com\/product-tag\/alentejo-landscape\/"},{"@type":"ListItem","position":4,"name":"Walking The Vicentina Coast"}]},{"@type":"WebSite","@id":"https:\/\/becooltravel.com\/#website","url":"https:\/\/becooltravel.com\/","name":"BeCool Travel","description":"H\u00e5llbar semester i Portugal f\u00f6r oberoende resen\u00e4rer","publisher":{"@id":"https:\/\/becooltravel.com\/#organization"},"potentialAction":[{"@type":"SearchAction","target":{"@type":"EntryPoint","urlTemplate":"https:\/\/becooltravel.com\/?s={search_term_string}"},"query-input":{"@type":"PropertyValueSpecification","valueRequired":true,"valueName":"search_term_string"}}],"inLanguage":"sv-SE"},{"@type":"Organization","@id":"https:\/\/becooltravel.com\/#organization","name":"BecoolTravel. com- Portugal","url":"https:\/\/becooltravel.com\/","logo":{"@type":"ImageObject","inLanguage":"sv-SE","@id":"https:\/\/becooltravel.com\/#\/schema\/logo\/image\/","url":"https:\/\/becooltravel.com\/wp-content\/uploads\/sites\/5\/2020\/03\/Logo_BeCool.jpg","contentUrl":"https:\/\/becooltravel.com\/wp-content\/uploads\/sites\/5\/2020\/03\/Logo_BeCool.jpg","width":534,"height":534,"caption":"BecoolTravel. com- Portugal"},"image":{"@id":"https:\/\/becooltravel.com\/#\/schema\/logo\/image\/"},"sameAs":["https:\/\/www.facebook.com\/becooltravelagency\/","https:\/\/x.com\/becool_travel","https:\/\/www.instagram.com\/becooltravel_com\/","https:\/\/www.linkedin.com\/company\/becool-travel\/","https:\/\/www.youtube.com\/channel\/UCE7zRU3EVG1PgfXwQo-5uJw"]}]}},"jetpack_sharing_enabled":true,"_links":{"self":[{"href":"https:\/\/becooltravel.com\/sv\/wp-json\/wp\/v2\/product\/5442","targetHints":{"allow":["GET"]}}],"collection":[{"href":"https:\/\/becooltravel.com\/sv\/wp-json\/wp\/v2\/product"}],"about":[{"href":"https:\/\/becooltravel.com\/sv\/wp-json\/wp\/v2\/types\/product"}],"replies":[{"embeddable":true,"href":"https:\/\/becooltravel.com\/sv\/wp-json\/wp\/v2\/comments?post=5442"}],"wp:featuredmedia":[{"embeddable":true,"href":"https:\/\/becooltravel.com\/sv\/wp-json\/wp\/v2\/media\/5575"}],"wp:attachment":[{"href":"https:\/\/becooltravel.com\/sv\/wp-json\/wp\/v2\/media?parent=5442"}],"wp:term":[{"taxonomy":"product_brand","embeddable":true,"href":"https:\/\/becooltravel.com\/sv\/wp-json\/wp\/v2\/product_brand?post=5442"},{"taxonomy":"product_cat","embeddable":true,"href":"https:\/\/becooltravel.com\/sv\/wp-json\/wp\/v2\/product_cat?post=5442"},{"taxonomy":"product_tag","embeddable":true,"href":"https:\/\/becooltravel.com\/sv\/wp-json\/wp\/v2\/product_tag?post=5442"}],"curies":[{"name":"wp","href":"https:\/\/api.w.org\/{rel}","templated":true}]}}