{"id":5451,"date":"2020-07-10T15:27:16","date_gmt":"2020-07-10T15:27:16","guid":{"rendered":"https:\/\/becooltravel.com\/?post_type=product&#038;p=5451"},"modified":"2026-03-18T14:21:37","modified_gmt":"2026-03-18T14:21:37","slug":"birding-in-the-algarve-alentejo-3200g","status":"publish","type":"product","link":"https:\/\/becooltravel.com\/sv\/produkt\/fagelskadning-i-algarve-alentejo-3200g\/","title":{"rendered":"F\u00e5gelsk\u00e5dning i Algarve och Alentejo"},"content":{"rendered":"<p><strong>Grupper accepteras med minst 6 personer.<\/strong><\/p>\n<p>&nbsp;<\/p>\n<p>Algarve \u00e4r med r\u00e4tta k\u00e4nd f\u00f6r sina gyllene sandstr\u00e4nder, golfbanor och underbara klimat \u00e5ret runt men \u00e4r fortfarande ett hemligt resm\u00e5l f\u00f6r stora f\u00e5gelsk\u00e5dningar. Regionen har ett fantastiskt utbud av f\u00e5glar och m\u00e5nga st\u00e4llen d\u00e4r du kan g\u00e5 och hitta dem och erbjuder f\u00e5gelsk\u00e5dning i toppklass n\u00e4stan n\u00e4r som helst p\u00e5 \u00e5ret.<\/p>\n<div id=\"attachment_2872\" style=\"width: 1034px\" class=\"wp-caption alignnone\"><img data-recalc-dims=\"1\" decoding=\"async\" aria-describedby=\"caption-attachment-2872\" class=\"wp-image-2872 size-large\" title=\"F\u00e5gelsk\u00e5dning och naturresor\" src=\"https:\/\/i0.wp.com\/legendatours.net\/wp-content\/uploads\/2020\/07\/birdwatching_group_holidays-1024x576.jpg?resize=1024%2C576&#038;ssl=1\" alt=\"F\u00e5gelsk\u00e5dning och naturresor\" width=\"1024\" height=\"576\" \/><p id=\"caption-attachment-2872\" class=\"wp-caption-text\"><a href=\"..\/..\/product-tag\/birdwatching\/\">F\u00e5gelsk\u00e5dning<\/a> och Wildlife Holiday<\/p><\/div>\n<p>Dess underbara m\u00e5ngfald av livsmilj\u00f6er och geografiska l\u00e4ge lockar en m\u00e4ngd avels- och \u00f6vervintringsarter och vid migrationstider \u00e4r det ett viktigt mellanlandningsomr\u00e5de f\u00f6r otaliga f\u00e5glar som tar sig till eller fr\u00e5n Afrika.<\/p>\n<div id=\"attachment_1733\" style=\"width: 1034px\" class=\"wp-caption alignnone\"><img data-recalc-dims=\"1\" decoding=\"async\" aria-describedby=\"caption-attachment-1733\" class=\"size-full wp-image-1733\" src=\"https:\/\/i0.wp.com\/legendatours.net\/wp-content\/uploads\/2020\/03\/Great_bustard_birdwatching-e1611676653444.jpg?resize=1024%2C672&#038;ssl=1\" alt=\"F\u00e5gelsk\u00e5dning - letar efter Great Bustard foto Peter Dedicoat\" width=\"1024\" height=\"672\" \/><p id=\"caption-attachment-1733\" class=\"wp-caption-text\">F\u00e5gelsk\u00e5dning - letar efter Great Bustard<\/p><\/div>\n<p>Det h\u00e4r \u00e4r 8 dagar <a href=\"..\/..\/?s=birdwatching\" target=\"_blank\" rel=\"noopener noreferrer\">f\u00e5gelsk\u00e5dning<\/a> turn\u00e9 i Algarve och Alentejo med utflykter p\u00e5 jakt efter s\u00f6dra <a href=\"..\/..\/?s=birds\">Portugals bosatta och flyttf\u00e5glar<\/a>. Denna turn\u00e9 har specifikt valts f\u00f6r att ge dig chansen att njuta av det b\u00e4sta av f\u00e5gellivet i s\u00f6dra Portugal.<\/p>\n<div class=\"row\" style=\"display: flex;\">\n<div class=\"column\" style=\"flex: 45%;\">\n<p><iframe title=\"F\u00e5glar i s\u00f6dra Portugal\" width=\"1080\" height=\"608\" src=\"https:\/\/www.youtube.com\/embed\/q4ezd_AIbYM?feature=oembed\" frameborder=\"0\" allow=\"accelerometer; autoplay; clipboard-write; encrypted-media; gyroscope; picture-in-picture\" allowfullscreen><\/iframe><\/p>\n<\/div>\n<div class=\"column\" style=\"flex: 10%;\"><\/div>\n<div class=\"column\" style=\"flex: 45%;\">\n<p><iframe title=\"Falc\u00e3o Peregrino\" width=\"1080\" height=\"608\" src=\"https:\/\/www.youtube.com\/embed\/FuClZZq-sdM?list=PL_6Umd8jb1qvBUfpmdNirAfZNGPDknjjw\" frameborder=\"0\" allow=\"accelerometer; autoplay; clipboard-write; encrypted-media; gyroscope; picture-in-picture\" allowfullscreen><\/iframe><\/p>\n<\/div>\n<\/div>","protected":false},"excerpt":{"rendered":"<p>Detta \u00e4r en 8-dagars f\u00e5gelsk\u00e5dningstur i Algarve och Alentejo med utflykter p\u00e5 jakt efter s\u00f6dra Portugals bosatta och flyttf\u00e5glar. Denna turn\u00e9 har valts specifikt f\u00f6r att ge dig chansen att njuta av det allra b\u00e4sta av f\u00e5gellivet i s\u00f6dra Portugal.<\/p>","protected":false},"featured_media":5619,"comment_status":"closed","ping_status":"closed","template":"","meta":{"_acf_changed":false,"inline_featured_image":false},"product_brand":[],"product_cat":[353,340,344],"product_tag":[473,311,499,500,453,501,736,121,710,454,663,1284,242,737,738,455,598,711,502,503,504,712,713,505,959,607,510,670,511,715,512,513,485,514,321,1141,515,58,516,517,716,602,717,465,467,494,1285,181,468,718,722,603,723,724,614,725,518],"class_list":{"0":"post-5451","1":"product","2":"type-product","3":"status-publish","4":"has-post-thumbnail","6":"product_cat-portugal-guided-birdwatching-holidays","7":"product_cat-guided-group-tours","8":"product_cat-guided-sightseeing-holidays-portugal","9":"product_tag-alentejo","10":"product_tag-algarve","11":"product_tag-bee-eater","12":"product_tag-best-birding-spots","13":"product_tag-best-of-the-algarvian-bird-life","14":"product_tag-bird-species","15":"product_tag-bird-watching-tours","16":"product_tag-bird-watching","17":"product_tag-birding","18":"product_tag-birding-algarve","19":"product_tag-birds","20":"product_tag-birdwatchers-paradise","21":"product_tag-birdwatching","22":"product_tag-birdwatching-algarve","23":"product_tag-birdwatching-portugal","24":"product_tag-birdwatching-tour-in-the-algarve","25":"product_tag-black-kite","26":"product_tag-black-tailed-godwits","27":"product_tag-black-winged-kite","28":"product_tag-blackheaded-weaver","29":"product_tag-booted-eagles","30":"product_tag-collared-pratincole","31":"product_tag-european-bee-eater","32":"product_tag-ferruginous-duck","33":"product_tag-guided-tours","34":"product_tag-holidays","35":"product_tag-kentish-plover","36":"product_tag-kingfisher","37":"product_tag-little-bittern","38":"product_tag-little-stints","39":"product_tag-little-tern","40":"product_tag-marsh-harriers","41":"product_tag-migratory-birds","42":"product_tag-nature-observation","43":"product_tag-nature-walks","44":"product_tag-observe-birds","45":"product_tag-penduline-tits","46":"product_tag-portugal","47":"product_tag-purple-heron","48":"product_tag-purple-swamp-hen","49":"product_tag-ramsar","50":"product_tag-red-kite","51":"product_tag-red-crested-pochard","52":"product_tag-red-necked-nightjar","53":"product_tag-resident-and-migrant-birds","54":"product_tag-ria-formosa","55":"product_tag-ria-formosa-birdwatching","56":"product_tag-ria-formosa-natural-park","57":"product_tag-ria-formosa-natural-reserve","58":"product_tag-ringed-plovers","59":"product_tag-southern-grey-shrikes","60":"product_tag-spanish-imperial-eagle","61":"product_tag-sunny-winters","62":"product_tag-tours-in-portugal","63":"product_tag-vacations","64":"product_tag-wintering-birds","65":"product_tag-woodchat","67":"first","68":"instock","69":"virtual","70":"sold-individually","71":"product-type-booking"},"acf":[],"yoast_head":"<!-- This site is optimized with the Yoast SEO Premium plugin v26.8 (Yoast SEO v27.6) - https:\/\/yoast.com\/product\/yoast-seo-premium-wordpress\/ -->\n<title>Birding Holidays in the Algarve &amp; Alentejo<\/title>\n<meta name=\"description\" content=\"Birding in the Algarve &amp; Alentejo - 8 days birdwatching tour in Algarve and Alentejo with excursions in search of resident and migrant birds.\" \/>\n<meta name=\"robots\" content=\"index, follow, max-snippet:-1, max-image-preview:large, max-video-preview:-1\" \/>\n<link rel=\"canonical\" href=\"https:\/\/becooltravel.com\/sv\/produkt\/fagelskadning-i-algarve-alentejo-3200g\/\" \/>\n<meta property=\"og:locale\" content=\"sv_SE\" \/>\n<meta property=\"og:type\" content=\"article\" \/>\n<meta property=\"og:title\" content=\"Birding in the Algarve &amp; Alentejo - 8 days birdwatching tour in the Algarve and Alentejo\" \/>\n<meta property=\"og:description\" content=\"The Algarve is rightly famed for its golden sandy beaches, golf courses and wonderful year round climate but is still a secret destination for great birding. The region has a wonderful variety of birds and many places where you can go and find them and provides top-class birding at almost any time of the year.Its wonderful variety of habitats and geographical location attract a wealth of breeding and wintering species and at migration times it is an important stopover area for countless birds making their way to or from Africa.\" \/>\n<meta property=\"og:url\" content=\"https:\/\/becooltravel.com\/sv\/produkt\/fagelskadning-i-algarve-alentejo-3200g\/\" \/>\n<meta property=\"og:site_name\" content=\"BeCool Travel\" \/>\n<meta property=\"article:publisher\" content=\"https:\/\/www.facebook.com\/becooltravelagency\/\" \/>\n<meta property=\"article:modified_time\" content=\"2026-03-18T14:21:37+00:00\" \/>\n<meta property=\"og:image\" content=\"https:\/\/becooltravel.com\/wp-content\/uploads\/sites\/5\/2020\/08\/Birdwatching_countryside.jpg\" \/>\n\t<meta property=\"og:image:width\" content=\"1365\" \/>\n\t<meta property=\"og:image:height\" content=\"768\" \/>\n\t<meta property=\"og:image:type\" content=\"image\/jpeg\" \/>\n<meta name=\"twitter:card\" content=\"summary_large_image\" \/>\n<meta name=\"twitter:title\" content=\"Birding in the Algarve &amp; Alentejo - 8 days birdwatching tour in the Algarve and Alentejo\" \/>\n<meta name=\"twitter:description\" content=\"Its wonderful variety of habitats and geographical location attract a wealth of breeding and wintering species and at migration times it is an important stopover area for countless birds making their way to or from Africa.This is an 8 days birdwatching tour in the Algarve and Alentejo with excursions in search of southern Portugal\u2019s resident and migrant birds. This tour has been specifically chosen to give you the chance of enjoying the very best of the bird life in the South of Portugal.\" \/>\n<meta name=\"twitter:image\" content=\"https:\/\/i0.wp.com\/becooltravel.com\/wp-content\/uploads\/sites\/5\/2020\/08\/Birdwatching_countryside.jpg?fit=1365%2C768&ssl=1\" \/>\n<meta name=\"twitter:site\" content=\"@becool_travel\" \/>\n<meta name=\"twitter:label1\" content=\"Ber\u00e4knad l\u00e4stid\" \/>\n\t<meta name=\"twitter:data1\" content=\"2 minuter\" \/>\n<script type=\"application\/ld+json\" class=\"yoast-schema-graph\">{\"@context\":\"https:\\\/\\\/schema.org\",\"@graph\":[{\"@type\":[\"WebPage\",\"ItemPage\"],\"@id\":\"https:\\\/\\\/becooltravel.com\\\/product\\\/birding-in-the-algarve-alentejo-3200g\\\/\",\"url\":\"https:\\\/\\\/becooltravel.com\\\/product\\\/birding-in-the-algarve-alentejo-3200g\\\/\",\"name\":\"Birding Holidays in the Algarve &amp; Alentejo\",\"isPartOf\":{\"@id\":\"https:\\\/\\\/becooltravel.com\\\/#website\"},\"primaryImageOfPage\":{\"@id\":\"https:\\\/\\\/becooltravel.com\\\/product\\\/birding-in-the-algarve-alentejo-3200g\\\/#primaryimage\"},\"image\":{\"@id\":\"https:\\\/\\\/becooltravel.com\\\/product\\\/birding-in-the-algarve-alentejo-3200g\\\/#primaryimage\"},\"thumbnailUrl\":\"https:\\\/\\\/i0.wp.com\\\/becooltravel.com\\\/wp-content\\\/uploads\\\/sites\\\/5\\\/2020\\\/08\\\/Birdwatching_countryside.jpg?fit=1365%2C768&ssl=1\",\"datePublished\":\"2020-07-10T15:27:16+00:00\",\"dateModified\":\"2026-03-18T14:21:37+00:00\",\"description\":\"Birding in the Algarve & Alentejo - 8 days birdwatching tour in Algarve and Alentejo with excursions in search of resident and migrant birds.\",\"breadcrumb\":{\"@id\":\"https:\\\/\\\/becooltravel.com\\\/product\\\/birding-in-the-algarve-alentejo-3200g\\\/#breadcrumb\"},\"inLanguage\":\"sv-SE\",\"potentialAction\":[{\"@type\":\"ReadAction\",\"target\":[\"https:\\\/\\\/becooltravel.com\\\/product\\\/birding-in-the-algarve-alentejo-3200g\\\/\"]}]},{\"@type\":\"ImageObject\",\"inLanguage\":\"sv-SE\",\"@id\":\"https:\\\/\\\/becooltravel.com\\\/product\\\/birding-in-the-algarve-alentejo-3200g\\\/#primaryimage\",\"url\":\"https:\\\/\\\/i0.wp.com\\\/becooltravel.com\\\/wp-content\\\/uploads\\\/sites\\\/5\\\/2020\\\/08\\\/Birdwatching_countryside.jpg?fit=1365%2C768&ssl=1\",\"contentUrl\":\"https:\\\/\\\/i0.wp.com\\\/becooltravel.com\\\/wp-content\\\/uploads\\\/sites\\\/5\\\/2020\\\/08\\\/Birdwatching_countryside.jpg?fit=1365%2C768&ssl=1\",\"width\":1365,\"height\":768,\"caption\":\"Birdwatching countryside\"},{\"@type\":\"BreadcrumbList\",\"@id\":\"https:\\\/\\\/becooltravel.com\\\/product\\\/birding-in-the-algarve-alentejo-3200g\\\/#breadcrumb\",\"itemListElement\":[{\"@type\":\"ListItem\",\"position\":1,\"name\":\"Home\",\"item\":\"https:\\\/\\\/becooltravel.com\\\/\"},{\"@type\":\"ListItem\",\"position\":2,\"name\":\"Shop\",\"item\":\"https:\\\/\\\/becooltravel.com\\\/?page_id=5\"},{\"@type\":\"ListItem\",\"position\":3,\"name\":\"The plains that extend as far as the eye can see start close to the Tagus. While to the north, the pace is set by the green of the flatlands, further south the landscape combines with the sun, the heat and a slower pace of life. This is the Alentejo.\",\"item\":\"https:\\\/\\\/becooltravel.com\\\/nl\\\/product-tag\\\/alentejo-2\\\/\"},{\"@type\":\"ListItem\",\"position\":4,\"name\":\"Birding in the Algarve & Alentejo - 8 days birdwatching tour in the Algarve and Alentejo\"}]},{\"@type\":\"WebSite\",\"@id\":\"https:\\\/\\\/becooltravel.com\\\/#website\",\"url\":\"https:\\\/\\\/becooltravel.com\\\/\",\"name\":\"BeCool Travel\",\"description\":\"Sustainable holidays in Portugal for independent travelers\",\"publisher\":{\"@id\":\"https:\\\/\\\/becooltravel.com\\\/#organization\"},\"potentialAction\":[{\"@type\":\"SearchAction\",\"target\":{\"@type\":\"EntryPoint\",\"urlTemplate\":\"https:\\\/\\\/becooltravel.com\\\/?s={search_term_string}\"},\"query-input\":{\"@type\":\"PropertyValueSpecification\",\"valueRequired\":true,\"valueName\":\"search_term_string\"}}],\"inLanguage\":\"sv-SE\"},{\"@type\":\"Organization\",\"@id\":\"https:\\\/\\\/becooltravel.com\\\/#organization\",\"name\":\"BecoolTravel. com- Portugal\",\"url\":\"https:\\\/\\\/becooltravel.com\\\/\",\"logo\":{\"@type\":\"ImageObject\",\"inLanguage\":\"sv-SE\",\"@id\":\"https:\\\/\\\/becooltravel.com\\\/#\\\/schema\\\/logo\\\/image\\\/\",\"url\":\"https:\\\/\\\/becooltravel.com\\\/wp-content\\\/uploads\\\/sites\\\/5\\\/2020\\\/03\\\/Logo_BeCool.jpg\",\"contentUrl\":\"https:\\\/\\\/becooltravel.com\\\/wp-content\\\/uploads\\\/sites\\\/5\\\/2020\\\/03\\\/Logo_BeCool.jpg\",\"width\":534,\"height\":534,\"caption\":\"BecoolTravel. com- Portugal\"},\"image\":{\"@id\":\"https:\\\/\\\/becooltravel.com\\\/#\\\/schema\\\/logo\\\/image\\\/\"},\"sameAs\":[\"https:\\\/\\\/www.facebook.com\\\/becooltravelagency\\\/\",\"https:\\\/\\\/x.com\\\/becool_travel\",\"https:\\\/\\\/www.instagram.com\\\/becooltravel_com\\\/\",\"https:\\\/\\\/www.linkedin.com\\\/company\\\/becool-travel\\\/\",\"https:\\\/\\\/www.youtube.com\\\/channel\\\/UCE7zRU3EVG1PgfXwQo-5uJw\"]}]}<\/script>\n<!-- \/ Yoast SEO Premium plugin. -->","yoast_head_json":{"title":"F\u00e5gelsk\u00e5dning i Algarve och Alentejo","description":"F\u00e5gelsk\u00e5dning i Algarve &amp; Alentejo - 8 dagars f\u00e5gelsk\u00e5dningstur i Algarve och Alentejo med utflykter p\u00e5 jakt efter bofasta och flyttf\u00e5glar.","robots":{"index":"index","follow":"follow","max-snippet":"max-snippet:-1","max-image-preview":"max-image-preview:large","max-video-preview":"max-video-preview:-1"},"canonical":"https:\/\/becooltravel.com\/sv\/produkt\/fagelskadning-i-algarve-alentejo-3200g\/","og_locale":"sv_SE","og_type":"article","og_title":"Birding in the Algarve & Alentejo - 8 days birdwatching tour in the Algarve and Alentejo","og_description":"The Algarve is rightly famed for its golden sandy beaches, golf courses and wonderful year round climate but is still a secret destination for great birding. The region has a wonderful variety of birds and many places where you can go and find them and provides top-class birding at almost any time of the year.Its wonderful variety of habitats and geographical location attract a wealth of breeding and wintering species and at migration times it is an important stopover area for countless birds making their way to or from Africa.","og_url":"https:\/\/becooltravel.com\/sv\/produkt\/fagelskadning-i-algarve-alentejo-3200g\/","og_site_name":"BeCool Travel","article_publisher":"https:\/\/www.facebook.com\/becooltravelagency\/","article_modified_time":"2026-03-18T14:21:37+00:00","og_image":[{"width":1365,"height":768,"url":"https:\/\/becooltravel.com\/wp-content\/uploads\/sites\/5\/2020\/08\/Birdwatching_countryside.jpg","type":"image\/jpeg"}],"twitter_card":"summary_large_image","twitter_title":"Birding in the Algarve & Alentejo - 8 days birdwatching tour in the Algarve and Alentejo","twitter_description":"Its wonderful variety of habitats and geographical location attract a wealth of breeding and wintering species and at migration times it is an important stopover area for countless birds making their way to or from Africa.This is an 8 days birdwatching tour in the Algarve and Alentejo with excursions in search of southern Portugal\u2019s resident and migrant birds. This tour has been specifically chosen to give you the chance of enjoying the very best of the bird life in the South of Portugal.","twitter_image":"https:\/\/i0.wp.com\/becooltravel.com\/wp-content\/uploads\/sites\/5\/2020\/08\/Birdwatching_countryside.jpg?fit=1365%2C768&ssl=1","twitter_site":"@becool_travel","twitter_misc":{"Ber\u00e4knad l\u00e4stid":"2 minuter"},"schema":{"@context":"https:\/\/schema.org","@graph":[{"@type":["WebPage","ItemPage"],"@id":"https:\/\/becooltravel.com\/product\/birding-in-the-algarve-alentejo-3200g\/","url":"https:\/\/becooltravel.com\/product\/birding-in-the-algarve-alentejo-3200g\/","name":"F\u00e5gelsk\u00e5dning i Algarve och Alentejo","isPartOf":{"@id":"https:\/\/becooltravel.com\/#website"},"primaryImageOfPage":{"@id":"https:\/\/becooltravel.com\/product\/birding-in-the-algarve-alentejo-3200g\/#primaryimage"},"image":{"@id":"https:\/\/becooltravel.com\/product\/birding-in-the-algarve-alentejo-3200g\/#primaryimage"},"thumbnailUrl":"https:\/\/i0.wp.com\/becooltravel.com\/wp-content\/uploads\/sites\/5\/2020\/08\/Birdwatching_countryside.jpg?fit=1365%2C768&ssl=1","datePublished":"2020-07-10T15:27:16+00:00","dateModified":"2026-03-18T14:21:37+00:00","description":"F\u00e5gelsk\u00e5dning i Algarve &amp; Alentejo - 8 dagars f\u00e5gelsk\u00e5dningstur i Algarve och Alentejo med utflykter p\u00e5 jakt efter bofasta och flyttf\u00e5glar.","breadcrumb":{"@id":"https:\/\/becooltravel.com\/product\/birding-in-the-algarve-alentejo-3200g\/#breadcrumb"},"inLanguage":"sv-SE","potentialAction":[{"@type":"ReadAction","target":["https:\/\/becooltravel.com\/product\/birding-in-the-algarve-alentejo-3200g\/"]}]},{"@type":"ImageObject","inLanguage":"sv-SE","@id":"https:\/\/becooltravel.com\/product\/birding-in-the-algarve-alentejo-3200g\/#primaryimage","url":"https:\/\/i0.wp.com\/becooltravel.com\/wp-content\/uploads\/sites\/5\/2020\/08\/Birdwatching_countryside.jpg?fit=1365%2C768&ssl=1","contentUrl":"https:\/\/i0.wp.com\/becooltravel.com\/wp-content\/uploads\/sites\/5\/2020\/08\/Birdwatching_countryside.jpg?fit=1365%2C768&ssl=1","width":1365,"height":768,"caption":"Birdwatching countryside"},{"@type":"BreadcrumbList","@id":"https:\/\/becooltravel.com\/product\/birding-in-the-algarve-alentejo-3200g\/#breadcrumb","itemListElement":[{"@type":"ListItem","position":1,"name":"Home","item":"https:\/\/becooltravel.com\/"},{"@type":"ListItem","position":2,"name":"Shop","item":"https:\/\/becooltravel.com\/?page_id=5"},{"@type":"ListItem","position":3,"name":"The plains that extend as far as the eye can see start close to the Tagus. While to the north, the pace is set by the green of the flatlands, further south the landscape combines with the sun, the heat and a slower pace of life. This is the Alentejo.","item":"https:\/\/becooltravel.com\/nl\/product-tag\/alentejo-2\/"},{"@type":"ListItem","position":4,"name":"Birding in the Algarve & Alentejo - 8 days birdwatching tour in the Algarve and Alentejo"}]},{"@type":"WebSite","@id":"https:\/\/becooltravel.com\/#website","url":"https:\/\/becooltravel.com\/","name":"BeCool Travel","description":"H\u00e5llbar semester i Portugal f\u00f6r oberoende resen\u00e4rer","publisher":{"@id":"https:\/\/becooltravel.com\/#organization"},"potentialAction":[{"@type":"SearchAction","target":{"@type":"EntryPoint","urlTemplate":"https:\/\/becooltravel.com\/?s={search_term_string}"},"query-input":{"@type":"PropertyValueSpecification","valueRequired":true,"valueName":"search_term_string"}}],"inLanguage":"sv-SE"},{"@type":"Organization","@id":"https:\/\/becooltravel.com\/#organization","name":"BecoolTravel. com- Portugal","url":"https:\/\/becooltravel.com\/","logo":{"@type":"ImageObject","inLanguage":"sv-SE","@id":"https:\/\/becooltravel.com\/#\/schema\/logo\/image\/","url":"https:\/\/becooltravel.com\/wp-content\/uploads\/sites\/5\/2020\/03\/Logo_BeCool.jpg","contentUrl":"https:\/\/becooltravel.com\/wp-content\/uploads\/sites\/5\/2020\/03\/Logo_BeCool.jpg","width":534,"height":534,"caption":"BecoolTravel. com- Portugal"},"image":{"@id":"https:\/\/becooltravel.com\/#\/schema\/logo\/image\/"},"sameAs":["https:\/\/www.facebook.com\/becooltravelagency\/","https:\/\/x.com\/becool_travel","https:\/\/www.instagram.com\/becooltravel_com\/","https:\/\/www.linkedin.com\/company\/becool-travel\/","https:\/\/www.youtube.com\/channel\/UCE7zRU3EVG1PgfXwQo-5uJw"]}]}},"jetpack_sharing_enabled":true,"_links":{"self":[{"href":"https:\/\/becooltravel.com\/sv\/wp-json\/wp\/v2\/product\/5451","targetHints":{"allow":["GET"]}}],"collection":[{"href":"https:\/\/becooltravel.com\/sv\/wp-json\/wp\/v2\/product"}],"about":[{"href":"https:\/\/becooltravel.com\/sv\/wp-json\/wp\/v2\/types\/product"}],"replies":[{"embeddable":true,"href":"https:\/\/becooltravel.com\/sv\/wp-json\/wp\/v2\/comments?post=5451"}],"wp:featuredmedia":[{"embeddable":true,"href":"https:\/\/becooltravel.com\/sv\/wp-json\/wp\/v2\/media\/5619"}],"wp:attachment":[{"href":"https:\/\/becooltravel.com\/sv\/wp-json\/wp\/v2\/media?parent=5451"}],"wp:term":[{"taxonomy":"product_brand","embeddable":true,"href":"https:\/\/becooltravel.com\/sv\/wp-json\/wp\/v2\/product_brand?post=5451"},{"taxonomy":"product_cat","embeddable":true,"href":"https:\/\/becooltravel.com\/sv\/wp-json\/wp\/v2\/product_cat?post=5451"},{"taxonomy":"product_tag","embeddable":true,"href":"https:\/\/becooltravel.com\/sv\/wp-json\/wp\/v2\/product_tag?post=5451"}],"curies":[{"name":"wp","href":"https:\/\/api.w.org\/{rel}","templated":true}]}}