{"id":5651,"date":"2020-08-10T09:57:46","date_gmt":"2020-08-10T09:57:46","guid":{"rendered":"https:\/\/becooltravel.com\/?post_type=product&#038;p=5651"},"modified":"2026-03-18T13:01:09","modified_gmt":"2026-03-18T13:01:09","slug":"golf-holidays-in-a-natural-reserve-w-rent-car-4100g","status":"publish","type":"product","link":"https:\/\/becooltravel.com\/sv\/produkt\/golf-semester-i-ett-naturreservat-w-hyra-bil-4100g\/","title":{"rendered":"Algarve golfsemester i ett naturreservat med hyrbil"},"content":{"rendered":"<p>Denna sj\u00e4lvk\u00f6rande golfsemester \u00e4r anpassad f\u00f6r alla typer av spelare och ger dig den mest fantastiska upplevelsen p\u00e5 grund av dess otroliga l\u00e4gen.<\/p>\n<p>Du kommer att kunna njuta av inte bara de vackra str\u00e4nderna i n\u00e4rheten utan att f\u00e5 kontakt med naturen med en fantastisk utsikt \u00f6ver bergen.<\/p>\n<div id=\"attachment_2927\" style=\"width: 1034px\" class=\"wp-caption alignnone\"><img data-recalc-dims=\"1\" decoding=\"async\" aria-describedby=\"caption-attachment-2927\" class=\"wp-image-2927 size-large\" src=\"https:\/\/i0.wp.com\/legendatours.net\/wp-content\/uploads\/2020\/08\/Salgados-Golf-Couse-2-1024x680.jpg?resize=1024%2C680&#038;ssl=1\" alt=\"Salgados golfbana\" width=\"1024\" height=\"680\" \/><p id=\"caption-attachment-2927\" class=\"wp-caption-text\">Salgados golfbana<\/p><\/div>\n<p>Mellan bergen och stranden har du en gratis golfbuss som tar dig fr\u00e5n resorten i Salgados (500 meter fr\u00e5n Salgados golfbana) till Morgado &amp; \u00c1lamos \u2013 det h\u00e4r \u00e4r de tre golfbanorna med 18 h\u00e5l d\u00e4r du kan spela fritt s\u00e5v\u00e4l som fri anv\u00e4ndning av den \u00f6vande puttinggreenen p\u00e5 Salgados mark.<\/p>\n<p>Salgados Vila de Lagoas ligger n\u00e4ra staden Albufeira och ligger bara g\u00e5ngavst\u00e5nd fr\u00e5n stranden och golfbanan. F\u00f6rutom det fantastiska l\u00e4get har de rymliga l\u00e4genheterna fullt utrustade k\u00f6k och du kommer att ha ett gym och spa tillg\u00e4ngligt inne p\u00e5 resorten.<\/p>","protected":false},"excerpt":{"rendered":"<p>Denna sj\u00e4lvk\u00f6rande golfsemester \u00e4r anpassad f\u00f6r alla typer av spelare och ger dig den mest fantastiska upplevelsen p\u00e5 grund av dess otroliga l\u00e4gen.<\/p>\n<p>Du kommer att kunna njuta av inte bara de vackra str\u00e4nderna i n\u00e4rheten utan att f\u00e5 kontakt med naturen med en fantastisk utsikt \u00f6ver bergen.<\/p>","protected":false},"featured_media":4577,"comment_status":"closed","ping_status":"closed","template":"","meta":{"_acf_changed":false,"inline_featured_image":false},"product_brand":[],"product_cat":[673,1046,327],"product_tag":[1026,1027,311,427,1053,148,1028,1029,1030,1031,1032,133,1007,1033,1034,1035,322,1047,1012],"class_list":{"0":"post-5651","1":"product","2":"type-product","3":"status-publish","4":"has-post-thumbnail","6":"product_cat-self-drive-holidays-portugal","7":"product_cat-self-guided-golf","8":"product_cat-self-guided-tours-portugal","9":"product_tag-18-holes","10":"product_tag-alamo-golf-course","11":"product_tag-algarve","12":"product_tag-algarve-coastline","13":"product_tag-alleine-reisen","14":"product_tag-beautiful-beache","15":"product_tag-buggy","16":"product_tag-driving-range-golf","17":"product_tag-golf","18":"product_tag-golf-couses","19":"product_tag-morgado-golf-course","20":"product_tag-natural-reserves","21":"product_tag-nature","22":"product_tag-playing-golf","23":"product_tag-resort","24":"product_tag-salgados-golf-course","25":"product_tag-self-guided","26":"product_tag-self-guided-golf","27":"product_tag-sports","29":"first","30":"instock","31":"virtual","32":"product-type-simple"},"acf":[],"yoast_head":"<!-- This site is optimized with the Yoast SEO Premium plugin v26.8 (Yoast SEO v27.4) - https:\/\/yoast.com\/product\/yoast-seo-premium-wordpress\/ -->\n<title>Algarve Golf Holidays in a Natural Reserve W\/ Rent Car<\/title>\n<meta name=\"description\" content=\"Fitted for all sort of players, this Algarve Holidays will give you the most amazing experience due to its incredible locations.\" \/>\n<meta name=\"robots\" content=\"index, follow, max-snippet:-1, max-image-preview:large, max-video-preview:-1\" \/>\n<link rel=\"canonical\" href=\"https:\/\/becooltravel.com\/sv\/product\/golf-holidays-in\u2026w-rent-car-4100g\/\u200e\/\" \/>\n<meta property=\"og:locale\" content=\"sv_SE\" \/>\n<meta property=\"og:type\" content=\"article\" \/>\n<meta property=\"og:title\" content=\"Golf Holidays in a Natural Reserve W\/ Rent Car\" \/>\n<meta property=\"og:description\" content=\"Fitted for all sort of players, this Algarve Holidays will give you the most amazing experience due to its incredible locations.You will be able to enjoy not just the beautiful beaches nearby, but to connect with nature with a splendid view over the mountains.\" \/>\n<meta property=\"og:url\" content=\"https:\/\/becooltravel.com\/sv\/product\/golf-holidays-in\u2026w-rent-car-4100g\/\u200e\/\" \/>\n<meta property=\"og:site_name\" content=\"BeCool Travel\" \/>\n<meta property=\"article:publisher\" content=\"https:\/\/www.facebook.com\/becooltravelagency\/\" \/>\n<meta property=\"article:modified_time\" content=\"2026-03-18T13:01:09+00:00\" \/>\n<meta property=\"og:image\" content=\"https:\/\/becooltravel.com\/wp-content\/uploads\/sites\/5\/2020\/05\/golf-1.jpg\" \/>\n\t<meta property=\"og:image:width\" content=\"1152\" \/>\n\t<meta property=\"og:image:height\" content=\"768\" \/>\n\t<meta property=\"og:image:type\" content=\"image\/jpeg\" \/>\n<meta name=\"twitter:card\" content=\"summary_large_image\" \/>\n<meta name=\"twitter:title\" content=\"Golf Holidays in a Natural Reserve W\/ Rent Car\" \/>\n<meta name=\"twitter:description\" content=\"Fitted for all sort of players, this Algarve Holidays will give you the most amazing experience due to its incredible locations.You will be able to enjoy not just the beautiful beaches nearby, but to connect with nature with a splendid view over the mountains.\" \/>\n<meta name=\"twitter:image\" content=\"https:\/\/i0.wp.com\/becooltravel.com\/wp-content\/uploads\/sites\/5\/2020\/05\/golf-1.jpg?fit=1152%2C768&ssl=1\" \/>\n<meta name=\"twitter:site\" content=\"@becool_travel\" \/>\n<meta name=\"twitter:label1\" content=\"Ber\u00e4knad l\u00e4stid\" \/>\n\t<meta name=\"twitter:data1\" content=\"2 minuter\" \/>\n<script type=\"application\/ld+json\" class=\"yoast-schema-graph\">{\"@context\":\"https:\\\/\\\/schema.org\",\"@graph\":[{\"@type\":\"WebPage\",\"@id\":\"https:\\\/\\\/becooltravel.com\\\/product\\\/golf-holidays-in-a-natural-reserve-w-rent-car-4100g\\\/\",\"url\":\"https:\\\/\\\/becooltravel.com\\\/product\\\/golf-holidays-in%e2%80%a6w-rent-car-4100g\\\/%e2%80%8e\",\"name\":\"Algarve Golf Holidays in a Natural Reserve W\\\/ Rent Car\",\"isPartOf\":{\"@id\":\"https:\\\/\\\/becooltravel.com\\\/#website\"},\"primaryImageOfPage\":{\"@id\":\"https:\\\/\\\/becooltravel.com\\\/product\\\/golf-holidays-in%e2%80%a6w-rent-car-4100g\\\/%e2%80%8e#primaryimage\"},\"image\":{\"@id\":\"https:\\\/\\\/becooltravel.com\\\/product\\\/golf-holidays-in%e2%80%a6w-rent-car-4100g\\\/%e2%80%8e#primaryimage\"},\"thumbnailUrl\":\"https:\\\/\\\/i0.wp.com\\\/becooltravel.com\\\/wp-content\\\/uploads\\\/sites\\\/5\\\/2020\\\/05\\\/golf.jpg?fit=1152%2C768&ssl=1\",\"datePublished\":\"2020-08-10T09:57:46+00:00\",\"dateModified\":\"2026-03-18T13:01:09+00:00\",\"description\":\"Fitted for all sort of players, this Algarve Holidays will give you the most amazing experience due to its incredible locations.\",\"breadcrumb\":{\"@id\":\"https:\\\/\\\/becooltravel.com\\\/product\\\/golf-holidays-in%e2%80%a6w-rent-car-4100g\\\/%e2%80%8e#breadcrumb\"},\"inLanguage\":\"sv-SE\",\"potentialAction\":[{\"@type\":\"ReadAction\",\"target\":[\"https:\\\/\\\/becooltravel.com\\\/product\\\/golf-holidays-in%e2%80%a6w-rent-car-4100g\\\/%e2%80%8e\"]}]},{\"@type\":\"ImageObject\",\"inLanguage\":\"sv-SE\",\"@id\":\"https:\\\/\\\/becooltravel.com\\\/product\\\/golf-holidays-in%e2%80%a6w-rent-car-4100g\\\/%e2%80%8e#primaryimage\",\"url\":\"https:\\\/\\\/i0.wp.com\\\/becooltravel.com\\\/wp-content\\\/uploads\\\/sites\\\/5\\\/2020\\\/05\\\/golf.jpg?fit=1152%2C768&ssl=1\",\"contentUrl\":\"https:\\\/\\\/i0.wp.com\\\/becooltravel.com\\\/wp-content\\\/uploads\\\/sites\\\/5\\\/2020\\\/05\\\/golf.jpg?fit=1152%2C768&ssl=1\",\"width\":1152,\"height\":768,\"caption\":\"Guided Golf Holidays\"},{\"@type\":\"BreadcrumbList\",\"@id\":\"https:\\\/\\\/becooltravel.com\\\/product\\\/golf-holidays-in%e2%80%a6w-rent-car-4100g\\\/%e2%80%8e#breadcrumb\",\"itemListElement\":[{\"@type\":\"ListItem\",\"position\":1,\"name\":\"Home\",\"item\":\"https:\\\/\\\/becooltravel.com\\\/\"},{\"@type\":\"ListItem\",\"position\":2,\"name\":\"Shop\",\"item\":\"https:\\\/\\\/becooltravel.com\\\/?page_id=5\"},{\"@type\":\"ListItem\",\"position\":3,\"name\":\"18 holes\",\"item\":\"https:\\\/\\\/becooltravel.com\\\/product-tag\\\/18-holes\\\/\"},{\"@type\":\"ListItem\",\"position\":4,\"name\":\"Algarve Golf Holidays will give you the most amazing experience due to its incredible locations. You will be able to enjoy not just the beautiful beaches nearby, but to connect with nature with a splendid view over the mountains.\"}]},{\"@type\":\"WebSite\",\"@id\":\"https:\\\/\\\/becooltravel.com\\\/#website\",\"url\":\"https:\\\/\\\/becooltravel.com\\\/\",\"name\":\"BeCool Travel\",\"description\":\"Sustainable holidays in Portugal for independent travelers\",\"publisher\":{\"@id\":\"https:\\\/\\\/becooltravel.com\\\/#organization\"},\"potentialAction\":[{\"@type\":\"SearchAction\",\"target\":{\"@type\":\"EntryPoint\",\"urlTemplate\":\"https:\\\/\\\/becooltravel.com\\\/?s={search_term_string}\"},\"query-input\":{\"@type\":\"PropertyValueSpecification\",\"valueRequired\":true,\"valueName\":\"search_term_string\"}}],\"inLanguage\":\"sv-SE\"},{\"@type\":\"Organization\",\"@id\":\"https:\\\/\\\/becooltravel.com\\\/#organization\",\"name\":\"BecoolTravel. com- Portugal\",\"url\":\"https:\\\/\\\/becooltravel.com\\\/\",\"logo\":{\"@type\":\"ImageObject\",\"inLanguage\":\"sv-SE\",\"@id\":\"https:\\\/\\\/becooltravel.com\\\/#\\\/schema\\\/logo\\\/image\\\/\",\"url\":\"https:\\\/\\\/becooltravel.com\\\/wp-content\\\/uploads\\\/sites\\\/5\\\/2020\\\/03\\\/Logo_BeCool.jpg\",\"contentUrl\":\"https:\\\/\\\/becooltravel.com\\\/wp-content\\\/uploads\\\/sites\\\/5\\\/2020\\\/03\\\/Logo_BeCool.jpg\",\"width\":534,\"height\":534,\"caption\":\"BecoolTravel. com- Portugal\"},\"image\":{\"@id\":\"https:\\\/\\\/becooltravel.com\\\/#\\\/schema\\\/logo\\\/image\\\/\"},\"sameAs\":[\"https:\\\/\\\/www.facebook.com\\\/becooltravelagency\\\/\",\"https:\\\/\\\/x.com\\\/becool_travel\",\"https:\\\/\\\/www.instagram.com\\\/becooltravel_com\\\/\",\"https:\\\/\\\/www.linkedin.com\\\/company\\\/becool-travel\\\/\",\"https:\\\/\\\/www.youtube.com\\\/channel\\\/UCE7zRU3EVG1PgfXwQo-5uJw\"]}]}<\/script>\n<!-- \/ Yoast SEO Premium plugin. -->","yoast_head_json":{"title":"Algarve golfsemester i ett naturreservat med hyrbil","description":"Denna Algarve Holidays \u00e4r anpassad f\u00f6r alla typer av spelare och ger dig den mest fantastiska upplevelsen p\u00e5 grund av dess otroliga l\u00e4gen.","robots":{"index":"index","follow":"follow","max-snippet":"max-snippet:-1","max-image-preview":"max-image-preview:large","max-video-preview":"max-video-preview:-1"},"canonical":"https:\/\/becooltravel.com\/sv\/product\/golf-holidays-in\u2026w-rent-car-4100g\/\u200e\/","og_locale":"sv_SE","og_type":"article","og_title":"Golf Holidays in a Natural Reserve W\/ Rent Car","og_description":"Fitted for all sort of players, this Algarve Holidays will give you the most amazing experience due to its incredible locations.You will be able to enjoy not just the beautiful beaches nearby, but to connect with nature with a splendid view over the mountains.","og_url":"https:\/\/becooltravel.com\/sv\/product\/golf-holidays-in\u2026w-rent-car-4100g\/\u200e\/","og_site_name":"BeCool Travel","article_publisher":"https:\/\/www.facebook.com\/becooltravelagency\/","article_modified_time":"2026-03-18T13:01:09+00:00","og_image":[{"width":1152,"height":768,"url":"https:\/\/becooltravel.com\/wp-content\/uploads\/sites\/5\/2020\/05\/golf-1.jpg","type":"image\/jpeg"}],"twitter_card":"summary_large_image","twitter_title":"Golf Holidays in a Natural Reserve W\/ Rent Car","twitter_description":"Fitted for all sort of players, this Algarve Holidays will give you the most amazing experience due to its incredible locations.You will be able to enjoy not just the beautiful beaches nearby, but to connect with nature with a splendid view over the mountains.","twitter_image":"https:\/\/i0.wp.com\/becooltravel.com\/wp-content\/uploads\/sites\/5\/2020\/05\/golf-1.jpg?fit=1152%2C768&ssl=1","twitter_site":"@becool_travel","twitter_misc":{"Ber\u00e4knad l\u00e4stid":"2 minuter"},"schema":{"@context":"https:\/\/schema.org","@graph":[{"@type":"WebPage","@id":"https:\/\/becooltravel.com\/product\/golf-holidays-in-a-natural-reserve-w-rent-car-4100g\/","url":"https:\/\/becooltravel.com\/product\/golf-holidays-in%e2%80%a6w-rent-car-4100g\/%e2%80%8e","name":"Algarve golfsemester i ett naturreservat med hyrbil","isPartOf":{"@id":"https:\/\/becooltravel.com\/#website"},"primaryImageOfPage":{"@id":"https:\/\/becooltravel.com\/product\/golf-holidays-in%e2%80%a6w-rent-car-4100g\/%e2%80%8e#primaryimage"},"image":{"@id":"https:\/\/becooltravel.com\/product\/golf-holidays-in%e2%80%a6w-rent-car-4100g\/%e2%80%8e#primaryimage"},"thumbnailUrl":"https:\/\/i0.wp.com\/becooltravel.com\/wp-content\/uploads\/sites\/5\/2020\/05\/golf.jpg?fit=1152%2C768&ssl=1","datePublished":"2020-08-10T09:57:46+00:00","dateModified":"2026-03-18T13:01:09+00:00","description":"Denna Algarve Holidays \u00e4r anpassad f\u00f6r alla typer av spelare och ger dig den mest fantastiska upplevelsen p\u00e5 grund av dess otroliga l\u00e4gen.","breadcrumb":{"@id":"https:\/\/becooltravel.com\/product\/golf-holidays-in%e2%80%a6w-rent-car-4100g\/%e2%80%8e#breadcrumb"},"inLanguage":"sv-SE","potentialAction":[{"@type":"ReadAction","target":["https:\/\/becooltravel.com\/product\/golf-holidays-in%e2%80%a6w-rent-car-4100g\/%e2%80%8e"]}]},{"@type":"ImageObject","inLanguage":"sv-SE","@id":"https:\/\/becooltravel.com\/product\/golf-holidays-in%e2%80%a6w-rent-car-4100g\/%e2%80%8e#primaryimage","url":"https:\/\/i0.wp.com\/becooltravel.com\/wp-content\/uploads\/sites\/5\/2020\/05\/golf.jpg?fit=1152%2C768&ssl=1","contentUrl":"https:\/\/i0.wp.com\/becooltravel.com\/wp-content\/uploads\/sites\/5\/2020\/05\/golf.jpg?fit=1152%2C768&ssl=1","width":1152,"height":768,"caption":"Guided Golf Holidays"},{"@type":"BreadcrumbList","@id":"https:\/\/becooltravel.com\/product\/golf-holidays-in%e2%80%a6w-rent-car-4100g\/%e2%80%8e#breadcrumb","itemListElement":[{"@type":"ListItem","position":1,"name":"Home","item":"https:\/\/becooltravel.com\/"},{"@type":"ListItem","position":2,"name":"Shop","item":"https:\/\/becooltravel.com\/?page_id=5"},{"@type":"ListItem","position":3,"name":"18 holes","item":"https:\/\/becooltravel.com\/product-tag\/18-holes\/"},{"@type":"ListItem","position":4,"name":"Algarve Golf Holidays will give you the most amazing experience due to its incredible locations. You will be able to enjoy not just the beautiful beaches nearby, but to connect with nature with a splendid view over the mountains."}]},{"@type":"WebSite","@id":"https:\/\/becooltravel.com\/#website","url":"https:\/\/becooltravel.com\/","name":"BeCool Travel","description":"H\u00e5llbar semester i Portugal f\u00f6r oberoende resen\u00e4rer","publisher":{"@id":"https:\/\/becooltravel.com\/#organization"},"potentialAction":[{"@type":"SearchAction","target":{"@type":"EntryPoint","urlTemplate":"https:\/\/becooltravel.com\/?s={search_term_string}"},"query-input":{"@type":"PropertyValueSpecification","valueRequired":true,"valueName":"search_term_string"}}],"inLanguage":"sv-SE"},{"@type":"Organization","@id":"https:\/\/becooltravel.com\/#organization","name":"BecoolTravel. com- Portugal","url":"https:\/\/becooltravel.com\/","logo":{"@type":"ImageObject","inLanguage":"sv-SE","@id":"https:\/\/becooltravel.com\/#\/schema\/logo\/image\/","url":"https:\/\/becooltravel.com\/wp-content\/uploads\/sites\/5\/2020\/03\/Logo_BeCool.jpg","contentUrl":"https:\/\/becooltravel.com\/wp-content\/uploads\/sites\/5\/2020\/03\/Logo_BeCool.jpg","width":534,"height":534,"caption":"BecoolTravel. com- Portugal"},"image":{"@id":"https:\/\/becooltravel.com\/#\/schema\/logo\/image\/"},"sameAs":["https:\/\/www.facebook.com\/becooltravelagency\/","https:\/\/x.com\/becool_travel","https:\/\/www.instagram.com\/becooltravel_com\/","https:\/\/www.linkedin.com\/company\/becool-travel\/","https:\/\/www.youtube.com\/channel\/UCE7zRU3EVG1PgfXwQo-5uJw"]}]}},"jetpack_sharing_enabled":true,"_links":{"self":[{"href":"https:\/\/becooltravel.com\/sv\/wp-json\/wp\/v2\/product\/5651","targetHints":{"allow":["GET"]}}],"collection":[{"href":"https:\/\/becooltravel.com\/sv\/wp-json\/wp\/v2\/product"}],"about":[{"href":"https:\/\/becooltravel.com\/sv\/wp-json\/wp\/v2\/types\/product"}],"replies":[{"embeddable":true,"href":"https:\/\/becooltravel.com\/sv\/wp-json\/wp\/v2\/comments?post=5651"}],"wp:featuredmedia":[{"embeddable":true,"href":"https:\/\/becooltravel.com\/sv\/wp-json\/wp\/v2\/media\/4577"}],"wp:attachment":[{"href":"https:\/\/becooltravel.com\/sv\/wp-json\/wp\/v2\/media?parent=5651"}],"wp:term":[{"taxonomy":"product_brand","embeddable":true,"href":"https:\/\/becooltravel.com\/sv\/wp-json\/wp\/v2\/product_brand?post=5651"},{"taxonomy":"product_cat","embeddable":true,"href":"https:\/\/becooltravel.com\/sv\/wp-json\/wp\/v2\/product_cat?post=5651"},{"taxonomy":"product_tag","embeddable":true,"href":"https:\/\/becooltravel.com\/sv\/wp-json\/wp\/v2\/product_tag?post=5651"}],"curies":[{"name":"wp","href":"https:\/\/api.w.org\/{rel}","templated":true}]}}