{"id":7644,"date":"2024-12-10T15:43:53","date_gmt":"2024-12-10T15:43:53","guid":{"rendered":"https:\/\/becooltravel.com\/product\/walking-in-the-vicentina-route-12301go\/"},"modified":"2025-03-03T15:14:48","modified_gmt":"2025-03-03T15:14:48","slug":"walking-in-the-vicentina-route-12301go","status":"publish","type":"product","link":"https:\/\/becooltravel.com\/sv\/produkt\/walking-in-the-vicentina-route-12301go\/","title":{"rendered":"Vandringssemester i Vicentina-rutten"},"content":{"rendered":"<p><strong>Grupper accepteras med minst 6 personer.<\/strong><\/p>\n<p>&nbsp;<\/p>\n<p>Rota Vicentina-rutten \u00e4r uppdelad mellan Fishermen&#039;s Trail och Historic Route. Fiskarleden f\u00f6ljer kustlinjen som ger tillg\u00e5ng till g\u00f6mda str\u00e4nder och hemliga fiskeplatser. N\u00e4r vi tittar n\u00e4rmare kan vi skymta den lokala fiskaren som riskerar sina liv som st\u00e5r i klipporna f\u00f6r att f\u00e5nga de vilda och sv\u00e5rf\u00e5ngade fiskarterna och de \u00f6mt\u00e5liga havstulpanerna.<\/p>\n<p>Den historiska v\u00e4gen f\u00f6r oss in\u00e5t landet, l\u00e4ngs det pastorala landskapet och jordbruksterr\u00e4ngen som f\u00f6rbinder de sm\u00e5 husklustren som \u00e4r utspridda i detta vidstr\u00e4ckta omr\u00e5de. Det \u00e4r vanligt att hitta herdar och deras hjordar av getter eller f\u00e5r som flyttar fr\u00e5n \u00e5ker till \u00e5ker. H\u00e4r \u00e4r lokalbefolkningen vana vid att g\u00e5 l\u00e4ngs de lugna v\u00e4garna, bes\u00f6ka sina frukttr\u00e4dg\u00e5rdar, prata med sina grannar eller bara h\u00e5lla ig\u00e5ng livet!<\/p>\n<p>B\u00e5da sp\u00e5ren \u00e4r ett givande s\u00e4tt att se det verkliga <a href=\"..\/..\/product-tag\/alentejo\/\">Alentejo<\/a> och <a href=\"..\/..\/product-tag\/algarve\/\">Algarve<\/a> regioner i Portugal och g\u00e5 p\u00e5 of\u00f6rgl\u00f6mliga v\u00e4gar fulla av tradition. V\u00e5rt unikt utformade &quot;opt-out system&quot; l\u00e5ter dig g\u00e5 hela promenaden eller bara delar av den, s\u00e5 att du kan spendera mer tid p\u00e5 sightseeing om du f\u00f6redrar det!<\/p>\n<p>Vi b\u00f6rjar v\u00e5rt <a href=\"..\/..\/product-category\/guided-group-tours\/guided-walking-holidays-in-portugal\/\">g\u00e5ende<\/a> vecka i Porto Covo, en liten<a href=\"..\/..\/product-tag\/fishing-village\/\"> fiske<\/a> by som \u00e4r en favorit f\u00f6r portugisarna. Det bl\u00e5 genomskinliga vattnet, de f\u00e4rgglada husen och det trevliga torget m\u00e5lar en romantisk bild av l\u00e5tarna p\u00e5 radion.<\/p>\n<div id=\"attachment_2859\" style=\"width: 1034px\" class=\"wp-caption alignnone\"><img data-recalc-dims=\"1\" decoding=\"async\" aria-describedby=\"caption-attachment-2859\" class=\"wp-image-2859 size-full\" title=\"Rota Vicentina-grupp som g\u00e5r i den historiska v\u00e4gen\" src=\"https:\/\/i0.wp.com\/legendatours.net\/wp-content\/uploads\/2020\/07\/Hike_countryside_vicentina.jpg?resize=1024%2C768&#038;ssl=1\" alt=\"Rota Vicentina-grupp som g\u00e5r i den historiska v\u00e4gen\" width=\"1024\" height=\"768\" \/><p id=\"caption-attachment-2859\" class=\"wp-caption-text\"><a href=\"\/..\/?s=Rota+Vicentina\" target=\"_blank\" rel=\"noopener\">Rota Vicentina<\/a> grupp promenader i den historiska v\u00e4gen<\/p><\/div>\n<p>Inte l\u00e5ngt h\u00e4rifr\u00e5n \u00e4r Vila Nova de Milfontes v\u00e5rt hem under n\u00e5gra dagar. St\u00e5ende h\u00f6gt och uts\u00f6kt vid norra kanten av floden Mira, \u00e4r detta regionen med stora str\u00e4nder, dramatiska kustlinjer och or\u00f6rd landsbygd.<\/p>\n<p>I Odemira, d\u00e4r de frodiga gr\u00f6na dalarna \u00e4r, formar b\u00e4ckarna landskapet. Dofterna \u00e4r olika, blommorna har levande f\u00e4rger och utsikten \u00f6ver kullarna \u00e4r hisnande.<\/p>\n<div id=\"attachment_3917\" style=\"width: 1033px\" class=\"wp-caption alignnone\"><img data-recalc-dims=\"1\" decoding=\"async\" aria-describedby=\"caption-attachment-3917\" class=\"wp-image-3917 size-full\" title=\"Arrifana - En av de vackraste och b\u00e4st bevarade kustomr\u00e5dena i Europa\" src=\"https:\/\/i0.wp.com\/legendatours.net\/wp-content\/uploads\/2020\/12\/arrifana.jpg?resize=1023%2C768&#038;ssl=1\" alt=\"Arrifana - En av de vackraste och b\u00e4st bevarade kustomr\u00e5dena i Europa\" width=\"1023\" height=\"768\" \/><p id=\"caption-attachment-3917\" class=\"wp-caption-text\">Arrifana - En av de vackraste och b\u00e4st bevarade kustomr\u00e5dena i Europa<\/p><\/div>\n<p>Unika platser formar den h\u00e4r veckan. I sm\u00e5 byar som Carrapateira och Arrifana \u00e4r Atlanten kung. Fr\u00e5n havet kommer liv, surf, g\u00e5speglar, s\u00e4songsf\u00f6r\u00e4ndringar och lugna havsbris.<\/p>\n<p>Och n\u00e4r vi n\u00e5r slutet av <a href=\"..\/..\/product-tag\/costa-vicentina\/\">Vicentina<\/a> Rutt och vi ser bortom S\u00e3o Vicentes klippor och havets vida framf\u00f6r oss, vi f\u00f6rst\u00e5r varf\u00f6r detta \u00e4r en av de vackraste platserna p\u00e5 Portugals sydv\u00e4stra kust.<\/p>\n<div class=\"row\">\n<div class=\"column\" style=\"flex: 45%\">\n<p><iframe title=\"Tv\u00e5 steg till frihet - Rota Vicentina - engelsk version\" width=\"1080\" height=\"608\" src=\"https:\/\/www.youtube.com\/embed\/378VE1BxOrs?list=PLXuQK_E-D9ms4xzwNQLaux8GjS_169PbF\" frameborder=\"0\" allow=\"accelerometer; autoplay; clipboard-write; encrypted-media; gyroscope; picture-in-picture; web-share\" referrerpolicy=\"strict-origin-when-cross-origin\" allowfullscreen><\/iframe><\/p>\n<\/div>\n<div class=\"column\" style=\"flex: 10%\"><\/div>\n<div class=\"column\" style=\"flex: 45%\">\n<p><iframe title=\"Bli k\u00e4r i detta land \/\/ Amor a esta Terra - Rota Vicentina\" width=\"1080\" height=\"608\" src=\"https:\/\/www.youtube.com\/embed\/xnabsip_w88?list=PLXuQK_E-D9ms4xzwNQLaux8GjS_169PbF\" frameborder=\"0\" allow=\"accelerometer; autoplay; clipboard-write; encrypted-media; gyroscope; picture-in-picture; web-share\" referrerpolicy=\"strict-origin-when-cross-origin\" allowfullscreen><\/iframe><\/p>\n<\/div>\n<\/div>","protected":false},"excerpt":{"rendered":"<p>Vandring i Vincentina-rutten \u2013 Fr\u00e5n hav till land l\u00e4ngs Portugals fantastiska sydv\u00e4stra kust \u00e4r en 8-dagars vandringstur, centrerad i Vila Nova de Milfontes och Aljezur, mitt p\u00e5 sydv\u00e4stra Alentejo och Vicentine-kusten <a href=\"..\/..\/?s=Natural+Park\">Naturpark<\/a>.<\/p>\n<p>Anses som en av de finaste str\u00e4ckorna av bevarade europeiska kustlinjer, \u00e4r omr\u00e5det hem f\u00f6r den ber\u00f6mda Rota Vicentina - en 340 km l\u00e5ngdistansv\u00e4g som b\u00f6rjar i Santiago do Cac\u00e9m och slutar vid den en g\u00e5ng kallade kanten av den k\u00e4nda v\u00e4rlden - Kap St Vincent.<\/p>","protected":false},"featured_media":6020,"comment_status":"closed","ping_status":"closed","template":"","meta":{"_acf_changed":false,"inline_featured_image":false},"product_brand":[],"product_cat":[343,340,342,344,355],"product_tag":[64,90,587,1269,296,661,203,837,164,741,187,255,838,204,149,839,559,579,929,1248,958,55,56,476,562,878,261,384,1270,478,133,73,788,789,930,843,1245,433,790,844,629,479,482,949,59,1236,60,158],"class_list":{"0":"post-7644","1":"product","2":"type-product","3":"status-publish","4":"has-post-thumbnail","6":"product_cat-cultural-tours-and-holidays-in-portugal","7":"product_cat-guided-group-tours","8":"product_cat-portugal-guided-historical-holidays","9":"product_cat-guided-sightseeing-holidays-portugal","10":"product_cat-guided-walking-holidays-in-portugal","11":"product_tag-alentejo-walking","12":"product_tag-algarve-gr13","13":"product_tag-amazing-walking","14":"product_tag-arrifana","15":"product_tag-beaches","16":"product_tag-beautiful-beaches","17":"product_tag-beautiful-landscapes","18":"product_tag-carrapateira","19":"product_tag-coastal-scenery","20":"product_tag-coastal-walks","21":"product_tag-coastal-way","22":"product_tag-cork-trees","23":"product_tag-costa-vicentina","24":"product_tag-cultural-heritage","25":"product_tag-dramatic-beauty-of-the-atlantic-coast","26":"product_tag-dramatic-cliffs","27":"product_tag-fabulous-walks-along-the-coast","28":"product_tag-green-landscape","29":"product_tag-green-valleys","30":"product_tag-guided-group-tour","31":"product_tag-guided-holidays","32":"product_tag-guided-walking-holidays","33":"product_tag-guided-walking-tours","34":"product_tag-inland-sceneries","35":"product_tag-inland-walks","36":"product_tag-landscape","37":"product_tag-local-gastronomy","38":"product_tag-magnificent-landscape","39":"product_tag-milfontes","40":"product_tag-natural-park","41":"product_tag-natural-reserves","42":"product_tag-natural-scenery","43":"product_tag-nature-holidays","44":"product_tag-nature-tour","45":"product_tag-nature-trails","46":"product_tag-odemira","47":"product_tag-offered-flexible-walking","48":"product_tag-parque-natural-de-costa-vicentina","49":"product_tag-picturesque-landscapes","50":"product_tag-porto-covo","51":"product_tag-portugals-biggest-natural-reserve","52":"product_tag-rota-vicentina","53":"product_tag-vicentina-coast","54":"product_tag-vicentina-route","55":"product_tag-walking","56":"product_tag-walking-along-quiet-paths","57":"product_tag-walking-holidays","58":"product_tag-walking-the-coast-line","60":"first","61":"instock","62":"virtual","63":"product-type-simple"},"acf":[],"yoast_head":"<!-- This site is optimized with the Yoast SEO Premium plugin v26.8 (Yoast SEO v27.4) - https:\/\/yoast.com\/product\/yoast-seo-premium-wordpress\/ -->\n<title>Walking Holidays in the Vicentina Route - BeCool Travel<\/title>\n<meta name=\"robots\" content=\"index, follow, max-snippet:-1, max-image-preview:large, max-video-preview:-1\" \/>\n<link rel=\"canonical\" href=\"https:\/\/becooltravel.com\/sv\/produkt\/walking-in-the-vicentina-route-12301go\/\" \/>\n<meta property=\"og:locale\" content=\"sv_SE\" \/>\n<meta property=\"og:type\" content=\"article\" \/>\n<meta property=\"og:title\" content=\"Walking Holidays in the Vicentina Route\" \/>\n<meta property=\"og:description\" content=\"The Walking in the Vincentina route - From sea to land along the stunning South West Coast of Portugal is an 8-day walking tour, centred in Vila Nova de Milfontes and Aljezur, in the middle of the Southwest Alentejo and Vicentine Coast Natural Park.  Considered one of the finest stretches of preserved European coastlines, the area is home to the famous Rota Vicentina - a 340km long-distance path that begins in Santiago do Cac\u00e9m and finishes at the once called the edge of the known world - the Cape of St. Vincent.\" \/>\n<meta property=\"og:url\" content=\"https:\/\/becooltravel.com\/sv\/produkt\/walking-in-the-vicentina-route-12301go\/\" \/>\n<meta property=\"og:site_name\" content=\"BeCool Travel\" \/>\n<meta property=\"article:publisher\" content=\"https:\/\/www.facebook.com\/becooltravelagency\/\" \/>\n<meta property=\"article:modified_time\" content=\"2025-03-03T15:14:48+00:00\" \/>\n<meta property=\"og:image\" content=\"https:\/\/i0.wp.com\/becooltravel.com\/wp-content\/uploads\/sites\/5\/2020\/12\/costa_vicentina.jpg?fit=1151%2C768&ssl=1\" \/>\n\t<meta property=\"og:image:width\" content=\"1151\" \/>\n\t<meta property=\"og:image:height\" content=\"768\" \/>\n\t<meta property=\"og:image:type\" content=\"image\/jpeg\" \/>\n<meta name=\"twitter:card\" content=\"summary_large_image\" \/>\n<meta name=\"twitter:site\" content=\"@becool_travel\" \/>\n<meta name=\"twitter:label1\" content=\"Ber\u00e4knad l\u00e4stid\" \/>\n\t<meta name=\"twitter:data1\" content=\"2 minuter\" \/>\n<script type=\"application\/ld+json\" class=\"yoast-schema-graph\">{\"@context\":\"https:\\\/\\\/schema.org\",\"@graph\":[{\"@type\":\"WebPage\",\"@id\":\"https:\\\/\\\/becooltravel.com\\\/product\\\/walking-in-the-vicentina-route-12301go\\\/\",\"url\":\"https:\\\/\\\/becooltravel.com\\\/product\\\/walking-in-the-vicentina-route-12301go\\\/\",\"name\":\"Walking Holidays in the Vicentina Route - BeCool Travel\",\"isPartOf\":{\"@id\":\"https:\\\/\\\/becooltravel.com\\\/#website\"},\"primaryImageOfPage\":{\"@id\":\"https:\\\/\\\/becooltravel.com\\\/product\\\/walking-in-the-vicentina-route-12301go\\\/#primaryimage\"},\"image\":{\"@id\":\"https:\\\/\\\/becooltravel.com\\\/product\\\/walking-in-the-vicentina-route-12301go\\\/#primaryimage\"},\"thumbnailUrl\":\"https:\\\/\\\/i0.wp.com\\\/becooltravel.com\\\/wp-content\\\/uploads\\\/sites\\\/5\\\/2020\\\/12\\\/costa_vicentina.jpg?fit=1151%2C768&ssl=1\",\"datePublished\":\"2024-12-10T15:43:53+00:00\",\"dateModified\":\"2025-03-03T15:14:48+00:00\",\"breadcrumb\":{\"@id\":\"https:\\\/\\\/becooltravel.com\\\/product\\\/walking-in-the-vicentina-route-12301go\\\/#breadcrumb\"},\"inLanguage\":\"sv-SE\",\"potentialAction\":[{\"@type\":\"ReadAction\",\"target\":[\"https:\\\/\\\/becooltravel.com\\\/product\\\/walking-in-the-vicentina-route-12301go\\\/\"]}]},{\"@type\":\"ImageObject\",\"inLanguage\":\"sv-SE\",\"@id\":\"https:\\\/\\\/becooltravel.com\\\/product\\\/walking-in-the-vicentina-route-12301go\\\/#primaryimage\",\"url\":\"https:\\\/\\\/i0.wp.com\\\/becooltravel.com\\\/wp-content\\\/uploads\\\/sites\\\/5\\\/2020\\\/12\\\/costa_vicentina.jpg?fit=1151%2C768&ssl=1\",\"contentUrl\":\"https:\\\/\\\/i0.wp.com\\\/becooltravel.com\\\/wp-content\\\/uploads\\\/sites\\\/5\\\/2020\\\/12\\\/costa_vicentina.jpg?fit=1151%2C768&ssl=1\",\"width\":1151,\"height\":768,\"caption\":\"Vicentine coast\"},{\"@type\":\"BreadcrumbList\",\"@id\":\"https:\\\/\\\/becooltravel.com\\\/product\\\/walking-in-the-vicentina-route-12301go\\\/#breadcrumb\",\"itemListElement\":[{\"@type\":\"ListItem\",\"position\":1,\"name\":\"Home\",\"item\":\"https:\\\/\\\/becooltravel.com\\\/\"},{\"@type\":\"ListItem\",\"position\":2,\"name\":\"Shop\",\"item\":\"https:\\\/\\\/becooltravel.com\\\/?page_id=5\"},{\"@type\":\"ListItem\",\"position\":3,\"name\":\"Alentejo walking tours and holidays in Portugal.\",\"item\":\"https:\\\/\\\/becooltravel.com\\\/product-tag\\\/alentejo-walking\\\/\"},{\"@type\":\"ListItem\",\"position\":4,\"name\":\"Walking Holidays in the Vicentina Route\"}]},{\"@type\":\"WebSite\",\"@id\":\"https:\\\/\\\/becooltravel.com\\\/#website\",\"url\":\"https:\\\/\\\/becooltravel.com\\\/\",\"name\":\"BeCool Travel\",\"description\":\"Sustainable holidays in Portugal for independent travelers\",\"publisher\":{\"@id\":\"https:\\\/\\\/becooltravel.com\\\/#organization\"},\"potentialAction\":[{\"@type\":\"SearchAction\",\"target\":{\"@type\":\"EntryPoint\",\"urlTemplate\":\"https:\\\/\\\/becooltravel.com\\\/?s={search_term_string}\"},\"query-input\":{\"@type\":\"PropertyValueSpecification\",\"valueRequired\":true,\"valueName\":\"search_term_string\"}}],\"inLanguage\":\"sv-SE\"},{\"@type\":\"Organization\",\"@id\":\"https:\\\/\\\/becooltravel.com\\\/#organization\",\"name\":\"BecoolTravel. com- Portugal\",\"url\":\"https:\\\/\\\/becooltravel.com\\\/\",\"logo\":{\"@type\":\"ImageObject\",\"inLanguage\":\"sv-SE\",\"@id\":\"https:\\\/\\\/becooltravel.com\\\/#\\\/schema\\\/logo\\\/image\\\/\",\"url\":\"https:\\\/\\\/becooltravel.com\\\/wp-content\\\/uploads\\\/sites\\\/5\\\/2020\\\/03\\\/Logo_BeCool.jpg\",\"contentUrl\":\"https:\\\/\\\/becooltravel.com\\\/wp-content\\\/uploads\\\/sites\\\/5\\\/2020\\\/03\\\/Logo_BeCool.jpg\",\"width\":534,\"height\":534,\"caption\":\"BecoolTravel. com- Portugal\"},\"image\":{\"@id\":\"https:\\\/\\\/becooltravel.com\\\/#\\\/schema\\\/logo\\\/image\\\/\"},\"sameAs\":[\"https:\\\/\\\/www.facebook.com\\\/becooltravelagency\\\/\",\"https:\\\/\\\/x.com\\\/becool_travel\",\"https:\\\/\\\/www.instagram.com\\\/becooltravel_com\\\/\",\"https:\\\/\\\/www.linkedin.com\\\/company\\\/becool-travel\\\/\",\"https:\\\/\\\/www.youtube.com\\\/channel\\\/UCE7zRU3EVG1PgfXwQo-5uJw\"]}]}<\/script>\n<!-- \/ Yoast SEO Premium plugin. -->","yoast_head_json":{"title":"Vandringssemester i Vicentina Route - BeCool Travel","robots":{"index":"index","follow":"follow","max-snippet":"max-snippet:-1","max-image-preview":"max-image-preview:large","max-video-preview":"max-video-preview:-1"},"canonical":"https:\/\/becooltravel.com\/sv\/produkt\/walking-in-the-vicentina-route-12301go\/","og_locale":"sv_SE","og_type":"article","og_title":"Walking Holidays in the Vicentina Route","og_description":"The Walking in the Vincentina route - From sea to land along the stunning South West Coast of Portugal is an 8-day walking tour, centred in Vila Nova de Milfontes and Aljezur, in the middle of the Southwest Alentejo and Vicentine Coast Natural Park.  Considered one of the finest stretches of preserved European coastlines, the area is home to the famous Rota Vicentina - a 340km long-distance path that begins in Santiago do Cac\u00e9m and finishes at the once called the edge of the known world - the Cape of St. Vincent.","og_url":"https:\/\/becooltravel.com\/sv\/produkt\/walking-in-the-vicentina-route-12301go\/","og_site_name":"BeCool Travel","article_publisher":"https:\/\/www.facebook.com\/becooltravelagency\/","article_modified_time":"2025-03-03T15:14:48+00:00","og_image":[{"width":1151,"height":768,"url":"https:\/\/i0.wp.com\/becooltravel.com\/wp-content\/uploads\/sites\/5\/2020\/12\/costa_vicentina.jpg?fit=1151%2C768&ssl=1","type":"image\/jpeg"}],"twitter_card":"summary_large_image","twitter_site":"@becool_travel","twitter_misc":{"Ber\u00e4knad l\u00e4stid":"2 minuter"},"schema":{"@context":"https:\/\/schema.org","@graph":[{"@type":"WebPage","@id":"https:\/\/becooltravel.com\/product\/walking-in-the-vicentina-route-12301go\/","url":"https:\/\/becooltravel.com\/product\/walking-in-the-vicentina-route-12301go\/","name":"Vandringssemester i Vicentina Route - BeCool Travel","isPartOf":{"@id":"https:\/\/becooltravel.com\/#website"},"primaryImageOfPage":{"@id":"https:\/\/becooltravel.com\/product\/walking-in-the-vicentina-route-12301go\/#primaryimage"},"image":{"@id":"https:\/\/becooltravel.com\/product\/walking-in-the-vicentina-route-12301go\/#primaryimage"},"thumbnailUrl":"https:\/\/i0.wp.com\/becooltravel.com\/wp-content\/uploads\/sites\/5\/2020\/12\/costa_vicentina.jpg?fit=1151%2C768&ssl=1","datePublished":"2024-12-10T15:43:53+00:00","dateModified":"2025-03-03T15:14:48+00:00","breadcrumb":{"@id":"https:\/\/becooltravel.com\/product\/walking-in-the-vicentina-route-12301go\/#breadcrumb"},"inLanguage":"sv-SE","potentialAction":[{"@type":"ReadAction","target":["https:\/\/becooltravel.com\/product\/walking-in-the-vicentina-route-12301go\/"]}]},{"@type":"ImageObject","inLanguage":"sv-SE","@id":"https:\/\/becooltravel.com\/product\/walking-in-the-vicentina-route-12301go\/#primaryimage","url":"https:\/\/i0.wp.com\/becooltravel.com\/wp-content\/uploads\/sites\/5\/2020\/12\/costa_vicentina.jpg?fit=1151%2C768&ssl=1","contentUrl":"https:\/\/i0.wp.com\/becooltravel.com\/wp-content\/uploads\/sites\/5\/2020\/12\/costa_vicentina.jpg?fit=1151%2C768&ssl=1","width":1151,"height":768,"caption":"Vicentine coast"},{"@type":"BreadcrumbList","@id":"https:\/\/becooltravel.com\/product\/walking-in-the-vicentina-route-12301go\/#breadcrumb","itemListElement":[{"@type":"ListItem","position":1,"name":"Home","item":"https:\/\/becooltravel.com\/"},{"@type":"ListItem","position":2,"name":"Shop","item":"https:\/\/becooltravel.com\/?page_id=5"},{"@type":"ListItem","position":3,"name":"Alentejo walking tours and holidays in Portugal.","item":"https:\/\/becooltravel.com\/product-tag\/alentejo-walking\/"},{"@type":"ListItem","position":4,"name":"Walking Holidays in the Vicentina Route"}]},{"@type":"WebSite","@id":"https:\/\/becooltravel.com\/#website","url":"https:\/\/becooltravel.com\/","name":"BeCool Travel","description":"H\u00e5llbar semester i Portugal f\u00f6r oberoende resen\u00e4rer","publisher":{"@id":"https:\/\/becooltravel.com\/#organization"},"potentialAction":[{"@type":"SearchAction","target":{"@type":"EntryPoint","urlTemplate":"https:\/\/becooltravel.com\/?s={search_term_string}"},"query-input":{"@type":"PropertyValueSpecification","valueRequired":true,"valueName":"search_term_string"}}],"inLanguage":"sv-SE"},{"@type":"Organization","@id":"https:\/\/becooltravel.com\/#organization","name":"BecoolTravel. com- Portugal","url":"https:\/\/becooltravel.com\/","logo":{"@type":"ImageObject","inLanguage":"sv-SE","@id":"https:\/\/becooltravel.com\/#\/schema\/logo\/image\/","url":"https:\/\/becooltravel.com\/wp-content\/uploads\/sites\/5\/2020\/03\/Logo_BeCool.jpg","contentUrl":"https:\/\/becooltravel.com\/wp-content\/uploads\/sites\/5\/2020\/03\/Logo_BeCool.jpg","width":534,"height":534,"caption":"BecoolTravel. com- Portugal"},"image":{"@id":"https:\/\/becooltravel.com\/#\/schema\/logo\/image\/"},"sameAs":["https:\/\/www.facebook.com\/becooltravelagency\/","https:\/\/x.com\/becool_travel","https:\/\/www.instagram.com\/becooltravel_com\/","https:\/\/www.linkedin.com\/company\/becool-travel\/","https:\/\/www.youtube.com\/channel\/UCE7zRU3EVG1PgfXwQo-5uJw"]}]}},"jetpack_sharing_enabled":true,"_links":{"self":[{"href":"https:\/\/becooltravel.com\/sv\/wp-json\/wp\/v2\/product\/7644","targetHints":{"allow":["GET"]}}],"collection":[{"href":"https:\/\/becooltravel.com\/sv\/wp-json\/wp\/v2\/product"}],"about":[{"href":"https:\/\/becooltravel.com\/sv\/wp-json\/wp\/v2\/types\/product"}],"replies":[{"embeddable":true,"href":"https:\/\/becooltravel.com\/sv\/wp-json\/wp\/v2\/comments?post=7644"}],"wp:featuredmedia":[{"embeddable":true,"href":"https:\/\/becooltravel.com\/sv\/wp-json\/wp\/v2\/media\/6020"}],"wp:attachment":[{"href":"https:\/\/becooltravel.com\/sv\/wp-json\/wp\/v2\/media?parent=7644"}],"wp:term":[{"taxonomy":"product_brand","embeddable":true,"href":"https:\/\/becooltravel.com\/sv\/wp-json\/wp\/v2\/product_brand?post=7644"},{"taxonomy":"product_cat","embeddable":true,"href":"https:\/\/becooltravel.com\/sv\/wp-json\/wp\/v2\/product_cat?post=7644"},{"taxonomy":"product_tag","embeddable":true,"href":"https:\/\/becooltravel.com\/sv\/wp-json\/wp\/v2\/product_tag?post=7644"}],"curies":[{"name":"wp","href":"https:\/\/api.w.org\/{rel}","templated":true}]}}