{"id":7831,"date":"2020-03-06T15:05:19","date_gmt":"2020-03-06T15:05:19","guid":{"rendered":"https:\/\/becooltravel.com\/product\/ria-formosa-natural-park-a-birdwatchers-paradise-fly-drive-3301s\/"},"modified":"2020-03-06T15:05:19","modified_gmt":"2020-03-06T15:05:19","slug":"ria-formosa-natural-park-a-birdwatchers-paradise-fly-drive-3301s","status":"publish","type":"product","link":"https:\/\/becooltravel.com\/sv\/produkt\/ria-formosa-natur-park-en-fagelskadare-paradis-fly-drive-3301s\/","title":{"rendered":"F\u00e5gelsk\u00e5dning i Ria Formosa naturpark: Ett f\u00e5gelsk\u00e5dares paradis"},"content":{"rendered":"<div data-contents=\"true\">\n<p>Ria Formosa Natural Park: A Birdwatcher&#039;s Paradise \u00e4r en sj\u00e4lvk\u00f6rande f\u00e5gelsk\u00e5dningstur utformad f\u00f6r att uppt\u00e4cka de speciella och olika ekosystemen i denna region, en av de mest attraktiva f\u00e5gelsk\u00e5dningsplatserna i Europa. Algarve \u00e4r en ber\u00f6md utv\u00e4g, men \u00e4r ocks\u00e5 en fantastisk plats f\u00f6r naturobservation, d\u00e4r det finns hundratals endemiska f\u00e5gelarter, och en \u00f6vervintrings- och utfodringsstation f\u00f6r m\u00e5nga andra, som trivs i dess rika v\u00e5tmarker, saltmyrar, saltpannor och skogar .<\/p>\n<div id=\"attachment_1764\" style=\"width: 1034px\" class=\"wp-caption alignnone\"><img data-recalc-dims=\"1\" decoding=\"async\" aria-describedby=\"caption-attachment-1764\" class=\"wp-image-1764 size-large\" title=\"Naturparken Ria Formosa\" src=\"https:\/\/i0.wp.com\/legendatours.net\/wp-content\/uploads\/2020\/03\/natural_park_ria_formosa-1024x576.jpg?resize=1024%2C576&#038;ssl=1\" alt=\"Naturpark Ria Formosa f\u00e5gelsk\u00e5dning\" width=\"1024\" height=\"576\" \/><p id=\"caption-attachment-1764\" class=\"wp-caption-text\">Naturparken Ria Formosa, m\u00e5ngfalden av ekosystem drar till sig ett varierat utbud av djurliv, inklusive m\u00e5nga f\u00e5gelarter som den lila swamphen, symbolen f\u00f6r naturparken.<\/p><\/div>\n<p>Baserat p\u00e5 det viktigaste v\u00e5tmarkomr\u00e5det i Algarve, naturparken Ria Formosa, tar denna personliga rundtur dig ocks\u00e5 till flodmynningen i Guadiana och naturreservatet Castro Marim. Mer \u00e4n en veckas helgdagar \u00e4r det en riktig chans att fly fr\u00e5n det hektiska vardagen medan du \u00e4r omgiven av naturen.<\/p>\n<p>Med st\u00f6d av detaljerade instruktioner och v\u00e4gbeskrivningar hittar du m\u00f6jligheter inte bara f\u00f6r f\u00e5gelsk\u00e5dning utan f\u00f6r natur- och f\u00e5gelfotografering; m\u00e5lning och illustration; vetenskaplig forskning; jakten p\u00e5 rariteter (ryckningar) etc.<\/p>\n<p>Naturparken Ria Formosa t\u00e4cker ett omr\u00e5de p\u00e5 cirka 16 000 hektar och best\u00e5r av kustlaguner, stora omr\u00e5den av tidvattenl\u00e4genheter, saltmyrar, saltpannor och skogar som \u00e4r inneslutna av ett b\u00e4lte med dyn\u00f6ar och halv\u00f6ar. Det \u00e4r s\u00e4rskilt viktigt som \u00f6vervintringsomr\u00e5de f\u00f6r m\u00e5nga f\u00e5glar fr\u00e5n norra Europa och som vil- och utfodringsstation f\u00f6r f\u00e5glar som vandrar mellan Afrika och Europa. Omr\u00e5det klassificeras enligt Ramsar-konventionen.<\/p>\n<div id=\"attachment_1761\" style=\"width: 1034px\" class=\"wp-caption alignnone\"><img data-recalc-dims=\"1\" decoding=\"async\" aria-describedby=\"caption-attachment-1761\" class=\"wp-image-1761 size-large\" title=\"Great Crested Grebe\" src=\"https:\/\/i0.wp.com\/legendatours.net\/wp-content\/uploads\/2020\/03\/Great-Crested-Grebe-1024x683.jpg?resize=1024%2C683&#038;ssl=1\" alt=\"Great Crested Grebe\" width=\"1024\" height=\"683\" \/><p id=\"caption-attachment-1761\" class=\"wp-caption-text\">Great Crested Grebe - Foto Peter Dedicoat<\/p><\/div>\n<p>Vintern ger \u00f6vervintrande vadare, som Oystercatchers, Avocets, Dunlins och Little Stint, bland andra. Wildfowl finns ocks\u00e5 i imponerande antal, och n\u00e5gra av de vanligaste arterna \u00e4r Wigeon, Sholever, Pintail och Pochard. Andra intressanta f\u00e5glar som finns \u00e4r Greater Flamingo, Gloss Ibis, Eurasian Spoonbill, Black-winged Kite, Caspian Tern, Bluethroat och the scarcer Penduline Tit.<\/p>\n<p>Avelsf\u00e5glar inkluderar Purple Swamphen, Little Bittern, Purple Heron, Collared Pratincole och Audouin&#039;s Gull. Barri\u00e4r\u00f6arna har de st\u00f6rsta kolonierna i Little Tern i Portugal, som ofta ses i det grunda vattnet, liksom en liten befolkning av Eurasian Thick-knee och Little Bustard. Intressanta avelsf\u00e5glar inkluderar ocks\u00e5 Pallid Swift, Spectacled Warbler, European Bee-eater och Black-eared Wheatear.<\/p>\n<div id=\"attachment_1701\" style=\"width: 1034px\" class=\"wp-caption alignnone\"><img data-recalc-dims=\"1\" decoding=\"async\" aria-describedby=\"caption-attachment-1701\" class=\"wp-image-1701 size-large\" title=\"F\u00e5gelsk\u00e5dning Algarve sardiska s\u00e5ngare\" src=\"https:\/\/i0.wp.com\/legendatours.net\/wp-content\/uploads\/2020\/05\/Birdwatching-Algarve-Sardinian-Warbler-1024x683.jpg?resize=1024%2C683&#038;ssl=1\" alt=\"F\u00e5gelsk\u00e5dning Algarve sardiska s\u00e5ngare\" width=\"1024\" height=\"683\" \/><p id=\"caption-attachment-1701\" class=\"wp-caption-text\">F\u00e5gelsk\u00e5dning Algarve Sardinian Warbler - Foto Peter Dedicoat<\/p><\/div>\n<p>I de omgivande skogsmarkerna finns arter som Great Spotted Woodpecker, Woodchat Shrike och Golden Oriole.<\/p>\n<p>Naturreservatet Castro Marim presenterar bes\u00f6karna med glimtar av europeiska guldfinkar, kortsiktiga tr\u00e4dkrypare och sardiska s\u00e5ngare, f\u00f6r att bara n\u00e4mna n\u00e5gra. Vid saltpannorna \u00e4r det m\u00f6jligt att titta p\u00e5 flera arter av vattenf\u00e5glar, inklusive Audouin&#039;s Gull, Little Tern, Collared Pratincole och Yellow Wagtail (v\u00e5r \/ sommar); Shelduck, Shoveler, Black-necked Grebe och Caspian Tern. Hela \u00e5ret \u00e4r det m\u00f6jligt att hitta flamingor, svartvingade styltor, skedr\u00e4kter, greenshanks och avocets. Kingfisher \u00e4r regelbundet p\u00e5 den h\u00e4r platsen, och under migrationstider dyker Black Tern ofta upp.<\/p>\n<div id=\"attachment_1765\" style=\"width: 1034px\" class=\"wp-caption alignnone\"><img data-recalc-dims=\"1\" decoding=\"async\" aria-describedby=\"caption-attachment-1765\" class=\"wp-image-1765 size-large\" title=\"Norra skoveln\" src=\"https:\/\/i0.wp.com\/legendatours.net\/wp-content\/uploads\/2020\/03\/Northern-Shoveler-1024x682.jpg?resize=1024%2C682&#038;ssl=1\" alt=\"Norra skoveln\" width=\"1024\" height=\"682\" \/><p id=\"caption-attachment-1765\" class=\"wp-caption-text\"><a href=\"..\/..\/?s=Northern+Shoveler\" target=\"_blank\" rel=\"noopener noreferrer\">Norra skoveln\u00a0<\/a>- Foto Peter Dedicoat<\/p><\/div>\n<p>Ruttnoterna \u00e4r utformade f\u00f6r att vara en enkel, l\u00e4ttanv\u00e4nd f\u00e4ltguide f\u00f6r alla som gillar att titta p\u00e5 f\u00e5glar i sin naturliga milj\u00f6. Varje resv\u00e4g \u00e5tf\u00f6ljs av en karta och en beskrivning av hur man kommer dit, de mest intressanta arterna som finns d\u00e4r och olika tips om det b\u00e4sta s\u00e4ttet att bes\u00f6ka.<\/p>\n<p>Vi ser till att du f\u00e5r en of\u00f6rgl\u00f6mlig upplevelse, utan tidskr\u00e4vande s\u00f6kning efter st\u00e4llen att bo, ingen forskning p\u00e5 de b\u00e4sta f\u00e5gelsk\u00e5dningarna - v\u00e5ra turer \u00e4r kompletta och framf\u00f6r allt perfekt genomt\u00e4nkta och organiserade! Turn\u00e9n \u00e4r utformad f\u00f6r att avnjutas oavsett din niv\u00e5 av f\u00e5gelsk\u00e5dningsf\u00f6rm\u00e5ga och expertis.<\/p>\n<p>Och f\u00f6r att till fullo njuta av alla underverk p\u00e5 denna turn\u00e9 kommer du att roosta i centrala Tavira, bara 2 km fr\u00e5n n\u00e4rmaste f\u00e5gelobservationsplats!<\/p>\n<\/div>\n<div class=\"row\">\n<div class=\"column\" style=\"flex: 45%\">\n<p><iframe title=\"Bes\u00f6k Olh\u00e3o ... huvudstad i Ria Formosa.\" width=\"1080\" height=\"608\" src=\"https:\/\/www.youtube.com\/embed\/MENxx1MKWVE?start=85&#038;feature=oembed\" frameborder=\"0\" allow=\"accelerometer; autoplay; clipboard-write; encrypted-media; gyroscope; picture-in-picture; web-share\" referrerpolicy=\"strict-origin-when-cross-origin\" allowfullscreen><\/iframe><\/p>\n<\/div>\n<div class=\"column\" style=\"flex: 10%\"><\/div>\n<div class=\"column\" style=\"flex: 45%\">\n<p><iframe title=\"Castro Marim\" width=\"1080\" height=\"608\" src=\"https:\/\/www.youtube.com\/embed\/sbJjXvbNWho?list=PL_6Umd8jb1qvBUfpmdNirAfZNGPDknjjw\" frameborder=\"0\" allow=\"accelerometer; autoplay; clipboard-write; encrypted-media; gyroscope; picture-in-picture; web-share\" referrerpolicy=\"strict-origin-when-cross-origin\" allowfullscreen><\/iframe><\/p>\n<\/div>\n<\/div>","protected":false},"excerpt":{"rendered":"<p>Ria Formosa Natural Park: A Birdwatcher&#039;s Paradise \u00e4r en sj\u00e4lvk\u00f6rande f\u00e5gelsk\u00e5dningstur utformad f\u00f6r att uppt\u00e4cka de speciella och olika ekosystemen i denna region, en av de mest attraktiva f\u00e5gelsk\u00e5dningsplatserna i Europa. Algarve \u00e4r en ber\u00f6md utv\u00e4g, men \u00e4r ocks\u00e5 en fantastisk plats f\u00f6r naturobservation, d\u00e4r det finns hundratals endemiska f\u00e5gelarter, och en \u00f6vervintrings- och utfodringsstation f\u00f6r m\u00e5nga andra, som trivs i dess rika v\u00e5tmarker, saltmyrar, saltpannor och skogar .<\/p>","protected":false},"featured_media":4819,"comment_status":"closed","ping_status":"closed","template":"","meta":{"_acf_changed":false,"inline_featured_image":false},"product_brand":[],"product_cat":[673,339,327],"product_tag":[311,1053,499,500,453,501,735,121,454,1284,737,738,502,503,504,483,505,506,507,508,458,509,1054,510,511,512,513,514,515,516,517,465,494,1285,181,1055,1056,471,1057,1058,1059,518],"class_list":{"0":"post-7831","1":"product","2":"type-product","3":"status-publish","4":"has-post-thumbnail","6":"product_cat-self-drive-holidays-portugal","7":"product_cat-portugal-self-guided-birdwatching-holidays","8":"product_cat-self-guided-tours-portugal","9":"product_tag-algarve","10":"product_tag-alleine-reisen","11":"product_tag-bee-eater","12":"product_tag-best-birding-spots","13":"product_tag-best-of-the-algarvian-bird-life","14":"product_tag-bird-species","15":"product_tag-bird-watching-holidays","16":"product_tag-bird-watching","17":"product_tag-birding-algarve","18":"product_tag-birdwatchers-paradise","19":"product_tag-birdwatching-algarve","20":"product_tag-birdwatching-portugal","21":"product_tag-black-winged-kite","22":"product_tag-blackheaded-weaver","23":"product_tag-booted-eagles","24":"product_tag-caspian-terns","25":"product_tag-ferruginous-duck","26":"product_tag-fresh-fish-and-seafood","27":"product_tag-freshwater-lagoons","28":"product_tag-gastronomy-and-wines","29":"product_tag-greater-flamingos","30":"product_tag-grey-shrikes","31":"product_tag-individuelle-touren","32":"product_tag-kentish-plover","33":"product_tag-little-bittern","34":"product_tag-little-tern","35":"product_tag-marsh-harriers","36":"product_tag-nature-observation","37":"product_tag-penduline-tits","38":"product_tag-purple-heron","39":"product_tag-purple-swamp-hen","40":"product_tag-red-necked-nightjar","41":"product_tag-ria-formosa","42":"product_tag-ria-formosa-birdwatching","43":"product_tag-ria-formosa-natural-park","44":"product_tag-sejour-en-liberte","45":"product_tag-solo-reisen","46":"product_tag-spoonbills","47":"product_tag-tours-autoguidees","48":"product_tag-voyage-en-liberte","49":"product_tag-voyages-en-autonomie","50":"product_tag-woodchat","52":"first","53":"instock","54":"virtual","55":"product-type-simple"},"acf":[],"yoast_head":"<!-- This site is optimized with the Yoast SEO Premium plugin v26.8 (Yoast SEO v27.5) - https:\/\/yoast.com\/product\/yoast-seo-premium-wordpress\/ -->\n<title>Birdwatching in Ria Formosa Natural Park: A Birdwatcher\u2019s Paradise - BeCool Travel<\/title>\n<meta name=\"robots\" content=\"index, follow, max-snippet:-1, max-image-preview:large, max-video-preview:-1\" \/>\n<link rel=\"canonical\" href=\"https:\/\/becooltravel.com\/sv\/produkt\/ria-formosa-natur-park-en-fagelskadare-paradis-fly-drive-3301s\/\" \/>\n<meta property=\"og:locale\" content=\"sv_SE\" \/>\n<meta property=\"og:type\" content=\"article\" \/>\n<meta property=\"og:title\" content=\"Birdwatching in Ria Formosa Natural Park: A Birdwatcher\u2019s Paradise\" \/>\n<meta property=\"og:description\" content=\"Ria Formosa Natural Park: A Birdwatcher\u2019s Paradise is a Self-Drive Birdwatching Tour designed to discover the special and diverse ecosystems of this region, one of the most attractive birdwatching spots in Europe. The Algarve is a famous resort, but is also an amazing site for nature observation, being home to hundreds of endemic bird species, and a wintering and feeding station for many others, which thrive in its rich wetlands, salt marshes, saltpans, and woods.\" \/>\n<meta property=\"og:url\" content=\"https:\/\/becooltravel.com\/sv\/produkt\/ria-formosa-natur-park-en-fagelskadare-paradis-fly-drive-3301s\/\" \/>\n<meta property=\"og:site_name\" content=\"BeCool Travel\" \/>\n<meta property=\"article:publisher\" content=\"https:\/\/www.facebook.com\/becooltravelagency\/\" \/>\n<meta property=\"og:image\" content=\"https:\/\/i0.wp.com\/becooltravel.com\/wp-content\/uploads\/sites\/5\/2020\/05\/Selfguided_birding_ria_formosa.jpg?fit=1000%2C667&ssl=1\" \/>\n\t<meta property=\"og:image:width\" content=\"1000\" \/>\n\t<meta property=\"og:image:height\" content=\"667\" \/>\n\t<meta property=\"og:image:type\" content=\"image\/jpeg\" \/>\n<meta name=\"twitter:card\" content=\"summary_large_image\" \/>\n<meta name=\"twitter:site\" content=\"@becool_travel\" \/>\n<meta name=\"twitter:label1\" content=\"Ber\u00e4knad l\u00e4stid\" \/>\n\t<meta name=\"twitter:data1\" content=\"4 minuter\" \/>\n<script type=\"application\/ld+json\" class=\"yoast-schema-graph\">{\"@context\":\"https:\\\/\\\/schema.org\",\"@graph\":[{\"@type\":\"WebPage\",\"@id\":\"https:\\\/\\\/becooltravel.com\\\/product\\\/ria-formosa-natural-park-a-birdwatchers-paradise-fly-drive-3301s\\\/\",\"url\":\"https:\\\/\\\/becooltravel.com\\\/product\\\/ria-formosa-natural-park-a-birdwatchers-paradise-fly-drive-3301s\\\/\",\"name\":\"Birdwatching in Ria Formosa Natural Park: A Birdwatcher\u2019s Paradise - BeCool Travel\",\"isPartOf\":{\"@id\":\"https:\\\/\\\/becooltravel.com\\\/#website\"},\"primaryImageOfPage\":{\"@id\":\"https:\\\/\\\/becooltravel.com\\\/product\\\/ria-formosa-natural-park-a-birdwatchers-paradise-fly-drive-3301s\\\/#primaryimage\"},\"image\":{\"@id\":\"https:\\\/\\\/becooltravel.com\\\/product\\\/ria-formosa-natural-park-a-birdwatchers-paradise-fly-drive-3301s\\\/#primaryimage\"},\"thumbnailUrl\":\"https:\\\/\\\/i0.wp.com\\\/becooltravel.com\\\/wp-content\\\/uploads\\\/sites\\\/5\\\/2020\\\/05\\\/Selfguided_birding_ria_formosa.jpg?fit=1000%2C667&ssl=1\",\"datePublished\":\"2020-03-06T15:05:19+00:00\",\"breadcrumb\":{\"@id\":\"https:\\\/\\\/becooltravel.com\\\/product\\\/ria-formosa-natural-park-a-birdwatchers-paradise-fly-drive-3301s\\\/#breadcrumb\"},\"inLanguage\":\"sv-SE\",\"potentialAction\":[{\"@type\":\"ReadAction\",\"target\":[\"https:\\\/\\\/becooltravel.com\\\/product\\\/ria-formosa-natural-park-a-birdwatchers-paradise-fly-drive-3301s\\\/\"]}]},{\"@type\":\"ImageObject\",\"inLanguage\":\"sv-SE\",\"@id\":\"https:\\\/\\\/becooltravel.com\\\/product\\\/ria-formosa-natural-park-a-birdwatchers-paradise-fly-drive-3301s\\\/#primaryimage\",\"url\":\"https:\\\/\\\/i0.wp.com\\\/becooltravel.com\\\/wp-content\\\/uploads\\\/sites\\\/5\\\/2020\\\/05\\\/Selfguided_birding_ria_formosa.jpg?fit=1000%2C667&ssl=1\",\"contentUrl\":\"https:\\\/\\\/i0.wp.com\\\/becooltravel.com\\\/wp-content\\\/uploads\\\/sites\\\/5\\\/2020\\\/05\\\/Selfguided_birding_ria_formosa.jpg?fit=1000%2C667&ssl=1\",\"width\":1000,\"height\":667,\"caption\":\"self-guided birding Ria Formosa\"},{\"@type\":\"BreadcrumbList\",\"@id\":\"https:\\\/\\\/becooltravel.com\\\/product\\\/ria-formosa-natural-park-a-birdwatchers-paradise-fly-drive-3301s\\\/#breadcrumb\",\"itemListElement\":[{\"@type\":\"ListItem\",\"position\":1,\"name\":\"Home\",\"item\":\"https:\\\/\\\/becooltravel.com\\\/\"},{\"@type\":\"ListItem\",\"position\":2,\"name\":\"Shop\",\"item\":\"https:\\\/\\\/becooltravel.com\\\/?page_id=5\"},{\"@type\":\"ListItem\",\"position\":3,\"name\":\"Algarve holidays . You can use\u00a0footpaths and walking\u00a0 trails\u00a0to get to know the region, such as the\u00a0Algarve Way\u00a0or the\u00a0Vicentine Route along one of the best preserved coastal stretches.\",\"item\":\"https:\\\/\\\/becooltravel.com\\\/product-tag\\\/algarve\\\/\"},{\"@type\":\"ListItem\",\"position\":4,\"name\":\"Birdwatching in Ria Formosa Natural Park: A Birdwatcher\u2019s Paradise\"}]},{\"@type\":\"WebSite\",\"@id\":\"https:\\\/\\\/becooltravel.com\\\/#website\",\"url\":\"https:\\\/\\\/becooltravel.com\\\/\",\"name\":\"BeCool Travel\",\"description\":\"Sustainable holidays in Portugal for independent travelers\",\"publisher\":{\"@id\":\"https:\\\/\\\/becooltravel.com\\\/#organization\"},\"potentialAction\":[{\"@type\":\"SearchAction\",\"target\":{\"@type\":\"EntryPoint\",\"urlTemplate\":\"https:\\\/\\\/becooltravel.com\\\/?s={search_term_string}\"},\"query-input\":{\"@type\":\"PropertyValueSpecification\",\"valueRequired\":true,\"valueName\":\"search_term_string\"}}],\"inLanguage\":\"sv-SE\"},{\"@type\":\"Organization\",\"@id\":\"https:\\\/\\\/becooltravel.com\\\/#organization\",\"name\":\"BecoolTravel. com- Portugal\",\"url\":\"https:\\\/\\\/becooltravel.com\\\/\",\"logo\":{\"@type\":\"ImageObject\",\"inLanguage\":\"sv-SE\",\"@id\":\"https:\\\/\\\/becooltravel.com\\\/#\\\/schema\\\/logo\\\/image\\\/\",\"url\":\"https:\\\/\\\/becooltravel.com\\\/wp-content\\\/uploads\\\/sites\\\/5\\\/2020\\\/03\\\/Logo_BeCool.jpg\",\"contentUrl\":\"https:\\\/\\\/becooltravel.com\\\/wp-content\\\/uploads\\\/sites\\\/5\\\/2020\\\/03\\\/Logo_BeCool.jpg\",\"width\":534,\"height\":534,\"caption\":\"BecoolTravel. com- Portugal\"},\"image\":{\"@id\":\"https:\\\/\\\/becooltravel.com\\\/#\\\/schema\\\/logo\\\/image\\\/\"},\"sameAs\":[\"https:\\\/\\\/www.facebook.com\\\/becooltravelagency\\\/\",\"https:\\\/\\\/x.com\\\/becool_travel\",\"https:\\\/\\\/www.instagram.com\\\/becooltravel_com\\\/\",\"https:\\\/\\\/www.linkedin.com\\\/company\\\/becool-travel\\\/\",\"https:\\\/\\\/www.youtube.com\\\/channel\\\/UCE7zRU3EVG1PgfXwQo-5uJw\"]}]}<\/script>\n<!-- \/ Yoast SEO Premium plugin. -->","yoast_head_json":{"title":"F\u00e5gelsk\u00e5dning i Ria Formosa Natural Park: A Birdwatcher&#039;s Paradise - BeCool Travel","robots":{"index":"index","follow":"follow","max-snippet":"max-snippet:-1","max-image-preview":"max-image-preview:large","max-video-preview":"max-video-preview:-1"},"canonical":"https:\/\/becooltravel.com\/sv\/produkt\/ria-formosa-natur-park-en-fagelskadare-paradis-fly-drive-3301s\/","og_locale":"sv_SE","og_type":"article","og_title":"Birdwatching in Ria Formosa Natural Park: A Birdwatcher\u2019s Paradise","og_description":"Ria Formosa Natural Park: A Birdwatcher\u2019s Paradise is a Self-Drive Birdwatching Tour designed to discover the special and diverse ecosystems of this region, one of the most attractive birdwatching spots in Europe. The Algarve is a famous resort, but is also an amazing site for nature observation, being home to hundreds of endemic bird species, and a wintering and feeding station for many others, which thrive in its rich wetlands, salt marshes, saltpans, and woods.","og_url":"https:\/\/becooltravel.com\/sv\/produkt\/ria-formosa-natur-park-en-fagelskadare-paradis-fly-drive-3301s\/","og_site_name":"BeCool Travel","article_publisher":"https:\/\/www.facebook.com\/becooltravelagency\/","og_image":[{"width":1000,"height":667,"url":"https:\/\/i0.wp.com\/becooltravel.com\/wp-content\/uploads\/sites\/5\/2020\/05\/Selfguided_birding_ria_formosa.jpg?fit=1000%2C667&ssl=1","type":"image\/jpeg"}],"twitter_card":"summary_large_image","twitter_site":"@becool_travel","twitter_misc":{"Ber\u00e4knad l\u00e4stid":"4 minuter"},"schema":{"@context":"https:\/\/schema.org","@graph":[{"@type":"WebPage","@id":"https:\/\/becooltravel.com\/product\/ria-formosa-natural-park-a-birdwatchers-paradise-fly-drive-3301s\/","url":"https:\/\/becooltravel.com\/product\/ria-formosa-natural-park-a-birdwatchers-paradise-fly-drive-3301s\/","name":"F\u00e5gelsk\u00e5dning i Ria Formosa Natural Park: A Birdwatcher&#039;s Paradise - BeCool Travel","isPartOf":{"@id":"https:\/\/becooltravel.com\/#website"},"primaryImageOfPage":{"@id":"https:\/\/becooltravel.com\/product\/ria-formosa-natural-park-a-birdwatchers-paradise-fly-drive-3301s\/#primaryimage"},"image":{"@id":"https:\/\/becooltravel.com\/product\/ria-formosa-natural-park-a-birdwatchers-paradise-fly-drive-3301s\/#primaryimage"},"thumbnailUrl":"https:\/\/i0.wp.com\/becooltravel.com\/wp-content\/uploads\/sites\/5\/2020\/05\/Selfguided_birding_ria_formosa.jpg?fit=1000%2C667&ssl=1","datePublished":"2020-03-06T15:05:19+00:00","breadcrumb":{"@id":"https:\/\/becooltravel.com\/product\/ria-formosa-natural-park-a-birdwatchers-paradise-fly-drive-3301s\/#breadcrumb"},"inLanguage":"sv-SE","potentialAction":[{"@type":"ReadAction","target":["https:\/\/becooltravel.com\/product\/ria-formosa-natural-park-a-birdwatchers-paradise-fly-drive-3301s\/"]}]},{"@type":"ImageObject","inLanguage":"sv-SE","@id":"https:\/\/becooltravel.com\/product\/ria-formosa-natural-park-a-birdwatchers-paradise-fly-drive-3301s\/#primaryimage","url":"https:\/\/i0.wp.com\/becooltravel.com\/wp-content\/uploads\/sites\/5\/2020\/05\/Selfguided_birding_ria_formosa.jpg?fit=1000%2C667&ssl=1","contentUrl":"https:\/\/i0.wp.com\/becooltravel.com\/wp-content\/uploads\/sites\/5\/2020\/05\/Selfguided_birding_ria_formosa.jpg?fit=1000%2C667&ssl=1","width":1000,"height":667,"caption":"self-guided birding Ria Formosa"},{"@type":"BreadcrumbList","@id":"https:\/\/becooltravel.com\/product\/ria-formosa-natural-park-a-birdwatchers-paradise-fly-drive-3301s\/#breadcrumb","itemListElement":[{"@type":"ListItem","position":1,"name":"Home","item":"https:\/\/becooltravel.com\/"},{"@type":"ListItem","position":2,"name":"Shop","item":"https:\/\/becooltravel.com\/?page_id=5"},{"@type":"ListItem","position":3,"name":"Algarve holidays . You can use\u00a0footpaths and walking\u00a0 trails\u00a0to get to know the region, such as the\u00a0Algarve Way\u00a0or the\u00a0Vicentine Route along one of the best preserved coastal stretches.","item":"https:\/\/becooltravel.com\/product-tag\/algarve\/"},{"@type":"ListItem","position":4,"name":"Birdwatching in Ria Formosa Natural Park: A Birdwatcher\u2019s Paradise"}]},{"@type":"WebSite","@id":"https:\/\/becooltravel.com\/#website","url":"https:\/\/becooltravel.com\/","name":"BeCool Travel","description":"H\u00e5llbar semester i Portugal f\u00f6r oberoende resen\u00e4rer","publisher":{"@id":"https:\/\/becooltravel.com\/#organization"},"potentialAction":[{"@type":"SearchAction","target":{"@type":"EntryPoint","urlTemplate":"https:\/\/becooltravel.com\/?s={search_term_string}"},"query-input":{"@type":"PropertyValueSpecification","valueRequired":true,"valueName":"search_term_string"}}],"inLanguage":"sv-SE"},{"@type":"Organization","@id":"https:\/\/becooltravel.com\/#organization","name":"BecoolTravel. com- Portugal","url":"https:\/\/becooltravel.com\/","logo":{"@type":"ImageObject","inLanguage":"sv-SE","@id":"https:\/\/becooltravel.com\/#\/schema\/logo\/image\/","url":"https:\/\/becooltravel.com\/wp-content\/uploads\/sites\/5\/2020\/03\/Logo_BeCool.jpg","contentUrl":"https:\/\/becooltravel.com\/wp-content\/uploads\/sites\/5\/2020\/03\/Logo_BeCool.jpg","width":534,"height":534,"caption":"BecoolTravel. com- Portugal"},"image":{"@id":"https:\/\/becooltravel.com\/#\/schema\/logo\/image\/"},"sameAs":["https:\/\/www.facebook.com\/becooltravelagency\/","https:\/\/x.com\/becool_travel","https:\/\/www.instagram.com\/becooltravel_com\/","https:\/\/www.linkedin.com\/company\/becool-travel\/","https:\/\/www.youtube.com\/channel\/UCE7zRU3EVG1PgfXwQo-5uJw"]}]}},"jetpack_sharing_enabled":true,"_links":{"self":[{"href":"https:\/\/becooltravel.com\/sv\/wp-json\/wp\/v2\/product\/7831","targetHints":{"allow":["GET"]}}],"collection":[{"href":"https:\/\/becooltravel.com\/sv\/wp-json\/wp\/v2\/product"}],"about":[{"href":"https:\/\/becooltravel.com\/sv\/wp-json\/wp\/v2\/types\/product"}],"replies":[{"embeddable":true,"href":"https:\/\/becooltravel.com\/sv\/wp-json\/wp\/v2\/comments?post=7831"}],"wp:featuredmedia":[{"embeddable":true,"href":"https:\/\/becooltravel.com\/sv\/wp-json\/wp\/v2\/media\/4819"}],"wp:attachment":[{"href":"https:\/\/becooltravel.com\/sv\/wp-json\/wp\/v2\/media?parent=7831"}],"wp:term":[{"taxonomy":"product_brand","embeddable":true,"href":"https:\/\/becooltravel.com\/sv\/wp-json\/wp\/v2\/product_brand?post=7831"},{"taxonomy":"product_cat","embeddable":true,"href":"https:\/\/becooltravel.com\/sv\/wp-json\/wp\/v2\/product_cat?post=7831"},{"taxonomy":"product_tag","embeddable":true,"href":"https:\/\/becooltravel.com\/sv\/wp-json\/wp\/v2\/product_tag?post=7831"}],"curies":[{"name":"wp","href":"https:\/\/api.w.org\/{rel}","templated":true}]}}