{"id":7832,"date":"2020-03-06T15:03:11","date_gmt":"2020-03-06T15:03:11","guid":{"rendered":"https:\/\/becooltravel.com\/product\/birding-under-blue-skyes-the-great-bustard-adventure-fly-drive-3201s\/"},"modified":"2020-03-06T15:03:11","modified_gmt":"2020-03-06T15:03:11","slug":"birding-under-blue-skyes-the-great-bustard-adventure-fly-drive-3201s","status":"publish","type":"product","link":"https:\/\/becooltravel.com\/sv\/produkt\/fagelskadning-under-bla-sky-den-stora-bustard-aventyr-fly-drive-3201s\/","title":{"rendered":"Birding Holidays Under Blue Skyes: The Great Bustard Adventure"},"content":{"rendered":"<p>Birding Under Blue Skies: The Great Bustard Adventure \u00e4r en sj\u00e4lvk\u00f6rande f\u00e5gelsk\u00e5dningstur, designad av professionella lokala f\u00e5gelsk\u00e5dare f\u00f6r att hj\u00e4lpa dig att se s\u00e5 mycket av avifauna och flora som m\u00f6jligt, inklusive den g\u00e5tfulla Great Bustard! F\u00f6r att njuta av denna personliga turn\u00e9 till fullo kommer du att bo i hj\u00e4rtat av Monte Gordo, med enkel tillg\u00e5ng till en m\u00e4ngd f\u00e5gelobservationsinst\u00e4llningar, bortom alla f\u00e5glarnas livslista!<\/p>\n<p>Mellan sandstr\u00e4nderna p\u00e5 \u00f6stkusten och Guadianafloden ligger en liten fiskarby. Monte Gordo med sitt varma v\u00e4der, traditionella v\u00e4gar och butiker, sanddyner, tallskog och ber\u00f6mda f\u00e4rska skaldjur \u00e4r en utm\u00e4rkt bas f\u00f6r v\u00e5ra f\u00e5gelsk\u00e5dningssemestrar.<\/p>\n<div id=\"attachment_1748\" style=\"width: 1034px\" class=\"wp-caption alignnone\"><img data-recalc-dims=\"1\" decoding=\"async\" aria-describedby=\"caption-attachment-1748\" class=\"wp-image-1748 size-large\" title=\"Stora Bustards\" src=\"https:\/\/i0.wp.com\/legendatours.net\/wp-content\/uploads\/2020\/03\/Great_Bustards-1024x683.jpg?resize=1024%2C683&#038;ssl=1\" alt=\"Stora Bustards\" width=\"1024\" height=\"683\" \/><p id=\"caption-attachment-1748\" class=\"wp-caption-text\">Stora bustards, en av v\u00e4rldens tyngsta flygande f\u00e5glar, bor i ett enormt omr\u00e5de med enhetlig landsbygd i Baixo Alentejo \u2013 Foto Peter Dedicoat<\/p><\/div>\n<p>Dess privilegierade l\u00e4ge n\u00e4ra Guadianas mynning \u00e4r v\u00e4lsignat med speciella och olika naturliga ekosystem, som \u00e4r hem f\u00f6r hundratals f\u00e5gelarter, n\u00e5gra av dem endemiska och typiska f\u00f6r Medelhavets livsmilj\u00f6er.<\/p>\n<p>Baserat p\u00e5 n\u00e5gra viktiga v\u00e5tmarker i Algarve, inklusive Ria Formosa naturpark, Guadianas mynning och Castro Marim naturreservat, r\u00e4knas denna f\u00e5geltur med en utflykt till Alentejo f\u00f6r att observera den sv\u00e5rf\u00e5ngade Great Bustard, en av v\u00e4rldens tyngsta f\u00e5glar, och ocks\u00e5 en ledig dag, f\u00f6r att ge dig m\u00f6jlighet att utforska.<\/p>\n<p>Naturparken Ria Formosa \u00e4r av s\u00e4rskild betydelse som ett vinteromr\u00e5de f\u00f6r m\u00e5nga f\u00e5glar fr\u00e5n norra Europa och som vil- och utfodringsstation f\u00f6r f\u00e5glar som vandrar mellan Afrika och Europa. Omr\u00e5det klassificeras enligt Ramsar-konventionen som ett v\u00e5tmark av internationell betydelse och som ett s\u00e4rskilt skyddsomr\u00e5de enligt EU-direktivet om bevarande av vilda f\u00e5glar.<\/p>\n<div id=\"attachment_1723\" style=\"width: 1034px\" class=\"wp-caption alignnone\"><img data-recalc-dims=\"1\" decoding=\"async\" aria-describedby=\"caption-attachment-1723\" class=\"wp-image-1723 size-large\" title=\"Glansig Ibis\" src=\"https:\/\/i0.wp.com\/legendatours.net\/wp-content\/uploads\/2020\/03\/Glossy-Ibis-1024x683.jpg?resize=1024%2C683&#038;ssl=1\" alt=\"Glansig Ibis\" width=\"1024\" height=\"683\" \/><p id=\"caption-attachment-1723\" class=\"wp-caption-text\">Glossy Ibis \u2013 Foto Peter Dedicoat<\/p><\/div>\n<p>Bland andra arter kan du st\u00f6ta p\u00e5 svarta tailed godwits, ringed Plovers, Little Stints, Little Bittern, Purple Swamp-hen, Purple Heron, Red-crested Pochard, Collared Pratincole, Kentish Plover, European Bee-eater, Red-necked Nightjar, Woodchat och Southern Grey Shrikes och Little Tern. Marsh Harriers \u00e4r bosatta liksom ett litet antal Booted Eagles, nu en vanlig syn p\u00e5 vintern. Var i s\u00e4song finns Ferruginous Duck, Purple Heron, Black-winged Kite, Penduline Tits och Blackheaded Weaver.<\/p>\n<p>F\u00f6dd i de spanska kullarna markerar Guadiana-floden gr\u00e4nsen mellan Portugal och Spanien och slingrar sig genom kullar sv\u00e4ngda med rockrose, oliv, johannesbr\u00f6d och mandeltr\u00e4d och de traditionella schist husen. Omr\u00e5det ger skydd f\u00f6r otaliga arter av fauna och flora.<\/p>\n<div id=\"attachment_1695\" style=\"width: 1034px\" class=\"wp-caption alignnone\"><img data-recalc-dims=\"1\" decoding=\"async\" aria-describedby=\"caption-attachment-1695\" class=\"wp-image-1695 size-large\" title=\"F\u00e5gelsk\u00e5dning Algarve europeisk bi\u00e4tare\" src=\"https:\/\/i0.wp.com\/legendatours.net\/wp-content\/uploads\/2020\/05\/Birdwatching-Algarve-European-Bee-eater-1024x683.jpg?resize=1024%2C683&#038;ssl=1\" alt=\"F\u00e5gelsk\u00e5dning Algarve europeisk bi\u00e4tare\" width=\"1024\" height=\"683\" \/><p id=\"caption-attachment-1695\" class=\"wp-caption-text\">F\u00e5gelsk\u00e5dning Algarve Europeisk bi\u00e4tare \u2013 Foto Peter Dedicoat<\/p><\/div>\n<p>\u00d6st om Monte Gordo presenterar naturreservatet Castro Marim bes\u00f6karna med glimtar av europeiska guldfinkar, kortsiktiga tr\u00e4dkrypare och sardiska kryddare, f\u00f6r att bara n\u00e4mna n\u00e5gra. Vid saltpannorna \u00e4r det m\u00f6jligt att titta p\u00e5 flera arter av vattenf\u00e5glar, inklusive Audouin&#039;s Gull, Little Tern, Collared Pratincole och Yellow Wagtail (v\u00e5r \/ sommar); Shelduck, Shoveler, Black-necked Grebe och Caspian Tern.<\/p>\n<p>Hela \u00e5ret \u00e4r det m\u00f6jligt att hitta flamingor, svartvingade styltor, skedr\u00e4kter, greenshanks och avocets. Kingfisher \u00e4r regelbundet p\u00e5 den h\u00e4r platsen, och under migrationstider dyker Black Tern ofta upp.<\/p>\n<p>Denna sj\u00e4lvstyrda f\u00e5gelsk\u00e5dningstur ger dig m\u00f6jlighet att ta dig tid och delta i aktiviteter du f\u00f6redrar, fr\u00e5n det enkla n\u00f6jet att observera f\u00e5glar i deras naturliga livsmilj\u00f6er; naturfotografering i allm\u00e4nhet och f\u00e5gelfotografering i synnerhet; m\u00e5lning och illustration; vetenskaplig forskning; jakten p\u00e5 rariteter (ryckningar) etc.<\/p>\n<div id=\"attachment_1961\" style=\"width: 1034px\" class=\"wp-caption alignnone\"><img data-recalc-dims=\"1\" decoding=\"async\" aria-describedby=\"caption-attachment-1961\" class=\"wp-image-1961 size-large\" title=\"Gemensam Redshank\" src=\"https:\/\/i0.wp.com\/legendatours.net\/wp-content\/uploads\/2020\/03\/Common-Redshank-1024x683.jpg?resize=1024%2C683&#038;ssl=1\" alt=\"Gemensam Redshank\" width=\"1024\" height=\"683\" \/><p id=\"caption-attachment-1961\" class=\"wp-caption-text\">Common Redshank \u2013 Foto Peter Dedicoat<\/p><\/div>\n<p>Observation av och kontakt med naturen \u00e4r en sann balsam med otaliga f\u00f6rdelar!<\/p>\n<p>Ruttnoterna \u00e4r utformade f\u00f6r att vara en enkel, l\u00e4ttanv\u00e4nd f\u00e4ltguide f\u00f6r alla som gillar att titta p\u00e5 f\u00e5glar i sin naturliga milj\u00f6. Varje resv\u00e4g \u00e5tf\u00f6ljs av en karta och en beskrivning av hur man kommer dit, de mest intressanta arterna som finns d\u00e4r och olika tips om det b\u00e4sta s\u00e4ttet att bes\u00f6ka.<\/p>\n<p>Vi ser till att du f\u00e5r en of\u00f6rgl\u00f6mlig upplevelse, utan tidskr\u00e4vande s\u00f6kning efter st\u00e4llen att bo, ingen forskning p\u00e5 de b\u00e4sta f\u00e5gelsk\u00e5dningarna - v\u00e5ra turer \u00e4r kompletta och framf\u00f6r allt perfekt genomt\u00e4nkta och organiserade! Turn\u00e9n \u00e4r utformad f\u00f6r att avnjutas oavsett din niv\u00e5 av f\u00e5gelsk\u00e5dningsf\u00f6rm\u00e5ga och expertis.<\/p>\n<div class=\"row\">\n<div class=\"column\" style=\"flex: 45%\">\n<p><iframe title=\"Castro Marim\" width=\"1080\" height=\"608\" src=\"https:\/\/www.youtube.com\/embed\/sbJjXvbNWho?list=PL_6Umd8jb1qvBUfpmdNirAfZNGPDknjjw\" frameborder=\"0\" allow=\"accelerometer; autoplay; clipboard-write; encrypted-media; gyroscope; picture-in-picture; web-share\" referrerpolicy=\"strict-origin-when-cross-origin\" allowfullscreen><\/iframe><\/p>\n<\/div>\n<div class=\"column\" style=\"flex: 10%\"><\/div>\n<div class=\"column\" style=\"flex: 45%\">\n<p><iframe title=\"LPN | Centro de Educa\u00e7\u00e3o Ambiental do Vale Gon\u00e7alinho ea estepe cereal\u00edfera de Castro Verde\" width=\"1080\" height=\"608\" src=\"https:\/\/www.youtube.com\/embed\/FW0VbEbC0cw?feature=oembed\" frameborder=\"0\" allow=\"accelerometer; autoplay; clipboard-write; encrypted-media; gyroscope; picture-in-picture; web-share\" referrerpolicy=\"strict-origin-when-cross-origin\" allowfullscreen><\/iframe><\/p>\n<\/div>\n<\/div>\n<p><iframe title=\"LPN | CEAVG - Centro de Educa\u00e7\u00e3o Ambiental do Vale Gon\u00e7alinho_Video Institucional PT\" width=\"1080\" height=\"608\" src=\"https:\/\/www.youtube.com\/embed\/EkOB_oYZ5wQ?feature=oembed\" frameborder=\"0\" allow=\"accelerometer; autoplay; clipboard-write; encrypted-media; gyroscope; picture-in-picture; web-share\" referrerpolicy=\"strict-origin-when-cross-origin\" allowfullscreen><\/iframe><\/p>","protected":false},"excerpt":{"rendered":"<p>Birding Under Blue Skies: The Great Bustard Adventure \u00e4r en sj\u00e4lvk\u00f6rande f\u00e5gelsk\u00e5dningstur, designad av professionella lokala f\u00e5gelsk\u00e5dare f\u00f6r att hj\u00e4lpa dig att se s\u00e5 mycket av avifauna och flora som m\u00f6jligt, inklusive den g\u00e5tfulla Great Bustard! F\u00f6r att njuta av denna personliga turn\u00e9 till fullo kommer du att bo i hj\u00e4rtat av Monte Gordo, med enkel tillg\u00e5ng till en m\u00e4ngd f\u00e5gelobservationsinst\u00e4llningar, bortom alla f\u00e5glarnas livslista!<\/p>","protected":false},"featured_media":4595,"comment_status":"closed","ping_status":"closed","template":"","meta":{"_acf_changed":false,"inline_featured_image":false},"product_brand":[],"product_cat":[673,339,327],"product_tag":[311,1053,500,453,736,121,710,242,737,711,502,503,504,712,713,505,714,668,607,1054,510,511,715,512,513,514,321,1141,515,58,516,517,716,717,465,494,181,718,1055,322,719,720,721,1056,722,723,202,1057,724,614,1058,1059,725,518],"class_list":{"0":"post-7832","1":"product","2":"type-product","3":"status-publish","4":"has-post-thumbnail","6":"product_cat-self-drive-holidays-portugal","7":"product_cat-portugal-self-guided-birdwatching-holidays","8":"product_cat-self-guided-tours-portugal","9":"product_tag-algarve","10":"product_tag-alleine-reisen","11":"product_tag-best-birding-spots","12":"product_tag-best-of-the-algarvian-bird-life","13":"product_tag-bird-watching-tours","14":"product_tag-bird-watching","15":"product_tag-birding","16":"product_tag-birdwatching","17":"product_tag-birdwatching-algarve","18":"product_tag-black-tailed-godwits","19":"product_tag-black-winged-kite","20":"product_tag-blackheaded-weaver","21":"product_tag-booted-eagles","22":"product_tag-collared-pratincole","23":"product_tag-european-bee-eater","24":"product_tag-ferruginous-duck","25":"product_tag-fly-drive","26":"product_tag-great-bustard","27":"product_tag-holidays","28":"product_tag-individuelle-touren","29":"product_tag-kentish-plover","30":"product_tag-little-bittern","31":"product_tag-little-stints","32":"product_tag-little-tern","33":"product_tag-marsh-harriers","34":"product_tag-nature-observation","35":"product_tag-nature-walks","36":"product_tag-observe-birds","37":"product_tag-penduline-tits","38":"product_tag-portugal","39":"product_tag-purple-heron","40":"product_tag-purple-swamp-hen","41":"product_tag-ramsar","42":"product_tag-red-crested-pochard","43":"product_tag-red-necked-nightjar","44":"product_tag-ria-formosa","45":"product_tag-ria-formosa-natural-park","46":"product_tag-ringed-plovers","47":"product_tag-sejour-en-liberte","48":"product_tag-self-guided","49":"product_tag-self-guided-birdwatching","50":"product_tag-self-guided-holidays","51":"product_tag-self-guided-tours","52":"product_tag-solo-reisen","53":"product_tag-southern-grey-shrikes","54":"product_tag-sunny-winters","55":"product_tag-top-class-birding","56":"product_tag-tours-autoguidees","57":"product_tag-tours-in-portugal","58":"product_tag-vacations","59":"product_tag-voyage-en-liberte","60":"product_tag-voyages-en-autonomie","61":"product_tag-wintering-birds","62":"product_tag-woodchat","64":"first","65":"instock","66":"virtual","67":"product-type-simple"},"acf":[],"yoast_head":"<!-- This site is optimized with the Yoast SEO Premium plugin v26.8 (Yoast SEO v27.5) - https:\/\/yoast.com\/product\/yoast-seo-premium-wordpress\/ -->\n<title>Birding Holidays Under Blue Skyes: The Great Bustard Adventure - BeCool Travel<\/title>\n<meta name=\"robots\" content=\"index, follow, max-snippet:-1, max-image-preview:large, max-video-preview:-1\" \/>\n<link rel=\"canonical\" href=\"https:\/\/becooltravel.com\/sv\/produkt\/fagelskadning-under-bla-sky-den-stora-bustard-aventyr-fly-drive-3201s\/\" \/>\n<meta property=\"og:locale\" content=\"sv_SE\" \/>\n<meta property=\"og:type\" content=\"article\" \/>\n<meta property=\"og:title\" content=\"Birding Holidays Under Blue Skyes: The Great Bustard Adventure\" \/>\n<meta property=\"og:description\" content=\"Birding Under Blue Skies: The Great Bustard Adventure is a Self-Drive Birdwatching Tour, designed by professional local birders to help you see as much of the avifauna and flora as possible, including the enigmatic Great Bustard! In order to fully enjoy this personalized tour, you\u2019ll be lodged in the heart of Monte Gordo, with easy access to a wealth of bird observation settings, beyond any birder\u2019s life list!\" \/>\n<meta property=\"og:url\" content=\"https:\/\/becooltravel.com\/sv\/produkt\/fagelskadning-under-bla-sky-den-stora-bustard-aventyr-fly-drive-3201s\/\" \/>\n<meta property=\"og:site_name\" content=\"BeCool Travel\" \/>\n<meta property=\"article:publisher\" content=\"https:\/\/www.facebook.com\/becooltravelagency\/\" \/>\n<meta property=\"og:image\" content=\"https:\/\/i0.wp.com\/becooltravel.com\/wp-content\/uploads\/sites\/5\/2020\/05\/Great_bustard_birdwatching.jpg?fit=1200%2C787&ssl=1\" \/>\n\t<meta property=\"og:image:width\" content=\"1200\" \/>\n\t<meta property=\"og:image:height\" content=\"787\" \/>\n\t<meta property=\"og:image:type\" content=\"image\/jpeg\" \/>\n<meta name=\"twitter:card\" content=\"summary_large_image\" \/>\n<meta name=\"twitter:site\" content=\"@becool_travel\" \/>\n<meta name=\"twitter:label1\" content=\"Ber\u00e4knad l\u00e4stid\" \/>\n\t<meta name=\"twitter:data1\" content=\"4 minuter\" \/>\n<script type=\"application\/ld+json\" class=\"yoast-schema-graph\">{\"@context\":\"https:\\\/\\\/schema.org\",\"@graph\":[{\"@type\":\"WebPage\",\"@id\":\"https:\\\/\\\/becooltravel.com\\\/product\\\/birding-under-blue-skyes-the-great-bustard-adventure-fly-drive-3201s\\\/\",\"url\":\"https:\\\/\\\/becooltravel.com\\\/product\\\/birding-under-blue-skyes-the-great-bustard-adventure-fly-drive-3201s\\\/\",\"name\":\"Birding Holidays Under Blue Skyes: The Great Bustard Adventure - BeCool Travel\",\"isPartOf\":{\"@id\":\"https:\\\/\\\/becooltravel.com\\\/#website\"},\"primaryImageOfPage\":{\"@id\":\"https:\\\/\\\/becooltravel.com\\\/product\\\/birding-under-blue-skyes-the-great-bustard-adventure-fly-drive-3201s\\\/#primaryimage\"},\"image\":{\"@id\":\"https:\\\/\\\/becooltravel.com\\\/product\\\/birding-under-blue-skyes-the-great-bustard-adventure-fly-drive-3201s\\\/#primaryimage\"},\"thumbnailUrl\":\"https:\\\/\\\/i0.wp.com\\\/becooltravel.com\\\/wp-content\\\/uploads\\\/sites\\\/5\\\/2020\\\/05\\\/Great_bustard_birdwatching.jpg?fit=1200%2C787&ssl=1\",\"datePublished\":\"2020-03-06T15:03:11+00:00\",\"breadcrumb\":{\"@id\":\"https:\\\/\\\/becooltravel.com\\\/product\\\/birding-under-blue-skyes-the-great-bustard-adventure-fly-drive-3201s\\\/#breadcrumb\"},\"inLanguage\":\"sv-SE\",\"potentialAction\":[{\"@type\":\"ReadAction\",\"target\":[\"https:\\\/\\\/becooltravel.com\\\/product\\\/birding-under-blue-skyes-the-great-bustard-adventure-fly-drive-3201s\\\/\"]}]},{\"@type\":\"ImageObject\",\"inLanguage\":\"sv-SE\",\"@id\":\"https:\\\/\\\/becooltravel.com\\\/product\\\/birding-under-blue-skyes-the-great-bustard-adventure-fly-drive-3201s\\\/#primaryimage\",\"url\":\"https:\\\/\\\/i0.wp.com\\\/becooltravel.com\\\/wp-content\\\/uploads\\\/sites\\\/5\\\/2020\\\/05\\\/Great_bustard_birdwatching.jpg?fit=1200%2C787&ssl=1\",\"contentUrl\":\"https:\\\/\\\/i0.wp.com\\\/becooltravel.com\\\/wp-content\\\/uploads\\\/sites\\\/5\\\/2020\\\/05\\\/Great_bustard_birdwatching.jpg?fit=1200%2C787&ssl=1\",\"width\":1200,\"height\":787,\"caption\":\"Birdwatching - looking for the Great Bustard\"},{\"@type\":\"BreadcrumbList\",\"@id\":\"https:\\\/\\\/becooltravel.com\\\/product\\\/birding-under-blue-skyes-the-great-bustard-adventure-fly-drive-3201s\\\/#breadcrumb\",\"itemListElement\":[{\"@type\":\"ListItem\",\"position\":1,\"name\":\"Home\",\"item\":\"https:\\\/\\\/becooltravel.com\\\/\"},{\"@type\":\"ListItem\",\"position\":2,\"name\":\"Shop\",\"item\":\"https:\\\/\\\/becooltravel.com\\\/?page_id=5\"},{\"@type\":\"ListItem\",\"position\":3,\"name\":\"Algarve holidays . You can use\u00a0footpaths and walking\u00a0 trails\u00a0to get to know the region, such as the\u00a0Algarve Way\u00a0or the\u00a0Vicentine Route along one of the best preserved coastal stretches.\",\"item\":\"https:\\\/\\\/becooltravel.com\\\/product-tag\\\/algarve\\\/\"},{\"@type\":\"ListItem\",\"position\":4,\"name\":\"Birding Holidays Under Blue Skyes: The Great Bustard Adventure\"}]},{\"@type\":\"WebSite\",\"@id\":\"https:\\\/\\\/becooltravel.com\\\/#website\",\"url\":\"https:\\\/\\\/becooltravel.com\\\/\",\"name\":\"BeCool Travel\",\"description\":\"Sustainable holidays in Portugal for independent travelers\",\"publisher\":{\"@id\":\"https:\\\/\\\/becooltravel.com\\\/#organization\"},\"potentialAction\":[{\"@type\":\"SearchAction\",\"target\":{\"@type\":\"EntryPoint\",\"urlTemplate\":\"https:\\\/\\\/becooltravel.com\\\/?s={search_term_string}\"},\"query-input\":{\"@type\":\"PropertyValueSpecification\",\"valueRequired\":true,\"valueName\":\"search_term_string\"}}],\"inLanguage\":\"sv-SE\"},{\"@type\":\"Organization\",\"@id\":\"https:\\\/\\\/becooltravel.com\\\/#organization\",\"name\":\"BecoolTravel. com- Portugal\",\"url\":\"https:\\\/\\\/becooltravel.com\\\/\",\"logo\":{\"@type\":\"ImageObject\",\"inLanguage\":\"sv-SE\",\"@id\":\"https:\\\/\\\/becooltravel.com\\\/#\\\/schema\\\/logo\\\/image\\\/\",\"url\":\"https:\\\/\\\/becooltravel.com\\\/wp-content\\\/uploads\\\/sites\\\/5\\\/2020\\\/03\\\/Logo_BeCool.jpg\",\"contentUrl\":\"https:\\\/\\\/becooltravel.com\\\/wp-content\\\/uploads\\\/sites\\\/5\\\/2020\\\/03\\\/Logo_BeCool.jpg\",\"width\":534,\"height\":534,\"caption\":\"BecoolTravel. com- Portugal\"},\"image\":{\"@id\":\"https:\\\/\\\/becooltravel.com\\\/#\\\/schema\\\/logo\\\/image\\\/\"},\"sameAs\":[\"https:\\\/\\\/www.facebook.com\\\/becooltravelagency\\\/\",\"https:\\\/\\\/x.com\\\/becool_travel\",\"https:\\\/\\\/www.instagram.com\\\/becooltravel_com\\\/\",\"https:\\\/\\\/www.linkedin.com\\\/company\\\/becool-travel\\\/\",\"https:\\\/\\\/www.youtube.com\\\/channel\\\/UCE7zRU3EVG1PgfXwQo-5uJw\"]}]}<\/script>\n<!-- \/ Yoast SEO Premium plugin. -->","yoast_head_json":{"title":"Birding Holidays Under Blue Skyes: The Great Bustard Adventure - BeCool Travel","robots":{"index":"index","follow":"follow","max-snippet":"max-snippet:-1","max-image-preview":"max-image-preview:large","max-video-preview":"max-video-preview:-1"},"canonical":"https:\/\/becooltravel.com\/sv\/produkt\/fagelskadning-under-bla-sky-den-stora-bustard-aventyr-fly-drive-3201s\/","og_locale":"sv_SE","og_type":"article","og_title":"Birding Holidays Under Blue Skyes: The Great Bustard Adventure","og_description":"Birding Under Blue Skies: The Great Bustard Adventure is a Self-Drive Birdwatching Tour, designed by professional local birders to help you see as much of the avifauna and flora as possible, including the enigmatic Great Bustard! In order to fully enjoy this personalized tour, you\u2019ll be lodged in the heart of Monte Gordo, with easy access to a wealth of bird observation settings, beyond any birder\u2019s life list!","og_url":"https:\/\/becooltravel.com\/sv\/produkt\/fagelskadning-under-bla-sky-den-stora-bustard-aventyr-fly-drive-3201s\/","og_site_name":"BeCool Travel","article_publisher":"https:\/\/www.facebook.com\/becooltravelagency\/","og_image":[{"width":1200,"height":787,"url":"https:\/\/i0.wp.com\/becooltravel.com\/wp-content\/uploads\/sites\/5\/2020\/05\/Great_bustard_birdwatching.jpg?fit=1200%2C787&ssl=1","type":"image\/jpeg"}],"twitter_card":"summary_large_image","twitter_site":"@becool_travel","twitter_misc":{"Ber\u00e4knad l\u00e4stid":"4 minuter"},"schema":{"@context":"https:\/\/schema.org","@graph":[{"@type":"WebPage","@id":"https:\/\/becooltravel.com\/product\/birding-under-blue-skyes-the-great-bustard-adventure-fly-drive-3201s\/","url":"https:\/\/becooltravel.com\/product\/birding-under-blue-skyes-the-great-bustard-adventure-fly-drive-3201s\/","name":"Birding Holidays Under Blue Skyes: The Great Bustard Adventure - BeCool Travel","isPartOf":{"@id":"https:\/\/becooltravel.com\/#website"},"primaryImageOfPage":{"@id":"https:\/\/becooltravel.com\/product\/birding-under-blue-skyes-the-great-bustard-adventure-fly-drive-3201s\/#primaryimage"},"image":{"@id":"https:\/\/becooltravel.com\/product\/birding-under-blue-skyes-the-great-bustard-adventure-fly-drive-3201s\/#primaryimage"},"thumbnailUrl":"https:\/\/i0.wp.com\/becooltravel.com\/wp-content\/uploads\/sites\/5\/2020\/05\/Great_bustard_birdwatching.jpg?fit=1200%2C787&ssl=1","datePublished":"2020-03-06T15:03:11+00:00","breadcrumb":{"@id":"https:\/\/becooltravel.com\/product\/birding-under-blue-skyes-the-great-bustard-adventure-fly-drive-3201s\/#breadcrumb"},"inLanguage":"sv-SE","potentialAction":[{"@type":"ReadAction","target":["https:\/\/becooltravel.com\/product\/birding-under-blue-skyes-the-great-bustard-adventure-fly-drive-3201s\/"]}]},{"@type":"ImageObject","inLanguage":"sv-SE","@id":"https:\/\/becooltravel.com\/product\/birding-under-blue-skyes-the-great-bustard-adventure-fly-drive-3201s\/#primaryimage","url":"https:\/\/i0.wp.com\/becooltravel.com\/wp-content\/uploads\/sites\/5\/2020\/05\/Great_bustard_birdwatching.jpg?fit=1200%2C787&ssl=1","contentUrl":"https:\/\/i0.wp.com\/becooltravel.com\/wp-content\/uploads\/sites\/5\/2020\/05\/Great_bustard_birdwatching.jpg?fit=1200%2C787&ssl=1","width":1200,"height":787,"caption":"Birdwatching - looking for the Great Bustard"},{"@type":"BreadcrumbList","@id":"https:\/\/becooltravel.com\/product\/birding-under-blue-skyes-the-great-bustard-adventure-fly-drive-3201s\/#breadcrumb","itemListElement":[{"@type":"ListItem","position":1,"name":"Home","item":"https:\/\/becooltravel.com\/"},{"@type":"ListItem","position":2,"name":"Shop","item":"https:\/\/becooltravel.com\/?page_id=5"},{"@type":"ListItem","position":3,"name":"Algarve holidays . You can use\u00a0footpaths and walking\u00a0 trails\u00a0to get to know the region, such as the\u00a0Algarve Way\u00a0or the\u00a0Vicentine Route along one of the best preserved coastal stretches.","item":"https:\/\/becooltravel.com\/product-tag\/algarve\/"},{"@type":"ListItem","position":4,"name":"Birding Holidays Under Blue Skyes: The Great Bustard Adventure"}]},{"@type":"WebSite","@id":"https:\/\/becooltravel.com\/#website","url":"https:\/\/becooltravel.com\/","name":"BeCool Travel","description":"H\u00e5llbar semester i Portugal f\u00f6r oberoende resen\u00e4rer","publisher":{"@id":"https:\/\/becooltravel.com\/#organization"},"potentialAction":[{"@type":"SearchAction","target":{"@type":"EntryPoint","urlTemplate":"https:\/\/becooltravel.com\/?s={search_term_string}"},"query-input":{"@type":"PropertyValueSpecification","valueRequired":true,"valueName":"search_term_string"}}],"inLanguage":"sv-SE"},{"@type":"Organization","@id":"https:\/\/becooltravel.com\/#organization","name":"BecoolTravel. com- Portugal","url":"https:\/\/becooltravel.com\/","logo":{"@type":"ImageObject","inLanguage":"sv-SE","@id":"https:\/\/becooltravel.com\/#\/schema\/logo\/image\/","url":"https:\/\/becooltravel.com\/wp-content\/uploads\/sites\/5\/2020\/03\/Logo_BeCool.jpg","contentUrl":"https:\/\/becooltravel.com\/wp-content\/uploads\/sites\/5\/2020\/03\/Logo_BeCool.jpg","width":534,"height":534,"caption":"BecoolTravel. com- Portugal"},"image":{"@id":"https:\/\/becooltravel.com\/#\/schema\/logo\/image\/"},"sameAs":["https:\/\/www.facebook.com\/becooltravelagency\/","https:\/\/x.com\/becool_travel","https:\/\/www.instagram.com\/becooltravel_com\/","https:\/\/www.linkedin.com\/company\/becool-travel\/","https:\/\/www.youtube.com\/channel\/UCE7zRU3EVG1PgfXwQo-5uJw"]}]}},"jetpack_sharing_enabled":true,"_links":{"self":[{"href":"https:\/\/becooltravel.com\/sv\/wp-json\/wp\/v2\/product\/7832","targetHints":{"allow":["GET"]}}],"collection":[{"href":"https:\/\/becooltravel.com\/sv\/wp-json\/wp\/v2\/product"}],"about":[{"href":"https:\/\/becooltravel.com\/sv\/wp-json\/wp\/v2\/types\/product"}],"replies":[{"embeddable":true,"href":"https:\/\/becooltravel.com\/sv\/wp-json\/wp\/v2\/comments?post=7832"}],"wp:featuredmedia":[{"embeddable":true,"href":"https:\/\/becooltravel.com\/sv\/wp-json\/wp\/v2\/media\/4595"}],"wp:attachment":[{"href":"https:\/\/becooltravel.com\/sv\/wp-json\/wp\/v2\/media?parent=7832"}],"wp:term":[{"taxonomy":"product_brand","embeddable":true,"href":"https:\/\/becooltravel.com\/sv\/wp-json\/wp\/v2\/product_brand?post=7832"},{"taxonomy":"product_cat","embeddable":true,"href":"https:\/\/becooltravel.com\/sv\/wp-json\/wp\/v2\/product_cat?post=7832"},{"taxonomy":"product_tag","embeddable":true,"href":"https:\/\/becooltravel.com\/sv\/wp-json\/wp\/v2\/product_tag?post=7832"}],"curies":[{"name":"wp","href":"https:\/\/api.w.org\/{rel}","templated":true}]}}